{"id":856,"date":"2018-08-25T19:38:51","date_gmt":"2018-08-25T17:38:51","guid":{"rendered":"http:\/\/brezice.eu\/festival\/?page_id=856"},"modified":"2018-08-28T00:44:00","modified_gmt":"2018-08-27T22:44:00","slug":"fotografije-2018","status":"publish","type":"page","link":"https:\/\/brezice.eu\/festival\/fotografije-2018\/","title":{"rendered":"Fotografije 2018"},"content":{"rendered":"<p>Galerije 2018:<\/p>\n<p>Fotograf:\u00a0<a href=\"https:\/\/www.facebook.com\/anton.zbogar\" target=\"_blank\" rel=\"noopener\">Anton \u017dbogar<\/a><\/p>\n<figure class=\"embed-gphotos  wp-caption\"><a href=\"https:\/\/photos.google.com\/share\/AF1QipPOGL03eCpAILH69yHH_7J4Sqr-j-PxkXQnOrroWzmmWDDwuInJtR44niXwH9ojgg?key=ZkNLN1doTEpGcHRYZEtYaU1hYzI0QTQ2dTBDWmFR\" target=\"_blank\"><img loading=\"lazy\" decoding=\"async\"    src=\"https:\/\/lh3.googleusercontent.com\/pw\/AP1GczPV6sMR6zNvHDTh7q1syZC8AyI7W17BMGwkbiaxsYZKCgq4mFFEQi38QedcwoLNKw4GB0CJv-BH_HUA4j0GdY2C-aMxxC49XHBQrYDTkKJXSAjdXQHZ=w525-h788\" width=\"525\" height=\"350\"   ><\/a><figcaption class=\"wp-caption-text\"><a href=\"https:\/\/photos.google.com\/share\/AF1QipPOGL03eCpAILH69yHH_7J4Sqr-j-PxkXQnOrroWzmmWDDwuInJtR44niXwH9ojgg?key=ZkNLN1doTEpGcHRYZEtYaU1hYzI0QTQ2dTBDWmFR\" target=\"_blank\">Finalni ve\u010der 2018 &#8211; Mednarodni otro\u0161ki pevski festival Bre\u017eice \/ Google Photos<\/a><\/figcaption><\/figure>\n<figure class=\"embed-gphotos  wp-caption\"><a href=\"https:\/\/photos.google.com\/share\/AF1QipM0cE3O3BiGN3gkLGNRfNXdOdJos9LLIVQL2TNc3nPe_vbekwIMGs9o6E_aH2HHlA?key=enJsaGJHVzBvQkdkXzFGT3NFTG52YWNIb3JybnVB\" target=\"_blank\"><img loading=\"lazy\" decoding=\"async\"    src=\"https:\/\/lh3.googleusercontent.com\/pw\/AP1GczMVNKJ1Uvs7_f7WA9MhkDFg4lwggvom7lVSAu7-4sreyWsbemXuPk-cQ6mo5cGTF_20iCX58MpcVGXZzVNq-PgOh16qQ8LtxIwzJZKKot8kk1cw6maa=w525-h788\" width=\"525\" height=\"350\"   ><\/a><figcaption class=\"wp-caption-text\"><a href=\"https:\/\/photos.google.com\/share\/AF1QipM0cE3O3BiGN3gkLGNRfNXdOdJos9LLIVQL2TNc3nPe_vbekwIMGs9o6E_aH2HHlA?key=enJsaGJHVzBvQkdkXzFGT3NFTG52YWNIb3JybnVB\" target=\"_blank\">2.polfinalni ve\u010der 2018 Mednarodni otro\u0161ki pevski festival Bre\u017eice \/ Google Photos<\/a><\/figcaption><\/figure>\n<figure class=\"embed-gphotos  wp-caption\"><a href=\"https:\/\/photos.google.com\/share\/AF1QipM34-dSOjYA0eRruA05k23wzZenaOuDORs94fBt80yS379RkKNmK5RuaJea5qv2Aw?key=MlZPMU5yNjVmMzhQSU1LTEZuZUc2N1RkemtnTTJ3\" target=\"_blank\"><img loading=\"lazy\" decoding=\"async\"    src=\"https:\/\/lh3.googleusercontent.com\/pw\/AP1GczMICUWPTvNdfsna2_D4AjQ_YiP8KACyJqstm4CXZIKjyOjnotdw8V-IMkBhAtXavHV7-txDm_z_Yqz-r9SsoMVQggG-H-QJN8aqirFtXTS4uHa0Zmjz=w525-h788\" width=\"525\" height=\"350\"   ><\/a><figcaption class=\"wp-caption-text\"><a href=\"https:\/\/photos.google.com\/share\/AF1QipM34-dSOjYA0eRruA05k23wzZenaOuDORs94fBt80yS379RkKNmK5RuaJea5qv2Aw?key=MlZPMU5yNjVmMzhQSU1LTEZuZUc2N1RkemtnTTJ3\" target=\"_blank\">1.polfinalni ve\u010der 2018 Mednarodni otro\u0161ki pevski festival Bre\u017eice \/ Google Photos<\/a><\/figcaption><\/figure>\n","protected":false},"excerpt":{"rendered":"<p>Galerije 2018: Fotograf:\u00a0Anton \u017dbogar Finalni ve\u010der 2018 &#8211; Mednarodni otro\u0161ki pevski festival Bre\u017eice \/ Google Photos 2.polfinalni ve\u010der 2018 Mednarodni otro\u0161ki pevski festival Bre\u017eice \/ Google Photos 1.polfinalni ve\u010der 2018 Mednarodni otro\u0161ki pevski festival Bre\u017eice \/ Google Photos<\/p>\n","protected":false},"author":1,"featured_media":0,"parent":0,"menu_order":0,"comment_status":"closed","ping_status":"closed","template":"","meta":{"footnotes":""},"class_list":["post-856","page","type-page","status-publish","hentry"],"yoast_head":"<!-- This site is optimized with the Yoast SEO plugin v27.4 - https:\/\/yoast.com\/product\/yoast-seo-wordpress\/ -->\n<title>Fotografije 2018 - Mednarodni otro\u0161ki pevski festival Bre\u017eice<\/title>\n<meta name=\"robots\" content=\"index, follow, max-snippet:-1, max-image-preview:large, max-video-preview:-1\" \/>\n<link rel=\"canonical\" href=\"https:\/\/brezice.eu\/festival\/fotografije-2018\/\" \/>\n<meta property=\"og:locale\" content=\"sl_SI\" \/>\n<meta property=\"og:type\" content=\"article\" \/>\n<meta property=\"og:title\" content=\"Fotografije 2018 - Mednarodni otro\u0161ki pevski festival Bre\u017eice\" \/>\n<meta property=\"og:description\" content=\"Galerije 2018: Fotograf:\u00a0Anton \u017dbogar Finalni ve\u010der 2018 &#8211; Mednarodni otro\u0161ki pevski festival Bre\u017eice \/ Google Photos 2.polfinalni ve\u010der 2018 Mednarodni otro\u0161ki pevski festival Bre\u017eice \/ Google Photos 1.polfinalni ve\u010der 2018 Mednarodni otro\u0161ki pevski festival Bre\u017eice \/ Google Photos\" \/>\n<meta property=\"og:url\" content=\"https:\/\/brezice.eu\/festival\/fotografije-2018\/\" \/>\n<meta property=\"og:site_name\" content=\"Mednarodni otro\u0161ki pevski festival Bre\u017eice\" \/>\n<meta property=\"article:modified_time\" content=\"2018-08-27T22:44:00+00:00\" \/>\n<meta name=\"twitter:card\" content=\"summary_large_image\" \/>\n<script type=\"application\/ld+json\" class=\"yoast-schema-graph\">{\"@context\":\"https:\\\/\\\/schema.org\",\"@graph\":[{\"@type\":\"WebPage\",\"@id\":\"https:\\\/\\\/brezice.eu\\\/festival\\\/fotografije-2018\\\/\",\"url\":\"https:\\\/\\\/brezice.eu\\\/festival\\\/fotografije-2018\\\/\",\"name\":\"Fotografije 2018 - Mednarodni otro\u0161ki pevski festival Bre\u017eice\",\"isPartOf\":{\"@id\":\"https:\\\/\\\/brezice.eu\\\/festival\\\/#website\"},\"datePublished\":\"2018-08-25T17:38:51+00:00\",\"dateModified\":\"2018-08-27T22:44:00+00:00\",\"breadcrumb\":{\"@id\":\"https:\\\/\\\/brezice.eu\\\/festival\\\/fotografije-2018\\\/#breadcrumb\"},\"inLanguage\":\"sl-SI\",\"potentialAction\":[{\"@type\":\"ReadAction\",\"target\":[\"https:\\\/\\\/brezice.eu\\\/festival\\\/fotografije-2018\\\/\"]}]},{\"@type\":\"BreadcrumbList\",\"@id\":\"https:\\\/\\\/brezice.eu\\\/festival\\\/fotografije-2018\\\/#breadcrumb\",\"itemListElement\":[{\"@type\":\"ListItem\",\"position\":1,\"name\":\"Home\",\"item\":\"https:\\\/\\\/brezice.eu\\\/festival\\\/\"},{\"@type\":\"ListItem\",\"position\":2,\"name\":\"Fotografije 2018\"}]},{\"@type\":\"WebSite\",\"@id\":\"https:\\\/\\\/brezice.eu\\\/festival\\\/#website\",\"url\":\"https:\\\/\\\/brezice.eu\\\/festival\\\/\",\"name\":\"Mednarodni otro\u0161ki pevski festival Bre\u017eice\",\"description\":\"Predstavljamo vam najbolj\u0161e mlade evropske pevce od 6 do vklju\u010dno 17 let\",\"publisher\":{\"@id\":\"https:\\\/\\\/brezice.eu\\\/festival\\\/#organization\"},\"potentialAction\":[{\"@type\":\"SearchAction\",\"target\":{\"@type\":\"EntryPoint\",\"urlTemplate\":\"https:\\\/\\\/brezice.eu\\\/festival\\\/?s={search_term_string}\"},\"query-input\":{\"@type\":\"PropertyValueSpecification\",\"valueRequired\":true,\"valueName\":\"search_term_string\"}}],\"inLanguage\":\"sl-SI\"},{\"@type\":\"Organization\",\"@id\":\"https:\\\/\\\/brezice.eu\\\/festival\\\/#organization\",\"name\":\"Mednarodni otro\u0161ki pevski festival Bre\u017eice\",\"url\":\"https:\\\/\\\/brezice.eu\\\/festival\\\/\",\"logo\":{\"@type\":\"ImageObject\",\"inLanguage\":\"sl-SI\",\"@id\":\"https:\\\/\\\/brezice.eu\\\/festival\\\/#\\\/schema\\\/logo\\\/image\\\/\",\"url\":\"https:\\\/\\\/brezice.eu\\\/festival\\\/wp-content\\\/uploads\\\/2020\\\/02\\\/cropped-MOPFBrezice-logo-z-belim-ozadjem-transparent-1.png\",\"contentUrl\":\"https:\\\/\\\/brezice.eu\\\/festival\\\/wp-content\\\/uploads\\\/2020\\\/02\\\/cropped-MOPFBrezice-logo-z-belim-ozadjem-transparent-1.png\",\"width\":990,\"height\":250,\"caption\":\"Mednarodni otro\u0161ki pevski festival Bre\u017eice\"},\"image\":{\"@id\":\"https:\\\/\\\/brezice.eu\\\/festival\\\/#\\\/schema\\\/logo\\\/image\\\/\"}}]}<\/script>\n<!-- \/ Yoast SEO plugin. -->","yoast_head_json":{"title":"Fotografije 2018 - Mednarodni otro\u0161ki pevski festival Bre\u017eice","robots":{"index":"index","follow":"follow","max-snippet":"max-snippet:-1","max-image-preview":"max-image-preview:large","max-video-preview":"max-video-preview:-1"},"canonical":"https:\/\/brezice.eu\/festival\/fotografije-2018\/","og_locale":"sl_SI","og_type":"article","og_title":"Fotografije 2018 - Mednarodni otro\u0161ki pevski festival Bre\u017eice","og_description":"Galerije 2018: Fotograf:\u00a0Anton \u017dbogar Finalni ve\u010der 2018 &#8211; Mednarodni otro\u0161ki pevski festival Bre\u017eice \/ Google Photos 2.polfinalni ve\u010der 2018 Mednarodni otro\u0161ki pevski festival Bre\u017eice \/ Google Photos 1.polfinalni ve\u010der 2018 Mednarodni otro\u0161ki pevski festival Bre\u017eice \/ Google Photos","og_url":"https:\/\/brezice.eu\/festival\/fotografije-2018\/","og_site_name":"Mednarodni otro\u0161ki pevski festival Bre\u017eice","article_modified_time":"2018-08-27T22:44:00+00:00","twitter_card":"summary_large_image","schema":{"@context":"https:\/\/schema.org","@graph":[{"@type":"WebPage","@id":"https:\/\/brezice.eu\/festival\/fotografije-2018\/","url":"https:\/\/brezice.eu\/festival\/fotografije-2018\/","name":"Fotografije 2018 - Mednarodni otro\u0161ki pevski festival Bre\u017eice","isPartOf":{"@id":"https:\/\/brezice.eu\/festival\/#website"},"datePublished":"2018-08-25T17:38:51+00:00","dateModified":"2018-08-27T22:44:00+00:00","breadcrumb":{"@id":"https:\/\/brezice.eu\/festival\/fotografije-2018\/#breadcrumb"},"inLanguage":"sl-SI","potentialAction":[{"@type":"ReadAction","target":["https:\/\/brezice.eu\/festival\/fotografije-2018\/"]}]},{"@type":"BreadcrumbList","@id":"https:\/\/brezice.eu\/festival\/fotografije-2018\/#breadcrumb","itemListElement":[{"@type":"ListItem","position":1,"name":"Home","item":"https:\/\/brezice.eu\/festival\/"},{"@type":"ListItem","position":2,"name":"Fotografije 2018"}]},{"@type":"WebSite","@id":"https:\/\/brezice.eu\/festival\/#website","url":"https:\/\/brezice.eu\/festival\/","name":"Mednarodni otro\u0161ki pevski festival Bre\u017eice","description":"Predstavljamo vam najbolj\u0161e mlade evropske pevce od 6 do vklju\u010dno 17 let","publisher":{"@id":"https:\/\/brezice.eu\/festival\/#organization"},"potentialAction":[{"@type":"SearchAction","target":{"@type":"EntryPoint","urlTemplate":"https:\/\/brezice.eu\/festival\/?s={search_term_string}"},"query-input":{"@type":"PropertyValueSpecification","valueRequired":true,"valueName":"search_term_string"}}],"inLanguage":"sl-SI"},{"@type":"Organization","@id":"https:\/\/brezice.eu\/festival\/#organization","name":"Mednarodni otro\u0161ki pevski festival Bre\u017eice","url":"https:\/\/brezice.eu\/festival\/","logo":{"@type":"ImageObject","inLanguage":"sl-SI","@id":"https:\/\/brezice.eu\/festival\/#\/schema\/logo\/image\/","url":"https:\/\/brezice.eu\/festival\/wp-content\/uploads\/2020\/02\/cropped-MOPFBrezice-logo-z-belim-ozadjem-transparent-1.png","contentUrl":"https:\/\/brezice.eu\/festival\/wp-content\/uploads\/2020\/02\/cropped-MOPFBrezice-logo-z-belim-ozadjem-transparent-1.png","width":990,"height":250,"caption":"Mednarodni otro\u0161ki pevski festival Bre\u017eice"},"image":{"@id":"https:\/\/brezice.eu\/festival\/#\/schema\/logo\/image\/"}}]}},"rttpg_featured_image_url":null,"rttpg_author":{"display_name":"Maks","author_link":"https:\/\/brezice.eu\/festival\/author\/maks\/"},"rttpg_comment":0,"rttpg_category":false,"rttpg_excerpt":"Galerije 2018: Fotograf:\u00a0Anton \u017dbogar Finalni ve\u010der 2018 &#8211; Mednarodni otro\u0161ki pevski festival Bre\u017eice \/ Google Photos 2.polfinalni ve\u010der 2018 Mednarodni otro\u0161ki pevski festival Bre\u017eice \/ Google Photos 1.polfinalni ve\u010der 2018 Mednarodni otro\u0161ki pevski festival Bre\u017eice \/ Google Photos","_links":{"self":[{"href":"https:\/\/brezice.eu\/festival\/wp-json\/wp\/v2\/pages\/856","targetHints":{"allow":["GET"]}}],"collection":[{"href":"https:\/\/brezice.eu\/festival\/wp-json\/wp\/v2\/pages"}],"about":[{"href":"https:\/\/brezice.eu\/festival\/wp-json\/wp\/v2\/types\/page"}],"author":[{"embeddable":true,"href":"https:\/\/brezice.eu\/festival\/wp-json\/wp\/v2\/users\/1"}],"replies":[{"embeddable":true,"href":"https:\/\/brezice.eu\/festival\/wp-json\/wp\/v2\/comments?post=856"}],"version-history":[{"count":5,"href":"https:\/\/brezice.eu\/festival\/wp-json\/wp\/v2\/pages\/856\/revisions"}],"predecessor-version":[{"id":948,"href":"https:\/\/brezice.eu\/festival\/wp-json\/wp\/v2\/pages\/856\/revisions\/948"}],"wp:attachment":[{"href":"https:\/\/brezice.eu\/festival\/wp-json\/wp\/v2\/media?parent=856"}],"curies":[{"name":"wp","href":"https:\/\/api.w.org\/{rel}","templated":true}]}}