{"id":325,"date":"2018-03-02T11:01:20","date_gmt":"2018-03-02T10:01:20","guid":{"rendered":"http:\/\/brezice.eu\/festival\/?page_id=325"},"modified":"2018-03-02T11:01:20","modified_gmt":"2018-03-02T10:01:20","slug":"zmagovalci-2017","status":"publish","type":"page","link":"https:\/\/brezice.eu\/festival\/zmagovalci-2017\/","title":{"rendered":"Zmagovalci 2017"},"content":{"rendered":"<p><strong>Zmagovalci po izboru ob\u010dinstva:<\/strong><\/p>\n<p>1. mesto: Eva Julija Borov\u0161ak \u2013 Slovenija<br \/>\n2. mesto: Tanita Lipar \u2013 Slovenija<br \/>\n3. mesto: Marin Buli\u0107 \u2013 Hrvatska<\/p>\n<p><strong>Rezultati strokovne \u017eirije:<\/strong><\/p>\n<p>Prva starostna skupina 6 \u2013 9 let<\/p>\n<p>1. mesto: Eva Julija Borov\u0161ak \u2013 Slovenija<br \/>\n2. mesto: Ana Berti\u0107 \u2013 Hrvatska<br \/>\n3. mesto: Paola Ma\u010dek \u2013 Hrvatska<\/p>\n<p>Druga skupina 10 \u2013 13 let<\/p>\n<p>1. mesto: Katarina Abramovi\u0107 \u2013 Srbija<br \/>\n2. mesto: Sa\u0161a Vidovi\u0107 \u2013 Hrvatska<br \/>\n3. mesto: Ana Grdadolnik \u2013 Slovenija<\/p>\n<p>Tretja skupina 14 \u2013 17 let<\/p>\n<p>1. mesto: Medea Market-Sindik \u2013 Hrvatska<br \/>\n2. mesto: Andjela Ne\u0161kovi\u0107 \u2013 Srbija<br \/>\n3. mesto: Ana Logar \u2013 Slovenija<\/p>\n<p>Zmagovalka festivala v celoti pa je Medea Market Sindik.<\/p>\n","protected":false},"excerpt":{"rendered":"<p>Zmagovalci po izboru ob\u010dinstva: 1. mesto: Eva Julija Borov\u0161ak \u2013 Slovenija 2. mesto: Tanita Lipar \u2013 Slovenija 3. mesto: Marin Buli\u0107 \u2013 Hrvatska Rezultati strokovne \u017eirije: Prva starostna skupina 6 \u2013 9 let 1. mesto: Eva Julija Borov\u0161ak \u2013 Slovenija 2. mesto: Ana Berti\u0107 \u2013 Hrvatska 3. mesto: Paola Ma\u010dek \u2013 Hrvatska Druga skupina 10 &hellip; <\/p>\n<p class=\"link-more\"><a href=\"https:\/\/brezice.eu\/festival\/zmagovalci-2017\/\" class=\"more-link\">Preberi ve\u010d<span class=\"screen-reader-text\"> &#8220;Zmagovalci 2017&#8221;<\/span><\/a><\/p>\n","protected":false},"author":1,"featured_media":0,"parent":0,"menu_order":0,"comment_status":"closed","ping_status":"closed","template":"","meta":{"footnotes":""},"class_list":["post-325","page","type-page","status-publish","hentry"],"yoast_head":"<!-- This site is optimized with the Yoast SEO plugin v27.4 - https:\/\/yoast.com\/product\/yoast-seo-wordpress\/ -->\n<title>Zmagovalci 2017 - Mednarodni otro\u0161ki pevski festival Bre\u017eice<\/title>\n<meta name=\"robots\" content=\"index, follow, max-snippet:-1, max-image-preview:large, max-video-preview:-1\" \/>\n<link rel=\"canonical\" href=\"https:\/\/brezice.eu\/festival\/zmagovalci-2017\/\" \/>\n<meta property=\"og:locale\" content=\"sl_SI\" \/>\n<meta property=\"og:type\" content=\"article\" \/>\n<meta property=\"og:title\" content=\"Zmagovalci 2017 - Mednarodni otro\u0161ki pevski festival Bre\u017eice\" \/>\n<meta property=\"og:description\" content=\"Zmagovalci po izboru ob\u010dinstva: 1. mesto: Eva Julija Borov\u0161ak \u2013 Slovenija 2. mesto: Tanita Lipar \u2013 Slovenija 3. mesto: Marin Buli\u0107 \u2013 Hrvatska Rezultati strokovne \u017eirije: Prva starostna skupina 6 \u2013 9 let 1. mesto: Eva Julija Borov\u0161ak \u2013 Slovenija 2. mesto: Ana Berti\u0107 \u2013 Hrvatska 3. mesto: Paola Ma\u010dek \u2013 Hrvatska Druga skupina 10 &hellip; Preberi ve\u010d &quot;Zmagovalci 2017&quot;\" \/>\n<meta property=\"og:url\" content=\"https:\/\/brezice.eu\/festival\/zmagovalci-2017\/\" \/>\n<meta property=\"og:site_name\" content=\"Mednarodni otro\u0161ki pevski festival Bre\u017eice\" \/>\n<meta name=\"twitter:card\" content=\"summary_large_image\" \/>\n<script type=\"application\/ld+json\" class=\"yoast-schema-graph\">{\"@context\":\"https:\\\/\\\/schema.org\",\"@graph\":[{\"@type\":\"WebPage\",\"@id\":\"https:\\\/\\\/brezice.eu\\\/festival\\\/zmagovalci-2017\\\/\",\"url\":\"https:\\\/\\\/brezice.eu\\\/festival\\\/zmagovalci-2017\\\/\",\"name\":\"Zmagovalci 2017 - Mednarodni otro\u0161ki pevski festival Bre\u017eice\",\"isPartOf\":{\"@id\":\"https:\\\/\\\/brezice.eu\\\/festival\\\/#website\"},\"datePublished\":\"2018-03-02T10:01:20+00:00\",\"breadcrumb\":{\"@id\":\"https:\\\/\\\/brezice.eu\\\/festival\\\/zmagovalci-2017\\\/#breadcrumb\"},\"inLanguage\":\"sl-SI\",\"potentialAction\":[{\"@type\":\"ReadAction\",\"target\":[\"https:\\\/\\\/brezice.eu\\\/festival\\\/zmagovalci-2017\\\/\"]}]},{\"@type\":\"BreadcrumbList\",\"@id\":\"https:\\\/\\\/brezice.eu\\\/festival\\\/zmagovalci-2017\\\/#breadcrumb\",\"itemListElement\":[{\"@type\":\"ListItem\",\"position\":1,\"name\":\"Home\",\"item\":\"https:\\\/\\\/brezice.eu\\\/festival\\\/\"},{\"@type\":\"ListItem\",\"position\":2,\"name\":\"Zmagovalci 2017\"}]},{\"@type\":\"WebSite\",\"@id\":\"https:\\\/\\\/brezice.eu\\\/festival\\\/#website\",\"url\":\"https:\\\/\\\/brezice.eu\\\/festival\\\/\",\"name\":\"Mednarodni otro\u0161ki pevski festival Bre\u017eice\",\"description\":\"Predstavljamo vam najbolj\u0161e mlade evropske pevce od 6 do vklju\u010dno 17 let\",\"publisher\":{\"@id\":\"https:\\\/\\\/brezice.eu\\\/festival\\\/#organization\"},\"potentialAction\":[{\"@type\":\"SearchAction\",\"target\":{\"@type\":\"EntryPoint\",\"urlTemplate\":\"https:\\\/\\\/brezice.eu\\\/festival\\\/?s={search_term_string}\"},\"query-input\":{\"@type\":\"PropertyValueSpecification\",\"valueRequired\":true,\"valueName\":\"search_term_string\"}}],\"inLanguage\":\"sl-SI\"},{\"@type\":\"Organization\",\"@id\":\"https:\\\/\\\/brezice.eu\\\/festival\\\/#organization\",\"name\":\"Mednarodni otro\u0161ki pevski festival Bre\u017eice\",\"url\":\"https:\\\/\\\/brezice.eu\\\/festival\\\/\",\"logo\":{\"@type\":\"ImageObject\",\"inLanguage\":\"sl-SI\",\"@id\":\"https:\\\/\\\/brezice.eu\\\/festival\\\/#\\\/schema\\\/logo\\\/image\\\/\",\"url\":\"https:\\\/\\\/brezice.eu\\\/festival\\\/wp-content\\\/uploads\\\/2020\\\/02\\\/cropped-MOPFBrezice-logo-z-belim-ozadjem-transparent-1.png\",\"contentUrl\":\"https:\\\/\\\/brezice.eu\\\/festival\\\/wp-content\\\/uploads\\\/2020\\\/02\\\/cropped-MOPFBrezice-logo-z-belim-ozadjem-transparent-1.png\",\"width\":990,\"height\":250,\"caption\":\"Mednarodni otro\u0161ki pevski festival Bre\u017eice\"},\"image\":{\"@id\":\"https:\\\/\\\/brezice.eu\\\/festival\\\/#\\\/schema\\\/logo\\\/image\\\/\"}}]}<\/script>\n<!-- \/ Yoast SEO plugin. -->","yoast_head_json":{"title":"Zmagovalci 2017 - Mednarodni otro\u0161ki pevski festival Bre\u017eice","robots":{"index":"index","follow":"follow","max-snippet":"max-snippet:-1","max-image-preview":"max-image-preview:large","max-video-preview":"max-video-preview:-1"},"canonical":"https:\/\/brezice.eu\/festival\/zmagovalci-2017\/","og_locale":"sl_SI","og_type":"article","og_title":"Zmagovalci 2017 - Mednarodni otro\u0161ki pevski festival Bre\u017eice","og_description":"Zmagovalci po izboru ob\u010dinstva: 1. mesto: Eva Julija Borov\u0161ak \u2013 Slovenija 2. mesto: Tanita Lipar \u2013 Slovenija 3. mesto: Marin Buli\u0107 \u2013 Hrvatska Rezultati strokovne \u017eirije: Prva starostna skupina 6 \u2013 9 let 1. mesto: Eva Julija Borov\u0161ak \u2013 Slovenija 2. mesto: Ana Berti\u0107 \u2013 Hrvatska 3. mesto: Paola Ma\u010dek \u2013 Hrvatska Druga skupina 10 &hellip; Preberi ve\u010d \"Zmagovalci 2017\"","og_url":"https:\/\/brezice.eu\/festival\/zmagovalci-2017\/","og_site_name":"Mednarodni otro\u0161ki pevski festival Bre\u017eice","twitter_card":"summary_large_image","schema":{"@context":"https:\/\/schema.org","@graph":[{"@type":"WebPage","@id":"https:\/\/brezice.eu\/festival\/zmagovalci-2017\/","url":"https:\/\/brezice.eu\/festival\/zmagovalci-2017\/","name":"Zmagovalci 2017 - Mednarodni otro\u0161ki pevski festival Bre\u017eice","isPartOf":{"@id":"https:\/\/brezice.eu\/festival\/#website"},"datePublished":"2018-03-02T10:01:20+00:00","breadcrumb":{"@id":"https:\/\/brezice.eu\/festival\/zmagovalci-2017\/#breadcrumb"},"inLanguage":"sl-SI","potentialAction":[{"@type":"ReadAction","target":["https:\/\/brezice.eu\/festival\/zmagovalci-2017\/"]}]},{"@type":"BreadcrumbList","@id":"https:\/\/brezice.eu\/festival\/zmagovalci-2017\/#breadcrumb","itemListElement":[{"@type":"ListItem","position":1,"name":"Home","item":"https:\/\/brezice.eu\/festival\/"},{"@type":"ListItem","position":2,"name":"Zmagovalci 2017"}]},{"@type":"WebSite","@id":"https:\/\/brezice.eu\/festival\/#website","url":"https:\/\/brezice.eu\/festival\/","name":"Mednarodni otro\u0161ki pevski festival Bre\u017eice","description":"Predstavljamo vam najbolj\u0161e mlade evropske pevce od 6 do vklju\u010dno 17 let","publisher":{"@id":"https:\/\/brezice.eu\/festival\/#organization"},"potentialAction":[{"@type":"SearchAction","target":{"@type":"EntryPoint","urlTemplate":"https:\/\/brezice.eu\/festival\/?s={search_term_string}"},"query-input":{"@type":"PropertyValueSpecification","valueRequired":true,"valueName":"search_term_string"}}],"inLanguage":"sl-SI"},{"@type":"Organization","@id":"https:\/\/brezice.eu\/festival\/#organization","name":"Mednarodni otro\u0161ki pevski festival Bre\u017eice","url":"https:\/\/brezice.eu\/festival\/","logo":{"@type":"ImageObject","inLanguage":"sl-SI","@id":"https:\/\/brezice.eu\/festival\/#\/schema\/logo\/image\/","url":"https:\/\/brezice.eu\/festival\/wp-content\/uploads\/2020\/02\/cropped-MOPFBrezice-logo-z-belim-ozadjem-transparent-1.png","contentUrl":"https:\/\/brezice.eu\/festival\/wp-content\/uploads\/2020\/02\/cropped-MOPFBrezice-logo-z-belim-ozadjem-transparent-1.png","width":990,"height":250,"caption":"Mednarodni otro\u0161ki pevski festival Bre\u017eice"},"image":{"@id":"https:\/\/brezice.eu\/festival\/#\/schema\/logo\/image\/"}}]}},"rttpg_featured_image_url":null,"rttpg_author":{"display_name":"Maks","author_link":"https:\/\/brezice.eu\/festival\/author\/maks\/"},"rttpg_comment":0,"rttpg_category":false,"rttpg_excerpt":"Zmagovalci po izboru ob\u010dinstva: 1. mesto: Eva Julija Borov\u0161ak \u2013 Slovenija 2. mesto: Tanita Lipar \u2013 Slovenija 3. mesto: Marin Buli\u0107 \u2013 Hrvatska Rezultati strokovne \u017eirije: Prva starostna skupina 6 \u2013 9 let 1. mesto: Eva Julija Borov\u0161ak \u2013 Slovenija 2. mesto: Ana Berti\u0107 \u2013 Hrvatska 3. mesto: Paola Ma\u010dek \u2013 Hrvatska Druga skupina 10&hellip;","_links":{"self":[{"href":"https:\/\/brezice.eu\/festival\/wp-json\/wp\/v2\/pages\/325","targetHints":{"allow":["GET"]}}],"collection":[{"href":"https:\/\/brezice.eu\/festival\/wp-json\/wp\/v2\/pages"}],"about":[{"href":"https:\/\/brezice.eu\/festival\/wp-json\/wp\/v2\/types\/page"}],"author":[{"embeddable":true,"href":"https:\/\/brezice.eu\/festival\/wp-json\/wp\/v2\/users\/1"}],"replies":[{"embeddable":true,"href":"https:\/\/brezice.eu\/festival\/wp-json\/wp\/v2\/comments?post=325"}],"version-history":[{"count":1,"href":"https:\/\/brezice.eu\/festival\/wp-json\/wp\/v2\/pages\/325\/revisions"}],"predecessor-version":[{"id":326,"href":"https:\/\/brezice.eu\/festival\/wp-json\/wp\/v2\/pages\/325\/revisions\/326"}],"wp:attachment":[{"href":"https:\/\/brezice.eu\/festival\/wp-json\/wp\/v2\/media?parent=325"}],"curies":[{"name":"wp","href":"https:\/\/api.w.org\/{rel}","templated":true}]}}