{"id":2656,"date":"2024-09-03T09:43:57","date_gmt":"2024-09-03T07:43:57","guid":{"rendered":"https:\/\/brezice.eu\/festival\/?page_id=2656"},"modified":"2024-09-03T09:46:42","modified_gmt":"2024-09-03T07:46:42","slug":"fotografije-2024","status":"publish","type":"page","link":"https:\/\/brezice.eu\/festival\/fotografije-2024\/","title":{"rendered":"Fotografije 2024"},"content":{"rendered":"<p>Galerije 2024:<\/p>\n<p>Fotograf: <a href=\"https:\/\/www.lukarudman.com\/\" target=\"_blank\" rel=\"noopener noreferrer\">Luka Rudman<\/a><\/p>\n<figure class=\"embed-gphotos  wp-caption\"><a href=\"https:\/\/photos.google.com\/share\/AF1QipNQFVsWGPd9Yh9eKCvNhw3M8VSaHyLM9EgElfVK3D5jgS-4LEG0W9TPAOL55JXqeg?key=UERpVjJ3dFZJdVZpNk42eV82WmI1TjJmOWdBR1lR\" target=\"_blank\"><img loading=\"lazy\" decoding=\"async\"    src=\"https:\/\/lh3.googleusercontent.com\/pw\/AP1GczNvWOOCLVobflpSpSHoHyaIjZBvdYxtsxmXZVNomfazBNqqii4CPS78d6VDTmdt79zWHIL9GOS-s4sRxNb3s5Wh5Am8y9GvAe0jdN-FpX4TWy8B1LyW=w525-h788\" width=\"525\" height=\"349\"   ><\/a><figcaption class=\"wp-caption-text\"><a href=\"https:\/\/photos.google.com\/share\/AF1QipNQFVsWGPd9Yh9eKCvNhw3M8VSaHyLM9EgElfVK3D5jgS-4LEG0W9TPAOL55JXqeg?key=UERpVjJ3dFZJdVZpNk42eV82WmI1TjJmOWdBR1lR\" target=\"_blank\">Polfinale 1. del &#8211; Mednarodni otro\u0161ki pevski festival Bre\u017eice 2024 \/ Google Photos<\/a><\/figcaption><\/figure>\n<figure class=\"embed-gphotos  wp-caption\"><a href=\"https:\/\/photos.google.com\/share\/AF1QipORF2usHW1Ydp7pAXor5aYrY52qj_s5ziSvYUnIMHB42AHUlNqeUJyBEiTsefR5bg?key=X2NxU2FPMVF6dF9HUllwal9VdC0tTWNzZktrXzdn\" target=\"_blank\"><img loading=\"lazy\" decoding=\"async\"    src=\"https:\/\/lh3.googleusercontent.com\/pw\/AP1GczNqrbFptPxSkSbL7pcXpGo7-b8k3lSWLBLOQOBZN74SVQCpNbWcnfLkpUQy0cBJjlZqBgXncBpI6wbqBbPw7bDMt_rsedxmk4bvRklCgUUUhOb49bCk=w525-h788\" width=\"525\" height=\"349\"   ><\/a><figcaption class=\"wp-caption-text\"><a href=\"https:\/\/photos.google.com\/share\/AF1QipORF2usHW1Ydp7pAXor5aYrY52qj_s5ziSvYUnIMHB42AHUlNqeUJyBEiTsefR5bg?key=X2NxU2FPMVF6dF9HUllwal9VdC0tTWNzZktrXzdn\" target=\"_blank\">Polfinale 2. del &#8211; Mednarodni otro\u0161ki pevski festival Bre\u017eice 2024 \/ Google Photos<\/a><\/figcaption><\/figure>\n<figure class=\"embed-gphotos  wp-caption\"><a href=\"https:\/\/photos.google.com\/share\/AF1QipMRfJNhQkTmd9hhgqKM3O_Q4M5OZCNzkWaRwQgv0QbqBo8SessJ5HmkMxGkMFOeKg?key=cF9Nc2VFSjVFMHB3dFVrU3hKazBHazlMenRNcDN3\" target=\"_blank\"><img loading=\"lazy\" decoding=\"async\"    src=\"https:\/\/lh3.googleusercontent.com\/pw\/AP1GczOzckL_G1jiVZgMpNqlXEXEY88lb7OgglO6-mFTcv64WJd0xZO6fLL1IUlGkvUjCUd8IPEbPjbLjrzC5rxVyceGptctEZv6SmYbksyOQVcc6nolBDUx=w525-h788\" width=\"525\" height=\"349\"   ><\/a><figcaption class=\"wp-caption-text\"><a href=\"https:\/\/photos.google.com\/share\/AF1QipMRfJNhQkTmd9hhgqKM3O_Q4M5OZCNzkWaRwQgv0QbqBo8SessJ5HmkMxGkMFOeKg?key=cF9Nc2VFSjVFMHB3dFVrU3hKazBHazlMenRNcDN3\" target=\"_blank\">Veliki Finale &#8211; Mednarodni otro\u0161ki pevski festival Bre\u017eice 2024 \/ Google Photos<\/a><\/figcaption><\/figure>\n","protected":false},"excerpt":{"rendered":"<p>Galerije 2024: Fotograf: Luka Rudman Polfinale 1. del &#8211; Mednarodni otro\u0161ki pevski festival Bre\u017eice 2024 \/ Google Photos Polfinale 2. del &#8211; Mednarodni otro\u0161ki pevski festival Bre\u017eice 2024 \/ Google Photos Veliki Finale &#8211; Mednarodni otro\u0161ki pevski festival Bre\u017eice 2024 \/ Google Photos<\/p>\n","protected":false},"author":1,"featured_media":2638,"parent":0,"menu_order":0,"comment_status":"closed","ping_status":"closed","template":"","meta":{"footnotes":""},"class_list":["post-2656","page","type-page","status-publish","has-post-thumbnail","hentry"],"yoast_head":"<!-- This site is optimized with the Yoast SEO plugin v27.4 - https:\/\/yoast.com\/product\/yoast-seo-wordpress\/ -->\n<title>Fotografije 2024 - Mednarodni otro\u0161ki pevski festival Bre\u017eice<\/title>\n<meta name=\"robots\" content=\"index, follow, max-snippet:-1, max-image-preview:large, max-video-preview:-1\" \/>\n<link rel=\"canonical\" href=\"https:\/\/brezice.eu\/festival\/fotografije-2024\/\" \/>\n<meta property=\"og:locale\" content=\"sl_SI\" \/>\n<meta property=\"og:type\" content=\"article\" \/>\n<meta property=\"og:title\" content=\"Fotografije 2024 - Mednarodni otro\u0161ki pevski festival Bre\u017eice\" \/>\n<meta property=\"og:description\" content=\"Galerije 2024: Fotograf: Luka Rudman Polfinale 1. del &#8211; Mednarodni otro\u0161ki pevski festival Bre\u017eice 2024 \/ Google Photos Polfinale 2. del &#8211; Mednarodni otro\u0161ki pevski festival Bre\u017eice 2024 \/ Google Photos Veliki Finale &#8211; Mednarodni otro\u0161ki pevski festival Bre\u017eice 2024 \/ Google Photos\" \/>\n<meta property=\"og:url\" content=\"https:\/\/brezice.eu\/festival\/fotografije-2024\/\" \/>\n<meta property=\"og:site_name\" content=\"Mednarodni otro\u0161ki pevski festival Bre\u017eice\" \/>\n<meta property=\"article:modified_time\" content=\"2024-09-03T07:46:42+00:00\" \/>\n<meta property=\"og:image\" content=\"https:\/\/brezice.eu\/festival\/wp-content\/uploads\/2024\/08\/Nagrajenci-po-mnenju-obcinstva-z-ostalimi.jpg\" \/>\n\t<meta property=\"og:image:width\" content=\"2000\" \/>\n\t<meta property=\"og:image:height\" content=\"1330\" \/>\n\t<meta property=\"og:image:type\" content=\"image\/jpeg\" \/>\n<meta name=\"twitter:card\" content=\"summary_large_image\" \/>\n<meta name=\"twitter:label1\" content=\"Est. reading time\" \/>\n\t<meta name=\"twitter:data1\" content=\"1 minuta\" \/>\n<script type=\"application\/ld+json\" class=\"yoast-schema-graph\">{\"@context\":\"https:\\\/\\\/schema.org\",\"@graph\":[{\"@type\":\"WebPage\",\"@id\":\"https:\\\/\\\/brezice.eu\\\/festival\\\/fotografije-2024\\\/\",\"url\":\"https:\\\/\\\/brezice.eu\\\/festival\\\/fotografije-2024\\\/\",\"name\":\"Fotografije 2024 - Mednarodni otro\u0161ki pevski festival Bre\u017eice\",\"isPartOf\":{\"@id\":\"https:\\\/\\\/brezice.eu\\\/festival\\\/#website\"},\"primaryImageOfPage\":{\"@id\":\"https:\\\/\\\/brezice.eu\\\/festival\\\/fotografije-2024\\\/#primaryimage\"},\"image\":{\"@id\":\"https:\\\/\\\/brezice.eu\\\/festival\\\/fotografije-2024\\\/#primaryimage\"},\"thumbnailUrl\":\"https:\\\/\\\/brezice.eu\\\/festival\\\/wp-content\\\/uploads\\\/2024\\\/08\\\/Nagrajenci-po-mnenju-obcinstva-z-ostalimi.jpg\",\"datePublished\":\"2024-09-03T07:43:57+00:00\",\"dateModified\":\"2024-09-03T07:46:42+00:00\",\"breadcrumb\":{\"@id\":\"https:\\\/\\\/brezice.eu\\\/festival\\\/fotografije-2024\\\/#breadcrumb\"},\"inLanguage\":\"sl-SI\",\"potentialAction\":[{\"@type\":\"ReadAction\",\"target\":[\"https:\\\/\\\/brezice.eu\\\/festival\\\/fotografije-2024\\\/\"]}]},{\"@type\":\"ImageObject\",\"inLanguage\":\"sl-SI\",\"@id\":\"https:\\\/\\\/brezice.eu\\\/festival\\\/fotografije-2024\\\/#primaryimage\",\"url\":\"https:\\\/\\\/brezice.eu\\\/festival\\\/wp-content\\\/uploads\\\/2024\\\/08\\\/Nagrajenci-po-mnenju-obcinstva-z-ostalimi.jpg\",\"contentUrl\":\"https:\\\/\\\/brezice.eu\\\/festival\\\/wp-content\\\/uploads\\\/2024\\\/08\\\/Nagrajenci-po-mnenju-obcinstva-z-ostalimi.jpg\",\"width\":2000,\"height\":1330,\"caption\":\"FOTO LUKA RUDMAN\"},{\"@type\":\"BreadcrumbList\",\"@id\":\"https:\\\/\\\/brezice.eu\\\/festival\\\/fotografije-2024\\\/#breadcrumb\",\"itemListElement\":[{\"@type\":\"ListItem\",\"position\":1,\"name\":\"Home\",\"item\":\"https:\\\/\\\/brezice.eu\\\/festival\\\/\"},{\"@type\":\"ListItem\",\"position\":2,\"name\":\"Fotografije 2024\"}]},{\"@type\":\"WebSite\",\"@id\":\"https:\\\/\\\/brezice.eu\\\/festival\\\/#website\",\"url\":\"https:\\\/\\\/brezice.eu\\\/festival\\\/\",\"name\":\"Mednarodni otro\u0161ki pevski festival Bre\u017eice\",\"description\":\"Predstavljamo vam najbolj\u0161e mlade evropske pevce od 6 do vklju\u010dno 17 let\",\"publisher\":{\"@id\":\"https:\\\/\\\/brezice.eu\\\/festival\\\/#organization\"},\"potentialAction\":[{\"@type\":\"SearchAction\",\"target\":{\"@type\":\"EntryPoint\",\"urlTemplate\":\"https:\\\/\\\/brezice.eu\\\/festival\\\/?s={search_term_string}\"},\"query-input\":{\"@type\":\"PropertyValueSpecification\",\"valueRequired\":true,\"valueName\":\"search_term_string\"}}],\"inLanguage\":\"sl-SI\"},{\"@type\":\"Organization\",\"@id\":\"https:\\\/\\\/brezice.eu\\\/festival\\\/#organization\",\"name\":\"Mednarodni otro\u0161ki pevski festival Bre\u017eice\",\"url\":\"https:\\\/\\\/brezice.eu\\\/festival\\\/\",\"logo\":{\"@type\":\"ImageObject\",\"inLanguage\":\"sl-SI\",\"@id\":\"https:\\\/\\\/brezice.eu\\\/festival\\\/#\\\/schema\\\/logo\\\/image\\\/\",\"url\":\"https:\\\/\\\/brezice.eu\\\/festival\\\/wp-content\\\/uploads\\\/2020\\\/02\\\/cropped-MOPFBrezice-logo-z-belim-ozadjem-transparent-1.png\",\"contentUrl\":\"https:\\\/\\\/brezice.eu\\\/festival\\\/wp-content\\\/uploads\\\/2020\\\/02\\\/cropped-MOPFBrezice-logo-z-belim-ozadjem-transparent-1.png\",\"width\":990,\"height\":250,\"caption\":\"Mednarodni otro\u0161ki pevski festival Bre\u017eice\"},\"image\":{\"@id\":\"https:\\\/\\\/brezice.eu\\\/festival\\\/#\\\/schema\\\/logo\\\/image\\\/\"}}]}<\/script>\n<!-- \/ Yoast SEO plugin. -->","yoast_head_json":{"title":"Fotografije 2024 - Mednarodni otro\u0161ki pevski festival Bre\u017eice","robots":{"index":"index","follow":"follow","max-snippet":"max-snippet:-1","max-image-preview":"max-image-preview:large","max-video-preview":"max-video-preview:-1"},"canonical":"https:\/\/brezice.eu\/festival\/fotografije-2024\/","og_locale":"sl_SI","og_type":"article","og_title":"Fotografije 2024 - Mednarodni otro\u0161ki pevski festival Bre\u017eice","og_description":"Galerije 2024: Fotograf: Luka Rudman Polfinale 1. del &#8211; Mednarodni otro\u0161ki pevski festival Bre\u017eice 2024 \/ Google Photos Polfinale 2. del &#8211; Mednarodni otro\u0161ki pevski festival Bre\u017eice 2024 \/ Google Photos Veliki Finale &#8211; Mednarodni otro\u0161ki pevski festival Bre\u017eice 2024 \/ Google Photos","og_url":"https:\/\/brezice.eu\/festival\/fotografije-2024\/","og_site_name":"Mednarodni otro\u0161ki pevski festival Bre\u017eice","article_modified_time":"2024-09-03T07:46:42+00:00","og_image":[{"width":2000,"height":1330,"url":"https:\/\/brezice.eu\/festival\/wp-content\/uploads\/2024\/08\/Nagrajenci-po-mnenju-obcinstva-z-ostalimi.jpg","type":"image\/jpeg"}],"twitter_card":"summary_large_image","twitter_misc":{"Est. reading time":"1 minuta"},"schema":{"@context":"https:\/\/schema.org","@graph":[{"@type":"WebPage","@id":"https:\/\/brezice.eu\/festival\/fotografije-2024\/","url":"https:\/\/brezice.eu\/festival\/fotografije-2024\/","name":"Fotografije 2024 - Mednarodni otro\u0161ki pevski festival Bre\u017eice","isPartOf":{"@id":"https:\/\/brezice.eu\/festival\/#website"},"primaryImageOfPage":{"@id":"https:\/\/brezice.eu\/festival\/fotografije-2024\/#primaryimage"},"image":{"@id":"https:\/\/brezice.eu\/festival\/fotografije-2024\/#primaryimage"},"thumbnailUrl":"https:\/\/brezice.eu\/festival\/wp-content\/uploads\/2024\/08\/Nagrajenci-po-mnenju-obcinstva-z-ostalimi.jpg","datePublished":"2024-09-03T07:43:57+00:00","dateModified":"2024-09-03T07:46:42+00:00","breadcrumb":{"@id":"https:\/\/brezice.eu\/festival\/fotografije-2024\/#breadcrumb"},"inLanguage":"sl-SI","potentialAction":[{"@type":"ReadAction","target":["https:\/\/brezice.eu\/festival\/fotografije-2024\/"]}]},{"@type":"ImageObject","inLanguage":"sl-SI","@id":"https:\/\/brezice.eu\/festival\/fotografije-2024\/#primaryimage","url":"https:\/\/brezice.eu\/festival\/wp-content\/uploads\/2024\/08\/Nagrajenci-po-mnenju-obcinstva-z-ostalimi.jpg","contentUrl":"https:\/\/brezice.eu\/festival\/wp-content\/uploads\/2024\/08\/Nagrajenci-po-mnenju-obcinstva-z-ostalimi.jpg","width":2000,"height":1330,"caption":"FOTO LUKA RUDMAN"},{"@type":"BreadcrumbList","@id":"https:\/\/brezice.eu\/festival\/fotografije-2024\/#breadcrumb","itemListElement":[{"@type":"ListItem","position":1,"name":"Home","item":"https:\/\/brezice.eu\/festival\/"},{"@type":"ListItem","position":2,"name":"Fotografije 2024"}]},{"@type":"WebSite","@id":"https:\/\/brezice.eu\/festival\/#website","url":"https:\/\/brezice.eu\/festival\/","name":"Mednarodni otro\u0161ki pevski festival Bre\u017eice","description":"Predstavljamo vam najbolj\u0161e mlade evropske pevce od 6 do vklju\u010dno 17 let","publisher":{"@id":"https:\/\/brezice.eu\/festival\/#organization"},"potentialAction":[{"@type":"SearchAction","target":{"@type":"EntryPoint","urlTemplate":"https:\/\/brezice.eu\/festival\/?s={search_term_string}"},"query-input":{"@type":"PropertyValueSpecification","valueRequired":true,"valueName":"search_term_string"}}],"inLanguage":"sl-SI"},{"@type":"Organization","@id":"https:\/\/brezice.eu\/festival\/#organization","name":"Mednarodni otro\u0161ki pevski festival Bre\u017eice","url":"https:\/\/brezice.eu\/festival\/","logo":{"@type":"ImageObject","inLanguage":"sl-SI","@id":"https:\/\/brezice.eu\/festival\/#\/schema\/logo\/image\/","url":"https:\/\/brezice.eu\/festival\/wp-content\/uploads\/2020\/02\/cropped-MOPFBrezice-logo-z-belim-ozadjem-transparent-1.png","contentUrl":"https:\/\/brezice.eu\/festival\/wp-content\/uploads\/2020\/02\/cropped-MOPFBrezice-logo-z-belim-ozadjem-transparent-1.png","width":990,"height":250,"caption":"Mednarodni otro\u0161ki pevski festival Bre\u017eice"},"image":{"@id":"https:\/\/brezice.eu\/festival\/#\/schema\/logo\/image\/"}}]}},"rttpg_featured_image_url":{"full":["https:\/\/brezice.eu\/festival\/wp-content\/uploads\/2024\/08\/Nagrajenci-po-mnenju-obcinstva-z-ostalimi.jpg",2000,1330,false],"landscape":["https:\/\/brezice.eu\/festival\/wp-content\/uploads\/2024\/08\/Nagrajenci-po-mnenju-obcinstva-z-ostalimi.jpg",2000,1330,false],"portraits":["https:\/\/brezice.eu\/festival\/wp-content\/uploads\/2024\/08\/Nagrajenci-po-mnenju-obcinstva-z-ostalimi.jpg",2000,1330,false],"thumbnail":["https:\/\/brezice.eu\/festival\/wp-content\/uploads\/2024\/08\/Nagrajenci-po-mnenju-obcinstva-z-ostalimi-150x150.jpg",150,150,true],"medium":["https:\/\/brezice.eu\/festival\/wp-content\/uploads\/2024\/08\/Nagrajenci-po-mnenju-obcinstva-z-ostalimi-300x200.jpg",300,200,true],"large":["https:\/\/brezice.eu\/festival\/wp-content\/uploads\/2024\/08\/Nagrajenci-po-mnenju-obcinstva-z-ostalimi-1024x681.jpg",525,349,true],"1536x1536":["https:\/\/brezice.eu\/festival\/wp-content\/uploads\/2024\/08\/Nagrajenci-po-mnenju-obcinstva-z-ostalimi-1536x1021.jpg",1536,1021,true],"2048x2048":["https:\/\/brezice.eu\/festival\/wp-content\/uploads\/2024\/08\/Nagrajenci-po-mnenju-obcinstva-z-ostalimi.jpg",2000,1330,false],"twentyseventeen-featured-image":["https:\/\/brezice.eu\/festival\/wp-content\/uploads\/2024\/08\/Nagrajenci-po-mnenju-obcinstva-z-ostalimi-2000x1200.jpg",2000,1200,true],"twentyseventeen-thumbnail-avatar":["https:\/\/brezice.eu\/festival\/wp-content\/uploads\/2024\/08\/Nagrajenci-po-mnenju-obcinstva-z-ostalimi-100x100.jpg",100,100,true]},"rttpg_author":{"display_name":"Maks","author_link":"https:\/\/brezice.eu\/festival\/author\/maks\/"},"rttpg_comment":0,"rttpg_category":" <a href=\"https:\/\/brezice.eu\/festival\/?taxonomy=translation_priority&#038;term=optional\" rel=\"tag\">Optional<\/a>","rttpg_excerpt":"Galerije 2024: Fotograf: Luka Rudman Polfinale 1. del &#8211; Mednarodni otro\u0161ki pevski festival Bre\u017eice 2024 \/ Google Photos Polfinale 2. del &#8211; Mednarodni otro\u0161ki pevski festival Bre\u017eice 2024 \/ Google Photos Veliki Finale &#8211; Mednarodni otro\u0161ki pevski festival Bre\u017eice 2024 \/ Google Photos","_links":{"self":[{"href":"https:\/\/brezice.eu\/festival\/wp-json\/wp\/v2\/pages\/2656","targetHints":{"allow":["GET"]}}],"collection":[{"href":"https:\/\/brezice.eu\/festival\/wp-json\/wp\/v2\/pages"}],"about":[{"href":"https:\/\/brezice.eu\/festival\/wp-json\/wp\/v2\/types\/page"}],"author":[{"embeddable":true,"href":"https:\/\/brezice.eu\/festival\/wp-json\/wp\/v2\/users\/1"}],"replies":[{"embeddable":true,"href":"https:\/\/brezice.eu\/festival\/wp-json\/wp\/v2\/comments?post=2656"}],"version-history":[{"count":1,"href":"https:\/\/brezice.eu\/festival\/wp-json\/wp\/v2\/pages\/2656\/revisions"}],"predecessor-version":[{"id":2659,"href":"https:\/\/brezice.eu\/festival\/wp-json\/wp\/v2\/pages\/2656\/revisions\/2659"}],"wp:featuredmedia":[{"embeddable":true,"href":"https:\/\/brezice.eu\/festival\/wp-json\/wp\/v2\/media\/2638"}],"wp:attachment":[{"href":"https:\/\/brezice.eu\/festival\/wp-json\/wp\/v2\/media?parent=2656"}],"curies":[{"name":"wp","href":"https:\/\/api.w.org\/{rel}","templated":true}]}}