{"id":2067,"date":"2023-04-03T19:28:38","date_gmt":"2023-04-03T17:28:38","guid":{"rendered":"https:\/\/brezice.eu\/festival\/?page_id=2067"},"modified":"2023-04-03T19:28:39","modified_gmt":"2023-04-03T17:28:39","slug":"prijavnica-2023","status":"publish","type":"page","link":"https:\/\/brezice.eu\/festival\/prijavnica-2023\/","title":{"rendered":"Prijavnica 2023"},"content":{"rendered":"<p>Festival je brezpla\u010den = 0 EUR.<\/p>\n<p>Mednarodni otro\u0161ki pevski festival Bre\u017eice 2023<br \/>Partitura d.o.o.<br \/>Gornji trg 20<br \/>1000 Ljubljana<\/p>\n<p><strong>Razpis za 7. Mednarodni otro\u0161ki pevski festival Bre\u017eice 2023<\/strong><\/p>\n<p>Spo\u0161tovani star\u0161i, mentorji, pevke in pevci,<\/p>\n<p>objavljamo razpis za sodelovanje na 7. Mednarodnem otro\u0161kem pevskem festivalu Bre\u017eice 2023. Festivala se lahko tako kot vedno, udele\u017eijo pevke in pevci, stari od 6 do vklju\u010dno 17 let, v treh starostnih skupinah:<\/p>\n<p><strong>Prva starostna skupina, od 6 do 9 let<\/strong><br \/>Prijavitelji morajo biti star\u0161i ali skrbniki pevca ali pevke, mentorji lahko asistirajo pri prijavi. Pevci in pevke se lahko prijavijo z eno poljubno pesmijo iz palete zabavnih \u017eanrov, v kateremkoli jeziku. Prijavitelji morajo priskrbeti maksimalno 4 minute dolgo glasbeno podlago v mp3 obliki, z vsaj 192kbps vzor\u010denjem in jo poslati v prijavnem obrazcu ob prijavi. Prijavitelji bodo morali podpisati izjave o strinjanju s pogoji sodelovanja in GDPR izjave.<\/p>\n<p><strong>Druga starostna skupina, od 10 do 13 let<\/strong><br \/>Prijavitelji morajo biti star\u0161i ali skrbniki pevca ali pevke, mentorji lahko asistirajo pri prijavi. Pevci in pevke se lahko prijavijo z eno poljubno pesmijo iz palete zabavnih \u017eanrov, v kateremkoli jeziku. Prijavitelji morajo priskrbeti maksimalno 4 minute dolgo glasbeno podlago v mp3 obliki, z vsaj 192kbps vzor\u010denjem in jo poslati v prijavnem obrazcu ob prijavi. Prijavitelji bodo morali podpisati izjave o strinjanju s pogoji sodelovanja in GDPR izjave.<\/p>\n<p><strong>Tretja starostna skupina, od 14 do 17 let<\/strong><br \/>Prijavitelji morajo biti star\u0161i ali skrbniki pevca ali pevke, mentorji lahko asistirajo pri prijavi. Pevci in pevke se lahko prijavijo z avtorsko skladbo, ki je bila napisana posebej za njih in je ni izvajal, posnel ali izdal \u0161e nih\u010de, ali pa se prijavijo s priredbo (cover). Glasbena spremljava mora biti maksimalno 4 minute dolga, kakovostna, brez posnetega glavnega vokala. Prijavitelji bodo morali podpisati izjave o strinjanju s pogoji sodelovanja, GDPR izjave in izjave avtorjev, morebitnih zalo\u017enikov in izvajalcev, o odstopu pravic za neomejeno uporabo pesmi, za potrebe MOPF Bre\u017eice.<\/p>\n<p>Prijavitelj mora biti eden od star\u0161ev in ne oba. Prijavitelj je lahko tudi zakoniti skrbnik otroka, \u010de otrok nima star\u0161ev. Mentor ali u\u010ditelj petja, ne more biti prijavitelj, ker prav tako ne more biti podpisnik izjav o sprejemanju pogojev sodelovanja na festivalu.<\/p>\n<p>Prijavitelj mora za uspe\u0161no elektronsko prijavo razpolagati z delujo\u010dim elektronskim po\u0161tnim naslovom in kontaktno telefonsko \u0161tevilko, ki jo bo organizator lahko uporabil pri komunikaciji, za potrebe organizacije MOPF Bre\u017eice.<\/p>\n<p>Po uspe\u0161no oddani elektronski prijavi na avdicijo festivala, boste avtomati\u010dno na elektronsko po\u0161to prejeli potrdilo o prijavi na avdicijo. Na avdiciji boste morali podpisati izjave prijaviteljev, v primeru opravljene avdicije pa \u0161e izjave avtorjev, da organizatorju festivala dovolijo javno predvajanje pesmi.<\/p>\n<p>Datumi avdicij:<\/p>\n<p>11.06.2023 ob 15:00 <br \/>v prostorih Kulturnega centra Klanjec na naslovu Antuna Augustin\u010di\u0107a 1, Klanjec, Hrva\u0161ka<\/p>\n<p>18.06.2023 ob 15:00<br \/>v Dvorani MC Bre\u017eice, na naslovu: Gub\u010deva ulica 10a, Bre\u017eice, Slovenija<\/p>\n<p>Za udele\u017eence, ki so od zgornjih lokacij oddaljeni ve\u010d kot 100 km, omogo\u010damo tudi avdicijo z \u00a0video posnetkom pod naslednjimi pogoji:<br \/>V primeru, da izberete avdicijo s posnetkom, morate v naslednji to\u010dki tega obrazca dodati \u0161e YouTube povezavo do va\u0161ega posnetka petja v \u017eivo ob glasbeni spremljavi, sicer prijava ne bo veljavna.\u00a0<\/p>\n<p>Datum 1. dela polfinalnega izbora: 25. 8. 2023<br \/>Datum 2. dela polfinalnega izbora: 26. 8. 2023<br \/>Datum finalnega izbora: 27. 8. 2023<\/p>\n<p>Rok za prijavo: 09. 06. 2023<\/p>\n<p>S prijavo se prijavitelj obve\u017ee, da bo z udele\u017eenko ali udele\u017eencem festivala na voljo in se bo lahko udele\u017eil vseh festivalskih dejavnosti iz zgoraj navedenih datumov.<\/p>\n<p>S klikom na spodnji gumb \u201cPrijava\u2026\u201d se strinjate, da bo organizator uporabil vse poslane podatke za potrebe organizacije festivala, po pravilih in dolo\u010dbah organizatorja, javno in brez omejitev.<\/p>\n\n\n<div class=\"wp-block-buttons is-layout-flex wp-block-buttons-is-layout-flex\">\n<div class=\"wp-block-button\"><a class=\"wp-block-button__link has-white-color has-vivid-cyan-blue-background-color has-text-color has-background wp-element-button\" href=\"https:\/\/forms.gle\/5TzSSbDGzT4Uj6Zg6\" target=\"_blank\" rel=\"noreferrer noopener\">Prijava na Mednarodni otro\u0161ki pevski festival Bre\u017eice 2023<\/a><\/div>\n<\/div>\n","protected":false},"excerpt":{"rendered":"<p>Festival je brezpla\u010den = 0 EUR. Mednarodni otro\u0161ki pevski festival Bre\u017eice 2023Partitura d.o.o.Gornji trg 201000 Ljubljana Razpis za 7. Mednarodni otro\u0161ki pevski festival Bre\u017eice 2023 Spo\u0161tovani star\u0161i, mentorji, pevke in pevci, objavljamo razpis za sodelovanje na 7. Mednarodnem otro\u0161kem pevskem festivalu Bre\u017eice 2023. Festivala se lahko tako kot vedno, udele\u017eijo pevke in pevci, stari od &hellip; <\/p>\n<p class=\"link-more\"><a href=\"https:\/\/brezice.eu\/festival\/prijavnica-2023\/\" class=\"more-link\">Preberi ve\u010d<span class=\"screen-reader-text\"> &#8220;Prijavnica 2023&#8221;<\/span><\/a><\/p>\n","protected":false},"author":1,"featured_media":2013,"parent":0,"menu_order":0,"comment_status":"closed","ping_status":"closed","template":"","meta":{"footnotes":""},"class_list":["post-2067","page","type-page","status-publish","has-post-thumbnail","hentry"],"yoast_head":"<!-- This site is optimized with the Yoast SEO plugin v27.3 - https:\/\/yoast.com\/product\/yoast-seo-wordpress\/ -->\n<title>Prijavnica 2023 - Mednarodni otro\u0161ki pevski festival Bre\u017eice<\/title>\n<meta name=\"robots\" content=\"index, follow, max-snippet:-1, max-image-preview:large, max-video-preview:-1\" \/>\n<link rel=\"canonical\" href=\"https:\/\/brezice.eu\/festival\/prijavnica-2023\/\" \/>\n<meta property=\"og:locale\" content=\"sl_SI\" \/>\n<meta property=\"og:type\" content=\"article\" \/>\n<meta property=\"og:title\" content=\"Prijavnica 2023 - Mednarodni otro\u0161ki pevski festival Bre\u017eice\" \/>\n<meta property=\"og:description\" content=\"Festival je brezpla\u010den = 0 EUR. Mednarodni otro\u0161ki pevski festival Bre\u017eice 2023Partitura d.o.o.Gornji trg 201000 Ljubljana Razpis za 7. Mednarodni otro\u0161ki pevski festival Bre\u017eice 2023 Spo\u0161tovani star\u0161i, mentorji, pevke in pevci, objavljamo razpis za sodelovanje na 7. Mednarodnem otro\u0161kem pevskem festivalu Bre\u017eice 2023. Festivala se lahko tako kot vedno, udele\u017eijo pevke in pevci, stari od &hellip; Preberi ve\u010d &quot;Prijavnica 2023&quot;\" \/>\n<meta property=\"og:url\" content=\"https:\/\/brezice.eu\/festival\/prijavnica-2023\/\" \/>\n<meta property=\"og:site_name\" content=\"Mednarodni otro\u0161ki pevski festival Bre\u017eice\" \/>\n<meta property=\"article:modified_time\" content=\"2023-04-03T17:28:39+00:00\" \/>\n<meta property=\"og:image\" content=\"https:\/\/brezice.eu\/festival\/wp-content\/uploads\/2022\/09\/Final-112-1.jpg\" \/>\n\t<meta property=\"og:image:width\" content=\"1200\" \/>\n\t<meta property=\"og:image:height\" content=\"798\" \/>\n\t<meta property=\"og:image:type\" content=\"image\/jpeg\" \/>\n<meta name=\"twitter:card\" content=\"summary_large_image\" \/>\n<meta name=\"twitter:label1\" content=\"Est. reading time\" \/>\n\t<meta name=\"twitter:data1\" content=\"4 minute\" \/>\n<script type=\"application\/ld+json\" class=\"yoast-schema-graph\">{\"@context\":\"https:\\\/\\\/schema.org\",\"@graph\":[{\"@type\":\"WebPage\",\"@id\":\"https:\\\/\\\/brezice.eu\\\/festival\\\/prijavnica-2023\\\/\",\"url\":\"https:\\\/\\\/brezice.eu\\\/festival\\\/prijavnica-2023\\\/\",\"name\":\"Prijavnica 2023 - Mednarodni otro\u0161ki pevski festival Bre\u017eice\",\"isPartOf\":{\"@id\":\"https:\\\/\\\/brezice.eu\\\/festival\\\/#website\"},\"primaryImageOfPage\":{\"@id\":\"https:\\\/\\\/brezice.eu\\\/festival\\\/prijavnica-2023\\\/#primaryimage\"},\"image\":{\"@id\":\"https:\\\/\\\/brezice.eu\\\/festival\\\/prijavnica-2023\\\/#primaryimage\"},\"thumbnailUrl\":\"https:\\\/\\\/brezice.eu\\\/festival\\\/wp-content\\\/uploads\\\/2022\\\/09\\\/Final-112-1.jpg\",\"datePublished\":\"2023-04-03T17:28:38+00:00\",\"dateModified\":\"2023-04-03T17:28:39+00:00\",\"breadcrumb\":{\"@id\":\"https:\\\/\\\/brezice.eu\\\/festival\\\/prijavnica-2023\\\/#breadcrumb\"},\"inLanguage\":\"sl-SI\",\"potentialAction\":[{\"@type\":\"ReadAction\",\"target\":[\"https:\\\/\\\/brezice.eu\\\/festival\\\/prijavnica-2023\\\/\"]}]},{\"@type\":\"ImageObject\",\"inLanguage\":\"sl-SI\",\"@id\":\"https:\\\/\\\/brezice.eu\\\/festival\\\/prijavnica-2023\\\/#primaryimage\",\"url\":\"https:\\\/\\\/brezice.eu\\\/festival\\\/wp-content\\\/uploads\\\/2022\\\/09\\\/Final-112-1.jpg\",\"contentUrl\":\"https:\\\/\\\/brezice.eu\\\/festival\\\/wp-content\\\/uploads\\\/2022\\\/09\\\/Final-112-1.jpg\",\"width\":1200,\"height\":798},{\"@type\":\"BreadcrumbList\",\"@id\":\"https:\\\/\\\/brezice.eu\\\/festival\\\/prijavnica-2023\\\/#breadcrumb\",\"itemListElement\":[{\"@type\":\"ListItem\",\"position\":1,\"name\":\"Home\",\"item\":\"https:\\\/\\\/brezice.eu\\\/festival\\\/\"},{\"@type\":\"ListItem\",\"position\":2,\"name\":\"Prijavnica 2023\"}]},{\"@type\":\"WebSite\",\"@id\":\"https:\\\/\\\/brezice.eu\\\/festival\\\/#website\",\"url\":\"https:\\\/\\\/brezice.eu\\\/festival\\\/\",\"name\":\"Mednarodni otro\u0161ki pevski festival Bre\u017eice\",\"description\":\"Predstavljamo vam najbolj\u0161e mlade evropske pevce od 6 do vklju\u010dno 17 let\",\"publisher\":{\"@id\":\"https:\\\/\\\/brezice.eu\\\/festival\\\/#organization\"},\"potentialAction\":[{\"@type\":\"SearchAction\",\"target\":{\"@type\":\"EntryPoint\",\"urlTemplate\":\"https:\\\/\\\/brezice.eu\\\/festival\\\/?s={search_term_string}\"},\"query-input\":{\"@type\":\"PropertyValueSpecification\",\"valueRequired\":true,\"valueName\":\"search_term_string\"}}],\"inLanguage\":\"sl-SI\"},{\"@type\":\"Organization\",\"@id\":\"https:\\\/\\\/brezice.eu\\\/festival\\\/#organization\",\"name\":\"Mednarodni otro\u0161ki pevski festival Bre\u017eice\",\"url\":\"https:\\\/\\\/brezice.eu\\\/festival\\\/\",\"logo\":{\"@type\":\"ImageObject\",\"inLanguage\":\"sl-SI\",\"@id\":\"https:\\\/\\\/brezice.eu\\\/festival\\\/#\\\/schema\\\/logo\\\/image\\\/\",\"url\":\"https:\\\/\\\/brezice.eu\\\/festival\\\/wp-content\\\/uploads\\\/2020\\\/02\\\/cropped-MOPFBrezice-logo-z-belim-ozadjem-transparent-1.png\",\"contentUrl\":\"https:\\\/\\\/brezice.eu\\\/festival\\\/wp-content\\\/uploads\\\/2020\\\/02\\\/cropped-MOPFBrezice-logo-z-belim-ozadjem-transparent-1.png\",\"width\":990,\"height\":250,\"caption\":\"Mednarodni otro\u0161ki pevski festival Bre\u017eice\"},\"image\":{\"@id\":\"https:\\\/\\\/brezice.eu\\\/festival\\\/#\\\/schema\\\/logo\\\/image\\\/\"}}]}<\/script>\n<!-- \/ Yoast SEO plugin. -->","yoast_head_json":{"title":"Prijavnica 2023 - Mednarodni otro\u0161ki pevski festival Bre\u017eice","robots":{"index":"index","follow":"follow","max-snippet":"max-snippet:-1","max-image-preview":"max-image-preview:large","max-video-preview":"max-video-preview:-1"},"canonical":"https:\/\/brezice.eu\/festival\/prijavnica-2023\/","og_locale":"sl_SI","og_type":"article","og_title":"Prijavnica 2023 - Mednarodni otro\u0161ki pevski festival Bre\u017eice","og_description":"Festival je brezpla\u010den = 0 EUR. Mednarodni otro\u0161ki pevski festival Bre\u017eice 2023Partitura d.o.o.Gornji trg 201000 Ljubljana Razpis za 7. Mednarodni otro\u0161ki pevski festival Bre\u017eice 2023 Spo\u0161tovani star\u0161i, mentorji, pevke in pevci, objavljamo razpis za sodelovanje na 7. Mednarodnem otro\u0161kem pevskem festivalu Bre\u017eice 2023. Festivala se lahko tako kot vedno, udele\u017eijo pevke in pevci, stari od &hellip; Preberi ve\u010d \"Prijavnica 2023\"","og_url":"https:\/\/brezice.eu\/festival\/prijavnica-2023\/","og_site_name":"Mednarodni otro\u0161ki pevski festival Bre\u017eice","article_modified_time":"2023-04-03T17:28:39+00:00","og_image":[{"width":1200,"height":798,"url":"https:\/\/brezice.eu\/festival\/wp-content\/uploads\/2022\/09\/Final-112-1.jpg","type":"image\/jpeg"}],"twitter_card":"summary_large_image","twitter_misc":{"Est. reading time":"4 minute"},"schema":{"@context":"https:\/\/schema.org","@graph":[{"@type":"WebPage","@id":"https:\/\/brezice.eu\/festival\/prijavnica-2023\/","url":"https:\/\/brezice.eu\/festival\/prijavnica-2023\/","name":"Prijavnica 2023 - Mednarodni otro\u0161ki pevski festival Bre\u017eice","isPartOf":{"@id":"https:\/\/brezice.eu\/festival\/#website"},"primaryImageOfPage":{"@id":"https:\/\/brezice.eu\/festival\/prijavnica-2023\/#primaryimage"},"image":{"@id":"https:\/\/brezice.eu\/festival\/prijavnica-2023\/#primaryimage"},"thumbnailUrl":"https:\/\/brezice.eu\/festival\/wp-content\/uploads\/2022\/09\/Final-112-1.jpg","datePublished":"2023-04-03T17:28:38+00:00","dateModified":"2023-04-03T17:28:39+00:00","breadcrumb":{"@id":"https:\/\/brezice.eu\/festival\/prijavnica-2023\/#breadcrumb"},"inLanguage":"sl-SI","potentialAction":[{"@type":"ReadAction","target":["https:\/\/brezice.eu\/festival\/prijavnica-2023\/"]}]},{"@type":"ImageObject","inLanguage":"sl-SI","@id":"https:\/\/brezice.eu\/festival\/prijavnica-2023\/#primaryimage","url":"https:\/\/brezice.eu\/festival\/wp-content\/uploads\/2022\/09\/Final-112-1.jpg","contentUrl":"https:\/\/brezice.eu\/festival\/wp-content\/uploads\/2022\/09\/Final-112-1.jpg","width":1200,"height":798},{"@type":"BreadcrumbList","@id":"https:\/\/brezice.eu\/festival\/prijavnica-2023\/#breadcrumb","itemListElement":[{"@type":"ListItem","position":1,"name":"Home","item":"https:\/\/brezice.eu\/festival\/"},{"@type":"ListItem","position":2,"name":"Prijavnica 2023"}]},{"@type":"WebSite","@id":"https:\/\/brezice.eu\/festival\/#website","url":"https:\/\/brezice.eu\/festival\/","name":"Mednarodni otro\u0161ki pevski festival Bre\u017eice","description":"Predstavljamo vam najbolj\u0161e mlade evropske pevce od 6 do vklju\u010dno 17 let","publisher":{"@id":"https:\/\/brezice.eu\/festival\/#organization"},"potentialAction":[{"@type":"SearchAction","target":{"@type":"EntryPoint","urlTemplate":"https:\/\/brezice.eu\/festival\/?s={search_term_string}"},"query-input":{"@type":"PropertyValueSpecification","valueRequired":true,"valueName":"search_term_string"}}],"inLanguage":"sl-SI"},{"@type":"Organization","@id":"https:\/\/brezice.eu\/festival\/#organization","name":"Mednarodni otro\u0161ki pevski festival Bre\u017eice","url":"https:\/\/brezice.eu\/festival\/","logo":{"@type":"ImageObject","inLanguage":"sl-SI","@id":"https:\/\/brezice.eu\/festival\/#\/schema\/logo\/image\/","url":"https:\/\/brezice.eu\/festival\/wp-content\/uploads\/2020\/02\/cropped-MOPFBrezice-logo-z-belim-ozadjem-transparent-1.png","contentUrl":"https:\/\/brezice.eu\/festival\/wp-content\/uploads\/2020\/02\/cropped-MOPFBrezice-logo-z-belim-ozadjem-transparent-1.png","width":990,"height":250,"caption":"Mednarodni otro\u0161ki pevski festival Bre\u017eice"},"image":{"@id":"https:\/\/brezice.eu\/festival\/#\/schema\/logo\/image\/"}}]}},"rttpg_featured_image_url":{"full":["https:\/\/brezice.eu\/festival\/wp-content\/uploads\/2022\/09\/Final-112-1.jpg",1200,798,false],"landscape":["https:\/\/brezice.eu\/festival\/wp-content\/uploads\/2022\/09\/Final-112-1.jpg",1200,798,false],"portraits":["https:\/\/brezice.eu\/festival\/wp-content\/uploads\/2022\/09\/Final-112-1.jpg",1200,798,false],"thumbnail":["https:\/\/brezice.eu\/festival\/wp-content\/uploads\/2022\/09\/Final-112-1-150x150.jpg",150,150,true],"medium":["https:\/\/brezice.eu\/festival\/wp-content\/uploads\/2022\/09\/Final-112-1-300x200.jpg",300,200,true],"large":["https:\/\/brezice.eu\/festival\/wp-content\/uploads\/2022\/09\/Final-112-1-1024x681.jpg",525,349,true],"1536x1536":["https:\/\/brezice.eu\/festival\/wp-content\/uploads\/2022\/09\/Final-112-1.jpg",1200,798,false],"2048x2048":["https:\/\/brezice.eu\/festival\/wp-content\/uploads\/2022\/09\/Final-112-1.jpg",1200,798,false],"twentyseventeen-featured-image":["https:\/\/brezice.eu\/festival\/wp-content\/uploads\/2022\/09\/Final-112-1.jpg",1200,798,false],"twentyseventeen-thumbnail-avatar":["https:\/\/brezice.eu\/festival\/wp-content\/uploads\/2022\/09\/Final-112-1-100x100.jpg",100,100,true]},"rttpg_author":{"display_name":"Maks","author_link":"https:\/\/brezice.eu\/festival\/author\/maks\/"},"rttpg_comment":0,"rttpg_category":" <a href=\"https:\/\/brezice.eu\/festival\/?taxonomy=translation_priority&#038;term=optional\" rel=\"tag\">Optional<\/a>","rttpg_excerpt":"Festival je brezpla\u010den = 0 EUR. Mednarodni otro\u0161ki pevski festival Bre\u017eice 2023Partitura d.o.o.Gornji trg 201000 Ljubljana Razpis za 7. Mednarodni otro\u0161ki pevski festival Bre\u017eice 2023 Spo\u0161tovani star\u0161i, mentorji, pevke in pevci, objavljamo razpis za sodelovanje na 7. Mednarodnem otro\u0161kem pevskem festivalu Bre\u017eice 2023. Festivala se lahko tako kot vedno, udele\u017eijo pevke in pevci, stari od&hellip;","_links":{"self":[{"href":"https:\/\/brezice.eu\/festival\/wp-json\/wp\/v2\/pages\/2067","targetHints":{"allow":["GET"]}}],"collection":[{"href":"https:\/\/brezice.eu\/festival\/wp-json\/wp\/v2\/pages"}],"about":[{"href":"https:\/\/brezice.eu\/festival\/wp-json\/wp\/v2\/types\/page"}],"author":[{"embeddable":true,"href":"https:\/\/brezice.eu\/festival\/wp-json\/wp\/v2\/users\/1"}],"replies":[{"embeddable":true,"href":"https:\/\/brezice.eu\/festival\/wp-json\/wp\/v2\/comments?post=2067"}],"version-history":[{"count":1,"href":"https:\/\/brezice.eu\/festival\/wp-json\/wp\/v2\/pages\/2067\/revisions"}],"predecessor-version":[{"id":2070,"href":"https:\/\/brezice.eu\/festival\/wp-json\/wp\/v2\/pages\/2067\/revisions\/2070"}],"wp:featuredmedia":[{"embeddable":true,"href":"https:\/\/brezice.eu\/festival\/wp-json\/wp\/v2\/media\/2013"}],"wp:attachment":[{"href":"https:\/\/brezice.eu\/festival\/wp-json\/wp\/v2\/media?parent=2067"}],"curies":[{"name":"wp","href":"https:\/\/api.w.org\/{rel}","templated":true}]}}