{"id":1900,"date":"2022-08-27T10:42:27","date_gmt":"2022-08-27T08:42:27","guid":{"rendered":"https:\/\/brezice.eu\/festival\/?page_id=1900"},"modified":"2022-10-13T07:52:30","modified_gmt":"2022-10-13T05:52:30","slug":"video-2022","status":"publish","type":"page","link":"https:\/\/brezice.eu\/festival\/video-2022\/","title":{"rendered":"Video 2022"},"content":{"rendered":"\n<p>Mednarodni otro\u0161ki pevski festival Bre\u017eice 2022 &#8211; 1. del (prva in druga starostna skupina): <br><a href=\"https:\/\/www.youtube.com\/watch?v=dWOHvZGObi8\" target=\"_blank\" rel=\"noreferrer noopener\">https:\/\/www.youtube.com\/watch?v=dWOHvZGObi8<\/a><\/p>\n\n\n\n<figure class=\"wp-block-image size-large\"><a href=\"https:\/\/www.youtube.com\/watch?v=dWOHvZGObi8\" target=\"_blank\" rel=\"noreferrer noopener\"><img loading=\"lazy\" decoding=\"async\" width=\"1024\" height=\"576\" src=\"https:\/\/brezice.eu\/festival\/wp-content\/uploads\/2022\/10\/MopfBrezice2022-1-1024x576.jpg\" alt=\"\" class=\"wp-image-2042\" srcset=\"https:\/\/brezice.eu\/festival\/wp-content\/uploads\/2022\/10\/MopfBrezice2022-1-1024x576.jpg 1024w, https:\/\/brezice.eu\/festival\/wp-content\/uploads\/2022\/10\/MopfBrezice2022-1-300x169.jpg 300w, https:\/\/brezice.eu\/festival\/wp-content\/uploads\/2022\/10\/MopfBrezice2022-1-768x432.jpg 768w, https:\/\/brezice.eu\/festival\/wp-content\/uploads\/2022\/10\/MopfBrezice2022-1.jpg 1200w\" sizes=\"auto, (max-width: 767px) 89vw, (max-width: 1000px) 54vw, (max-width: 1071px) 543px, 580px\" \/><\/a><figcaption><a href=\"https:\/\/www.youtube.com\/watch?v=dWOHvZGObi8\">https:\/\/www.youtube.com\/watch?v=dWOHvZGObi8<\/a><\/figcaption><\/figure>\n\n\n\n<p>Mednarodni otro\u0161ki pevski festival Bre\u017eice 2022 &#8211; 2. del (tretja starostna skupina in podelitev nagrad):<br><a href=\"https:\/\/www.youtube.com\/watch?v=C-9_uly6mtI\" target=\"_blank\" rel=\"noreferrer noopener\">https:\/\/www.youtube.com\/watch?v=C-9_uly6mtI<\/a><\/p>\n\n\n\n<figure class=\"wp-block-image size-large\"><a href=\"https:\/\/www.youtube.com\/watch?v=C-9_uly6mtI\" target=\"_blank\" rel=\"noreferrer noopener\"><img loading=\"lazy\" decoding=\"async\" width=\"1024\" height=\"576\" src=\"https:\/\/brezice.eu\/festival\/wp-content\/uploads\/2022\/10\/MopfBrezice2022-2-1024x576.jpg\" alt=\"\" class=\"wp-image-2045\" srcset=\"https:\/\/brezice.eu\/festival\/wp-content\/uploads\/2022\/10\/MopfBrezice2022-2-1024x576.jpg 1024w, https:\/\/brezice.eu\/festival\/wp-content\/uploads\/2022\/10\/MopfBrezice2022-2-300x169.jpg 300w, https:\/\/brezice.eu\/festival\/wp-content\/uploads\/2022\/10\/MopfBrezice2022-2-768x432.jpg 768w, https:\/\/brezice.eu\/festival\/wp-content\/uploads\/2022\/10\/MopfBrezice2022-2.jpg 1200w\" sizes=\"auto, (max-width: 767px) 89vw, (max-width: 1000px) 54vw, (max-width: 1071px) 543px, 580px\" \/><\/a><figcaption><a href=\"https:\/\/www.youtube.com\/watch?v=C-9_uly6mtI\" target=\"_blank\" rel=\"noreferrer noopener\">https:\/\/www.youtube.com\/watch?v=C-9_uly6mtI<\/a><\/figcaption><\/figure>\n\n\n\n<p>Za ogled posameznih nastopov Mednarodnega otro\u0161kega pevskega festivala Bre\u017eice 2022, kliknite: <a href=\"https:\/\/www.youtube.com\/watch?v=jvCgDILJTDI&amp;list=PLQ5vbzFA511KXRDiQmIK-rkrLUn5IYJmq\" target=\"_blank\" rel=\"noreferrer noopener\">Ogled posameznih nastopov<\/a> <\/p>\n\n\n\n<p><\/p>\n\n\n\n<p>Sponzorji 2022<\/p>\n\n\n\n<figure class=\"wp-block-embed is-type-video is-provider-youtube wp-block-embed-youtube wp-embed-aspect-16-9 wp-has-aspect-ratio\"><div class=\"wp-block-embed__wrapper\">\n<iframe loading=\"lazy\" title=\"Sponzorji MOPF Bre\u017eice 2022\" width=\"525\" height=\"295\" src=\"https:\/\/www.youtube.com\/embed\/iZ2ZB96-zjE?feature=oembed\" frameborder=\"0\" allow=\"accelerometer; autoplay; clipboard-write; encrypted-media; gyroscope; picture-in-picture; web-share\" referrerpolicy=\"strict-origin-when-cross-origin\" allowfullscreen><\/iframe>\n<\/div><\/figure>\n","protected":false},"excerpt":{"rendered":"<p>Mednarodni otro\u0161ki pevski festival Bre\u017eice 2022 &#8211; 1. del (prva in druga starostna skupina): https:\/\/www.youtube.com\/watch?v=dWOHvZGObi8 Mednarodni otro\u0161ki pevski festival Bre\u017eice 2022 &#8211; 2. del (tretja starostna skupina in podelitev nagrad):https:\/\/www.youtube.com\/watch?v=C-9_uly6mtI Za ogled posameznih nastopov Mednarodnega otro\u0161kega pevskega festivala Bre\u017eice 2022, kliknite: Ogled posameznih nastopov Sponzorji 2022<\/p>\n","protected":false},"author":1,"featured_media":0,"parent":0,"menu_order":0,"comment_status":"closed","ping_status":"closed","template":"","meta":{"footnotes":""},"class_list":["post-1900","page","type-page","status-publish","hentry"],"yoast_head":"<!-- This site is optimized with the Yoast SEO plugin v27.4 - https:\/\/yoast.com\/product\/yoast-seo-wordpress\/ -->\n<title>Video 2022 - Mednarodni otro\u0161ki pevski festival Bre\u017eice<\/title>\n<meta name=\"robots\" content=\"index, follow, max-snippet:-1, max-image-preview:large, max-video-preview:-1\" \/>\n<link rel=\"canonical\" href=\"https:\/\/brezice.eu\/festival\/video-2022\/\" \/>\n<meta property=\"og:locale\" content=\"sl_SI\" \/>\n<meta property=\"og:type\" content=\"article\" \/>\n<meta property=\"og:title\" content=\"Video 2022 - Mednarodni otro\u0161ki pevski festival Bre\u017eice\" \/>\n<meta property=\"og:description\" content=\"Mednarodni otro\u0161ki pevski festival Bre\u017eice 2022 &#8211; 1. del (prva in druga starostna skupina): https:\/\/www.youtube.com\/watch?v=dWOHvZGObi8 Mednarodni otro\u0161ki pevski festival Bre\u017eice 2022 &#8211; 2. del (tretja starostna skupina in podelitev nagrad):https:\/\/www.youtube.com\/watch?v=C-9_uly6mtI Za ogled posameznih nastopov Mednarodnega otro\u0161kega pevskega festivala Bre\u017eice 2022, kliknite: Ogled posameznih nastopov Sponzorji 2022\" \/>\n<meta property=\"og:url\" content=\"https:\/\/brezice.eu\/festival\/video-2022\/\" \/>\n<meta property=\"og:site_name\" content=\"Mednarodni otro\u0161ki pevski festival Bre\u017eice\" \/>\n<meta property=\"article:modified_time\" content=\"2022-10-13T05:52:30+00:00\" \/>\n<meta property=\"og:image\" content=\"https:\/\/brezice.eu\/festival\/wp-content\/uploads\/2022\/10\/MopfBrezice2022-1-1024x576.jpg\" \/>\n<meta name=\"twitter:card\" content=\"summary_large_image\" \/>\n<meta name=\"twitter:label1\" content=\"Est. reading time\" \/>\n\t<meta name=\"twitter:data1\" content=\"1 minuta\" \/>\n<script type=\"application\/ld+json\" class=\"yoast-schema-graph\">{\"@context\":\"https:\\\/\\\/schema.org\",\"@graph\":[{\"@type\":\"WebPage\",\"@id\":\"https:\\\/\\\/brezice.eu\\\/festival\\\/video-2022\\\/\",\"url\":\"https:\\\/\\\/brezice.eu\\\/festival\\\/video-2022\\\/\",\"name\":\"Video 2022 - Mednarodni otro\u0161ki pevski festival Bre\u017eice\",\"isPartOf\":{\"@id\":\"https:\\\/\\\/brezice.eu\\\/festival\\\/#website\"},\"primaryImageOfPage\":{\"@id\":\"https:\\\/\\\/brezice.eu\\\/festival\\\/video-2022\\\/#primaryimage\"},\"image\":{\"@id\":\"https:\\\/\\\/brezice.eu\\\/festival\\\/video-2022\\\/#primaryimage\"},\"thumbnailUrl\":\"https:\\\/\\\/brezice.eu\\\/festival\\\/wp-content\\\/uploads\\\/2022\\\/10\\\/MopfBrezice2022-1-1024x576.jpg\",\"datePublished\":\"2022-08-27T08:42:27+00:00\",\"dateModified\":\"2022-10-13T05:52:30+00:00\",\"breadcrumb\":{\"@id\":\"https:\\\/\\\/brezice.eu\\\/festival\\\/video-2022\\\/#breadcrumb\"},\"inLanguage\":\"sl-SI\",\"potentialAction\":[{\"@type\":\"ReadAction\",\"target\":[\"https:\\\/\\\/brezice.eu\\\/festival\\\/video-2022\\\/\"]}]},{\"@type\":\"ImageObject\",\"inLanguage\":\"sl-SI\",\"@id\":\"https:\\\/\\\/brezice.eu\\\/festival\\\/video-2022\\\/#primaryimage\",\"url\":\"https:\\\/\\\/brezice.eu\\\/festival\\\/wp-content\\\/uploads\\\/2022\\\/10\\\/MopfBrezice2022-1.jpg\",\"contentUrl\":\"https:\\\/\\\/brezice.eu\\\/festival\\\/wp-content\\\/uploads\\\/2022\\\/10\\\/MopfBrezice2022-1.jpg\",\"width\":1200,\"height\":675},{\"@type\":\"BreadcrumbList\",\"@id\":\"https:\\\/\\\/brezice.eu\\\/festival\\\/video-2022\\\/#breadcrumb\",\"itemListElement\":[{\"@type\":\"ListItem\",\"position\":1,\"name\":\"Home\",\"item\":\"https:\\\/\\\/brezice.eu\\\/festival\\\/\"},{\"@type\":\"ListItem\",\"position\":2,\"name\":\"Video 2022\"}]},{\"@type\":\"WebSite\",\"@id\":\"https:\\\/\\\/brezice.eu\\\/festival\\\/#website\",\"url\":\"https:\\\/\\\/brezice.eu\\\/festival\\\/\",\"name\":\"Mednarodni otro\u0161ki pevski festival Bre\u017eice\",\"description\":\"Predstavljamo vam najbolj\u0161e mlade evropske pevce od 6 do vklju\u010dno 17 let\",\"publisher\":{\"@id\":\"https:\\\/\\\/brezice.eu\\\/festival\\\/#organization\"},\"potentialAction\":[{\"@type\":\"SearchAction\",\"target\":{\"@type\":\"EntryPoint\",\"urlTemplate\":\"https:\\\/\\\/brezice.eu\\\/festival\\\/?s={search_term_string}\"},\"query-input\":{\"@type\":\"PropertyValueSpecification\",\"valueRequired\":true,\"valueName\":\"search_term_string\"}}],\"inLanguage\":\"sl-SI\"},{\"@type\":\"Organization\",\"@id\":\"https:\\\/\\\/brezice.eu\\\/festival\\\/#organization\",\"name\":\"Mednarodni otro\u0161ki pevski festival Bre\u017eice\",\"url\":\"https:\\\/\\\/brezice.eu\\\/festival\\\/\",\"logo\":{\"@type\":\"ImageObject\",\"inLanguage\":\"sl-SI\",\"@id\":\"https:\\\/\\\/brezice.eu\\\/festival\\\/#\\\/schema\\\/logo\\\/image\\\/\",\"url\":\"https:\\\/\\\/brezice.eu\\\/festival\\\/wp-content\\\/uploads\\\/2020\\\/02\\\/cropped-MOPFBrezice-logo-z-belim-ozadjem-transparent-1.png\",\"contentUrl\":\"https:\\\/\\\/brezice.eu\\\/festival\\\/wp-content\\\/uploads\\\/2020\\\/02\\\/cropped-MOPFBrezice-logo-z-belim-ozadjem-transparent-1.png\",\"width\":990,\"height\":250,\"caption\":\"Mednarodni otro\u0161ki pevski festival Bre\u017eice\"},\"image\":{\"@id\":\"https:\\\/\\\/brezice.eu\\\/festival\\\/#\\\/schema\\\/logo\\\/image\\\/\"}}]}<\/script>\n<!-- \/ Yoast SEO plugin. -->","yoast_head_json":{"title":"Video 2022 - Mednarodni otro\u0161ki pevski festival Bre\u017eice","robots":{"index":"index","follow":"follow","max-snippet":"max-snippet:-1","max-image-preview":"max-image-preview:large","max-video-preview":"max-video-preview:-1"},"canonical":"https:\/\/brezice.eu\/festival\/video-2022\/","og_locale":"sl_SI","og_type":"article","og_title":"Video 2022 - Mednarodni otro\u0161ki pevski festival Bre\u017eice","og_description":"Mednarodni otro\u0161ki pevski festival Bre\u017eice 2022 &#8211; 1. del (prva in druga starostna skupina): https:\/\/www.youtube.com\/watch?v=dWOHvZGObi8 Mednarodni otro\u0161ki pevski festival Bre\u017eice 2022 &#8211; 2. del (tretja starostna skupina in podelitev nagrad):https:\/\/www.youtube.com\/watch?v=C-9_uly6mtI Za ogled posameznih nastopov Mednarodnega otro\u0161kega pevskega festivala Bre\u017eice 2022, kliknite: Ogled posameznih nastopov Sponzorji 2022","og_url":"https:\/\/brezice.eu\/festival\/video-2022\/","og_site_name":"Mednarodni otro\u0161ki pevski festival Bre\u017eice","article_modified_time":"2022-10-13T05:52:30+00:00","og_image":[{"url":"https:\/\/brezice.eu\/festival\/wp-content\/uploads\/2022\/10\/MopfBrezice2022-1-1024x576.jpg","type":"","width":"","height":""}],"twitter_card":"summary_large_image","twitter_misc":{"Est. reading time":"1 minuta"},"schema":{"@context":"https:\/\/schema.org","@graph":[{"@type":"WebPage","@id":"https:\/\/brezice.eu\/festival\/video-2022\/","url":"https:\/\/brezice.eu\/festival\/video-2022\/","name":"Video 2022 - Mednarodni otro\u0161ki pevski festival Bre\u017eice","isPartOf":{"@id":"https:\/\/brezice.eu\/festival\/#website"},"primaryImageOfPage":{"@id":"https:\/\/brezice.eu\/festival\/video-2022\/#primaryimage"},"image":{"@id":"https:\/\/brezice.eu\/festival\/video-2022\/#primaryimage"},"thumbnailUrl":"https:\/\/brezice.eu\/festival\/wp-content\/uploads\/2022\/10\/MopfBrezice2022-1-1024x576.jpg","datePublished":"2022-08-27T08:42:27+00:00","dateModified":"2022-10-13T05:52:30+00:00","breadcrumb":{"@id":"https:\/\/brezice.eu\/festival\/video-2022\/#breadcrumb"},"inLanguage":"sl-SI","potentialAction":[{"@type":"ReadAction","target":["https:\/\/brezice.eu\/festival\/video-2022\/"]}]},{"@type":"ImageObject","inLanguage":"sl-SI","@id":"https:\/\/brezice.eu\/festival\/video-2022\/#primaryimage","url":"https:\/\/brezice.eu\/festival\/wp-content\/uploads\/2022\/10\/MopfBrezice2022-1.jpg","contentUrl":"https:\/\/brezice.eu\/festival\/wp-content\/uploads\/2022\/10\/MopfBrezice2022-1.jpg","width":1200,"height":675},{"@type":"BreadcrumbList","@id":"https:\/\/brezice.eu\/festival\/video-2022\/#breadcrumb","itemListElement":[{"@type":"ListItem","position":1,"name":"Home","item":"https:\/\/brezice.eu\/festival\/"},{"@type":"ListItem","position":2,"name":"Video 2022"}]},{"@type":"WebSite","@id":"https:\/\/brezice.eu\/festival\/#website","url":"https:\/\/brezice.eu\/festival\/","name":"Mednarodni otro\u0161ki pevski festival Bre\u017eice","description":"Predstavljamo vam najbolj\u0161e mlade evropske pevce od 6 do vklju\u010dno 17 let","publisher":{"@id":"https:\/\/brezice.eu\/festival\/#organization"},"potentialAction":[{"@type":"SearchAction","target":{"@type":"EntryPoint","urlTemplate":"https:\/\/brezice.eu\/festival\/?s={search_term_string}"},"query-input":{"@type":"PropertyValueSpecification","valueRequired":true,"valueName":"search_term_string"}}],"inLanguage":"sl-SI"},{"@type":"Organization","@id":"https:\/\/brezice.eu\/festival\/#organization","name":"Mednarodni otro\u0161ki pevski festival Bre\u017eice","url":"https:\/\/brezice.eu\/festival\/","logo":{"@type":"ImageObject","inLanguage":"sl-SI","@id":"https:\/\/brezice.eu\/festival\/#\/schema\/logo\/image\/","url":"https:\/\/brezice.eu\/festival\/wp-content\/uploads\/2020\/02\/cropped-MOPFBrezice-logo-z-belim-ozadjem-transparent-1.png","contentUrl":"https:\/\/brezice.eu\/festival\/wp-content\/uploads\/2020\/02\/cropped-MOPFBrezice-logo-z-belim-ozadjem-transparent-1.png","width":990,"height":250,"caption":"Mednarodni otro\u0161ki pevski festival Bre\u017eice"},"image":{"@id":"https:\/\/brezice.eu\/festival\/#\/schema\/logo\/image\/"}}]}},"rttpg_featured_image_url":null,"rttpg_author":{"display_name":"Maks","author_link":"https:\/\/brezice.eu\/festival\/author\/maks\/"},"rttpg_comment":0,"rttpg_category":" <a href=\"https:\/\/brezice.eu\/festival\/?taxonomy=translation_priority&#038;term=optional\" rel=\"tag\">Optional<\/a>","rttpg_excerpt":"Mednarodni otro\u0161ki pevski festival Bre\u017eice 2022 &#8211; 1. del (prva in druga starostna skupina): https:\/\/www.youtube.com\/watch?v=dWOHvZGObi8 Mednarodni otro\u0161ki pevski festival Bre\u017eice 2022 &#8211; 2. del (tretja starostna skupina in podelitev nagrad):https:\/\/www.youtube.com\/watch?v=C-9_uly6mtI Za ogled posameznih nastopov Mednarodnega otro\u0161kega pevskega festivala Bre\u017eice 2022, kliknite: Ogled posameznih nastopov Sponzorji 2022","_links":{"self":[{"href":"https:\/\/brezice.eu\/festival\/wp-json\/wp\/v2\/pages\/1900","targetHints":{"allow":["GET"]}}],"collection":[{"href":"https:\/\/brezice.eu\/festival\/wp-json\/wp\/v2\/pages"}],"about":[{"href":"https:\/\/brezice.eu\/festival\/wp-json\/wp\/v2\/types\/page"}],"author":[{"embeddable":true,"href":"https:\/\/brezice.eu\/festival\/wp-json\/wp\/v2\/users\/1"}],"replies":[{"embeddable":true,"href":"https:\/\/brezice.eu\/festival\/wp-json\/wp\/v2\/comments?post=1900"}],"version-history":[{"count":4,"href":"https:\/\/brezice.eu\/festival\/wp-json\/wp\/v2\/pages\/1900\/revisions"}],"predecessor-version":[{"id":2048,"href":"https:\/\/brezice.eu\/festival\/wp-json\/wp\/v2\/pages\/1900\/revisions\/2048"}],"wp:attachment":[{"href":"https:\/\/brezice.eu\/festival\/wp-json\/wp\/v2\/media?parent=1900"}],"curies":[{"name":"wp","href":"https:\/\/api.w.org\/{rel}","templated":true}]}}