{"id":187,"date":"2018-02-27T23:53:49","date_gmt":"2018-02-27T22:53:49","guid":{"rendered":"http:\/\/brezice.eu\/festival\/?page_id=187"},"modified":"2019-05-20T19:09:51","modified_gmt":"2019-05-20T17:09:51","slug":"prijavnica-2018","status":"publish","type":"page","link":"https:\/\/brezice.eu\/festival\/prijavnica-2018\/","title":{"rendered":"Prijavnica 2018"},"content":{"rendered":"<h1>Odprite aktualno prijavnico: <a href=\"https:\/\/brezice.eu\/festival\/prijavnica-2019\/\">Prijavnica 2019<\/a><\/h1>\n<p>Leto\u0161nji prijavni obrazec vsebuje tudi obvezno dodajanje matrice za pesem s katero se prijavljate na avdicijo in dodajanje portretne fotografije. Zato potrebujete Google uporabni\u0161ki ra\u010dun.<\/p>\n<h1>Prijavnica 2018<\/h1>\n<p><iframe loading=\"lazy\" src=\"https:\/\/docs.google.com\/forms\/d\/e\/1FAIpQLSf6j0ZRTsEYhSXichbMGQn59q7e3h8qI4DhWhVVYu0HDKMXOA\/viewform?embedded=true\" width=\"860\" height=\"600\" frameborder=\"0\" marginwidth=\"0\" marginheight=\"0\"><span data-mce-type=\"bookmark\" style=\"display: inline-block; width: 0px; overflow: hidden; line-height: 0;\" class=\"mce_SELRES_start\">\ufeff<\/span>Nalaganje &#8230;<\/iframe><\/p>\n<p>Svetujemo vam, da se prijavite \u010dim prej. Zakaj?<br \/>\nPogosto se dogaja, da se ve\u010d kandidatov ali kandidatk \u017eeli predstaviti z enako pesmijo. V tak\u0161nem primeru lahko po opravljeni avdiciji izbrano pesem obdr\u017ei le tisti, ki je prvi oddal prijavo.\u00a0 Pohitite s prijavo.<\/p>\n<p>Kaj je Google uporabni\u0161ki ra\u010dun?<br \/>\nNe ustra\u0161ite se. \u010ce uporabljate Gmail ali katerokoli drugo Google storitev, \u017ee imate Google uporabni\u0161ki ra\u010dun.<\/p>\n<p>Nimate Google uporabni\u0161kega ra\u010duna?<br \/>\nNi\u010d hudega, kon\u010dno ga lahko ustvarite tu:\u00a0<a href=\"https:\/\/accounts.google.com\/SignUp\">https:\/\/accounts.google.com\/SignUp<\/a><\/p>\n","protected":false},"excerpt":{"rendered":"<p>Odprite aktualno prijavnico: Prijavnica 2019 Leto\u0161nji prijavni obrazec vsebuje tudi obvezno dodajanje matrice za pesem s katero se prijavljate na avdicijo in dodajanje portretne fotografije. Zato potrebujete Google uporabni\u0161ki ra\u010dun. Prijavnica 2018 \ufeffNalaganje &#8230; Svetujemo vam, da se prijavite \u010dim prej. Zakaj? Pogosto se dogaja, da se ve\u010d kandidatov ali kandidatk \u017eeli predstaviti z enako &hellip; <\/p>\n<p class=\"link-more\"><a href=\"https:\/\/brezice.eu\/festival\/prijavnica-2018\/\" class=\"more-link\">Preberi ve\u010d<span class=\"screen-reader-text\"> &#8220;Prijavnica 2018&#8221;<\/span><\/a><\/p>\n","protected":false},"author":1,"featured_media":0,"parent":0,"menu_order":0,"comment_status":"closed","ping_status":"closed","template":"","meta":{"footnotes":""},"class_list":["post-187","page","type-page","status-publish","hentry"],"yoast_head":"<!-- This site is optimized with the Yoast SEO plugin v27.4 - https:\/\/yoast.com\/product\/yoast-seo-wordpress\/ -->\n<title>Prijavnica 2018 - Mednarodni otro\u0161ki pevski festival Bre\u017eice<\/title>\n<meta name=\"robots\" content=\"index, follow, max-snippet:-1, max-image-preview:large, max-video-preview:-1\" \/>\n<link rel=\"canonical\" href=\"https:\/\/brezice.eu\/festival\/prijavnica-2018\/\" \/>\n<meta property=\"og:locale\" content=\"sl_SI\" \/>\n<meta property=\"og:type\" content=\"article\" \/>\n<meta property=\"og:title\" content=\"Prijavnica 2018 - Mednarodni otro\u0161ki pevski festival Bre\u017eice\" \/>\n<meta property=\"og:description\" content=\"Odprite aktualno prijavnico: Prijavnica 2019 Leto\u0161nji prijavni obrazec vsebuje tudi obvezno dodajanje matrice za pesem s katero se prijavljate na avdicijo in dodajanje portretne fotografije. Zato potrebujete Google uporabni\u0161ki ra\u010dun. Prijavnica 2018 \ufeffNalaganje &#8230; Svetujemo vam, da se prijavite \u010dim prej. Zakaj? Pogosto se dogaja, da se ve\u010d kandidatov ali kandidatk \u017eeli predstaviti z enako &hellip; Preberi ve\u010d &quot;Prijavnica 2018&quot;\" \/>\n<meta property=\"og:url\" content=\"https:\/\/brezice.eu\/festival\/prijavnica-2018\/\" \/>\n<meta property=\"og:site_name\" content=\"Mednarodni otro\u0161ki pevski festival Bre\u017eice\" \/>\n<meta property=\"article:modified_time\" content=\"2019-05-20T17:09:51+00:00\" \/>\n<meta name=\"twitter:card\" content=\"summary_large_image\" \/>\n<meta name=\"twitter:label1\" content=\"Est. reading time\" \/>\n\t<meta name=\"twitter:data1\" content=\"1 minuta\" \/>\n<script type=\"application\/ld+json\" class=\"yoast-schema-graph\">{\"@context\":\"https:\\\/\\\/schema.org\",\"@graph\":[{\"@type\":\"WebPage\",\"@id\":\"https:\\\/\\\/brezice.eu\\\/festival\\\/prijavnica-2018\\\/\",\"url\":\"https:\\\/\\\/brezice.eu\\\/festival\\\/prijavnica-2018\\\/\",\"name\":\"Prijavnica 2018 - Mednarodni otro\u0161ki pevski festival Bre\u017eice\",\"isPartOf\":{\"@id\":\"https:\\\/\\\/brezice.eu\\\/festival\\\/#website\"},\"datePublished\":\"2018-02-27T22:53:49+00:00\",\"dateModified\":\"2019-05-20T17:09:51+00:00\",\"breadcrumb\":{\"@id\":\"https:\\\/\\\/brezice.eu\\\/festival\\\/prijavnica-2018\\\/#breadcrumb\"},\"inLanguage\":\"sl-SI\",\"potentialAction\":[{\"@type\":\"ReadAction\",\"target\":[\"https:\\\/\\\/brezice.eu\\\/festival\\\/prijavnica-2018\\\/\"]}]},{\"@type\":\"BreadcrumbList\",\"@id\":\"https:\\\/\\\/brezice.eu\\\/festival\\\/prijavnica-2018\\\/#breadcrumb\",\"itemListElement\":[{\"@type\":\"ListItem\",\"position\":1,\"name\":\"Home\",\"item\":\"https:\\\/\\\/brezice.eu\\\/festival\\\/\"},{\"@type\":\"ListItem\",\"position\":2,\"name\":\"Prijavnica 2018\"}]},{\"@type\":\"WebSite\",\"@id\":\"https:\\\/\\\/brezice.eu\\\/festival\\\/#website\",\"url\":\"https:\\\/\\\/brezice.eu\\\/festival\\\/\",\"name\":\"Mednarodni otro\u0161ki pevski festival Bre\u017eice\",\"description\":\"Predstavljamo vam najbolj\u0161e mlade evropske pevce od 6 do vklju\u010dno 17 let\",\"publisher\":{\"@id\":\"https:\\\/\\\/brezice.eu\\\/festival\\\/#organization\"},\"potentialAction\":[{\"@type\":\"SearchAction\",\"target\":{\"@type\":\"EntryPoint\",\"urlTemplate\":\"https:\\\/\\\/brezice.eu\\\/festival\\\/?s={search_term_string}\"},\"query-input\":{\"@type\":\"PropertyValueSpecification\",\"valueRequired\":true,\"valueName\":\"search_term_string\"}}],\"inLanguage\":\"sl-SI\"},{\"@type\":\"Organization\",\"@id\":\"https:\\\/\\\/brezice.eu\\\/festival\\\/#organization\",\"name\":\"Mednarodni otro\u0161ki pevski festival Bre\u017eice\",\"url\":\"https:\\\/\\\/brezice.eu\\\/festival\\\/\",\"logo\":{\"@type\":\"ImageObject\",\"inLanguage\":\"sl-SI\",\"@id\":\"https:\\\/\\\/brezice.eu\\\/festival\\\/#\\\/schema\\\/logo\\\/image\\\/\",\"url\":\"https:\\\/\\\/brezice.eu\\\/festival\\\/wp-content\\\/uploads\\\/2020\\\/02\\\/cropped-MOPFBrezice-logo-z-belim-ozadjem-transparent-1.png\",\"contentUrl\":\"https:\\\/\\\/brezice.eu\\\/festival\\\/wp-content\\\/uploads\\\/2020\\\/02\\\/cropped-MOPFBrezice-logo-z-belim-ozadjem-transparent-1.png\",\"width\":990,\"height\":250,\"caption\":\"Mednarodni otro\u0161ki pevski festival Bre\u017eice\"},\"image\":{\"@id\":\"https:\\\/\\\/brezice.eu\\\/festival\\\/#\\\/schema\\\/logo\\\/image\\\/\"}}]}<\/script>\n<!-- \/ Yoast SEO plugin. -->","yoast_head_json":{"title":"Prijavnica 2018 - Mednarodni otro\u0161ki pevski festival Bre\u017eice","robots":{"index":"index","follow":"follow","max-snippet":"max-snippet:-1","max-image-preview":"max-image-preview:large","max-video-preview":"max-video-preview:-1"},"canonical":"https:\/\/brezice.eu\/festival\/prijavnica-2018\/","og_locale":"sl_SI","og_type":"article","og_title":"Prijavnica 2018 - Mednarodni otro\u0161ki pevski festival Bre\u017eice","og_description":"Odprite aktualno prijavnico: Prijavnica 2019 Leto\u0161nji prijavni obrazec vsebuje tudi obvezno dodajanje matrice za pesem s katero se prijavljate na avdicijo in dodajanje portretne fotografije. Zato potrebujete Google uporabni\u0161ki ra\u010dun. Prijavnica 2018 \ufeffNalaganje &#8230; Svetujemo vam, da se prijavite \u010dim prej. Zakaj? Pogosto se dogaja, da se ve\u010d kandidatov ali kandidatk \u017eeli predstaviti z enako &hellip; Preberi ve\u010d \"Prijavnica 2018\"","og_url":"https:\/\/brezice.eu\/festival\/prijavnica-2018\/","og_site_name":"Mednarodni otro\u0161ki pevski festival Bre\u017eice","article_modified_time":"2019-05-20T17:09:51+00:00","twitter_card":"summary_large_image","twitter_misc":{"Est. reading time":"1 minuta"},"schema":{"@context":"https:\/\/schema.org","@graph":[{"@type":"WebPage","@id":"https:\/\/brezice.eu\/festival\/prijavnica-2018\/","url":"https:\/\/brezice.eu\/festival\/prijavnica-2018\/","name":"Prijavnica 2018 - Mednarodni otro\u0161ki pevski festival Bre\u017eice","isPartOf":{"@id":"https:\/\/brezice.eu\/festival\/#website"},"datePublished":"2018-02-27T22:53:49+00:00","dateModified":"2019-05-20T17:09:51+00:00","breadcrumb":{"@id":"https:\/\/brezice.eu\/festival\/prijavnica-2018\/#breadcrumb"},"inLanguage":"sl-SI","potentialAction":[{"@type":"ReadAction","target":["https:\/\/brezice.eu\/festival\/prijavnica-2018\/"]}]},{"@type":"BreadcrumbList","@id":"https:\/\/brezice.eu\/festival\/prijavnica-2018\/#breadcrumb","itemListElement":[{"@type":"ListItem","position":1,"name":"Home","item":"https:\/\/brezice.eu\/festival\/"},{"@type":"ListItem","position":2,"name":"Prijavnica 2018"}]},{"@type":"WebSite","@id":"https:\/\/brezice.eu\/festival\/#website","url":"https:\/\/brezice.eu\/festival\/","name":"Mednarodni otro\u0161ki pevski festival Bre\u017eice","description":"Predstavljamo vam najbolj\u0161e mlade evropske pevce od 6 do vklju\u010dno 17 let","publisher":{"@id":"https:\/\/brezice.eu\/festival\/#organization"},"potentialAction":[{"@type":"SearchAction","target":{"@type":"EntryPoint","urlTemplate":"https:\/\/brezice.eu\/festival\/?s={search_term_string}"},"query-input":{"@type":"PropertyValueSpecification","valueRequired":true,"valueName":"search_term_string"}}],"inLanguage":"sl-SI"},{"@type":"Organization","@id":"https:\/\/brezice.eu\/festival\/#organization","name":"Mednarodni otro\u0161ki pevski festival Bre\u017eice","url":"https:\/\/brezice.eu\/festival\/","logo":{"@type":"ImageObject","inLanguage":"sl-SI","@id":"https:\/\/brezice.eu\/festival\/#\/schema\/logo\/image\/","url":"https:\/\/brezice.eu\/festival\/wp-content\/uploads\/2020\/02\/cropped-MOPFBrezice-logo-z-belim-ozadjem-transparent-1.png","contentUrl":"https:\/\/brezice.eu\/festival\/wp-content\/uploads\/2020\/02\/cropped-MOPFBrezice-logo-z-belim-ozadjem-transparent-1.png","width":990,"height":250,"caption":"Mednarodni otro\u0161ki pevski festival Bre\u017eice"},"image":{"@id":"https:\/\/brezice.eu\/festival\/#\/schema\/logo\/image\/"}}]}},"rttpg_featured_image_url":null,"rttpg_author":{"display_name":"Maks","author_link":"https:\/\/brezice.eu\/festival\/author\/maks\/"},"rttpg_comment":0,"rttpg_category":false,"rttpg_excerpt":"Odprite aktualno prijavnico: Prijavnica 2019 Leto\u0161nji prijavni obrazec vsebuje tudi obvezno dodajanje matrice za pesem s katero se prijavljate na avdicijo in dodajanje portretne fotografije. Zato potrebujete Google uporabni\u0161ki ra\u010dun. Prijavnica 2018 \ufeffNalaganje &#8230; Svetujemo vam, da se prijavite \u010dim prej. Zakaj? Pogosto se dogaja, da se ve\u010d kandidatov ali kandidatk \u017eeli predstaviti z enako&hellip;","_links":{"self":[{"href":"https:\/\/brezice.eu\/festival\/wp-json\/wp\/v2\/pages\/187","targetHints":{"allow":["GET"]}}],"collection":[{"href":"https:\/\/brezice.eu\/festival\/wp-json\/wp\/v2\/pages"}],"about":[{"href":"https:\/\/brezice.eu\/festival\/wp-json\/wp\/v2\/types\/page"}],"author":[{"embeddable":true,"href":"https:\/\/brezice.eu\/festival\/wp-json\/wp\/v2\/users\/1"}],"replies":[{"embeddable":true,"href":"https:\/\/brezice.eu\/festival\/wp-json\/wp\/v2\/comments?post=187"}],"version-history":[{"count":14,"href":"https:\/\/brezice.eu\/festival\/wp-json\/wp\/v2\/pages\/187\/revisions"}],"predecessor-version":[{"id":1157,"href":"https:\/\/brezice.eu\/festival\/wp-json\/wp\/v2\/pages\/187\/revisions\/1157"}],"wp:attachment":[{"href":"https:\/\/brezice.eu\/festival\/wp-json\/wp\/v2\/media?parent=187"}],"curies":[{"name":"wp","href":"https:\/\/api.w.org\/{rel}","templated":true}]}}