{"id":1106,"date":"2019-02-14T10:54:37","date_gmt":"2019-02-14T09:54:37","guid":{"rendered":"http:\/\/brezice.eu\/festival\/?page_id=1106"},"modified":"2021-06-19T11:14:26","modified_gmt":"2021-06-19T09:14:26","slug":"prijavnica-2021","status":"publish","type":"page","link":"https:\/\/brezice.eu\/festival\/prijavnica-2021\/","title":{"rendered":"Prijavnica 2021"},"content":{"rendered":"<p>Festival je brezpla\u010den = 0 EUR.<\/p>\n<p>Mednarodni otro\u0161ki pevski festival Bre\u017eice 2021<br \/>Partitura d.o.o.<br \/>Gornji trg 20<br \/>1000 Ljubljana<\/p>\n<p><strong>Razpis za 5. Mednarodni otro\u0161ki pevski festival Bre\u017eice 2021<\/strong><\/p>\n<p>Spo\u0161tovani star\u0161i, mentorji, pevke in pevci,<\/p>\n<p>objavljamo razpis za sodelovanje na petem Mednarodnem otro\u0161kem pevskem festivalu Bre\u017eice 2021. Festivala se lahko tako kot vedno, udele\u017eijo pevke in pevci, stari od 6 do vklju\u010dno 17 let, v treh starostnih skupinah:<\/p>\n<p><strong>Prva starostna skupina, od 6 do 9 let<\/strong><br \/>Prijavitelji morajo biti star\u0161i ali skrbniki pevca ali pevke, mentorji lahko asistirajo pri prijavi. Pevci in pevke se lahko prijavijo z eno poljubno pesmijo iz palete zabavnih \u017eanrov, v kateremkoli jeziku. Prijavitelji morajo priskrbeti glasbeno podlago v mp3 obliki, z vsaj 192kbps vzor\u010denjem in jo poslati v prijavnem obrazcu ob prijavi. Prijavitelji bodo morali podpisati izjave o strinjanju s pogoji sodelovanja in GDPR izjave.<\/p>\n<p><strong>Druga starostna skupina, od 10 do 13 let<\/strong><br \/>Prijavitelji morajo biti star\u0161i ali skrbniki pevca ali pevke, mentorji lahko asistirajo pri prijavi. Pevci in pevke se lahko prijavijo z eno poljubno pesmijo iz palete zabavnih \u017eanrov, v kateremkoli jeziku. Prijavitelji morajo priskrbeti glasbeno podlago v mp3 obliki, z vsaj 192kbps vzor\u010denjem in jo poslati v prijavnem obrazcu ob prijavi. Prijavitelji bodo morali podpisati izjave o strinjanju s pogoji sodelovanja in GDPR izjave.<\/p>\n<p><strong>Tretja starostna skupina, od 14 do 17 let<\/strong><br \/>Prijavitelji morajo biti star\u0161i ali skrbniki pevca ali pevke, mentorji lahko asistirajo pri prijavi. Pevci in pevke se lahko prijavijo izklju\u010dno s skladbo, ki je bila napisana posebej za njih in je ni izvajal, posnel ali izdal \u0161e nih\u010de. Glasbena spremljava mora biti kakovostna, brez posnetega glavnega vokala. Prijavitelji bodo morali podpisati izjave o strinjanju s pogoji sodelovanja, GDPR izjave in izjave avtorjev, morebitnih zalo\u017enikov in izvajalcev, o odstopu pravic za neomejeno uporabo pesmi, za potrebe MOPF Bre\u017eice.<\/p>\n<p>S spremembo pravil za tretjo starostno skupino, organizatorji festivala pomikamo festival stopnico vi\u0161je in dodajamo festivalu vzgojni vpliv na razvoj mladih pevk in pevcev. Menimo namre\u010d, da se mlaj\u0161i pevci in pevke v obdobju od 6 do 13 let starosti, pevsko nenehno razvijajo, i\u0161\u010dejo stil in lastno interpretacijo. Tretja starostna skupina, od 14 do 17 let starosti, pa je \u017ee zmo\u017ena peti z lastno pevsko izraznostjo, ki jo bo zagotovo najbolj pristno predstavila s pesmijo, ki je ni pred tem javno izvedel, posnel ali izdal \u0161e nih\u010de drug, le oni sami.<\/p>\n<p>Prijavitelj mora biti eden od star\u0161ev in ne oba. Prijavitelj je lahko tudi zakoniti skrbnik otroka, \u010de otrok nima star\u0161ev. Mentor ali u\u010ditelj petja, ne more biti prijavitelj, ker prav tako ne more biti podpisnik izjav o sprejemanju pogojev sodelovanja na festivalu.<\/p>\n<p>Prijavitelj mora za uspe\u0161no elektronsko prijavo razpolagati z delujo\u010dim elektronskim po\u0161tnim naslovom in kontaktno telefonsko \u0161tevilko, ki jo bo organizator lahko uporabil pri komunikaciji, za potrebe organizacije MOPF Bre\u017eice.<\/p>\n<p>Po uspe\u0161no oddani elektronski prijavi na avdicijo festivala, boste avtomati\u010dno na elektronsko po\u0161to prejeli izjave, ki jih boste morali podpisane prilo\u017eiti izborni komisiji, na avdiciji.<\/p>\n<p><strong>Avdicije bodo potekale online preko Google Meet aplikacije. Na avdiciji pa boste morali peti v \u017eivo ob glasbeni spremljavi, ki si jo boste morali predvajati s svojim predvajalnikom. Jakost glasbene spremljave boste morali prilagoditi tako, da bo komisija lahko dobro sli\u0161ala va\u0161e petje.<\/strong><\/p>\n<p>Datum avdicije: 20. 6. 2021 ob 15. uri.<\/p>\n<p>Datum 1. dela polfinalnega izbora: 27. 8. 2021<br \/>Datum 2. dela polfinalnega izbora: 28. 8. 2021<br \/>Datum finalnega izbora: 29. 8. 2021<\/p>\n<p>Rok za prijavo: 18. 6. 2021<\/p>\n<p>S prijavo se prijavitelj obve\u017ee, da bo z udele\u017eenko ali udele\u017eencem festivala na voljo in se bo lahko udele\u017eil vseh festivalskih dejavnosti iz zgoraj navedenih datumov.<\/p>\n<p>PRIJAVE SO ZAKLJU\u010cENE!<\/p>\n\n\n<p><\/p>\n","protected":false},"excerpt":{"rendered":"<p>Festival je brezpla\u010den = 0 EUR. Mednarodni otro\u0161ki pevski festival Bre\u017eice 2021Partitura d.o.o.Gornji trg 201000 Ljubljana Razpis za 5. Mednarodni otro\u0161ki pevski festival Bre\u017eice 2021 Spo\u0161tovani star\u0161i, mentorji, pevke in pevci, objavljamo razpis za sodelovanje na petem Mednarodnem otro\u0161kem pevskem festivalu Bre\u017eice 2021. Festivala se lahko tako kot vedno, udele\u017eijo pevke in pevci, stari od &hellip; <\/p>\n<p class=\"link-more\"><a href=\"https:\/\/brezice.eu\/festival\/prijavnica-2021\/\" class=\"more-link\">Preberi ve\u010d<span class=\"screen-reader-text\"> &#8220;Prijavnica 2021&#8221;<\/span><\/a><\/p>\n","protected":false},"author":1,"featured_media":1371,"parent":0,"menu_order":0,"comment_status":"closed","ping_status":"closed","template":"","meta":{"footnotes":""},"class_list":["post-1106","page","type-page","status-publish","has-post-thumbnail","hentry"],"yoast_head":"<!-- This site is optimized with the Yoast SEO plugin v27.4 - https:\/\/yoast.com\/product\/yoast-seo-wordpress\/ -->\n<title>Prijavnica 2021 - Mednarodni otro\u0161ki pevski festival Bre\u017eice<\/title>\n<meta name=\"robots\" content=\"index, follow, max-snippet:-1, max-image-preview:large, max-video-preview:-1\" \/>\n<link rel=\"canonical\" href=\"https:\/\/brezice.eu\/festival\/prijavnica-2021\/\" \/>\n<meta property=\"og:locale\" content=\"sl_SI\" \/>\n<meta property=\"og:type\" content=\"article\" \/>\n<meta property=\"og:title\" content=\"Prijavnica 2021 - Mednarodni otro\u0161ki pevski festival Bre\u017eice\" \/>\n<meta property=\"og:description\" content=\"Festival je brezpla\u010den = 0 EUR. Mednarodni otro\u0161ki pevski festival Bre\u017eice 2021Partitura d.o.o.Gornji trg 201000 Ljubljana Razpis za 5. Mednarodni otro\u0161ki pevski festival Bre\u017eice 2021 Spo\u0161tovani star\u0161i, mentorji, pevke in pevci, objavljamo razpis za sodelovanje na petem Mednarodnem otro\u0161kem pevskem festivalu Bre\u017eice 2021. Festivala se lahko tako kot vedno, udele\u017eijo pevke in pevci, stari od &hellip; Preberi ve\u010d &quot;Prijavnica 2021&quot;\" \/>\n<meta property=\"og:url\" content=\"https:\/\/brezice.eu\/festival\/prijavnica-2021\/\" \/>\n<meta property=\"og:site_name\" content=\"Mednarodni otro\u0161ki pevski festival Bre\u017eice\" \/>\n<meta property=\"article:modified_time\" content=\"2021-06-19T09:14:26+00:00\" \/>\n<meta property=\"og:image\" content=\"https:\/\/brezice.eu\/festival\/wp-content\/uploads\/2020\/02\/MOPFBrezice-2.png\" \/>\n\t<meta property=\"og:image:width\" content=\"1191\" \/>\n\t<meta property=\"og:image:height\" content=\"332\" \/>\n\t<meta property=\"og:image:type\" content=\"image\/png\" \/>\n<meta name=\"twitter:card\" content=\"summary_large_image\" \/>\n<meta name=\"twitter:label1\" content=\"Est. reading time\" \/>\n\t<meta name=\"twitter:data1\" content=\"3 minute\" \/>\n<script type=\"application\/ld+json\" class=\"yoast-schema-graph\">{\"@context\":\"https:\\\/\\\/schema.org\",\"@graph\":[{\"@type\":\"WebPage\",\"@id\":\"https:\\\/\\\/brezice.eu\\\/festival\\\/prijavnica-2021\\\/\",\"url\":\"https:\\\/\\\/brezice.eu\\\/festival\\\/prijavnica-2021\\\/\",\"name\":\"Prijavnica 2021 - Mednarodni otro\u0161ki pevski festival Bre\u017eice\",\"isPartOf\":{\"@id\":\"https:\\\/\\\/brezice.eu\\\/festival\\\/#website\"},\"primaryImageOfPage\":{\"@id\":\"https:\\\/\\\/brezice.eu\\\/festival\\\/prijavnica-2021\\\/#primaryimage\"},\"image\":{\"@id\":\"https:\\\/\\\/brezice.eu\\\/festival\\\/prijavnica-2021\\\/#primaryimage\"},\"thumbnailUrl\":\"https:\\\/\\\/brezice.eu\\\/festival\\\/wp-content\\\/uploads\\\/2020\\\/02\\\/MOPFBrezice-2.png\",\"datePublished\":\"2019-02-14T09:54:37+00:00\",\"dateModified\":\"2021-06-19T09:14:26+00:00\",\"breadcrumb\":{\"@id\":\"https:\\\/\\\/brezice.eu\\\/festival\\\/prijavnica-2021\\\/#breadcrumb\"},\"inLanguage\":\"sl-SI\",\"potentialAction\":[{\"@type\":\"ReadAction\",\"target\":[\"https:\\\/\\\/brezice.eu\\\/festival\\\/prijavnica-2021\\\/\"]}]},{\"@type\":\"ImageObject\",\"inLanguage\":\"sl-SI\",\"@id\":\"https:\\\/\\\/brezice.eu\\\/festival\\\/prijavnica-2021\\\/#primaryimage\",\"url\":\"https:\\\/\\\/brezice.eu\\\/festival\\\/wp-content\\\/uploads\\\/2020\\\/02\\\/MOPFBrezice-2.png\",\"contentUrl\":\"https:\\\/\\\/brezice.eu\\\/festival\\\/wp-content\\\/uploads\\\/2020\\\/02\\\/MOPFBrezice-2.png\",\"width\":1191,\"height\":332},{\"@type\":\"BreadcrumbList\",\"@id\":\"https:\\\/\\\/brezice.eu\\\/festival\\\/prijavnica-2021\\\/#breadcrumb\",\"itemListElement\":[{\"@type\":\"ListItem\",\"position\":1,\"name\":\"Home\",\"item\":\"https:\\\/\\\/brezice.eu\\\/festival\\\/\"},{\"@type\":\"ListItem\",\"position\":2,\"name\":\"Prijavnica 2021\"}]},{\"@type\":\"WebSite\",\"@id\":\"https:\\\/\\\/brezice.eu\\\/festival\\\/#website\",\"url\":\"https:\\\/\\\/brezice.eu\\\/festival\\\/\",\"name\":\"Mednarodni otro\u0161ki pevski festival Bre\u017eice\",\"description\":\"Predstavljamo vam najbolj\u0161e mlade evropske pevce od 6 do vklju\u010dno 17 let\",\"publisher\":{\"@id\":\"https:\\\/\\\/brezice.eu\\\/festival\\\/#organization\"},\"potentialAction\":[{\"@type\":\"SearchAction\",\"target\":{\"@type\":\"EntryPoint\",\"urlTemplate\":\"https:\\\/\\\/brezice.eu\\\/festival\\\/?s={search_term_string}\"},\"query-input\":{\"@type\":\"PropertyValueSpecification\",\"valueRequired\":true,\"valueName\":\"search_term_string\"}}],\"inLanguage\":\"sl-SI\"},{\"@type\":\"Organization\",\"@id\":\"https:\\\/\\\/brezice.eu\\\/festival\\\/#organization\",\"name\":\"Mednarodni otro\u0161ki pevski festival Bre\u017eice\",\"url\":\"https:\\\/\\\/brezice.eu\\\/festival\\\/\",\"logo\":{\"@type\":\"ImageObject\",\"inLanguage\":\"sl-SI\",\"@id\":\"https:\\\/\\\/brezice.eu\\\/festival\\\/#\\\/schema\\\/logo\\\/image\\\/\",\"url\":\"https:\\\/\\\/brezice.eu\\\/festival\\\/wp-content\\\/uploads\\\/2020\\\/02\\\/cropped-MOPFBrezice-logo-z-belim-ozadjem-transparent-1.png\",\"contentUrl\":\"https:\\\/\\\/brezice.eu\\\/festival\\\/wp-content\\\/uploads\\\/2020\\\/02\\\/cropped-MOPFBrezice-logo-z-belim-ozadjem-transparent-1.png\",\"width\":990,\"height\":250,\"caption\":\"Mednarodni otro\u0161ki pevski festival Bre\u017eice\"},\"image\":{\"@id\":\"https:\\\/\\\/brezice.eu\\\/festival\\\/#\\\/schema\\\/logo\\\/image\\\/\"}}]}<\/script>\n<!-- \/ Yoast SEO plugin. -->","yoast_head_json":{"title":"Prijavnica 2021 - Mednarodni otro\u0161ki pevski festival Bre\u017eice","robots":{"index":"index","follow":"follow","max-snippet":"max-snippet:-1","max-image-preview":"max-image-preview:large","max-video-preview":"max-video-preview:-1"},"canonical":"https:\/\/brezice.eu\/festival\/prijavnica-2021\/","og_locale":"sl_SI","og_type":"article","og_title":"Prijavnica 2021 - Mednarodni otro\u0161ki pevski festival Bre\u017eice","og_description":"Festival je brezpla\u010den = 0 EUR. Mednarodni otro\u0161ki pevski festival Bre\u017eice 2021Partitura d.o.o.Gornji trg 201000 Ljubljana Razpis za 5. Mednarodni otro\u0161ki pevski festival Bre\u017eice 2021 Spo\u0161tovani star\u0161i, mentorji, pevke in pevci, objavljamo razpis za sodelovanje na petem Mednarodnem otro\u0161kem pevskem festivalu Bre\u017eice 2021. Festivala se lahko tako kot vedno, udele\u017eijo pevke in pevci, stari od &hellip; Preberi ve\u010d \"Prijavnica 2021\"","og_url":"https:\/\/brezice.eu\/festival\/prijavnica-2021\/","og_site_name":"Mednarodni otro\u0161ki pevski festival Bre\u017eice","article_modified_time":"2021-06-19T09:14:26+00:00","og_image":[{"width":1191,"height":332,"url":"https:\/\/brezice.eu\/festival\/wp-content\/uploads\/2020\/02\/MOPFBrezice-2.png","type":"image\/png"}],"twitter_card":"summary_large_image","twitter_misc":{"Est. reading time":"3 minute"},"schema":{"@context":"https:\/\/schema.org","@graph":[{"@type":"WebPage","@id":"https:\/\/brezice.eu\/festival\/prijavnica-2021\/","url":"https:\/\/brezice.eu\/festival\/prijavnica-2021\/","name":"Prijavnica 2021 - Mednarodni otro\u0161ki pevski festival Bre\u017eice","isPartOf":{"@id":"https:\/\/brezice.eu\/festival\/#website"},"primaryImageOfPage":{"@id":"https:\/\/brezice.eu\/festival\/prijavnica-2021\/#primaryimage"},"image":{"@id":"https:\/\/brezice.eu\/festival\/prijavnica-2021\/#primaryimage"},"thumbnailUrl":"https:\/\/brezice.eu\/festival\/wp-content\/uploads\/2020\/02\/MOPFBrezice-2.png","datePublished":"2019-02-14T09:54:37+00:00","dateModified":"2021-06-19T09:14:26+00:00","breadcrumb":{"@id":"https:\/\/brezice.eu\/festival\/prijavnica-2021\/#breadcrumb"},"inLanguage":"sl-SI","potentialAction":[{"@type":"ReadAction","target":["https:\/\/brezice.eu\/festival\/prijavnica-2021\/"]}]},{"@type":"ImageObject","inLanguage":"sl-SI","@id":"https:\/\/brezice.eu\/festival\/prijavnica-2021\/#primaryimage","url":"https:\/\/brezice.eu\/festival\/wp-content\/uploads\/2020\/02\/MOPFBrezice-2.png","contentUrl":"https:\/\/brezice.eu\/festival\/wp-content\/uploads\/2020\/02\/MOPFBrezice-2.png","width":1191,"height":332},{"@type":"BreadcrumbList","@id":"https:\/\/brezice.eu\/festival\/prijavnica-2021\/#breadcrumb","itemListElement":[{"@type":"ListItem","position":1,"name":"Home","item":"https:\/\/brezice.eu\/festival\/"},{"@type":"ListItem","position":2,"name":"Prijavnica 2021"}]},{"@type":"WebSite","@id":"https:\/\/brezice.eu\/festival\/#website","url":"https:\/\/brezice.eu\/festival\/","name":"Mednarodni otro\u0161ki pevski festival Bre\u017eice","description":"Predstavljamo vam najbolj\u0161e mlade evropske pevce od 6 do vklju\u010dno 17 let","publisher":{"@id":"https:\/\/brezice.eu\/festival\/#organization"},"potentialAction":[{"@type":"SearchAction","target":{"@type":"EntryPoint","urlTemplate":"https:\/\/brezice.eu\/festival\/?s={search_term_string}"},"query-input":{"@type":"PropertyValueSpecification","valueRequired":true,"valueName":"search_term_string"}}],"inLanguage":"sl-SI"},{"@type":"Organization","@id":"https:\/\/brezice.eu\/festival\/#organization","name":"Mednarodni otro\u0161ki pevski festival Bre\u017eice","url":"https:\/\/brezice.eu\/festival\/","logo":{"@type":"ImageObject","inLanguage":"sl-SI","@id":"https:\/\/brezice.eu\/festival\/#\/schema\/logo\/image\/","url":"https:\/\/brezice.eu\/festival\/wp-content\/uploads\/2020\/02\/cropped-MOPFBrezice-logo-z-belim-ozadjem-transparent-1.png","contentUrl":"https:\/\/brezice.eu\/festival\/wp-content\/uploads\/2020\/02\/cropped-MOPFBrezice-logo-z-belim-ozadjem-transparent-1.png","width":990,"height":250,"caption":"Mednarodni otro\u0161ki pevski festival Bre\u017eice"},"image":{"@id":"https:\/\/brezice.eu\/festival\/#\/schema\/logo\/image\/"}}]}},"rttpg_featured_image_url":{"full":["https:\/\/brezice.eu\/festival\/wp-content\/uploads\/2020\/02\/MOPFBrezice-2.png",1191,332,false],"landscape":["https:\/\/brezice.eu\/festival\/wp-content\/uploads\/2020\/02\/MOPFBrezice-2.png",1191,332,false],"portraits":["https:\/\/brezice.eu\/festival\/wp-content\/uploads\/2020\/02\/MOPFBrezice-2.png",1191,332,false],"thumbnail":["https:\/\/brezice.eu\/festival\/wp-content\/uploads\/2020\/02\/MOPFBrezice-2-150x150.png",150,150,true],"medium":["https:\/\/brezice.eu\/festival\/wp-content\/uploads\/2020\/02\/MOPFBrezice-2-300x84.png",300,84,true],"large":["https:\/\/brezice.eu\/festival\/wp-content\/uploads\/2020\/02\/MOPFBrezice-2-1024x285.png",525,146,true],"1536x1536":["https:\/\/brezice.eu\/festival\/wp-content\/uploads\/2020\/02\/MOPFBrezice-2.png",1191,332,false],"2048x2048":["https:\/\/brezice.eu\/festival\/wp-content\/uploads\/2020\/02\/MOPFBrezice-2.png",1191,332,false],"twentyseventeen-featured-image":["https:\/\/brezice.eu\/festival\/wp-content\/uploads\/2020\/02\/MOPFBrezice-2.png",1191,332,false],"twentyseventeen-thumbnail-avatar":["https:\/\/brezice.eu\/festival\/wp-content\/uploads\/2020\/02\/MOPFBrezice-2-100x100.png",100,100,true]},"rttpg_author":{"display_name":"Maks","author_link":"https:\/\/brezice.eu\/festival\/author\/maks\/"},"rttpg_comment":0,"rttpg_category":false,"rttpg_excerpt":"Festival je brezpla\u010den = 0 EUR. Mednarodni otro\u0161ki pevski festival Bre\u017eice 2021Partitura d.o.o.Gornji trg 201000 Ljubljana Razpis za 5. Mednarodni otro\u0161ki pevski festival Bre\u017eice 2021 Spo\u0161tovani star\u0161i, mentorji, pevke in pevci, objavljamo razpis za sodelovanje na petem Mednarodnem otro\u0161kem pevskem festivalu Bre\u017eice 2021. Festivala se lahko tako kot vedno, udele\u017eijo pevke in pevci, stari od&hellip;","_links":{"self":[{"href":"https:\/\/brezice.eu\/festival\/wp-json\/wp\/v2\/pages\/1106","targetHints":{"allow":["GET"]}}],"collection":[{"href":"https:\/\/brezice.eu\/festival\/wp-json\/wp\/v2\/pages"}],"about":[{"href":"https:\/\/brezice.eu\/festival\/wp-json\/wp\/v2\/types\/page"}],"author":[{"embeddable":true,"href":"https:\/\/brezice.eu\/festival\/wp-json\/wp\/v2\/users\/1"}],"replies":[{"embeddable":true,"href":"https:\/\/brezice.eu\/festival\/wp-json\/wp\/v2\/comments?post=1106"}],"version-history":[{"count":17,"href":"https:\/\/brezice.eu\/festival\/wp-json\/wp\/v2\/pages\/1106\/revisions"}],"predecessor-version":[{"id":1523,"href":"https:\/\/brezice.eu\/festival\/wp-json\/wp\/v2\/pages\/1106\/revisions\/1523"}],"wp:featuredmedia":[{"embeddable":true,"href":"https:\/\/brezice.eu\/festival\/wp-json\/wp\/v2\/media\/1371"}],"wp:attachment":[{"href":"https:\/\/brezice.eu\/festival\/wp-json\/wp\/v2\/media?parent=1106"}],"curies":[{"name":"wp","href":"https:\/\/api.w.org\/{rel}","templated":true}]}}