{"id":327,"date":"2018-03-02T11:07:34","date_gmt":"2018-03-02T10:07:34","guid":{"rendered":"http:\/\/brezice.eu\/festival\/?page_id=327"},"modified":"2018-03-02T11:08:08","modified_gmt":"2018-03-02T10:08:08","slug":"pobjednici-2017","status":"publish","type":"page","link":"https:\/\/brezice.eu\/festival\/hr\/pobjednici-2017\/","title":{"rendered":"Pobjednici 2017"},"content":{"rendered":"<p><strong>Pobjednici po izboru publike:<\/strong><\/p>\n<p>1. mjesto: Eva Julija Borov\u0161ak \u2013 Slovenija<br \/>\n2. mjesto: Tanita Lipar \u2013 Slovenija<br \/>\n3. mjesto: Marin Buli\u0107 \u2013 Hrvatska<\/p>\n<p><strong>Rezultati stru\u010dnog \u017eirija:<\/strong><\/p>\n<p>Prva grupa 6 &#8211; 9 godina<\/p>\n<p>1. mjesto: Eva Julija Borov\u0161ak \u2013 Slovenija<br \/>\n2. mjesto: Ana Berti\u0107 \u2013 Hrvatska<br \/>\n3. mjesto: Paola Ma\u010dek \u2013 Hrvatska<\/p>\n<p>Druga grupa 10 \u2013 13 godina<\/p>\n<p>1. mjesto: Katarina Abramovi\u0107 \u2013 Srbija<br \/>\n2. mjesto: Sa\u0161a Vidovi\u0107 \u2013 Hrvatska<br \/>\n3. mjesto: Ana Grdadolnik \u2013 Slovenija<\/p>\n<p>Tre\u0107a grupa 14 \u2013 17 godina<\/p>\n<p>1. mjesto: Medea Market-Sindik \u2013 Hrvatska<br \/>\n2. mjesto: Andjela Ne\u0161kovi\u0107 \u2013 Srbija<br \/>\n3. mjesto: Ana Logar \u2013 Slovenija<\/p>\n<p>Cjelokupna pobjednica festivala je Medea Market Sindik.<\/p>\n","protected":false},"excerpt":{"rendered":"<p>Pobjednici po izboru publike: 1. mjesto: Eva Julija Borov\u0161ak \u2013 Slovenija 2. mjesto: Tanita Lipar \u2013 Slovenija 3. mjesto: Marin Buli\u0107 \u2013 Hrvatska Rezultati stru\u010dnog \u017eirija: Prva grupa 6 &#8211; 9 godina 1. mjesto: Eva Julija Borov\u0161ak \u2013 Slovenija 2. mjesto: Ana Berti\u0107 \u2013 Hrvatska 3. mjesto: Paola Ma\u010dek \u2013 Hrvatska Druga grupa 10 \u2013 &hellip; <\/p>\n<p class=\"link-more\"><a href=\"https:\/\/brezice.eu\/festival\/hr\/pobjednici-2017\/\" class=\"more-link\">Continue reading<span class=\"screen-reader-text\"> &#8220;Pobjednici 2017&#8221;<\/span><\/a><\/p>\n","protected":false},"author":1,"featured_media":0,"parent":0,"menu_order":0,"comment_status":"closed","ping_status":"closed","template":"","meta":{"footnotes":""},"class_list":["post-327","page","type-page","status-publish","hentry"],"yoast_head":"<!-- This site is optimized with the Yoast SEO plugin v27.3 - https:\/\/yoast.com\/product\/yoast-seo-wordpress\/ -->\n<title>Pobjednici 2017 - Mednarodni otro\u0161ki pevski festival Bre\u017eice<\/title>\n<meta name=\"robots\" content=\"index, follow, max-snippet:-1, max-image-preview:large, max-video-preview:-1\" \/>\n<link rel=\"canonical\" href=\"https:\/\/brezice.eu\/festival\/hr\/pobjednici-2017\/\" \/>\n<meta property=\"og:locale\" content=\"hr_HR\" \/>\n<meta property=\"og:type\" content=\"article\" \/>\n<meta property=\"og:title\" content=\"Pobjednici 2017 - Mednarodni otro\u0161ki pevski festival Bre\u017eice\" \/>\n<meta property=\"og:description\" content=\"Pobjednici po izboru publike: 1. mjesto: Eva Julija Borov\u0161ak \u2013 Slovenija 2. mjesto: Tanita Lipar \u2013 Slovenija 3. mjesto: Marin Buli\u0107 \u2013 Hrvatska Rezultati stru\u010dnog \u017eirija: Prva grupa 6 &#8211; 9 godina 1. mjesto: Eva Julija Borov\u0161ak \u2013 Slovenija 2. mjesto: Ana Berti\u0107 \u2013 Hrvatska 3. mjesto: Paola Ma\u010dek \u2013 Hrvatska Druga grupa 10 \u2013 &hellip; Continue reading &quot;Pobjednici 2017&quot;\" \/>\n<meta property=\"og:url\" content=\"https:\/\/brezice.eu\/festival\/hr\/pobjednici-2017\/\" \/>\n<meta property=\"og:site_name\" content=\"Mednarodni otro\u0161ki pevski festival Bre\u017eice\" \/>\n<meta property=\"article:modified_time\" content=\"2018-03-02T10:08:08+00:00\" \/>\n<meta name=\"twitter:card\" content=\"summary_large_image\" \/>\n<script type=\"application\/ld+json\" class=\"yoast-schema-graph\">{\"@context\":\"https:\\\/\\\/schema.org\",\"@graph\":[{\"@type\":\"WebPage\",\"@id\":\"https:\\\/\\\/brezice.eu\\\/festival\\\/hr\\\/pobjednici-2017\\\/\",\"url\":\"https:\\\/\\\/brezice.eu\\\/festival\\\/hr\\\/pobjednici-2017\\\/\",\"name\":\"Pobjednici 2017 - Mednarodni otro\u0161ki pevski festival Bre\u017eice\",\"isPartOf\":{\"@id\":\"https:\\\/\\\/brezice.eu\\\/festival\\\/hr\\\/#website\"},\"datePublished\":\"2018-03-02T10:07:34+00:00\",\"dateModified\":\"2018-03-02T10:08:08+00:00\",\"breadcrumb\":{\"@id\":\"https:\\\/\\\/brezice.eu\\\/festival\\\/hr\\\/pobjednici-2017\\\/#breadcrumb\"},\"inLanguage\":\"hr-HR\",\"potentialAction\":[{\"@type\":\"ReadAction\",\"target\":[\"https:\\\/\\\/brezice.eu\\\/festival\\\/hr\\\/pobjednici-2017\\\/\"]}]},{\"@type\":\"BreadcrumbList\",\"@id\":\"https:\\\/\\\/brezice.eu\\\/festival\\\/hr\\\/pobjednici-2017\\\/#breadcrumb\",\"itemListElement\":[{\"@type\":\"ListItem\",\"position\":1,\"name\":\"Home\",\"item\":\"https:\\\/\\\/brezice.eu\\\/festival\\\/hr\\\/\"},{\"@type\":\"ListItem\",\"position\":2,\"name\":\"Pobjednici 2017\"}]},{\"@type\":\"WebSite\",\"@id\":\"https:\\\/\\\/brezice.eu\\\/festival\\\/hr\\\/#website\",\"url\":\"https:\\\/\\\/brezice.eu\\\/festival\\\/hr\\\/\",\"name\":\"Mednarodni otro\u0161ki pevski festival Bre\u017eice\",\"description\":\"Predstavljamo vam najbolj\u0161e mlade evropske pevce od 6 do vklju\u010dno 17 let\",\"publisher\":{\"@id\":\"https:\\\/\\\/brezice.eu\\\/festival\\\/hr\\\/#organization\"},\"potentialAction\":[{\"@type\":\"SearchAction\",\"target\":{\"@type\":\"EntryPoint\",\"urlTemplate\":\"https:\\\/\\\/brezice.eu\\\/festival\\\/hr\\\/?s={search_term_string}\"},\"query-input\":{\"@type\":\"PropertyValueSpecification\",\"valueRequired\":true,\"valueName\":\"search_term_string\"}}],\"inLanguage\":\"hr-HR\"},{\"@type\":\"Organization\",\"@id\":\"https:\\\/\\\/brezice.eu\\\/festival\\\/hr\\\/#organization\",\"name\":\"Mednarodni otro\u0161ki pevski festival Bre\u017eice\",\"url\":\"https:\\\/\\\/brezice.eu\\\/festival\\\/hr\\\/\",\"logo\":{\"@type\":\"ImageObject\",\"inLanguage\":\"hr-HR\",\"@id\":\"https:\\\/\\\/brezice.eu\\\/festival\\\/hr\\\/#\\\/schema\\\/logo\\\/image\\\/\",\"url\":\"https:\\\/\\\/brezice.eu\\\/festival\\\/wp-content\\\/uploads\\\/2020\\\/02\\\/cropped-MOPFBrezice-logo-z-belim-ozadjem-transparent-1.png\",\"contentUrl\":\"https:\\\/\\\/brezice.eu\\\/festival\\\/wp-content\\\/uploads\\\/2020\\\/02\\\/cropped-MOPFBrezice-logo-z-belim-ozadjem-transparent-1.png\",\"width\":990,\"height\":250,\"caption\":\"Mednarodni otro\u0161ki pevski festival Bre\u017eice\"},\"image\":{\"@id\":\"https:\\\/\\\/brezice.eu\\\/festival\\\/hr\\\/#\\\/schema\\\/logo\\\/image\\\/\"}}]}<\/script>\n<!-- \/ Yoast SEO plugin. -->","yoast_head_json":{"title":"Pobjednici 2017 - Mednarodni otro\u0161ki pevski festival Bre\u017eice","robots":{"index":"index","follow":"follow","max-snippet":"max-snippet:-1","max-image-preview":"max-image-preview:large","max-video-preview":"max-video-preview:-1"},"canonical":"https:\/\/brezice.eu\/festival\/hr\/pobjednici-2017\/","og_locale":"hr_HR","og_type":"article","og_title":"Pobjednici 2017 - Mednarodni otro\u0161ki pevski festival Bre\u017eice","og_description":"Pobjednici po izboru publike: 1. mjesto: Eva Julija Borov\u0161ak \u2013 Slovenija 2. mjesto: Tanita Lipar \u2013 Slovenija 3. mjesto: Marin Buli\u0107 \u2013 Hrvatska Rezultati stru\u010dnog \u017eirija: Prva grupa 6 &#8211; 9 godina 1. mjesto: Eva Julija Borov\u0161ak \u2013 Slovenija 2. mjesto: Ana Berti\u0107 \u2013 Hrvatska 3. mjesto: Paola Ma\u010dek \u2013 Hrvatska Druga grupa 10 \u2013 &hellip; Continue reading \"Pobjednici 2017\"","og_url":"https:\/\/brezice.eu\/festival\/hr\/pobjednici-2017\/","og_site_name":"Mednarodni otro\u0161ki pevski festival Bre\u017eice","article_modified_time":"2018-03-02T10:08:08+00:00","twitter_card":"summary_large_image","schema":{"@context":"https:\/\/schema.org","@graph":[{"@type":"WebPage","@id":"https:\/\/brezice.eu\/festival\/hr\/pobjednici-2017\/","url":"https:\/\/brezice.eu\/festival\/hr\/pobjednici-2017\/","name":"Pobjednici 2017 - Mednarodni otro\u0161ki pevski festival Bre\u017eice","isPartOf":{"@id":"https:\/\/brezice.eu\/festival\/hr\/#website"},"datePublished":"2018-03-02T10:07:34+00:00","dateModified":"2018-03-02T10:08:08+00:00","breadcrumb":{"@id":"https:\/\/brezice.eu\/festival\/hr\/pobjednici-2017\/#breadcrumb"},"inLanguage":"hr-HR","potentialAction":[{"@type":"ReadAction","target":["https:\/\/brezice.eu\/festival\/hr\/pobjednici-2017\/"]}]},{"@type":"BreadcrumbList","@id":"https:\/\/brezice.eu\/festival\/hr\/pobjednici-2017\/#breadcrumb","itemListElement":[{"@type":"ListItem","position":1,"name":"Home","item":"https:\/\/brezice.eu\/festival\/hr\/"},{"@type":"ListItem","position":2,"name":"Pobjednici 2017"}]},{"@type":"WebSite","@id":"https:\/\/brezice.eu\/festival\/hr\/#website","url":"https:\/\/brezice.eu\/festival\/hr\/","name":"Mednarodni otro\u0161ki pevski festival Bre\u017eice","description":"Predstavljamo vam najbolj\u0161e mlade evropske pevce od 6 do vklju\u010dno 17 let","publisher":{"@id":"https:\/\/brezice.eu\/festival\/hr\/#organization"},"potentialAction":[{"@type":"SearchAction","target":{"@type":"EntryPoint","urlTemplate":"https:\/\/brezice.eu\/festival\/hr\/?s={search_term_string}"},"query-input":{"@type":"PropertyValueSpecification","valueRequired":true,"valueName":"search_term_string"}}],"inLanguage":"hr-HR"},{"@type":"Organization","@id":"https:\/\/brezice.eu\/festival\/hr\/#organization","name":"Mednarodni otro\u0161ki pevski festival Bre\u017eice","url":"https:\/\/brezice.eu\/festival\/hr\/","logo":{"@type":"ImageObject","inLanguage":"hr-HR","@id":"https:\/\/brezice.eu\/festival\/hr\/#\/schema\/logo\/image\/","url":"https:\/\/brezice.eu\/festival\/wp-content\/uploads\/2020\/02\/cropped-MOPFBrezice-logo-z-belim-ozadjem-transparent-1.png","contentUrl":"https:\/\/brezice.eu\/festival\/wp-content\/uploads\/2020\/02\/cropped-MOPFBrezice-logo-z-belim-ozadjem-transparent-1.png","width":990,"height":250,"caption":"Mednarodni otro\u0161ki pevski festival Bre\u017eice"},"image":{"@id":"https:\/\/brezice.eu\/festival\/hr\/#\/schema\/logo\/image\/"}}]}},"rttpg_featured_image_url":null,"rttpg_author":{"display_name":"Maks","author_link":"https:\/\/brezice.eu\/festival\/hr\/author\/maks\/"},"rttpg_comment":0,"rttpg_category":false,"rttpg_excerpt":"Pobjednici po izboru publike: 1. mjesto: Eva Julija Borov\u0161ak \u2013 Slovenija 2. mjesto: Tanita Lipar \u2013 Slovenija 3. mjesto: Marin Buli\u0107 \u2013 Hrvatska Rezultati stru\u010dnog \u017eirija: Prva grupa 6 &#8211; 9 godina 1. mjesto: Eva Julija Borov\u0161ak \u2013 Slovenija 2. mjesto: Ana Berti\u0107 \u2013 Hrvatska 3. mjesto: Paola Ma\u010dek \u2013 Hrvatska Druga grupa 10 \u2013&hellip;","_links":{"self":[{"href":"https:\/\/brezice.eu\/festival\/hr\/wp-json\/wp\/v2\/pages\/327","targetHints":{"allow":["GET"]}}],"collection":[{"href":"https:\/\/brezice.eu\/festival\/hr\/wp-json\/wp\/v2\/pages"}],"about":[{"href":"https:\/\/brezice.eu\/festival\/hr\/wp-json\/wp\/v2\/types\/page"}],"author":[{"embeddable":true,"href":"https:\/\/brezice.eu\/festival\/hr\/wp-json\/wp\/v2\/users\/1"}],"replies":[{"embeddable":true,"href":"https:\/\/brezice.eu\/festival\/hr\/wp-json\/wp\/v2\/comments?post=327"}],"version-history":[{"count":1,"href":"https:\/\/brezice.eu\/festival\/hr\/wp-json\/wp\/v2\/pages\/327\/revisions"}],"predecessor-version":[{"id":328,"href":"https:\/\/brezice.eu\/festival\/hr\/wp-json\/wp\/v2\/pages\/327\/revisions\/328"}],"wp:attachment":[{"href":"https:\/\/brezice.eu\/festival\/hr\/wp-json\/wp\/v2\/media?parent=327"}],"curies":[{"name":"wp","href":"https:\/\/api.w.org\/{rel}","templated":true}]}}