{"id":314,"date":"2018-03-02T10:48:45","date_gmt":"2018-03-02T09:48:45","guid":{"rendered":"http:\/\/brezice.eu\/festival\/?page_id=314"},"modified":"2018-03-02T11:14:02","modified_gmt":"2018-03-02T10:14:02","slug":"zmagovalci-2016","status":"publish","type":"page","link":"https:\/\/brezice.eu\/festival\/hr\/zmagovalci-2016\/","title":{"rendered":"Pobjednici 2016"},"content":{"rendered":"<p><strong>Pobjednici stru\u010dnog \u017eirija 2016<\/strong><\/p>\n<p>U grupi od 6 do 10 godina:<\/p>\n<p>1. mjesto: \u0160pela Zalokar \u0160kaler, Bre\u017eice, Slovenija (10 let)<br \/>\n2. mjesto: Eva Julija Borov\u0161ak, \u017dupelevec, Slovenija (8 let)<br \/>\n3. mjesto: Karla Miklau\u017ei\u0107, Hum na Sutli, Hrvatska (9 let)<\/p>\n<p>U grupi od 11 do 15 godina:<\/p>\n<p>1. mjesto: Amadea Begovi\u0107, Celje, Slovenija (15 let)<br \/>\n2. mjesto: Morena Oli\u0107, Bre\u017eice, Slovenija (14 let)<br \/>\n3. mjesto: Manca Mihelin, Bizeljsko, Slovenija (12 let)<\/p>\n<p><strong>Pobjednici po izboru publike 2016<\/strong><\/p>\n<p>U grupi od 6 do 10 godina:<\/p>\n<p>1. mjesto: Eva Julija Borov\u0161ak, \u017dupelevec, Slovenija (8 let)<br \/>\n2. mjesto: \u0160pela Zalokar \u0160kaler, Bre\u017eice, Slovenija (10 let)<br \/>\n3. mjesto: Tiana Vlaisavljevi\u0107, Klanjec, Hrvatska (6 let)<\/p>\n<p>U grupi od 11 do 15 godina:<\/p>\n<p>1. mjesto: Tanita Lipar, Bre\u017eice, Slovenija (15 let)<br \/>\n2. mjesto: Marin Buli\u0107, Osijek, Hrvatska (11 let)<br \/>\n3. mjesto: Eli\u0161ka \u0160kaler &#8211; Eli, Cerklje ob Krki, Slovenija (13 let)<\/p>\n","protected":false},"excerpt":{"rendered":"<p>Pobjednici stru\u010dnog \u017eirija 2016 U grupi od 6 do 10 godina: 1. mjesto: \u0160pela Zalokar \u0160kaler, Bre\u017eice, Slovenija (10 let) 2. mjesto: Eva Julija Borov\u0161ak, \u017dupelevec, Slovenija (8 let) 3. mjesto: Karla Miklau\u017ei\u0107, Hum na Sutli, Hrvatska (9 let) U grupi od 11 do 15 godina: 1. mjesto: Amadea Begovi\u0107, Celje, Slovenija (15 let) 2. &hellip; <\/p>\n<p class=\"link-more\"><a href=\"https:\/\/brezice.eu\/festival\/hr\/zmagovalci-2016\/\" class=\"more-link\">Continue reading<span class=\"screen-reader-text\"> &#8220;Pobjednici 2016&#8221;<\/span><\/a><\/p>\n","protected":false},"author":1,"featured_media":0,"parent":0,"menu_order":0,"comment_status":"closed","ping_status":"closed","template":"","meta":{"footnotes":""},"class_list":["post-314","page","type-page","status-publish","hentry"],"yoast_head":"<!-- This site is optimized with the Yoast SEO plugin v27.4 - https:\/\/yoast.com\/product\/yoast-seo-wordpress\/ -->\n<title>Pobjednici 2016 - Mednarodni otro\u0161ki pevski festival Bre\u017eice<\/title>\n<meta name=\"robots\" content=\"index, follow, max-snippet:-1, max-image-preview:large, max-video-preview:-1\" \/>\n<link rel=\"canonical\" href=\"https:\/\/brezice.eu\/festival\/hr\/zmagovalci-2016\/\" \/>\n<meta property=\"og:locale\" content=\"hr_HR\" \/>\n<meta property=\"og:type\" content=\"article\" \/>\n<meta property=\"og:title\" content=\"Pobjednici 2016 - Mednarodni otro\u0161ki pevski festival Bre\u017eice\" \/>\n<meta property=\"og:description\" content=\"Pobjednici stru\u010dnog \u017eirija 2016 U grupi od 6 do 10 godina: 1. mjesto: \u0160pela Zalokar \u0160kaler, Bre\u017eice, Slovenija (10 let) 2. mjesto: Eva Julija Borov\u0161ak, \u017dupelevec, Slovenija (8 let) 3. mjesto: Karla Miklau\u017ei\u0107, Hum na Sutli, Hrvatska (9 let) U grupi od 11 do 15 godina: 1. mjesto: Amadea Begovi\u0107, Celje, Slovenija (15 let) 2. &hellip; Continue reading &quot;Pobjednici 2016&quot;\" \/>\n<meta property=\"og:url\" content=\"https:\/\/brezice.eu\/festival\/hr\/zmagovalci-2016\/\" \/>\n<meta property=\"og:site_name\" content=\"Mednarodni otro\u0161ki pevski festival Bre\u017eice\" \/>\n<meta property=\"article:modified_time\" content=\"2018-03-02T10:14:02+00:00\" \/>\n<meta name=\"twitter:card\" content=\"summary_large_image\" \/>\n<meta name=\"twitter:label1\" content=\"Est. reading time\" \/>\n\t<meta name=\"twitter:data1\" content=\"1 minute\" \/>\n<script type=\"application\/ld+json\" class=\"yoast-schema-graph\">{\"@context\":\"https:\\\/\\\/schema.org\",\"@graph\":[{\"@type\":\"WebPage\",\"@id\":\"https:\\\/\\\/brezice.eu\\\/festival\\\/hr\\\/zmagovalci-2016\\\/\",\"url\":\"https:\\\/\\\/brezice.eu\\\/festival\\\/hr\\\/zmagovalci-2016\\\/\",\"name\":\"Pobjednici 2016 - Mednarodni otro\u0161ki pevski festival Bre\u017eice\",\"isPartOf\":{\"@id\":\"https:\\\/\\\/brezice.eu\\\/festival\\\/hr\\\/#website\"},\"datePublished\":\"2018-03-02T09:48:45+00:00\",\"dateModified\":\"2018-03-02T10:14:02+00:00\",\"breadcrumb\":{\"@id\":\"https:\\\/\\\/brezice.eu\\\/festival\\\/hr\\\/zmagovalci-2016\\\/#breadcrumb\"},\"inLanguage\":\"hr-HR\",\"potentialAction\":[{\"@type\":\"ReadAction\",\"target\":[\"https:\\\/\\\/brezice.eu\\\/festival\\\/hr\\\/zmagovalci-2016\\\/\"]}]},{\"@type\":\"BreadcrumbList\",\"@id\":\"https:\\\/\\\/brezice.eu\\\/festival\\\/hr\\\/zmagovalci-2016\\\/#breadcrumb\",\"itemListElement\":[{\"@type\":\"ListItem\",\"position\":1,\"name\":\"Home\",\"item\":\"https:\\\/\\\/brezice.eu\\\/festival\\\/hr\\\/\"},{\"@type\":\"ListItem\",\"position\":2,\"name\":\"Pobjednici 2016\"}]},{\"@type\":\"WebSite\",\"@id\":\"https:\\\/\\\/brezice.eu\\\/festival\\\/hr\\\/#website\",\"url\":\"https:\\\/\\\/brezice.eu\\\/festival\\\/hr\\\/\",\"name\":\"Mednarodni otro\u0161ki pevski festival Bre\u017eice\",\"description\":\"Predstavljamo vam najbolj\u0161e mlade evropske pevce od 6 do vklju\u010dno 17 let\",\"publisher\":{\"@id\":\"https:\\\/\\\/brezice.eu\\\/festival\\\/hr\\\/#organization\"},\"potentialAction\":[{\"@type\":\"SearchAction\",\"target\":{\"@type\":\"EntryPoint\",\"urlTemplate\":\"https:\\\/\\\/brezice.eu\\\/festival\\\/hr\\\/?s={search_term_string}\"},\"query-input\":{\"@type\":\"PropertyValueSpecification\",\"valueRequired\":true,\"valueName\":\"search_term_string\"}}],\"inLanguage\":\"hr-HR\"},{\"@type\":\"Organization\",\"@id\":\"https:\\\/\\\/brezice.eu\\\/festival\\\/hr\\\/#organization\",\"name\":\"Mednarodni otro\u0161ki pevski festival Bre\u017eice\",\"url\":\"https:\\\/\\\/brezice.eu\\\/festival\\\/hr\\\/\",\"logo\":{\"@type\":\"ImageObject\",\"inLanguage\":\"hr-HR\",\"@id\":\"https:\\\/\\\/brezice.eu\\\/festival\\\/hr\\\/#\\\/schema\\\/logo\\\/image\\\/\",\"url\":\"https:\\\/\\\/brezice.eu\\\/festival\\\/wp-content\\\/uploads\\\/2020\\\/02\\\/cropped-MOPFBrezice-logo-z-belim-ozadjem-transparent-1.png\",\"contentUrl\":\"https:\\\/\\\/brezice.eu\\\/festival\\\/wp-content\\\/uploads\\\/2020\\\/02\\\/cropped-MOPFBrezice-logo-z-belim-ozadjem-transparent-1.png\",\"width\":990,\"height\":250,\"caption\":\"Mednarodni otro\u0161ki pevski festival Bre\u017eice\"},\"image\":{\"@id\":\"https:\\\/\\\/brezice.eu\\\/festival\\\/hr\\\/#\\\/schema\\\/logo\\\/image\\\/\"}}]}<\/script>\n<!-- \/ Yoast SEO plugin. -->","yoast_head_json":{"title":"Pobjednici 2016 - Mednarodni otro\u0161ki pevski festival Bre\u017eice","robots":{"index":"index","follow":"follow","max-snippet":"max-snippet:-1","max-image-preview":"max-image-preview:large","max-video-preview":"max-video-preview:-1"},"canonical":"https:\/\/brezice.eu\/festival\/hr\/zmagovalci-2016\/","og_locale":"hr_HR","og_type":"article","og_title":"Pobjednici 2016 - Mednarodni otro\u0161ki pevski festival Bre\u017eice","og_description":"Pobjednici stru\u010dnog \u017eirija 2016 U grupi od 6 do 10 godina: 1. mjesto: \u0160pela Zalokar \u0160kaler, Bre\u017eice, Slovenija (10 let) 2. mjesto: Eva Julija Borov\u0161ak, \u017dupelevec, Slovenija (8 let) 3. mjesto: Karla Miklau\u017ei\u0107, Hum na Sutli, Hrvatska (9 let) U grupi od 11 do 15 godina: 1. mjesto: Amadea Begovi\u0107, Celje, Slovenija (15 let) 2. &hellip; Continue reading \"Pobjednici 2016\"","og_url":"https:\/\/brezice.eu\/festival\/hr\/zmagovalci-2016\/","og_site_name":"Mednarodni otro\u0161ki pevski festival Bre\u017eice","article_modified_time":"2018-03-02T10:14:02+00:00","twitter_card":"summary_large_image","twitter_misc":{"Est. reading time":"1 minute"},"schema":{"@context":"https:\/\/schema.org","@graph":[{"@type":"WebPage","@id":"https:\/\/brezice.eu\/festival\/hr\/zmagovalci-2016\/","url":"https:\/\/brezice.eu\/festival\/hr\/zmagovalci-2016\/","name":"Pobjednici 2016 - Mednarodni otro\u0161ki pevski festival Bre\u017eice","isPartOf":{"@id":"https:\/\/brezice.eu\/festival\/hr\/#website"},"datePublished":"2018-03-02T09:48:45+00:00","dateModified":"2018-03-02T10:14:02+00:00","breadcrumb":{"@id":"https:\/\/brezice.eu\/festival\/hr\/zmagovalci-2016\/#breadcrumb"},"inLanguage":"hr-HR","potentialAction":[{"@type":"ReadAction","target":["https:\/\/brezice.eu\/festival\/hr\/zmagovalci-2016\/"]}]},{"@type":"BreadcrumbList","@id":"https:\/\/brezice.eu\/festival\/hr\/zmagovalci-2016\/#breadcrumb","itemListElement":[{"@type":"ListItem","position":1,"name":"Home","item":"https:\/\/brezice.eu\/festival\/hr\/"},{"@type":"ListItem","position":2,"name":"Pobjednici 2016"}]},{"@type":"WebSite","@id":"https:\/\/brezice.eu\/festival\/hr\/#website","url":"https:\/\/brezice.eu\/festival\/hr\/","name":"Mednarodni otro\u0161ki pevski festival Bre\u017eice","description":"Predstavljamo vam najbolj\u0161e mlade evropske pevce od 6 do vklju\u010dno 17 let","publisher":{"@id":"https:\/\/brezice.eu\/festival\/hr\/#organization"},"potentialAction":[{"@type":"SearchAction","target":{"@type":"EntryPoint","urlTemplate":"https:\/\/brezice.eu\/festival\/hr\/?s={search_term_string}"},"query-input":{"@type":"PropertyValueSpecification","valueRequired":true,"valueName":"search_term_string"}}],"inLanguage":"hr-HR"},{"@type":"Organization","@id":"https:\/\/brezice.eu\/festival\/hr\/#organization","name":"Mednarodni otro\u0161ki pevski festival Bre\u017eice","url":"https:\/\/brezice.eu\/festival\/hr\/","logo":{"@type":"ImageObject","inLanguage":"hr-HR","@id":"https:\/\/brezice.eu\/festival\/hr\/#\/schema\/logo\/image\/","url":"https:\/\/brezice.eu\/festival\/wp-content\/uploads\/2020\/02\/cropped-MOPFBrezice-logo-z-belim-ozadjem-transparent-1.png","contentUrl":"https:\/\/brezice.eu\/festival\/wp-content\/uploads\/2020\/02\/cropped-MOPFBrezice-logo-z-belim-ozadjem-transparent-1.png","width":990,"height":250,"caption":"Mednarodni otro\u0161ki pevski festival Bre\u017eice"},"image":{"@id":"https:\/\/brezice.eu\/festival\/hr\/#\/schema\/logo\/image\/"}}]}},"rttpg_featured_image_url":null,"rttpg_author":{"display_name":"Maks","author_link":"https:\/\/brezice.eu\/festival\/hr\/author\/maks\/"},"rttpg_comment":0,"rttpg_category":false,"rttpg_excerpt":"Pobjednici stru\u010dnog \u017eirija 2016 U grupi od 6 do 10 godina: 1. mjesto: \u0160pela Zalokar \u0160kaler, Bre\u017eice, Slovenija (10 let) 2. mjesto: Eva Julija Borov\u0161ak, \u017dupelevec, Slovenija (8 let) 3. mjesto: Karla Miklau\u017ei\u0107, Hum na Sutli, Hrvatska (9 let) U grupi od 11 do 15 godina: 1. mjesto: Amadea Begovi\u0107, Celje, Slovenija (15 let) 2.&hellip;","_links":{"self":[{"href":"https:\/\/brezice.eu\/festival\/hr\/wp-json\/wp\/v2\/pages\/314","targetHints":{"allow":["GET"]}}],"collection":[{"href":"https:\/\/brezice.eu\/festival\/hr\/wp-json\/wp\/v2\/pages"}],"about":[{"href":"https:\/\/brezice.eu\/festival\/hr\/wp-json\/wp\/v2\/types\/page"}],"author":[{"embeddable":true,"href":"https:\/\/brezice.eu\/festival\/hr\/wp-json\/wp\/v2\/users\/1"}],"replies":[{"embeddable":true,"href":"https:\/\/brezice.eu\/festival\/hr\/wp-json\/wp\/v2\/comments?post=314"}],"version-history":[{"count":4,"href":"https:\/\/brezice.eu\/festival\/hr\/wp-json\/wp\/v2\/pages\/314\/revisions"}],"predecessor-version":[{"id":340,"href":"https:\/\/brezice.eu\/festival\/hr\/wp-json\/wp\/v2\/pages\/314\/revisions\/340"}],"wp:attachment":[{"href":"https:\/\/brezice.eu\/festival\/hr\/wp-json\/wp\/v2\/media?parent=314"}],"curies":[{"name":"wp","href":"https:\/\/api.w.org\/{rel}","templated":true}]}}