{"id":2958,"date":"2025-08-26T15:45:35","date_gmt":"2025-08-26T13:45:35","guid":{"rendered":"https:\/\/brezice.eu\/festival\/?page_id=2958"},"modified":"2025-09-01T17:15:10","modified_gmt":"2025-09-01T15:15:10","slug":"fotografije-2025","status":"publish","type":"page","link":"https:\/\/brezice.eu\/festival\/hr\/fotografije-2025\/","title":{"rendered":"Fotografije 2025"},"content":{"rendered":"<p>Galerije 2025:<\/p>\n<p>Fotograf: <a href=\"https:\/\/www.lukarudman.com\/\" target=\"_blank\" rel=\"noopener noreferrer\">Luka Rudman<\/a><\/p>\n<p><!--StartFragment --><\/p>\n<p>Kliknite na pojedinu sli\u010dicu za pregled kako bi se otvorila galerija s vi\u0161e od 100 fotografija!<\/p>\n<p><!--EndFragment --><\/p>\n<p><figure class=\"embed-gphotos  wp-caption\"><a href=\"https:\/\/photos.google.com\/share\/AF1QipNIGAE3tzgTUwz-81VTFUddTtgukvAvCH-Ke2XzymeOCrwMerwBhB14fqrL5vm2HA?key=M2lLYXp0N3Z3eGRUOGtTZVA1dnVKa2NQcmpnTEpR\" target=\"_blank\"><img loading=\"lazy\" decoding=\"async\"    src=\"https:\/\/lh3.googleusercontent.com\/pw\/AP1GczMzdHuQNudnvQKArRf2m5wbAOAFddyRKDLIcVecfVun1yK8pS_mdeM5ZpZu0D5CCAerGE01jxejxIWoFoPQ8ODqFAdSnLAsQBr46mP0Cut-ccvBet9L=w525-h788\" width=\"525\" height=\"350\"   ><\/a><figcaption class=\"wp-caption-text\"><a href=\"https:\/\/photos.google.com\/share\/AF1QipNIGAE3tzgTUwz-81VTFUddTtgukvAvCH-Ke2XzymeOCrwMerwBhB14fqrL5vm2HA?key=M2lLYXp0N3Z3eGRUOGtTZVA1dnVKa2NQcmpnTEpR\" target=\"_blank\">Polfinale 1. del &#8211; 9. Mednarodni otro\u0161ki pevski festival Bre\u017eice \u00b7 Friday, Aug 22 \ud83d\udcf8 \/ Google Photos<\/a><\/figcaption><\/figure><\/p>\n<p><figure class=\"embed-gphotos  wp-caption\"><a href=\"https:\/\/photos.google.com\/share\/AF1QipOKXLF2bzyzPjAG9M5LBC_fBiVpAcp2t6JHDyJbHtnZClsdDW9CpNBfGDgE4aRexQ?key=d19jWS1fdEZuSWRWZ2h1WnRXbmxyMWVZU1R1Q0N3\" target=\"_blank\"><img loading=\"lazy\" decoding=\"async\"    src=\"https:\/\/lh3.googleusercontent.com\/pw\/AP1GczPibjxtDi3k5rFwX-S0MLsf2_OxZ-_Usdf5B_UAO9qbbOMrKnNkSQyMz9PIBTlUqYe568z4NjuVSaQ-vTMlorwwRRzusWizwHpe_OGebQI-SZDUkfVQ=w525-h788\" width=\"525\" height=\"350\"   ><\/a><figcaption class=\"wp-caption-text\"><a href=\"https:\/\/photos.google.com\/share\/AF1QipOKXLF2bzyzPjAG9M5LBC_fBiVpAcp2t6JHDyJbHtnZClsdDW9CpNBfGDgE4aRexQ?key=d19jWS1fdEZuSWRWZ2h1WnRXbmxyMWVZU1R1Q0N3\" target=\"_blank\">Polfinale 2. del &#8211; 9. Mednarodni otro\u0161ki pevski festival Bre\u017eice \u00b7 Saturday, Aug 23 \ud83d\udcf8 \/ Google Photos<\/a><\/figcaption><\/figure><\/p>\n<p><figure class=\"embed-gphotos  wp-caption\"><a href=\"https:\/\/photos.google.com\/share\/AF1QipM1T1xqaNYLh1Wkw27kUFxBk3Iyyw4xGBDzhH9m4FzUxOVNAF9SrL0tlTZtVPEbIA?key=MVBJWk5VcTJqb0NZWTd4WnlLTnI3cEVyMWk1ZUlB\" target=\"_blank\"><img loading=\"lazy\" decoding=\"async\"    src=\"https:\/\/lh3.googleusercontent.com\/pw\/AP1GczOTw-3XKtPbLMtYAPkOiNiquKlP-WdS3bUbATa0JMQ2ZbDvlyuxWbjdDrLzebSx5awxYZtwOHs4SlZnxXwyWKTCkT5Vkaqev9RC0hGLYGZs9PD0CA-U=w525-h788\" width=\"525\" height=\"350\"   ><\/a><figcaption class=\"wp-caption-text\"><a href=\"https:\/\/photos.google.com\/share\/AF1QipM1T1xqaNYLh1Wkw27kUFxBk3Iyyw4xGBDzhH9m4FzUxOVNAF9SrL0tlTZtVPEbIA?key=MVBJWk5VcTJqb0NZWTd4WnlLTnI3cEVyMWk1ZUlB\" target=\"_blank\">Veliki finale &#8211; 9. Mednarodni otro\u0161ki pevski festival Bre\u017eice \u00b7 Aug 24\u2009\u2013\u200925 \ud83d\udcf8 \/ Google Photos<\/a><\/figcaption><\/figure><\/p>\n\n\n<p><\/p>\n","protected":false},"excerpt":{"rendered":"<p>Galerije 2025: Fotograf: Luka Rudman Kliknite na pojedinu sli\u010dicu za pregled kako bi se otvorila galerija s vi\u0161e od 100 fotografija! Polfinale 1. del &#8211; 9. Mednarodni otro\u0161ki pevski festival Bre\u017eice \u00b7 Friday, Aug 22 \ud83d\udcf8 \/ Google Photos Polfinale 2. del &#8211; 9. Mednarodni otro\u0161ki pevski festival Bre\u017eice \u00b7 Saturday, Aug 23 \ud83d\udcf8 \/ &hellip; <\/p>\n<p class=\"link-more\"><a href=\"https:\/\/brezice.eu\/festival\/hr\/fotografije-2025\/\" class=\"more-link\">Continue reading<span class=\"screen-reader-text\"> &#8220;Fotografije 2025&#8221;<\/span><\/a><\/p>\n","protected":false},"author":1,"featured_media":2980,"parent":0,"menu_order":0,"comment_status":"closed","ping_status":"closed","template":"","meta":{"footnotes":""},"class_list":["post-2958","page","type-page","status-publish","has-post-thumbnail","hentry"],"yoast_head":"<!-- This site is optimized with the Yoast SEO plugin v27.3 - https:\/\/yoast.com\/product\/yoast-seo-wordpress\/ -->\n<title>Fotografije 2025 - Mednarodni otro\u0161ki pevski festival Bre\u017eice<\/title>\n<meta name=\"robots\" content=\"index, follow, max-snippet:-1, max-image-preview:large, max-video-preview:-1\" \/>\n<link rel=\"canonical\" href=\"https:\/\/brezice.eu\/festival\/hr\/fotografije-2025\/\" \/>\n<meta property=\"og:locale\" content=\"hr_HR\" \/>\n<meta property=\"og:type\" content=\"article\" \/>\n<meta property=\"og:title\" content=\"Fotografije 2025 - Mednarodni otro\u0161ki pevski festival Bre\u017eice\" \/>\n<meta property=\"og:description\" content=\"Galerije 2025: Fotograf: Luka Rudman Kliknite na pojedinu sli\u010dicu za pregled kako bi se otvorila galerija s vi\u0161e od 100 fotografija! Polfinale 1. del &#8211; 9. Mednarodni otro\u0161ki pevski festival Bre\u017eice \u00b7 Friday, Aug 22 \ud83d\udcf8 \/ Google Photos Polfinale 2. del &#8211; 9. Mednarodni otro\u0161ki pevski festival Bre\u017eice \u00b7 Saturday, Aug 23 \ud83d\udcf8 \/ &hellip; Continue reading &quot;Fotografije 2025&quot;\" \/>\n<meta property=\"og:url\" content=\"https:\/\/brezice.eu\/festival\/hr\/fotografije-2025\/\" \/>\n<meta property=\"og:site_name\" content=\"Mednarodni otro\u0161ki pevski festival Bre\u017eice\" \/>\n<meta property=\"article:modified_time\" content=\"2025-09-01T15:15:10+00:00\" \/>\n<meta property=\"og:image\" content=\"https:\/\/brezice.eu\/festival\/wp-content\/uploads\/2025\/08\/Prvi-del-finalistov-MOPF-Brezice-2025-1-scaled.jpg\" \/>\n\t<meta property=\"og:image:width\" content=\"2560\" \/>\n\t<meta property=\"og:image:height\" content=\"1707\" \/>\n\t<meta property=\"og:image:type\" content=\"image\/jpeg\" \/>\n<meta name=\"twitter:card\" content=\"summary_large_image\" \/>\n<meta name=\"twitter:label1\" content=\"Est. reading time\" \/>\n\t<meta name=\"twitter:data1\" content=\"1 minute\" \/>\n<script type=\"application\/ld+json\" class=\"yoast-schema-graph\">{\"@context\":\"https:\\\/\\\/schema.org\",\"@graph\":[{\"@type\":\"WebPage\",\"@id\":\"https:\\\/\\\/brezice.eu\\\/festival\\\/hr\\\/fotografije-2025\\\/\",\"url\":\"https:\\\/\\\/brezice.eu\\\/festival\\\/hr\\\/fotografije-2025\\\/\",\"name\":\"Fotografije 2025 - Mednarodni otro\u0161ki pevski festival Bre\u017eice\",\"isPartOf\":{\"@id\":\"https:\\\/\\\/brezice.eu\\\/festival\\\/hr\\\/#website\"},\"primaryImageOfPage\":{\"@id\":\"https:\\\/\\\/brezice.eu\\\/festival\\\/hr\\\/fotografije-2025\\\/#primaryimage\"},\"image\":{\"@id\":\"https:\\\/\\\/brezice.eu\\\/festival\\\/hr\\\/fotografije-2025\\\/#primaryimage\"},\"thumbnailUrl\":\"https:\\\/\\\/brezice.eu\\\/festival\\\/wp-content\\\/uploads\\\/2025\\\/09\\\/Mopf-25-Final-36-scaled.jpg\",\"datePublished\":\"2025-08-26T13:45:35+00:00\",\"dateModified\":\"2025-09-01T15:15:10+00:00\",\"breadcrumb\":{\"@id\":\"https:\\\/\\\/brezice.eu\\\/festival\\\/hr\\\/fotografije-2025\\\/#breadcrumb\"},\"inLanguage\":\"hr-HR\",\"potentialAction\":[{\"@type\":\"ReadAction\",\"target\":[\"https:\\\/\\\/brezice.eu\\\/festival\\\/hr\\\/fotografije-2025\\\/\"]}]},{\"@type\":\"ImageObject\",\"inLanguage\":\"hr-HR\",\"@id\":\"https:\\\/\\\/brezice.eu\\\/festival\\\/hr\\\/fotografije-2025\\\/#primaryimage\",\"url\":\"https:\\\/\\\/brezice.eu\\\/festival\\\/wp-content\\\/uploads\\\/2025\\\/09\\\/Mopf-25-Final-36-scaled.jpg\",\"contentUrl\":\"https:\\\/\\\/brezice.eu\\\/festival\\\/wp-content\\\/uploads\\\/2025\\\/09\\\/Mopf-25-Final-36-scaled.jpg\",\"width\":2560,\"height\":1707},{\"@type\":\"BreadcrumbList\",\"@id\":\"https:\\\/\\\/brezice.eu\\\/festival\\\/hr\\\/fotografije-2025\\\/#breadcrumb\",\"itemListElement\":[{\"@type\":\"ListItem\",\"position\":1,\"name\":\"Home\",\"item\":\"https:\\\/\\\/brezice.eu\\\/festival\\\/hr\\\/\"},{\"@type\":\"ListItem\",\"position\":2,\"name\":\"Fotografije 2025\"}]},{\"@type\":\"WebSite\",\"@id\":\"https:\\\/\\\/brezice.eu\\\/festival\\\/hr\\\/#website\",\"url\":\"https:\\\/\\\/brezice.eu\\\/festival\\\/hr\\\/\",\"name\":\"Mednarodni otro\u0161ki pevski festival Bre\u017eice\",\"description\":\"Predstavljamo vam najbolj\u0161e mlade evropske pevce od 6 do vklju\u010dno 17 let\",\"publisher\":{\"@id\":\"https:\\\/\\\/brezice.eu\\\/festival\\\/hr\\\/#organization\"},\"potentialAction\":[{\"@type\":\"SearchAction\",\"target\":{\"@type\":\"EntryPoint\",\"urlTemplate\":\"https:\\\/\\\/brezice.eu\\\/festival\\\/hr\\\/?s={search_term_string}\"},\"query-input\":{\"@type\":\"PropertyValueSpecification\",\"valueRequired\":true,\"valueName\":\"search_term_string\"}}],\"inLanguage\":\"hr-HR\"},{\"@type\":\"Organization\",\"@id\":\"https:\\\/\\\/brezice.eu\\\/festival\\\/hr\\\/#organization\",\"name\":\"Mednarodni otro\u0161ki pevski festival Bre\u017eice\",\"url\":\"https:\\\/\\\/brezice.eu\\\/festival\\\/hr\\\/\",\"logo\":{\"@type\":\"ImageObject\",\"inLanguage\":\"hr-HR\",\"@id\":\"https:\\\/\\\/brezice.eu\\\/festival\\\/hr\\\/#\\\/schema\\\/logo\\\/image\\\/\",\"url\":\"https:\\\/\\\/brezice.eu\\\/festival\\\/wp-content\\\/uploads\\\/2020\\\/02\\\/cropped-MOPFBrezice-logo-z-belim-ozadjem-transparent-1.png\",\"contentUrl\":\"https:\\\/\\\/brezice.eu\\\/festival\\\/wp-content\\\/uploads\\\/2020\\\/02\\\/cropped-MOPFBrezice-logo-z-belim-ozadjem-transparent-1.png\",\"width\":990,\"height\":250,\"caption\":\"Mednarodni otro\u0161ki pevski festival Bre\u017eice\"},\"image\":{\"@id\":\"https:\\\/\\\/brezice.eu\\\/festival\\\/hr\\\/#\\\/schema\\\/logo\\\/image\\\/\"}}]}<\/script>\n<!-- \/ Yoast SEO plugin. -->","yoast_head_json":{"title":"Fotografije 2025 - Mednarodni otro\u0161ki pevski festival Bre\u017eice","robots":{"index":"index","follow":"follow","max-snippet":"max-snippet:-1","max-image-preview":"max-image-preview:large","max-video-preview":"max-video-preview:-1"},"canonical":"https:\/\/brezice.eu\/festival\/hr\/fotografije-2025\/","og_locale":"hr_HR","og_type":"article","og_title":"Fotografije 2025 - Mednarodni otro\u0161ki pevski festival Bre\u017eice","og_description":"Galerije 2025: Fotograf: Luka Rudman Kliknite na pojedinu sli\u010dicu za pregled kako bi se otvorila galerija s vi\u0161e od 100 fotografija! Polfinale 1. del &#8211; 9. Mednarodni otro\u0161ki pevski festival Bre\u017eice \u00b7 Friday, Aug 22 \ud83d\udcf8 \/ Google Photos Polfinale 2. del &#8211; 9. Mednarodni otro\u0161ki pevski festival Bre\u017eice \u00b7 Saturday, Aug 23 \ud83d\udcf8 \/ &hellip; Continue reading \"Fotografije 2025\"","og_url":"https:\/\/brezice.eu\/festival\/hr\/fotografije-2025\/","og_site_name":"Mednarodni otro\u0161ki pevski festival Bre\u017eice","article_modified_time":"2025-09-01T15:15:10+00:00","og_image":[{"width":2560,"height":1707,"url":"https:\/\/brezice.eu\/festival\/wp-content\/uploads\/2025\/08\/Prvi-del-finalistov-MOPF-Brezice-2025-1-scaled.jpg","type":"image\/jpeg"}],"twitter_card":"summary_large_image","twitter_misc":{"Est. reading time":"1 minute"},"schema":{"@context":"https:\/\/schema.org","@graph":[{"@type":"WebPage","@id":"https:\/\/brezice.eu\/festival\/hr\/fotografije-2025\/","url":"https:\/\/brezice.eu\/festival\/hr\/fotografije-2025\/","name":"Fotografije 2025 - Mednarodni otro\u0161ki pevski festival Bre\u017eice","isPartOf":{"@id":"https:\/\/brezice.eu\/festival\/hr\/#website"},"primaryImageOfPage":{"@id":"https:\/\/brezice.eu\/festival\/hr\/fotografije-2025\/#primaryimage"},"image":{"@id":"https:\/\/brezice.eu\/festival\/hr\/fotografije-2025\/#primaryimage"},"thumbnailUrl":"https:\/\/brezice.eu\/festival\/wp-content\/uploads\/2025\/09\/Mopf-25-Final-36-scaled.jpg","datePublished":"2025-08-26T13:45:35+00:00","dateModified":"2025-09-01T15:15:10+00:00","breadcrumb":{"@id":"https:\/\/brezice.eu\/festival\/hr\/fotografije-2025\/#breadcrumb"},"inLanguage":"hr-HR","potentialAction":[{"@type":"ReadAction","target":["https:\/\/brezice.eu\/festival\/hr\/fotografije-2025\/"]}]},{"@type":"ImageObject","inLanguage":"hr-HR","@id":"https:\/\/brezice.eu\/festival\/hr\/fotografije-2025\/#primaryimage","url":"https:\/\/brezice.eu\/festival\/wp-content\/uploads\/2025\/09\/Mopf-25-Final-36-scaled.jpg","contentUrl":"https:\/\/brezice.eu\/festival\/wp-content\/uploads\/2025\/09\/Mopf-25-Final-36-scaled.jpg","width":2560,"height":1707},{"@type":"BreadcrumbList","@id":"https:\/\/brezice.eu\/festival\/hr\/fotografije-2025\/#breadcrumb","itemListElement":[{"@type":"ListItem","position":1,"name":"Home","item":"https:\/\/brezice.eu\/festival\/hr\/"},{"@type":"ListItem","position":2,"name":"Fotografije 2025"}]},{"@type":"WebSite","@id":"https:\/\/brezice.eu\/festival\/hr\/#website","url":"https:\/\/brezice.eu\/festival\/hr\/","name":"Mednarodni otro\u0161ki pevski festival Bre\u017eice","description":"Predstavljamo vam najbolj\u0161e mlade evropske pevce od 6 do vklju\u010dno 17 let","publisher":{"@id":"https:\/\/brezice.eu\/festival\/hr\/#organization"},"potentialAction":[{"@type":"SearchAction","target":{"@type":"EntryPoint","urlTemplate":"https:\/\/brezice.eu\/festival\/hr\/?s={search_term_string}"},"query-input":{"@type":"PropertyValueSpecification","valueRequired":true,"valueName":"search_term_string"}}],"inLanguage":"hr-HR"},{"@type":"Organization","@id":"https:\/\/brezice.eu\/festival\/hr\/#organization","name":"Mednarodni otro\u0161ki pevski festival Bre\u017eice","url":"https:\/\/brezice.eu\/festival\/hr\/","logo":{"@type":"ImageObject","inLanguage":"hr-HR","@id":"https:\/\/brezice.eu\/festival\/hr\/#\/schema\/logo\/image\/","url":"https:\/\/brezice.eu\/festival\/wp-content\/uploads\/2020\/02\/cropped-MOPFBrezice-logo-z-belim-ozadjem-transparent-1.png","contentUrl":"https:\/\/brezice.eu\/festival\/wp-content\/uploads\/2020\/02\/cropped-MOPFBrezice-logo-z-belim-ozadjem-transparent-1.png","width":990,"height":250,"caption":"Mednarodni otro\u0161ki pevski festival Bre\u017eice"},"image":{"@id":"https:\/\/brezice.eu\/festival\/hr\/#\/schema\/logo\/image\/"}}]}},"rttpg_featured_image_url":{"full":["https:\/\/brezice.eu\/festival\/wp-content\/uploads\/2025\/09\/Mopf-25-Final-36-scaled.jpg",2560,1707,false],"landscape":["https:\/\/brezice.eu\/festival\/wp-content\/uploads\/2025\/09\/Mopf-25-Final-36-scaled.jpg",2560,1707,false],"portraits":["https:\/\/brezice.eu\/festival\/wp-content\/uploads\/2025\/09\/Mopf-25-Final-36-scaled.jpg",2560,1707,false],"thumbnail":["https:\/\/brezice.eu\/festival\/wp-content\/uploads\/2025\/09\/Mopf-25-Final-36-150x150.jpg",150,150,true],"medium":["https:\/\/brezice.eu\/festival\/wp-content\/uploads\/2025\/09\/Mopf-25-Final-36-300x200.jpg",300,200,true],"large":["https:\/\/brezice.eu\/festival\/wp-content\/uploads\/2025\/09\/Mopf-25-Final-36-1024x683.jpg",525,350,true],"1536x1536":["https:\/\/brezice.eu\/festival\/wp-content\/uploads\/2025\/09\/Mopf-25-Final-36-1536x1024.jpg",1536,1024,true],"2048x2048":["https:\/\/brezice.eu\/festival\/wp-content\/uploads\/2025\/09\/Mopf-25-Final-36-2048x1365.jpg",2048,1365,true],"twentyseventeen-featured-image":["https:\/\/brezice.eu\/festival\/wp-content\/uploads\/2025\/09\/Mopf-25-Final-36-2000x1200.jpg",2000,1200,true],"twentyseventeen-thumbnail-avatar":["https:\/\/brezice.eu\/festival\/wp-content\/uploads\/2025\/09\/Mopf-25-Final-36-100x100.jpg",100,100,true]},"rttpg_author":{"display_name":"Maks","author_link":"https:\/\/brezice.eu\/festival\/hr\/author\/maks\/"},"rttpg_comment":0,"rttpg_category":" <a href=\"https:\/\/brezice.eu\/festival\/hr\/?taxonomy=translation_priority&#038;term=optional-hr\" rel=\"tag\">Optional<\/a>","rttpg_excerpt":"Galerije 2025: Fotograf: Luka Rudman Kliknite na pojedinu sli\u010dicu za pregled kako bi se otvorila galerija s vi\u0161e od 100 fotografija! Polfinale 1. del &#8211; 9. Mednarodni otro\u0161ki pevski festival Bre\u017eice \u00b7 Friday, Aug 22 \ud83d\udcf8 \/ Google Photos Polfinale 2. del &#8211; 9. Mednarodni otro\u0161ki pevski festival Bre\u017eice \u00b7 Saturday, Aug 23 \ud83d\udcf8 \/&hellip;","_links":{"self":[{"href":"https:\/\/brezice.eu\/festival\/hr\/wp-json\/wp\/v2\/pages\/2958","targetHints":{"allow":["GET"]}}],"collection":[{"href":"https:\/\/brezice.eu\/festival\/hr\/wp-json\/wp\/v2\/pages"}],"about":[{"href":"https:\/\/brezice.eu\/festival\/hr\/wp-json\/wp\/v2\/types\/page"}],"author":[{"embeddable":true,"href":"https:\/\/brezice.eu\/festival\/hr\/wp-json\/wp\/v2\/users\/1"}],"replies":[{"embeddable":true,"href":"https:\/\/brezice.eu\/festival\/hr\/wp-json\/wp\/v2\/comments?post=2958"}],"version-history":[{"count":4,"href":"https:\/\/brezice.eu\/festival\/hr\/wp-json\/wp\/v2\/pages\/2958\/revisions"}],"predecessor-version":[{"id":2978,"href":"https:\/\/brezice.eu\/festival\/hr\/wp-json\/wp\/v2\/pages\/2958\/revisions\/2978"}],"wp:featuredmedia":[{"embeddable":true,"href":"https:\/\/brezice.eu\/festival\/hr\/wp-json\/wp\/v2\/media\/2980"}],"wp:attachment":[{"href":"https:\/\/brezice.eu\/festival\/hr\/wp-json\/wp\/v2\/media?parent=2958"}],"curies":[{"name":"wp","href":"https:\/\/api.w.org\/{rel}","templated":true}]}}