{"id":2388,"date":"2026-02-15T17:52:04","date_gmt":"2026-02-15T16:52:04","guid":{"rendered":"https:\/\/brezice.eu\/festival\/?page_id=2388"},"modified":"2026-03-01T19:01:35","modified_gmt":"2026-03-01T18:01:35","slug":"prijavnica-2026","status":"publish","type":"page","link":"https:\/\/brezice.eu\/festival\/hr\/prijavnica-2026\/","title":{"rendered":"Natje\u010daj 2026"},"content":{"rendered":"\n<h1 class=\"wp-block-heading\"><strong>Natje\u010daj za 10. Me\u0111unarodni dje\u010dji pjeva\u010dki festival Bre\u017eice 2026<\/strong><\/h1>\n\n\n\n<p>Festival je besplatan = 0 EUR.<\/p>\n\n\n\n<p>Mednarodni otro\u0161ki pevski festival Bre\u017eice 2026<\/p>\n\n\n\n<p>Organizator:<br>Partitura d.o.o.<br>Gornji trg 20<br>1000 Ljubljana<\/p>\n\n\n\n<p>Dragi roditelji, mentori, pjeva\u010dice i pjeva\u010di,<\/p>\n\n\n\n<p>objavljujemo poziv za sudjelovanje na 10. Me\u0111unarodnom dje\u010djem pjeva\u010dkom festivalu Bre\u017eice 2026 (MOPF Bre\u017eice).<br>Kao i do sada, pjeva\u010dice i pjeva\u010di od 6 do 17 godina mogu se prijaviti na festival u tri dobne skupine:<\/p>\n\n\n\n<p><strong>Prva dobna skupina, od 6 do 9 godina<\/strong><br>Prijavitelji moraju biti roditelji ili skrbnici u\u010desnika, dok mentori mogu pomo\u0107i prilikom same prijave. Kandidati se mogu prijaviti s jednom od omiljenih pjesama iz niza zabavnih \u017eanrova na bilo kojem jeziku. Podnositelji prijava moraju osigurati glazbenu podlogu du\u017eine <strong>maksimalno 4 minute<\/strong> u <strong>mp3<\/strong> formatu, s najmanje 192 kbps bitne brzine te istu poslati je u prijavnici na check-in. Kandidati \u0107e morati potpisati izjave o prihva\u0107anju uvjeta sudjelovanja i izjave o BDPR-u.<\/p>\n\n\n\n<p><strong>Druga dobna skupina, od 10 do 13 godina<\/strong><br>Prijavitelji moraju biti roditelji ili skrbnici u\u010desnika, dok mentori mogu pomo\u0107i prilikom same prijave. Kandidati se mogu prijaviti s jednom od omiljenih pjesama iz niza zabavnih \u017eanrova na bilo kojem jeziku. Podnositelji prijava moraju osigurati glazbenu podlogu du\u017eine <strong>maksimalno 4 minute<\/strong> u <strong>mp3<\/strong> formatu, s najmanje 192 kbps bitne brzine te istu poslati je u prijavnici na check-in. Kandidati \u0107e morati potpisati izjave o prihva\u0107anju uvjeta sudjelovanja i izjave o BDPR-u.<\/p>\n\n\n\n<p><strong>Tre\u0107a dobna skupina, od 14 do 17 godina<\/strong><br>Prijavitelji moraju biti roditelji ili skrbnici u\u010desnika, dok mentori mogu pomo\u0107i prilikom same prijave. Kandidati se mogu prijaviti s pjesmom koja je napisana posebno za njih i koja do sada jo\u0161 nije izvedena na festivalu u Bre\u017eicama, niti izdana ili snimana od strane druge osobe ili sa cover pjesmom. Glazbena podloga mora biti du\u017eine <strong>maksimalno 4 minute<\/strong>, u <strong>mp3<\/strong> formatu, s najmanje 192 kbps bitne brzine, bez snimljenog glavnog vokala. Podnositelji prijava moraju potpisati izjavu o prihva\u0107anju uvjeta sudjelovanja, izjave i izjave autora, potencijalnih izdava\u010da i izvo\u0111a\u010da o dodjeli prava na neograni\u010deno kori\u0161tenje pjesme za potrebe MOPF-a Bre\u017eice.<\/p>\n\n\n\n<p>Podnositelj zahtjeva mora biti jedan od roditelja, a ne oboje. Podnositelj zahtjeva mo\u017ee biti i zakonski skrbnik djeteta ako dijete nema roditelja. <strong>Mentor ili u\u010ditelj pjevanja ne mo\u017ee biti prijavitelj, jer ne mo\u017ee biti potpisnik izjava o prihva\u0107anju uvjeta sudjelovanja na festivalu.<\/strong><\/p>\n\n\n\n<p>Za uspje\u0161nu elektroni\u010dku registraciju, podnositelj zahtjeva mora imati valjanu adresu elektroni\u010dke po\u0161te i kontakt broj koji organizator mo\u017ee koristiti za komunikaciju, za potrebe organizacije MOPF Bre\u017eice.<\/p>\n\n\n\n<p>Nakon uspje\u0161nog podno\u0161enja elektroni\u010dke prijave na festivalsku audiciju, automatski \u0107ete primiti e-po\u0161tu (potvrdu prijave). Na audiciji \u0107e prijavitelj potpisati izjave o prihva\u0107anju uvjeta sudjelovanja na festivalu. U slu\u010daju uspje\u0161ne audicije, trebati \u0107emo jo\u0161 izjave autora, potencijalnih izdava\u010da i izvo\u0111a\u010da o dodjeli prava na neograni\u010deno kori\u0161tenje pjesme za potrebe MOPF-a Bre\u017eice.<\/p>\n\n\n\n<p>Datumi audicija:<\/p>\n\n\n\n<p>Nedjelja, 14. 6. 2026 u 14:00, u Domu kulture Bre\u017eice, na adresi: Trg Jo\u017eeta Topori\u0161i\u010da 3, Bre\u017eice, Slovenija (U slu\u010daju gu\u017eve, parkirajte tu: <a href=\"https:\/\/maps.app.goo.gl\/bDT724wvkRBFAAG49\" target=\"_blank\" rel=\"noreferrer noopener\">https:\/\/maps.app.goo.gl\/bDT724wvkRBFAAG49<\/a>)<\/p>\n\n\n\n<p>Za sudionike koji su udaljeni vi\u0161e od 100 km od navedenih lokacija, osiguravamo i audiciju sa videom pod sljede\u0107im uvjetima:<br>Ako se odlu\u010dite za audiciju sa snimkom, morate dodati YouTube link sa svojom snimkom pjevanja u\u017eivo uz matricu bez snimljenog izvornog vokala, u suprotnom prijava ne\u0107e biti valjana.&nbsp;<\/p>\n\n\n\n<p>Datum prvog dijela polufinala: 21. 8. 2026<br>Datum 2. dio polufinala: 22. 8. 2026<br>Finalna festivalska ve\u010der: 23. 8. 2026<\/p>\n\n\n\n<p>Rok za prijavu: 1. 6. 2026<\/p>\n\n\n\n<p><strong>Prijavom se podnositelj zahtjeva obvezuje da \u0107e u\u010desnicima festivala omogu\u0107iti sudjelovanje u svim festivalskim aktivnostima prema navedenim terminima.<\/strong><\/p>\n\n\n\n<p>Klikom na gumb &#8220;Prijava&#8230;&#8221; u nastavku suglasni ste da \u0107e organizator sve poslane podatke koristiti za potrebe organizacije festivala, prema pravilima i propisima organizatora, javno i bez ograni\u010denja.<\/p>\n\n\n\n<p>Dva sudionika ne mogu imati istu pjesmu, stoga vrijedi pravilo da pravo na prijavu s odre\u0111enom pjesmom ima onaj koji je prijavu podnio prvi.<\/p>\n\n\n\n<div class=\"wp-block-buttons is-layout-flex wp-block-buttons-is-layout-flex\">\n<div class=\"wp-block-button\"><a class=\"wp-block-button__link has-white-color has-vivid-cyan-blue-background-color has-text-color has-background wp-element-button\" href=\"https:\/\/forms.gle\/TW7FC2axvKVkp37m9\" target=\"_blank\" rel=\"noreferrer noopener\">Prijava na Me\u0111unarodni dje\u010dji pjeva\u010dki festival Bre\u017eice 2026<\/a><\/div>\n<\/div>\n\n\n\n<p><\/p>\n","protected":false},"excerpt":{"rendered":"<p>Natje\u010daj za 10. Me\u0111unarodni dje\u010dji pjeva\u010dki festival Bre\u017eice 2026 Festival je besplatan = 0 EUR. Mednarodni otro\u0161ki pevski festival Bre\u017eice 2026 Organizator:Partitura d.o.o.Gornji trg 201000 Ljubljana Dragi roditelji, mentori, pjeva\u010dice i pjeva\u010di, objavljujemo poziv za sudjelovanje na 10. Me\u0111unarodnom dje\u010djem pjeva\u010dkom festivalu Bre\u017eice 2026 (MOPF Bre\u017eice).Kao i do sada, pjeva\u010dice i pjeva\u010di od 6 do &hellip; <\/p>\n<p class=\"link-more\"><a href=\"https:\/\/brezice.eu\/festival\/hr\/prijavnica-2026\/\" class=\"more-link\">Continue reading<span class=\"screen-reader-text\"> &#8220;Natje\u010daj 2026&#8221;<\/span><\/a><\/p>\n","protected":false},"author":1,"featured_media":3075,"parent":0,"menu_order":0,"comment_status":"closed","ping_status":"closed","template":"","meta":{"footnotes":""},"class_list":["post-2388","page","type-page","status-publish","has-post-thumbnail","hentry"],"yoast_head":"<!-- This site is optimized with the Yoast SEO plugin v27.4 - https:\/\/yoast.com\/product\/yoast-seo-wordpress\/ -->\n<title>Natje\u010daj 2026 - Mednarodni otro\u0161ki pevski festival Bre\u017eice<\/title>\n<meta name=\"robots\" content=\"index, follow, max-snippet:-1, max-image-preview:large, max-video-preview:-1\" \/>\n<link rel=\"canonical\" href=\"https:\/\/brezice.eu\/festival\/hr\/prijavnica-2026\/\" \/>\n<meta property=\"og:locale\" content=\"hr_HR\" \/>\n<meta property=\"og:type\" content=\"article\" \/>\n<meta property=\"og:title\" content=\"Natje\u010daj 2026 - Mednarodni otro\u0161ki pevski festival Bre\u017eice\" \/>\n<meta property=\"og:description\" content=\"Natje\u010daj za 10. Me\u0111unarodni dje\u010dji pjeva\u010dki festival Bre\u017eice 2026 Festival je besplatan = 0 EUR. Mednarodni otro\u0161ki pevski festival Bre\u017eice 2026 Organizator:Partitura d.o.o.Gornji trg 201000 Ljubljana Dragi roditelji, mentori, pjeva\u010dice i pjeva\u010di, objavljujemo poziv za sudjelovanje na 10. Me\u0111unarodnom dje\u010djem pjeva\u010dkom festivalu Bre\u017eice 2026 (MOPF Bre\u017eice).Kao i do sada, pjeva\u010dice i pjeva\u010di od 6 do &hellip; Continue reading &quot;Natje\u010daj 2026&quot;\" \/>\n<meta property=\"og:url\" content=\"https:\/\/brezice.eu\/festival\/hr\/prijavnica-2026\/\" \/>\n<meta property=\"og:site_name\" content=\"Mednarodni otro\u0161ki pevski festival Bre\u017eice\" \/>\n<meta property=\"article:modified_time\" content=\"2026-03-01T18:01:35+00:00\" \/>\n<meta property=\"og:image\" content=\"https:\/\/brezice.eu\/festival\/wp-content\/uploads\/2024\/08\/Nagrajenci-po-mnenju-obcinstva-z-ostalimi.jpg\" \/>\n\t<meta property=\"og:image:width\" content=\"2000\" \/>\n\t<meta property=\"og:image:height\" content=\"1330\" \/>\n\t<meta property=\"og:image:type\" content=\"image\/jpeg\" \/>\n<meta name=\"twitter:card\" content=\"summary_large_image\" \/>\n<meta name=\"twitter:label1\" content=\"Est. reading time\" \/>\n\t<meta name=\"twitter:data1\" content=\"4 minutes\" \/>\n<script type=\"application\/ld+json\" class=\"yoast-schema-graph\">{\"@context\":\"https:\\\/\\\/schema.org\",\"@graph\":[{\"@type\":\"WebPage\",\"@id\":\"https:\\\/\\\/brezice.eu\\\/festival\\\/hr\\\/prijavnica-2026\\\/\",\"url\":\"https:\\\/\\\/brezice.eu\\\/festival\\\/hr\\\/prijavnica-2026\\\/\",\"name\":\"Natje\u010daj 2026 - Mednarodni otro\u0161ki pevski festival Bre\u017eice\",\"isPartOf\":{\"@id\":\"https:\\\/\\\/brezice.eu\\\/festival\\\/hr\\\/#website\"},\"primaryImageOfPage\":{\"@id\":\"https:\\\/\\\/brezice.eu\\\/festival\\\/hr\\\/prijavnica-2026\\\/#primaryimage\"},\"image\":{\"@id\":\"https:\\\/\\\/brezice.eu\\\/festival\\\/hr\\\/prijavnica-2026\\\/#primaryimage\"},\"thumbnailUrl\":\"https:\\\/\\\/brezice.eu\\\/festival\\\/wp-content\\\/uploads\\\/2026\\\/03\\\/Mopf-25-Final-108-scaled.jpg\",\"datePublished\":\"2026-02-15T16:52:04+00:00\",\"dateModified\":\"2026-03-01T18:01:35+00:00\",\"breadcrumb\":{\"@id\":\"https:\\\/\\\/brezice.eu\\\/festival\\\/hr\\\/prijavnica-2026\\\/#breadcrumb\"},\"inLanguage\":\"hr-HR\",\"potentialAction\":[{\"@type\":\"ReadAction\",\"target\":[\"https:\\\/\\\/brezice.eu\\\/festival\\\/hr\\\/prijavnica-2026\\\/\"]}]},{\"@type\":\"ImageObject\",\"inLanguage\":\"hr-HR\",\"@id\":\"https:\\\/\\\/brezice.eu\\\/festival\\\/hr\\\/prijavnica-2026\\\/#primaryimage\",\"url\":\"https:\\\/\\\/brezice.eu\\\/festival\\\/wp-content\\\/uploads\\\/2026\\\/03\\\/Mopf-25-Final-108-scaled.jpg\",\"contentUrl\":\"https:\\\/\\\/brezice.eu\\\/festival\\\/wp-content\\\/uploads\\\/2026\\\/03\\\/Mopf-25-Final-108-scaled.jpg\",\"width\":2560,\"height\":1707},{\"@type\":\"BreadcrumbList\",\"@id\":\"https:\\\/\\\/brezice.eu\\\/festival\\\/hr\\\/prijavnica-2026\\\/#breadcrumb\",\"itemListElement\":[{\"@type\":\"ListItem\",\"position\":1,\"name\":\"Home\",\"item\":\"https:\\\/\\\/brezice.eu\\\/festival\\\/hr\\\/\"},{\"@type\":\"ListItem\",\"position\":2,\"name\":\"Natje\u010daj 2026\"}]},{\"@type\":\"WebSite\",\"@id\":\"https:\\\/\\\/brezice.eu\\\/festival\\\/hr\\\/#website\",\"url\":\"https:\\\/\\\/brezice.eu\\\/festival\\\/hr\\\/\",\"name\":\"Mednarodni otro\u0161ki pevski festival Bre\u017eice\",\"description\":\"Predstavljamo vam najbolj\u0161e mlade evropske pevce od 6 do vklju\u010dno 17 let\",\"publisher\":{\"@id\":\"https:\\\/\\\/brezice.eu\\\/festival\\\/hr\\\/#organization\"},\"potentialAction\":[{\"@type\":\"SearchAction\",\"target\":{\"@type\":\"EntryPoint\",\"urlTemplate\":\"https:\\\/\\\/brezice.eu\\\/festival\\\/hr\\\/?s={search_term_string}\"},\"query-input\":{\"@type\":\"PropertyValueSpecification\",\"valueRequired\":true,\"valueName\":\"search_term_string\"}}],\"inLanguage\":\"hr-HR\"},{\"@type\":\"Organization\",\"@id\":\"https:\\\/\\\/brezice.eu\\\/festival\\\/hr\\\/#organization\",\"name\":\"Mednarodni otro\u0161ki pevski festival Bre\u017eice\",\"url\":\"https:\\\/\\\/brezice.eu\\\/festival\\\/hr\\\/\",\"logo\":{\"@type\":\"ImageObject\",\"inLanguage\":\"hr-HR\",\"@id\":\"https:\\\/\\\/brezice.eu\\\/festival\\\/hr\\\/#\\\/schema\\\/logo\\\/image\\\/\",\"url\":\"https:\\\/\\\/brezice.eu\\\/festival\\\/wp-content\\\/uploads\\\/2020\\\/02\\\/cropped-MOPFBrezice-logo-z-belim-ozadjem-transparent-1.png\",\"contentUrl\":\"https:\\\/\\\/brezice.eu\\\/festival\\\/wp-content\\\/uploads\\\/2020\\\/02\\\/cropped-MOPFBrezice-logo-z-belim-ozadjem-transparent-1.png\",\"width\":990,\"height\":250,\"caption\":\"Mednarodni otro\u0161ki pevski festival Bre\u017eice\"},\"image\":{\"@id\":\"https:\\\/\\\/brezice.eu\\\/festival\\\/hr\\\/#\\\/schema\\\/logo\\\/image\\\/\"}}]}<\/script>\n<!-- \/ Yoast SEO plugin. -->","yoast_head_json":{"title":"Natje\u010daj 2026 - Mednarodni otro\u0161ki pevski festival Bre\u017eice","robots":{"index":"index","follow":"follow","max-snippet":"max-snippet:-1","max-image-preview":"max-image-preview:large","max-video-preview":"max-video-preview:-1"},"canonical":"https:\/\/brezice.eu\/festival\/hr\/prijavnica-2026\/","og_locale":"hr_HR","og_type":"article","og_title":"Natje\u010daj 2026 - Mednarodni otro\u0161ki pevski festival Bre\u017eice","og_description":"Natje\u010daj za 10. Me\u0111unarodni dje\u010dji pjeva\u010dki festival Bre\u017eice 2026 Festival je besplatan = 0 EUR. Mednarodni otro\u0161ki pevski festival Bre\u017eice 2026 Organizator:Partitura d.o.o.Gornji trg 201000 Ljubljana Dragi roditelji, mentori, pjeva\u010dice i pjeva\u010di, objavljujemo poziv za sudjelovanje na 10. Me\u0111unarodnom dje\u010djem pjeva\u010dkom festivalu Bre\u017eice 2026 (MOPF Bre\u017eice).Kao i do sada, pjeva\u010dice i pjeva\u010di od 6 do &hellip; Continue reading \"Natje\u010daj 2026\"","og_url":"https:\/\/brezice.eu\/festival\/hr\/prijavnica-2026\/","og_site_name":"Mednarodni otro\u0161ki pevski festival Bre\u017eice","article_modified_time":"2026-03-01T18:01:35+00:00","og_image":[{"width":2000,"height":1330,"url":"https:\/\/brezice.eu\/festival\/wp-content\/uploads\/2024\/08\/Nagrajenci-po-mnenju-obcinstva-z-ostalimi.jpg","type":"image\/jpeg"}],"twitter_card":"summary_large_image","twitter_misc":{"Est. reading time":"4 minutes"},"schema":{"@context":"https:\/\/schema.org","@graph":[{"@type":"WebPage","@id":"https:\/\/brezice.eu\/festival\/hr\/prijavnica-2026\/","url":"https:\/\/brezice.eu\/festival\/hr\/prijavnica-2026\/","name":"Natje\u010daj 2026 - Mednarodni otro\u0161ki pevski festival Bre\u017eice","isPartOf":{"@id":"https:\/\/brezice.eu\/festival\/hr\/#website"},"primaryImageOfPage":{"@id":"https:\/\/brezice.eu\/festival\/hr\/prijavnica-2026\/#primaryimage"},"image":{"@id":"https:\/\/brezice.eu\/festival\/hr\/prijavnica-2026\/#primaryimage"},"thumbnailUrl":"https:\/\/brezice.eu\/festival\/wp-content\/uploads\/2026\/03\/Mopf-25-Final-108-scaled.jpg","datePublished":"2026-02-15T16:52:04+00:00","dateModified":"2026-03-01T18:01:35+00:00","breadcrumb":{"@id":"https:\/\/brezice.eu\/festival\/hr\/prijavnica-2026\/#breadcrumb"},"inLanguage":"hr-HR","potentialAction":[{"@type":"ReadAction","target":["https:\/\/brezice.eu\/festival\/hr\/prijavnica-2026\/"]}]},{"@type":"ImageObject","inLanguage":"hr-HR","@id":"https:\/\/brezice.eu\/festival\/hr\/prijavnica-2026\/#primaryimage","url":"https:\/\/brezice.eu\/festival\/wp-content\/uploads\/2026\/03\/Mopf-25-Final-108-scaled.jpg","contentUrl":"https:\/\/brezice.eu\/festival\/wp-content\/uploads\/2026\/03\/Mopf-25-Final-108-scaled.jpg","width":2560,"height":1707},{"@type":"BreadcrumbList","@id":"https:\/\/brezice.eu\/festival\/hr\/prijavnica-2026\/#breadcrumb","itemListElement":[{"@type":"ListItem","position":1,"name":"Home","item":"https:\/\/brezice.eu\/festival\/hr\/"},{"@type":"ListItem","position":2,"name":"Natje\u010daj 2026"}]},{"@type":"WebSite","@id":"https:\/\/brezice.eu\/festival\/hr\/#website","url":"https:\/\/brezice.eu\/festival\/hr\/","name":"Mednarodni otro\u0161ki pevski festival Bre\u017eice","description":"Predstavljamo vam najbolj\u0161e mlade evropske pevce od 6 do vklju\u010dno 17 let","publisher":{"@id":"https:\/\/brezice.eu\/festival\/hr\/#organization"},"potentialAction":[{"@type":"SearchAction","target":{"@type":"EntryPoint","urlTemplate":"https:\/\/brezice.eu\/festival\/hr\/?s={search_term_string}"},"query-input":{"@type":"PropertyValueSpecification","valueRequired":true,"valueName":"search_term_string"}}],"inLanguage":"hr-HR"},{"@type":"Organization","@id":"https:\/\/brezice.eu\/festival\/hr\/#organization","name":"Mednarodni otro\u0161ki pevski festival Bre\u017eice","url":"https:\/\/brezice.eu\/festival\/hr\/","logo":{"@type":"ImageObject","inLanguage":"hr-HR","@id":"https:\/\/brezice.eu\/festival\/hr\/#\/schema\/logo\/image\/","url":"https:\/\/brezice.eu\/festival\/wp-content\/uploads\/2020\/02\/cropped-MOPFBrezice-logo-z-belim-ozadjem-transparent-1.png","contentUrl":"https:\/\/brezice.eu\/festival\/wp-content\/uploads\/2020\/02\/cropped-MOPFBrezice-logo-z-belim-ozadjem-transparent-1.png","width":990,"height":250,"caption":"Mednarodni otro\u0161ki pevski festival Bre\u017eice"},"image":{"@id":"https:\/\/brezice.eu\/festival\/hr\/#\/schema\/logo\/image\/"}}]}},"rttpg_featured_image_url":{"full":["https:\/\/brezice.eu\/festival\/wp-content\/uploads\/2026\/03\/Mopf-25-Final-108-scaled.jpg",2560,1707,false],"landscape":["https:\/\/brezice.eu\/festival\/wp-content\/uploads\/2026\/03\/Mopf-25-Final-108-scaled.jpg",2560,1707,false],"portraits":["https:\/\/brezice.eu\/festival\/wp-content\/uploads\/2026\/03\/Mopf-25-Final-108-scaled.jpg",2560,1707,false],"thumbnail":["https:\/\/brezice.eu\/festival\/wp-content\/uploads\/2026\/03\/Mopf-25-Final-108-150x150.jpg",150,150,true],"medium":["https:\/\/brezice.eu\/festival\/wp-content\/uploads\/2026\/03\/Mopf-25-Final-108-300x200.jpg",300,200,true],"large":["https:\/\/brezice.eu\/festival\/wp-content\/uploads\/2026\/03\/Mopf-25-Final-108-1024x683.jpg",525,350,true],"1536x1536":["https:\/\/brezice.eu\/festival\/wp-content\/uploads\/2026\/03\/Mopf-25-Final-108-1536x1024.jpg",1536,1024,true],"2048x2048":["https:\/\/brezice.eu\/festival\/wp-content\/uploads\/2026\/03\/Mopf-25-Final-108-2048x1365.jpg",2048,1365,true],"twentyseventeen-featured-image":["https:\/\/brezice.eu\/festival\/wp-content\/uploads\/2026\/03\/Mopf-25-Final-108-2000x1200.jpg",2000,1200,true],"twentyseventeen-thumbnail-avatar":["https:\/\/brezice.eu\/festival\/wp-content\/uploads\/2026\/03\/Mopf-25-Final-108-100x100.jpg",100,100,true]},"rttpg_author":{"display_name":"Maks","author_link":"https:\/\/brezice.eu\/festival\/hr\/author\/maks\/"},"rttpg_comment":0,"rttpg_category":" <a href=\"https:\/\/brezice.eu\/festival\/hr\/?taxonomy=translation_priority&#038;term=optional-hr\" rel=\"tag\">Optional<\/a>","rttpg_excerpt":"Natje\u010daj za 10. Me\u0111unarodni dje\u010dji pjeva\u010dki festival Bre\u017eice 2026 Festival je besplatan = 0 EUR. Mednarodni otro\u0161ki pevski festival Bre\u017eice 2026 Organizator:Partitura d.o.o.Gornji trg 201000 Ljubljana Dragi roditelji, mentori, pjeva\u010dice i pjeva\u010di, objavljujemo poziv za sudjelovanje na 10. Me\u0111unarodnom dje\u010djem pjeva\u010dkom festivalu Bre\u017eice 2026 (MOPF Bre\u017eice).Kao i do sada, pjeva\u010dice i pjeva\u010di od 6 do&hellip;","_links":{"self":[{"href":"https:\/\/brezice.eu\/festival\/hr\/wp-json\/wp\/v2\/pages\/2388","targetHints":{"allow":["GET"]}}],"collection":[{"href":"https:\/\/brezice.eu\/festival\/hr\/wp-json\/wp\/v2\/pages"}],"about":[{"href":"https:\/\/brezice.eu\/festival\/hr\/wp-json\/wp\/v2\/types\/page"}],"author":[{"embeddable":true,"href":"https:\/\/brezice.eu\/festival\/hr\/wp-json\/wp\/v2\/users\/1"}],"replies":[{"embeddable":true,"href":"https:\/\/brezice.eu\/festival\/hr\/wp-json\/wp\/v2\/comments?post=2388"}],"version-history":[{"count":13,"href":"https:\/\/brezice.eu\/festival\/hr\/wp-json\/wp\/v2\/pages\/2388\/revisions"}],"predecessor-version":[{"id":3060,"href":"https:\/\/brezice.eu\/festival\/hr\/wp-json\/wp\/v2\/pages\/2388\/revisions\/3060"}],"wp:featuredmedia":[{"embeddable":true,"href":"https:\/\/brezice.eu\/festival\/hr\/wp-json\/wp\/v2\/media\/3075"}],"wp:attachment":[{"href":"https:\/\/brezice.eu\/festival\/hr\/wp-json\/wp\/v2\/media?parent=2388"}],"curies":[{"name":"wp","href":"https:\/\/api.w.org\/{rel}","templated":true}]}}