{"id":219,"date":"2018-03-01T17:13:18","date_gmt":"2018-03-01T16:13:18","guid":{"rendered":"http:\/\/brezice.eu\/festival\/?page_id=219"},"modified":"2018-03-01T18:33:18","modified_gmt":"2018-03-01T17:33:18","slug":"fotografije-2016","status":"publish","type":"page","link":"https:\/\/brezice.eu\/festival\/hr\/fotografije-2016\/","title":{"rendered":"Fotografije 2016"},"content":{"rendered":"<p>Galerije 2016:<br \/>\n&nbsp;<\/p>\n<figure class=\"embed-gphotos  wp-caption\"><a href=\"https:\/\/photos.google.com\/share\/AF1QipN9NhNe3lxr0oPfU_o_hfX-TOoONnhU_o85LL_APo7pNUk9qRK7BqMHHj4ipRdIIw?key=OXZaTndlcm51eEFnSlpsbndNemxlY296WDVKMjhn\" target=\"_blank\"><img loading=\"lazy\" decoding=\"async\"    src=\"https:\/\/lh3.googleusercontent.com\/pw\/AP1GczP_0L4qbAc5kSod75JUCqPGpBRM7vBfOGhw32p2DctJZHrMulVVF4VuEKVHABrKLySB2MO1Lx6od45qUSdymTwevLdFaI6zwqyrnz539nxXVPQgi3M=w525-h788\" width=\"525\" height=\"350\"   ><\/a><figcaption class=\"wp-caption-text\"><a href=\"https:\/\/photos.google.com\/share\/AF1QipN9NhNe3lxr0oPfU_o_hfX-TOoONnhU_o85LL_APo7pNUk9qRK7BqMHHj4ipRdIIw?key=OXZaTndlcm51eEFnSlpsbndNemxlY296WDVKMjhn\" target=\"_blank\">Finalni ve\u010der 2016 &#8211; Mednarodni otro\u0161ki pevski festival Bre\u017eice \/ Google Photos<\/a><\/figcaption><\/figure>\n<p>&nbsp;<\/p>\n<figure class=\"embed-gphotos  wp-caption\"><a href=\"https:\/\/photos.google.com\/share\/AF1QipPUvKXGKZUQF18VvE7dstIdEfc_NDppTA_kNeIOMx2vGFWPLt9rsp1cLqQuciozPg?key=clV1ZGdzOTV3cUZUSjdCVk5MNER2UE9rQTRaamxn\" target=\"_blank\"><img loading=\"lazy\" decoding=\"async\"    src=\"https:\/\/lh3.googleusercontent.com\/pw\/AP1GczN_hnXlBWROS2CYAygdTlwRQDcyeepxutgWRFMq5nobzyU6mCT2kHnrvgqP-eRZeMFsU-w1aCVo0hekOjQgVUUsqOPtu-YqR3s6_Wkq0FgyCU3BKGg=w525-h788\" width=\"525\" height=\"348\"   ><\/a><figcaption class=\"wp-caption-text\"><a href=\"https:\/\/photos.google.com\/share\/AF1QipPUvKXGKZUQF18VvE7dstIdEfc_NDppTA_kNeIOMx2vGFWPLt9rsp1cLqQuciozPg?key=clV1ZGdzOTV3cUZUSjdCVk5MNER2UE9rQTRaamxn\" target=\"_blank\">2. Polfinalni ve\u010der 2016 \/ Google Photos<\/a><\/figcaption><\/figure>\n<p>&nbsp;<\/p>\n<figure class=\"embed-gphotos  wp-caption\"><a href=\"https:\/\/photos.google.com\/share\/AF1QipNiBQPxH6owJBCJUAhqyg3eRTo2iokMj7q-npxo4xmpd3psp3VxmiIOo1FUrhc8fQ?key=T2VTYnhqd21FN2t4ZFRGMHBtV3JVTEtZM0kwM3pR\" target=\"_blank\"><img loading=\"lazy\" decoding=\"async\"    src=\"https:\/\/lh3.googleusercontent.com\/pw\/AP1GczM4l8zMO78IjNTiw3hJaNU8ez1r2ll0mmN3OeKe0S-sQ_nQoxILo7MH-lWHQ_rxU6WRNfNTQz14Le_5GM7N6ZlBh5jp3ozfSqWJv5MsyJEE6yK-KVk=w525-h788\" width=\"525\" height=\"348\"   ><\/a><figcaption class=\"wp-caption-text\"><a href=\"https:\/\/photos.google.com\/share\/AF1QipNiBQPxH6owJBCJUAhqyg3eRTo2iokMj7q-npxo4xmpd3psp3VxmiIOo1FUrhc8fQ?key=T2VTYnhqd21FN2t4ZFRGMHBtV3JVTEtZM0kwM3pR\" target=\"_blank\">1. Polfinalni ve\u010der 2016 \/ Google Photos<\/a><\/figcaption><\/figure>\n<p>&nbsp;<\/p>\n","protected":false},"excerpt":{"rendered":"<p>Galerije 2016: &nbsp; Finalni ve\u010der 2016 &#8211; Mednarodni otro\u0161ki pevski festival Bre\u017eice \/ Google Photos &nbsp; 2. Polfinalni ve\u010der 2016 \/ Google Photos &nbsp; 1. Polfinalni ve\u010der 2016 \/ Google Photos &nbsp;<\/p>\n","protected":false},"author":1,"featured_media":0,"parent":0,"menu_order":0,"comment_status":"closed","ping_status":"closed","template":"","meta":{"footnotes":""},"class_list":["post-219","page","type-page","status-publish","hentry"],"yoast_head":"<!-- This site is optimized with the Yoast SEO plugin v27.3 - https:\/\/yoast.com\/product\/yoast-seo-wordpress\/ -->\n<title>Fotografije 2016 - Mednarodni otro\u0161ki pevski festival Bre\u017eice<\/title>\n<meta name=\"robots\" content=\"index, follow, max-snippet:-1, max-image-preview:large, max-video-preview:-1\" \/>\n<link rel=\"canonical\" href=\"https:\/\/brezice.eu\/festival\/hr\/fotografije-2016\/\" \/>\n<meta property=\"og:locale\" content=\"hr_HR\" \/>\n<meta property=\"og:type\" content=\"article\" \/>\n<meta property=\"og:title\" content=\"Fotografije 2016 - Mednarodni otro\u0161ki pevski festival Bre\u017eice\" \/>\n<meta property=\"og:description\" content=\"Galerije 2016: &nbsp; Finalni ve\u010der 2016 &#8211; Mednarodni otro\u0161ki pevski festival Bre\u017eice \/ Google Photos &nbsp; 2. Polfinalni ve\u010der 2016 \/ Google Photos &nbsp; 1. Polfinalni ve\u010der 2016 \/ Google Photos &nbsp;\" \/>\n<meta property=\"og:url\" content=\"https:\/\/brezice.eu\/festival\/hr\/fotografije-2016\/\" \/>\n<meta property=\"og:site_name\" content=\"Mednarodni otro\u0161ki pevski festival Bre\u017eice\" \/>\n<meta property=\"article:modified_time\" content=\"2018-03-01T17:33:18+00:00\" \/>\n<meta name=\"twitter:card\" content=\"summary_large_image\" \/>\n<script type=\"application\/ld+json\" class=\"yoast-schema-graph\">{\"@context\":\"https:\\\/\\\/schema.org\",\"@graph\":[{\"@type\":\"WebPage\",\"@id\":\"https:\\\/\\\/brezice.eu\\\/festival\\\/hr\\\/fotografije-2016\\\/\",\"url\":\"https:\\\/\\\/brezice.eu\\\/festival\\\/hr\\\/fotografije-2016\\\/\",\"name\":\"Fotografije 2016 - Mednarodni otro\u0161ki pevski festival Bre\u017eice\",\"isPartOf\":{\"@id\":\"https:\\\/\\\/brezice.eu\\\/festival\\\/hr\\\/#website\"},\"datePublished\":\"2018-03-01T16:13:18+00:00\",\"dateModified\":\"2018-03-01T17:33:18+00:00\",\"breadcrumb\":{\"@id\":\"https:\\\/\\\/brezice.eu\\\/festival\\\/hr\\\/fotografije-2016\\\/#breadcrumb\"},\"inLanguage\":\"hr-HR\",\"potentialAction\":[{\"@type\":\"ReadAction\",\"target\":[\"https:\\\/\\\/brezice.eu\\\/festival\\\/hr\\\/fotografije-2016\\\/\"]}]},{\"@type\":\"BreadcrumbList\",\"@id\":\"https:\\\/\\\/brezice.eu\\\/festival\\\/hr\\\/fotografije-2016\\\/#breadcrumb\",\"itemListElement\":[{\"@type\":\"ListItem\",\"position\":1,\"name\":\"Home\",\"item\":\"https:\\\/\\\/brezice.eu\\\/festival\\\/hr\\\/\"},{\"@type\":\"ListItem\",\"position\":2,\"name\":\"Fotografije 2016\"}]},{\"@type\":\"WebSite\",\"@id\":\"https:\\\/\\\/brezice.eu\\\/festival\\\/hr\\\/#website\",\"url\":\"https:\\\/\\\/brezice.eu\\\/festival\\\/hr\\\/\",\"name\":\"Mednarodni otro\u0161ki pevski festival Bre\u017eice\",\"description\":\"Predstavljamo vam najbolj\u0161e mlade evropske pevce od 6 do vklju\u010dno 17 let\",\"publisher\":{\"@id\":\"https:\\\/\\\/brezice.eu\\\/festival\\\/hr\\\/#organization\"},\"potentialAction\":[{\"@type\":\"SearchAction\",\"target\":{\"@type\":\"EntryPoint\",\"urlTemplate\":\"https:\\\/\\\/brezice.eu\\\/festival\\\/hr\\\/?s={search_term_string}\"},\"query-input\":{\"@type\":\"PropertyValueSpecification\",\"valueRequired\":true,\"valueName\":\"search_term_string\"}}],\"inLanguage\":\"hr-HR\"},{\"@type\":\"Organization\",\"@id\":\"https:\\\/\\\/brezice.eu\\\/festival\\\/hr\\\/#organization\",\"name\":\"Mednarodni otro\u0161ki pevski festival Bre\u017eice\",\"url\":\"https:\\\/\\\/brezice.eu\\\/festival\\\/hr\\\/\",\"logo\":{\"@type\":\"ImageObject\",\"inLanguage\":\"hr-HR\",\"@id\":\"https:\\\/\\\/brezice.eu\\\/festival\\\/hr\\\/#\\\/schema\\\/logo\\\/image\\\/\",\"url\":\"https:\\\/\\\/brezice.eu\\\/festival\\\/wp-content\\\/uploads\\\/2020\\\/02\\\/cropped-MOPFBrezice-logo-z-belim-ozadjem-transparent-1.png\",\"contentUrl\":\"https:\\\/\\\/brezice.eu\\\/festival\\\/wp-content\\\/uploads\\\/2020\\\/02\\\/cropped-MOPFBrezice-logo-z-belim-ozadjem-transparent-1.png\",\"width\":990,\"height\":250,\"caption\":\"Mednarodni otro\u0161ki pevski festival Bre\u017eice\"},\"image\":{\"@id\":\"https:\\\/\\\/brezice.eu\\\/festival\\\/hr\\\/#\\\/schema\\\/logo\\\/image\\\/\"}}]}<\/script>\n<!-- \/ Yoast SEO plugin. -->","yoast_head_json":{"title":"Fotografije 2016 - Mednarodni otro\u0161ki pevski festival Bre\u017eice","robots":{"index":"index","follow":"follow","max-snippet":"max-snippet:-1","max-image-preview":"max-image-preview:large","max-video-preview":"max-video-preview:-1"},"canonical":"https:\/\/brezice.eu\/festival\/hr\/fotografije-2016\/","og_locale":"hr_HR","og_type":"article","og_title":"Fotografije 2016 - Mednarodni otro\u0161ki pevski festival Bre\u017eice","og_description":"Galerije 2016: &nbsp; Finalni ve\u010der 2016 &#8211; Mednarodni otro\u0161ki pevski festival Bre\u017eice \/ Google Photos &nbsp; 2. Polfinalni ve\u010der 2016 \/ Google Photos &nbsp; 1. Polfinalni ve\u010der 2016 \/ Google Photos &nbsp;","og_url":"https:\/\/brezice.eu\/festival\/hr\/fotografije-2016\/","og_site_name":"Mednarodni otro\u0161ki pevski festival Bre\u017eice","article_modified_time":"2018-03-01T17:33:18+00:00","twitter_card":"summary_large_image","schema":{"@context":"https:\/\/schema.org","@graph":[{"@type":"WebPage","@id":"https:\/\/brezice.eu\/festival\/hr\/fotografije-2016\/","url":"https:\/\/brezice.eu\/festival\/hr\/fotografije-2016\/","name":"Fotografije 2016 - Mednarodni otro\u0161ki pevski festival Bre\u017eice","isPartOf":{"@id":"https:\/\/brezice.eu\/festival\/hr\/#website"},"datePublished":"2018-03-01T16:13:18+00:00","dateModified":"2018-03-01T17:33:18+00:00","breadcrumb":{"@id":"https:\/\/brezice.eu\/festival\/hr\/fotografije-2016\/#breadcrumb"},"inLanguage":"hr-HR","potentialAction":[{"@type":"ReadAction","target":["https:\/\/brezice.eu\/festival\/hr\/fotografije-2016\/"]}]},{"@type":"BreadcrumbList","@id":"https:\/\/brezice.eu\/festival\/hr\/fotografije-2016\/#breadcrumb","itemListElement":[{"@type":"ListItem","position":1,"name":"Home","item":"https:\/\/brezice.eu\/festival\/hr\/"},{"@type":"ListItem","position":2,"name":"Fotografije 2016"}]},{"@type":"WebSite","@id":"https:\/\/brezice.eu\/festival\/hr\/#website","url":"https:\/\/brezice.eu\/festival\/hr\/","name":"Mednarodni otro\u0161ki pevski festival Bre\u017eice","description":"Predstavljamo vam najbolj\u0161e mlade evropske pevce od 6 do vklju\u010dno 17 let","publisher":{"@id":"https:\/\/brezice.eu\/festival\/hr\/#organization"},"potentialAction":[{"@type":"SearchAction","target":{"@type":"EntryPoint","urlTemplate":"https:\/\/brezice.eu\/festival\/hr\/?s={search_term_string}"},"query-input":{"@type":"PropertyValueSpecification","valueRequired":true,"valueName":"search_term_string"}}],"inLanguage":"hr-HR"},{"@type":"Organization","@id":"https:\/\/brezice.eu\/festival\/hr\/#organization","name":"Mednarodni otro\u0161ki pevski festival Bre\u017eice","url":"https:\/\/brezice.eu\/festival\/hr\/","logo":{"@type":"ImageObject","inLanguage":"hr-HR","@id":"https:\/\/brezice.eu\/festival\/hr\/#\/schema\/logo\/image\/","url":"https:\/\/brezice.eu\/festival\/wp-content\/uploads\/2020\/02\/cropped-MOPFBrezice-logo-z-belim-ozadjem-transparent-1.png","contentUrl":"https:\/\/brezice.eu\/festival\/wp-content\/uploads\/2020\/02\/cropped-MOPFBrezice-logo-z-belim-ozadjem-transparent-1.png","width":990,"height":250,"caption":"Mednarodni otro\u0161ki pevski festival Bre\u017eice"},"image":{"@id":"https:\/\/brezice.eu\/festival\/hr\/#\/schema\/logo\/image\/"}}]}},"rttpg_featured_image_url":null,"rttpg_author":{"display_name":"Maks","author_link":"https:\/\/brezice.eu\/festival\/hr\/author\/maks\/"},"rttpg_comment":0,"rttpg_category":false,"rttpg_excerpt":"Galerije 2016: &nbsp; Finalni ve\u010der 2016 &#8211; Mednarodni otro\u0161ki pevski festival Bre\u017eice \/ Google Photos &nbsp; 2. Polfinalni ve\u010der 2016 \/ Google Photos &nbsp; 1. Polfinalni ve\u010der 2016 \/ Google Photos &nbsp;","_links":{"self":[{"href":"https:\/\/brezice.eu\/festival\/hr\/wp-json\/wp\/v2\/pages\/219","targetHints":{"allow":["GET"]}}],"collection":[{"href":"https:\/\/brezice.eu\/festival\/hr\/wp-json\/wp\/v2\/pages"}],"about":[{"href":"https:\/\/brezice.eu\/festival\/hr\/wp-json\/wp\/v2\/types\/page"}],"author":[{"embeddable":true,"href":"https:\/\/brezice.eu\/festival\/hr\/wp-json\/wp\/v2\/users\/1"}],"replies":[{"embeddable":true,"href":"https:\/\/brezice.eu\/festival\/hr\/wp-json\/wp\/v2\/comments?post=219"}],"version-history":[{"count":6,"href":"https:\/\/brezice.eu\/festival\/hr\/wp-json\/wp\/v2\/pages\/219\/revisions"}],"predecessor-version":[{"id":250,"href":"https:\/\/brezice.eu\/festival\/hr\/wp-json\/wp\/v2\/pages\/219\/revisions\/250"}],"wp:attachment":[{"href":"https:\/\/brezice.eu\/festival\/hr\/wp-json\/wp\/v2\/media?parent=219"}],"curies":[{"name":"wp","href":"https:\/\/api.w.org\/{rel}","templated":true}]}}