{"id":1993,"date":"2022-09-02T19:56:23","date_gmt":"2022-09-02T17:56:23","guid":{"rendered":"https:\/\/brezice.eu\/festival\/?page_id=1993"},"modified":"2022-09-02T19:56:25","modified_gmt":"2022-09-02T17:56:25","slug":"fotografije-2022","status":"publish","type":"page","link":"https:\/\/brezice.eu\/festival\/hr\/fotografije-2022\/","title":{"rendered":"Fotografije 2022"},"content":{"rendered":"<p>Galerije 2022:<\/p>\n<p>Fotograf: <a href=\"https:\/\/www.lukarudman.com\/\" target=\"_blank\" rel=\"noopener noreferrer\">Luka Rudman<\/a><\/p>\n<figure class=\"embed-gphotos  wp-caption\"><a href=\"https:\/\/photos.google.com\/share\/AF1QipPkRgRYjie4sVOq6w0ASu5gI_toTdB1UqpVNmX5cPeqJPLStcxMiVusvuyfBv19xA?key=RU9ZSWJDUzlTaGc5VFNHUXdBQVRoajNTMWJqMUxn\" target=\"_blank\"><img loading=\"lazy\" decoding=\"async\"    src=\"https:\/\/lh3.googleusercontent.com\/pw\/AP1GczOuAvO2bV2VBusOHeJ2Gdsr1PccoUvk9q_LLO7Suu9CYmUDCx7j4OhkgurvWEFmcR--Au9NgIw0PCdgfADli60pXYcG_IhuXRzjXaLMpNsE7MTqKYYb=w525-h788\" width=\"525\" height=\"349\"   ><\/a><figcaption class=\"wp-caption-text\"><a href=\"https:\/\/photos.google.com\/share\/AF1QipPkRgRYjie4sVOq6w0ASu5gI_toTdB1UqpVNmX5cPeqJPLStcxMiVusvuyfBv19xA?key=RU9ZSWJDUzlTaGc5VFNHUXdBQVRoajNTMWJqMUxn\" target=\"_blank\">Mednarodni otro\u0161ki pevski festival Bre\u017eice &#8211; Polfinale 1. del, 26.08.2022 \/ Google Photos<\/a><\/figcaption><\/figure>\n<figure class=\"embed-gphotos  wp-caption\"><a href=\"https:\/\/photos.google.com\/share\/AF1QipN7tsjk1yW5ItUzSBQ-x5V48akwaykqZny9555-4q3OL6Q9CiKamw8H_QguNxgnnQ?key=Y1ByU251dW9ERTZtUXo4TF9seUJ0el93UjdOdlBR\" target=\"_blank\"><img loading=\"lazy\" decoding=\"async\"    src=\"https:\/\/lh3.googleusercontent.com\/pw\/AP1GczMiYwAPEt5ze4TAUxCShzm3bv1pfSI03Nf0c6ilaWo7_hp941g-d4HSoBCM-fAi880fPDAZwhIrkiWNXvyvN4cYIJYt_2Q-m-1wAGlMvclaoIfByP94=w525-h788\" width=\"525\" height=\"349\"   ><\/a><figcaption class=\"wp-caption-text\"><a href=\"https:\/\/photos.google.com\/share\/AF1QipN7tsjk1yW5ItUzSBQ-x5V48akwaykqZny9555-4q3OL6Q9CiKamw8H_QguNxgnnQ?key=Y1ByU251dW9ERTZtUXo4TF9seUJ0el93UjdOdlBR\" target=\"_blank\">Mednarodni otro\u0161ki pevski festival Bre\u017eice &#8211; Polfinale 2. del, 27.08.2022 \/ Google Photos<\/a><\/figcaption><\/figure>\n<figure class=\"embed-gphotos  wp-caption\"><a href=\"https:\/\/photos.google.com\/share\/AF1QipPwOqRWtFKbAbhgCFD3pOtXiTU2WcFqm5gYFV0yOkcmMgQubLmVfeFyeK9fZmMHqw?key=eEo3Z2pITy1hT051NmxoZ0s2V0ZSa3RGX1BDQXVR\" target=\"_blank\"><img loading=\"lazy\" decoding=\"async\"    src=\"https:\/\/lh3.googleusercontent.com\/pw\/AP1GczP9boXTKKXrteZWah4E12nbfFRS7PRHD0ERwoJfj5z3m4ZhEYUQywpesze9OMKTY66jD5uJdPnjuajyFP9C1iNZ_qTMxgrMRoBb5x-GaWq29qRkVcgo=w525-h788\" width=\"525\" height=\"349\"   ><\/a><figcaption class=\"wp-caption-text\"><a href=\"https:\/\/photos.google.com\/share\/AF1QipPwOqRWtFKbAbhgCFD3pOtXiTU2WcFqm5gYFV0yOkcmMgQubLmVfeFyeK9fZmMHqw?key=eEo3Z2pITy1hT051NmxoZ0s2V0ZSa3RGX1BDQXVR\" target=\"_blank\">Mednarodni otro\u0161ki pevski festival Bre\u017eice &#8211; Finale, 28.08.2022 \/ Google Photos<\/a><\/figcaption><\/figure>\n","protected":false},"excerpt":{"rendered":"<p>Galerije 2022: Fotograf: Luka Rudman Mednarodni otro\u0161ki pevski festival Bre\u017eice &#8211; Polfinale 1. del, 26.08.2022 \/ Google Photos Mednarodni otro\u0161ki pevski festival Bre\u017eice &#8211; Polfinale 2. del, 27.08.2022 \/ Google Photos Mednarodni otro\u0161ki pevski festival Bre\u017eice &#8211; Finale, 28.08.2022 \/ Google Photos<\/p>\n","protected":false},"author":1,"featured_media":1996,"parent":0,"menu_order":0,"comment_status":"closed","ping_status":"closed","template":"","meta":{"footnotes":""},"class_list":["post-1993","page","type-page","status-publish","has-post-thumbnail","hentry"],"yoast_head":"<!-- This site is optimized with the Yoast SEO plugin v27.3 - https:\/\/yoast.com\/product\/yoast-seo-wordpress\/ -->\n<title>Fotografije 2022 - Mednarodni otro\u0161ki pevski festival Bre\u017eice<\/title>\n<meta name=\"robots\" content=\"index, follow, max-snippet:-1, max-image-preview:large, max-video-preview:-1\" \/>\n<link rel=\"canonical\" href=\"https:\/\/brezice.eu\/festival\/hr\/fotografije-2022\/\" \/>\n<meta property=\"og:locale\" content=\"hr_HR\" \/>\n<meta property=\"og:type\" content=\"article\" \/>\n<meta property=\"og:title\" content=\"Fotografije 2022 - Mednarodni otro\u0161ki pevski festival Bre\u017eice\" \/>\n<meta property=\"og:description\" content=\"Galerije 2022: Fotograf: Luka Rudman Mednarodni otro\u0161ki pevski festival Bre\u017eice &#8211; Polfinale 1. del, 26.08.2022 \/ Google Photos Mednarodni otro\u0161ki pevski festival Bre\u017eice &#8211; Polfinale 2. del, 27.08.2022 \/ Google Photos Mednarodni otro\u0161ki pevski festival Bre\u017eice &#8211; Finale, 28.08.2022 \/ Google Photos\" \/>\n<meta property=\"og:url\" content=\"https:\/\/brezice.eu\/festival\/hr\/fotografije-2022\/\" \/>\n<meta property=\"og:site_name\" content=\"Mednarodni otro\u0161ki pevski festival Bre\u017eice\" \/>\n<meta property=\"article:modified_time\" content=\"2022-09-02T17:56:25+00:00\" \/>\n<meta property=\"og:image\" content=\"https:\/\/brezice.eu\/festival\/wp-content\/uploads\/2022\/09\/Final-112.jpg\" \/>\n\t<meta property=\"og:image:width\" content=\"1200\" \/>\n\t<meta property=\"og:image:height\" content=\"798\" \/>\n\t<meta property=\"og:image:type\" content=\"image\/jpeg\" \/>\n<meta name=\"twitter:card\" content=\"summary_large_image\" \/>\n<meta name=\"twitter:label1\" content=\"Est. reading time\" \/>\n\t<meta name=\"twitter:data1\" content=\"1 minute\" \/>\n<script type=\"application\/ld+json\" class=\"yoast-schema-graph\">{\"@context\":\"https:\\\/\\\/schema.org\",\"@graph\":[{\"@type\":\"WebPage\",\"@id\":\"https:\\\/\\\/brezice.eu\\\/festival\\\/hr\\\/fotografije-2022\\\/\",\"url\":\"https:\\\/\\\/brezice.eu\\\/festival\\\/hr\\\/fotografije-2022\\\/\",\"name\":\"Fotografije 2022 - Mednarodni otro\u0161ki pevski festival Bre\u017eice\",\"isPartOf\":{\"@id\":\"https:\\\/\\\/brezice.eu\\\/festival\\\/hr\\\/#website\"},\"primaryImageOfPage\":{\"@id\":\"https:\\\/\\\/brezice.eu\\\/festival\\\/hr\\\/fotografije-2022\\\/#primaryimage\"},\"image\":{\"@id\":\"https:\\\/\\\/brezice.eu\\\/festival\\\/hr\\\/fotografije-2022\\\/#primaryimage\"},\"thumbnailUrl\":\"https:\\\/\\\/brezice.eu\\\/festival\\\/wp-content\\\/uploads\\\/2022\\\/09\\\/Final-112.jpg\",\"datePublished\":\"2022-09-02T17:56:23+00:00\",\"dateModified\":\"2022-09-02T17:56:25+00:00\",\"breadcrumb\":{\"@id\":\"https:\\\/\\\/brezice.eu\\\/festival\\\/hr\\\/fotografije-2022\\\/#breadcrumb\"},\"inLanguage\":\"hr-HR\",\"potentialAction\":[{\"@type\":\"ReadAction\",\"target\":[\"https:\\\/\\\/brezice.eu\\\/festival\\\/hr\\\/fotografije-2022\\\/\"]}]},{\"@type\":\"ImageObject\",\"inLanguage\":\"hr-HR\",\"@id\":\"https:\\\/\\\/brezice.eu\\\/festival\\\/hr\\\/fotografije-2022\\\/#primaryimage\",\"url\":\"https:\\\/\\\/brezice.eu\\\/festival\\\/wp-content\\\/uploads\\\/2022\\\/09\\\/Final-112.jpg\",\"contentUrl\":\"https:\\\/\\\/brezice.eu\\\/festival\\\/wp-content\\\/uploads\\\/2022\\\/09\\\/Final-112.jpg\",\"width\":1200,\"height\":798},{\"@type\":\"BreadcrumbList\",\"@id\":\"https:\\\/\\\/brezice.eu\\\/festival\\\/hr\\\/fotografije-2022\\\/#breadcrumb\",\"itemListElement\":[{\"@type\":\"ListItem\",\"position\":1,\"name\":\"Home\",\"item\":\"https:\\\/\\\/brezice.eu\\\/festival\\\/hr\\\/\"},{\"@type\":\"ListItem\",\"position\":2,\"name\":\"Fotografije 2022\"}]},{\"@type\":\"WebSite\",\"@id\":\"https:\\\/\\\/brezice.eu\\\/festival\\\/hr\\\/#website\",\"url\":\"https:\\\/\\\/brezice.eu\\\/festival\\\/hr\\\/\",\"name\":\"Mednarodni otro\u0161ki pevski festival Bre\u017eice\",\"description\":\"Predstavljamo vam najbolj\u0161e mlade evropske pevce od 6 do vklju\u010dno 17 let\",\"publisher\":{\"@id\":\"https:\\\/\\\/brezice.eu\\\/festival\\\/hr\\\/#organization\"},\"potentialAction\":[{\"@type\":\"SearchAction\",\"target\":{\"@type\":\"EntryPoint\",\"urlTemplate\":\"https:\\\/\\\/brezice.eu\\\/festival\\\/hr\\\/?s={search_term_string}\"},\"query-input\":{\"@type\":\"PropertyValueSpecification\",\"valueRequired\":true,\"valueName\":\"search_term_string\"}}],\"inLanguage\":\"hr-HR\"},{\"@type\":\"Organization\",\"@id\":\"https:\\\/\\\/brezice.eu\\\/festival\\\/hr\\\/#organization\",\"name\":\"Mednarodni otro\u0161ki pevski festival Bre\u017eice\",\"url\":\"https:\\\/\\\/brezice.eu\\\/festival\\\/hr\\\/\",\"logo\":{\"@type\":\"ImageObject\",\"inLanguage\":\"hr-HR\",\"@id\":\"https:\\\/\\\/brezice.eu\\\/festival\\\/hr\\\/#\\\/schema\\\/logo\\\/image\\\/\",\"url\":\"https:\\\/\\\/brezice.eu\\\/festival\\\/wp-content\\\/uploads\\\/2020\\\/02\\\/cropped-MOPFBrezice-logo-z-belim-ozadjem-transparent-1.png\",\"contentUrl\":\"https:\\\/\\\/brezice.eu\\\/festival\\\/wp-content\\\/uploads\\\/2020\\\/02\\\/cropped-MOPFBrezice-logo-z-belim-ozadjem-transparent-1.png\",\"width\":990,\"height\":250,\"caption\":\"Mednarodni otro\u0161ki pevski festival Bre\u017eice\"},\"image\":{\"@id\":\"https:\\\/\\\/brezice.eu\\\/festival\\\/hr\\\/#\\\/schema\\\/logo\\\/image\\\/\"}}]}<\/script>\n<!-- \/ Yoast SEO plugin. -->","yoast_head_json":{"title":"Fotografije 2022 - Mednarodni otro\u0161ki pevski festival Bre\u017eice","robots":{"index":"index","follow":"follow","max-snippet":"max-snippet:-1","max-image-preview":"max-image-preview:large","max-video-preview":"max-video-preview:-1"},"canonical":"https:\/\/brezice.eu\/festival\/hr\/fotografije-2022\/","og_locale":"hr_HR","og_type":"article","og_title":"Fotografije 2022 - Mednarodni otro\u0161ki pevski festival Bre\u017eice","og_description":"Galerije 2022: Fotograf: Luka Rudman Mednarodni otro\u0161ki pevski festival Bre\u017eice &#8211; Polfinale 1. del, 26.08.2022 \/ Google Photos Mednarodni otro\u0161ki pevski festival Bre\u017eice &#8211; Polfinale 2. del, 27.08.2022 \/ Google Photos Mednarodni otro\u0161ki pevski festival Bre\u017eice &#8211; Finale, 28.08.2022 \/ Google Photos","og_url":"https:\/\/brezice.eu\/festival\/hr\/fotografije-2022\/","og_site_name":"Mednarodni otro\u0161ki pevski festival Bre\u017eice","article_modified_time":"2022-09-02T17:56:25+00:00","og_image":[{"width":1200,"height":798,"url":"https:\/\/brezice.eu\/festival\/wp-content\/uploads\/2022\/09\/Final-112.jpg","type":"image\/jpeg"}],"twitter_card":"summary_large_image","twitter_misc":{"Est. reading time":"1 minute"},"schema":{"@context":"https:\/\/schema.org","@graph":[{"@type":"WebPage","@id":"https:\/\/brezice.eu\/festival\/hr\/fotografije-2022\/","url":"https:\/\/brezice.eu\/festival\/hr\/fotografije-2022\/","name":"Fotografije 2022 - Mednarodni otro\u0161ki pevski festival Bre\u017eice","isPartOf":{"@id":"https:\/\/brezice.eu\/festival\/hr\/#website"},"primaryImageOfPage":{"@id":"https:\/\/brezice.eu\/festival\/hr\/fotografije-2022\/#primaryimage"},"image":{"@id":"https:\/\/brezice.eu\/festival\/hr\/fotografije-2022\/#primaryimage"},"thumbnailUrl":"https:\/\/brezice.eu\/festival\/wp-content\/uploads\/2022\/09\/Final-112.jpg","datePublished":"2022-09-02T17:56:23+00:00","dateModified":"2022-09-02T17:56:25+00:00","breadcrumb":{"@id":"https:\/\/brezice.eu\/festival\/hr\/fotografije-2022\/#breadcrumb"},"inLanguage":"hr-HR","potentialAction":[{"@type":"ReadAction","target":["https:\/\/brezice.eu\/festival\/hr\/fotografije-2022\/"]}]},{"@type":"ImageObject","inLanguage":"hr-HR","@id":"https:\/\/brezice.eu\/festival\/hr\/fotografije-2022\/#primaryimage","url":"https:\/\/brezice.eu\/festival\/wp-content\/uploads\/2022\/09\/Final-112.jpg","contentUrl":"https:\/\/brezice.eu\/festival\/wp-content\/uploads\/2022\/09\/Final-112.jpg","width":1200,"height":798},{"@type":"BreadcrumbList","@id":"https:\/\/brezice.eu\/festival\/hr\/fotografije-2022\/#breadcrumb","itemListElement":[{"@type":"ListItem","position":1,"name":"Home","item":"https:\/\/brezice.eu\/festival\/hr\/"},{"@type":"ListItem","position":2,"name":"Fotografije 2022"}]},{"@type":"WebSite","@id":"https:\/\/brezice.eu\/festival\/hr\/#website","url":"https:\/\/brezice.eu\/festival\/hr\/","name":"Mednarodni otro\u0161ki pevski festival Bre\u017eice","description":"Predstavljamo vam najbolj\u0161e mlade evropske pevce od 6 do vklju\u010dno 17 let","publisher":{"@id":"https:\/\/brezice.eu\/festival\/hr\/#organization"},"potentialAction":[{"@type":"SearchAction","target":{"@type":"EntryPoint","urlTemplate":"https:\/\/brezice.eu\/festival\/hr\/?s={search_term_string}"},"query-input":{"@type":"PropertyValueSpecification","valueRequired":true,"valueName":"search_term_string"}}],"inLanguage":"hr-HR"},{"@type":"Organization","@id":"https:\/\/brezice.eu\/festival\/hr\/#organization","name":"Mednarodni otro\u0161ki pevski festival Bre\u017eice","url":"https:\/\/brezice.eu\/festival\/hr\/","logo":{"@type":"ImageObject","inLanguage":"hr-HR","@id":"https:\/\/brezice.eu\/festival\/hr\/#\/schema\/logo\/image\/","url":"https:\/\/brezice.eu\/festival\/wp-content\/uploads\/2020\/02\/cropped-MOPFBrezice-logo-z-belim-ozadjem-transparent-1.png","contentUrl":"https:\/\/brezice.eu\/festival\/wp-content\/uploads\/2020\/02\/cropped-MOPFBrezice-logo-z-belim-ozadjem-transparent-1.png","width":990,"height":250,"caption":"Mednarodni otro\u0161ki pevski festival Bre\u017eice"},"image":{"@id":"https:\/\/brezice.eu\/festival\/hr\/#\/schema\/logo\/image\/"}}]}},"rttpg_featured_image_url":{"full":["https:\/\/brezice.eu\/festival\/wp-content\/uploads\/2022\/09\/Final-112.jpg",1200,798,false],"landscape":["https:\/\/brezice.eu\/festival\/wp-content\/uploads\/2022\/09\/Final-112.jpg",1200,798,false],"portraits":["https:\/\/brezice.eu\/festival\/wp-content\/uploads\/2022\/09\/Final-112.jpg",1200,798,false],"thumbnail":["https:\/\/brezice.eu\/festival\/wp-content\/uploads\/2022\/09\/Final-112-150x150.jpg",150,150,true],"medium":["https:\/\/brezice.eu\/festival\/wp-content\/uploads\/2022\/09\/Final-112-300x200.jpg",300,200,true],"large":["https:\/\/brezice.eu\/festival\/wp-content\/uploads\/2022\/09\/Final-112-1024x681.jpg",525,349,true],"1536x1536":["https:\/\/brezice.eu\/festival\/wp-content\/uploads\/2022\/09\/Final-112.jpg",1200,798,false],"2048x2048":["https:\/\/brezice.eu\/festival\/wp-content\/uploads\/2022\/09\/Final-112.jpg",1200,798,false],"twentyseventeen-featured-image":["https:\/\/brezice.eu\/festival\/wp-content\/uploads\/2022\/09\/Final-112.jpg",1200,798,false],"twentyseventeen-thumbnail-avatar":["https:\/\/brezice.eu\/festival\/wp-content\/uploads\/2022\/09\/Final-112-100x100.jpg",100,100,true]},"rttpg_author":{"display_name":"Maks","author_link":"https:\/\/brezice.eu\/festival\/hr\/author\/maks\/"},"rttpg_comment":0,"rttpg_category":" <a href=\"https:\/\/brezice.eu\/festival\/hr\/?taxonomy=translation_priority&#038;term=optional-hr\" rel=\"tag\">Optional<\/a>","rttpg_excerpt":"Galerije 2022: Fotograf: Luka Rudman Mednarodni otro\u0161ki pevski festival Bre\u017eice &#8211; Polfinale 1. del, 26.08.2022 \/ Google Photos Mednarodni otro\u0161ki pevski festival Bre\u017eice &#8211; Polfinale 2. del, 27.08.2022 \/ Google Photos Mednarodni otro\u0161ki pevski festival Bre\u017eice &#8211; Finale, 28.08.2022 \/ Google Photos","_links":{"self":[{"href":"https:\/\/brezice.eu\/festival\/hr\/wp-json\/wp\/v2\/pages\/1993","targetHints":{"allow":["GET"]}}],"collection":[{"href":"https:\/\/brezice.eu\/festival\/hr\/wp-json\/wp\/v2\/pages"}],"about":[{"href":"https:\/\/brezice.eu\/festival\/hr\/wp-json\/wp\/v2\/types\/page"}],"author":[{"embeddable":true,"href":"https:\/\/brezice.eu\/festival\/hr\/wp-json\/wp\/v2\/users\/1"}],"replies":[{"embeddable":true,"href":"https:\/\/brezice.eu\/festival\/hr\/wp-json\/wp\/v2\/comments?post=1993"}],"version-history":[{"count":1,"href":"https:\/\/brezice.eu\/festival\/hr\/wp-json\/wp\/v2\/pages\/1993\/revisions"}],"predecessor-version":[{"id":1998,"href":"https:\/\/brezice.eu\/festival\/hr\/wp-json\/wp\/v2\/pages\/1993\/revisions\/1998"}],"wp:featuredmedia":[{"embeddable":true,"href":"https:\/\/brezice.eu\/festival\/hr\/wp-json\/wp\/v2\/media\/1996"}],"wp:attachment":[{"href":"https:\/\/brezice.eu\/festival\/hr\/wp-json\/wp\/v2\/media?parent=1993"}],"curies":[{"name":"wp","href":"https:\/\/api.w.org\/{rel}","templated":true}]}}