{"id":198,"date":"2018-03-01T16:03:20","date_gmt":"2018-03-01T15:03:20","guid":{"rendered":"http:\/\/brezice.eu\/festival\/?page_id=198"},"modified":"2019-05-20T19:11:42","modified_gmt":"2019-05-20T17:11:42","slug":"prijavnica-2018","status":"publish","type":"page","link":"https:\/\/brezice.eu\/festival\/hr\/prijavnica-2018\/","title":{"rendered":"Prijavnica 2018"},"content":{"rendered":"<h1>Otvorite aktualnu prijavnicu: <a href=\"https:\/\/brezice.eu\/festival\/hr\/prijavnica-2018\/\">Prijavnica 2018<\/a><\/h1>\n<p>Ovogodi\u0161nji prijavni obrazac uklju\u010duje obavezno slanje matrice za pjesmu s kojom se prijavljujete na audiciju, kao i slanje portretne fotografije. Zbog toga trebate Google korisni\u010dki ra\u010dun.<\/p>\n<h1>PRIJAVE NE PRIMAMO VI\u0160E<\/h1>\n<p><iframe loading=\"lazy\" src=\"https:\/\/docs.google.com\/forms\/d\/e\/1FAIpQLSewNK4xMXiWaoal5zChxODZT65HEu7z1AdXf94t2XBzMpzkHw\/viewform?embedded=true\" width=\"860\" height=\"600\" frameborder=\"0\" marginwidth=\"0\" marginheight=\"0\">Nalaganje &#8230;<\/iframe><\/p>\n<p>Savjetujemo vam, da se prijavite \u0161to prije. \u00a0Za\u0161to?<br \/>\nMo\u017ee se dogoditi, da se \u00a0prijavi vi\u0161e kandidata ili kandidatkinja s istom skladbom. U tom slu\u010daju poslije audicije, odabranu skladbu \u00a0mo\u017ee izvoditi samo onaj koji je prvi prijavio odabranu pjesmu, \u00a0zato po\u017eurite s prijavom.<\/p>\n<p>\u0160to je Google korisni\u010dki ra\u010dun?<br \/>\nNemojte se upla\u0161iti. Ako upotrebljavate Gmail ili bilo koju drugu Google uslugu, vi ve\u0107 imate Google korisni\u010dki ra\u010dun.<\/p>\n<p>Nemate Google korisni\u010dkog ra\u010duna?<br \/>\nNi\u0161ta stra\u0161no, kona\u010dno ga mo\u017eete izraditi tu: <a href=\"https:\/\/accounts.google.com\/SignUp\">https:\/\/accounts.google.com\/SignUp<\/a><\/p>\n","protected":false},"excerpt":{"rendered":"<p>Otvorite aktualnu prijavnicu: Prijavnica 2018 Ovogodi\u0161nji prijavni obrazac uklju\u010duje obavezno slanje matrice za pjesmu s kojom se prijavljujete na audiciju, kao i slanje portretne fotografije. Zbog toga trebate Google korisni\u010dki ra\u010dun. PRIJAVE NE PRIMAMO VI\u0160E Nalaganje &#8230; Savjetujemo vam, da se prijavite \u0161to prije. \u00a0Za\u0161to? Mo\u017ee se dogoditi, da se \u00a0prijavi vi\u0161e kandidata ili kandidatkinja &hellip; <\/p>\n<p class=\"link-more\"><a href=\"https:\/\/brezice.eu\/festival\/hr\/prijavnica-2018\/\" class=\"more-link\">Continue reading<span class=\"screen-reader-text\"> &#8220;Prijavnica 2018&#8221;<\/span><\/a><\/p>\n","protected":false},"author":1,"featured_media":0,"parent":0,"menu_order":0,"comment_status":"closed","ping_status":"closed","template":"","meta":{"footnotes":""},"class_list":["post-198","page","type-page","status-publish","hentry"],"yoast_head":"<!-- This site is optimized with the Yoast SEO plugin v27.4 - https:\/\/yoast.com\/product\/yoast-seo-wordpress\/ -->\n<title>Prijavnica 2018 - Mednarodni otro\u0161ki pevski festival Bre\u017eice<\/title>\n<meta name=\"robots\" content=\"index, follow, max-snippet:-1, max-image-preview:large, max-video-preview:-1\" \/>\n<link rel=\"canonical\" href=\"https:\/\/brezice.eu\/festival\/hr\/prijavnica-2018\/\" \/>\n<meta property=\"og:locale\" content=\"hr_HR\" \/>\n<meta property=\"og:type\" content=\"article\" \/>\n<meta property=\"og:title\" content=\"Prijavnica 2018 - Mednarodni otro\u0161ki pevski festival Bre\u017eice\" \/>\n<meta property=\"og:description\" content=\"Otvorite aktualnu prijavnicu: Prijavnica 2018 Ovogodi\u0161nji prijavni obrazac uklju\u010duje obavezno slanje matrice za pjesmu s kojom se prijavljujete na audiciju, kao i slanje portretne fotografije. Zbog toga trebate Google korisni\u010dki ra\u010dun. PRIJAVE NE PRIMAMO VI\u0160E Nalaganje &#8230; Savjetujemo vam, da se prijavite \u0161to prije. \u00a0Za\u0161to? Mo\u017ee se dogoditi, da se \u00a0prijavi vi\u0161e kandidata ili kandidatkinja &hellip; Continue reading &quot;Prijavnica 2018&quot;\" \/>\n<meta property=\"og:url\" content=\"https:\/\/brezice.eu\/festival\/hr\/prijavnica-2018\/\" \/>\n<meta property=\"og:site_name\" content=\"Mednarodni otro\u0161ki pevski festival Bre\u017eice\" \/>\n<meta property=\"article:modified_time\" content=\"2019-05-20T17:11:42+00:00\" \/>\n<meta name=\"twitter:card\" content=\"summary_large_image\" \/>\n<meta name=\"twitter:label1\" content=\"Est. reading time\" \/>\n\t<meta name=\"twitter:data1\" content=\"1 minute\" \/>\n<script type=\"application\/ld+json\" class=\"yoast-schema-graph\">{\"@context\":\"https:\\\/\\\/schema.org\",\"@graph\":[{\"@type\":\"WebPage\",\"@id\":\"https:\\\/\\\/brezice.eu\\\/festival\\\/hr\\\/prijavnica-2018\\\/\",\"url\":\"https:\\\/\\\/brezice.eu\\\/festival\\\/hr\\\/prijavnica-2018\\\/\",\"name\":\"Prijavnica 2018 - Mednarodni otro\u0161ki pevski festival Bre\u017eice\",\"isPartOf\":{\"@id\":\"https:\\\/\\\/brezice.eu\\\/festival\\\/hr\\\/#website\"},\"datePublished\":\"2018-03-01T15:03:20+00:00\",\"dateModified\":\"2019-05-20T17:11:42+00:00\",\"breadcrumb\":{\"@id\":\"https:\\\/\\\/brezice.eu\\\/festival\\\/hr\\\/prijavnica-2018\\\/#breadcrumb\"},\"inLanguage\":\"hr-HR\",\"potentialAction\":[{\"@type\":\"ReadAction\",\"target\":[\"https:\\\/\\\/brezice.eu\\\/festival\\\/hr\\\/prijavnica-2018\\\/\"]}]},{\"@type\":\"BreadcrumbList\",\"@id\":\"https:\\\/\\\/brezice.eu\\\/festival\\\/hr\\\/prijavnica-2018\\\/#breadcrumb\",\"itemListElement\":[{\"@type\":\"ListItem\",\"position\":1,\"name\":\"Home\",\"item\":\"https:\\\/\\\/brezice.eu\\\/festival\\\/hr\\\/\"},{\"@type\":\"ListItem\",\"position\":2,\"name\":\"Prijavnica 2018\"}]},{\"@type\":\"WebSite\",\"@id\":\"https:\\\/\\\/brezice.eu\\\/festival\\\/hr\\\/#website\",\"url\":\"https:\\\/\\\/brezice.eu\\\/festival\\\/hr\\\/\",\"name\":\"Mednarodni otro\u0161ki pevski festival Bre\u017eice\",\"description\":\"Predstavljamo vam najbolj\u0161e mlade evropske pevce od 6 do vklju\u010dno 17 let\",\"publisher\":{\"@id\":\"https:\\\/\\\/brezice.eu\\\/festival\\\/hr\\\/#organization\"},\"potentialAction\":[{\"@type\":\"SearchAction\",\"target\":{\"@type\":\"EntryPoint\",\"urlTemplate\":\"https:\\\/\\\/brezice.eu\\\/festival\\\/hr\\\/?s={search_term_string}\"},\"query-input\":{\"@type\":\"PropertyValueSpecification\",\"valueRequired\":true,\"valueName\":\"search_term_string\"}}],\"inLanguage\":\"hr-HR\"},{\"@type\":\"Organization\",\"@id\":\"https:\\\/\\\/brezice.eu\\\/festival\\\/hr\\\/#organization\",\"name\":\"Mednarodni otro\u0161ki pevski festival Bre\u017eice\",\"url\":\"https:\\\/\\\/brezice.eu\\\/festival\\\/hr\\\/\",\"logo\":{\"@type\":\"ImageObject\",\"inLanguage\":\"hr-HR\",\"@id\":\"https:\\\/\\\/brezice.eu\\\/festival\\\/hr\\\/#\\\/schema\\\/logo\\\/image\\\/\",\"url\":\"https:\\\/\\\/brezice.eu\\\/festival\\\/wp-content\\\/uploads\\\/2020\\\/02\\\/cropped-MOPFBrezice-logo-z-belim-ozadjem-transparent-1.png\",\"contentUrl\":\"https:\\\/\\\/brezice.eu\\\/festival\\\/wp-content\\\/uploads\\\/2020\\\/02\\\/cropped-MOPFBrezice-logo-z-belim-ozadjem-transparent-1.png\",\"width\":990,\"height\":250,\"caption\":\"Mednarodni otro\u0161ki pevski festival Bre\u017eice\"},\"image\":{\"@id\":\"https:\\\/\\\/brezice.eu\\\/festival\\\/hr\\\/#\\\/schema\\\/logo\\\/image\\\/\"}}]}<\/script>\n<!-- \/ Yoast SEO plugin. -->","yoast_head_json":{"title":"Prijavnica 2018 - Mednarodni otro\u0161ki pevski festival Bre\u017eice","robots":{"index":"index","follow":"follow","max-snippet":"max-snippet:-1","max-image-preview":"max-image-preview:large","max-video-preview":"max-video-preview:-1"},"canonical":"https:\/\/brezice.eu\/festival\/hr\/prijavnica-2018\/","og_locale":"hr_HR","og_type":"article","og_title":"Prijavnica 2018 - Mednarodni otro\u0161ki pevski festival Bre\u017eice","og_description":"Otvorite aktualnu prijavnicu: Prijavnica 2018 Ovogodi\u0161nji prijavni obrazac uklju\u010duje obavezno slanje matrice za pjesmu s kojom se prijavljujete na audiciju, kao i slanje portretne fotografije. Zbog toga trebate Google korisni\u010dki ra\u010dun. PRIJAVE NE PRIMAMO VI\u0160E Nalaganje &#8230; Savjetujemo vam, da se prijavite \u0161to prije. \u00a0Za\u0161to? Mo\u017ee se dogoditi, da se \u00a0prijavi vi\u0161e kandidata ili kandidatkinja &hellip; Continue reading \"Prijavnica 2018\"","og_url":"https:\/\/brezice.eu\/festival\/hr\/prijavnica-2018\/","og_site_name":"Mednarodni otro\u0161ki pevski festival Bre\u017eice","article_modified_time":"2019-05-20T17:11:42+00:00","twitter_card":"summary_large_image","twitter_misc":{"Est. reading time":"1 minute"},"schema":{"@context":"https:\/\/schema.org","@graph":[{"@type":"WebPage","@id":"https:\/\/brezice.eu\/festival\/hr\/prijavnica-2018\/","url":"https:\/\/brezice.eu\/festival\/hr\/prijavnica-2018\/","name":"Prijavnica 2018 - Mednarodni otro\u0161ki pevski festival Bre\u017eice","isPartOf":{"@id":"https:\/\/brezice.eu\/festival\/hr\/#website"},"datePublished":"2018-03-01T15:03:20+00:00","dateModified":"2019-05-20T17:11:42+00:00","breadcrumb":{"@id":"https:\/\/brezice.eu\/festival\/hr\/prijavnica-2018\/#breadcrumb"},"inLanguage":"hr-HR","potentialAction":[{"@type":"ReadAction","target":["https:\/\/brezice.eu\/festival\/hr\/prijavnica-2018\/"]}]},{"@type":"BreadcrumbList","@id":"https:\/\/brezice.eu\/festival\/hr\/prijavnica-2018\/#breadcrumb","itemListElement":[{"@type":"ListItem","position":1,"name":"Home","item":"https:\/\/brezice.eu\/festival\/hr\/"},{"@type":"ListItem","position":2,"name":"Prijavnica 2018"}]},{"@type":"WebSite","@id":"https:\/\/brezice.eu\/festival\/hr\/#website","url":"https:\/\/brezice.eu\/festival\/hr\/","name":"Mednarodni otro\u0161ki pevski festival Bre\u017eice","description":"Predstavljamo vam najbolj\u0161e mlade evropske pevce od 6 do vklju\u010dno 17 let","publisher":{"@id":"https:\/\/brezice.eu\/festival\/hr\/#organization"},"potentialAction":[{"@type":"SearchAction","target":{"@type":"EntryPoint","urlTemplate":"https:\/\/brezice.eu\/festival\/hr\/?s={search_term_string}"},"query-input":{"@type":"PropertyValueSpecification","valueRequired":true,"valueName":"search_term_string"}}],"inLanguage":"hr-HR"},{"@type":"Organization","@id":"https:\/\/brezice.eu\/festival\/hr\/#organization","name":"Mednarodni otro\u0161ki pevski festival Bre\u017eice","url":"https:\/\/brezice.eu\/festival\/hr\/","logo":{"@type":"ImageObject","inLanguage":"hr-HR","@id":"https:\/\/brezice.eu\/festival\/hr\/#\/schema\/logo\/image\/","url":"https:\/\/brezice.eu\/festival\/wp-content\/uploads\/2020\/02\/cropped-MOPFBrezice-logo-z-belim-ozadjem-transparent-1.png","contentUrl":"https:\/\/brezice.eu\/festival\/wp-content\/uploads\/2020\/02\/cropped-MOPFBrezice-logo-z-belim-ozadjem-transparent-1.png","width":990,"height":250,"caption":"Mednarodni otro\u0161ki pevski festival Bre\u017eice"},"image":{"@id":"https:\/\/brezice.eu\/festival\/hr\/#\/schema\/logo\/image\/"}}]}},"rttpg_featured_image_url":null,"rttpg_author":{"display_name":"Maks","author_link":"https:\/\/brezice.eu\/festival\/hr\/author\/maks\/"},"rttpg_comment":0,"rttpg_category":false,"rttpg_excerpt":"Otvorite aktualnu prijavnicu: Prijavnica 2018 Ovogodi\u0161nji prijavni obrazac uklju\u010duje obavezno slanje matrice za pjesmu s kojom se prijavljujete na audiciju, kao i slanje portretne fotografije. Zbog toga trebate Google korisni\u010dki ra\u010dun. PRIJAVE NE PRIMAMO VI\u0160E Nalaganje &#8230; Savjetujemo vam, da se prijavite \u0161to prije. \u00a0Za\u0161to? Mo\u017ee se dogoditi, da se \u00a0prijavi vi\u0161e kandidata ili kandidatkinja&hellip;","_links":{"self":[{"href":"https:\/\/brezice.eu\/festival\/hr\/wp-json\/wp\/v2\/pages\/198","targetHints":{"allow":["GET"]}}],"collection":[{"href":"https:\/\/brezice.eu\/festival\/hr\/wp-json\/wp\/v2\/pages"}],"about":[{"href":"https:\/\/brezice.eu\/festival\/hr\/wp-json\/wp\/v2\/types\/page"}],"author":[{"embeddable":true,"href":"https:\/\/brezice.eu\/festival\/hr\/wp-json\/wp\/v2\/users\/1"}],"replies":[{"embeddable":true,"href":"https:\/\/brezice.eu\/festival\/hr\/wp-json\/wp\/v2\/comments?post=198"}],"version-history":[{"count":9,"href":"https:\/\/brezice.eu\/festival\/hr\/wp-json\/wp\/v2\/pages\/198\/revisions"}],"predecessor-version":[{"id":1158,"href":"https:\/\/brezice.eu\/festival\/hr\/wp-json\/wp\/v2\/pages\/198\/revisions\/1158"}],"wp:attachment":[{"href":"https:\/\/brezice.eu\/festival\/hr\/wp-json\/wp\/v2\/media?parent=198"}],"curies":[{"name":"wp","href":"https:\/\/api.w.org\/{rel}","templated":true}]}}