{"id":1383,"date":"2020-02-23T21:04:02","date_gmt":"2020-02-23T20:04:02","guid":{"rendered":"https:\/\/brezice.eu\/festival\/?page_id=1383"},"modified":"2023-04-03T19:42:09","modified_gmt":"2023-04-03T17:42:09","slug":"pobjednici-2019","status":"publish","type":"page","link":"https:\/\/brezice.eu\/festival\/hr\/pobjednici-2019\/","title":{"rendered":"Pobjednici 2019"},"content":{"rendered":"<header class=\"entry-header\">\n<h1 class=\"entry-title\"><\/h1><\/header>\n\n\n<\/h1>\n<figure class=\"wp-block-image\"><img loading=\"lazy\" decoding=\"async\" width=\"1024\" height=\"576\" class=\"wp-image-1308\" src=\"https:\/\/brezice.eu\/festival\/wp-content\/uploads\/2019\/08\/zmagovalci-MOPFBrezice-2019-1024x576.jpg\" alt=\"\" srcset=\"https:\/\/brezice.eu\/festival\/wp-content\/uploads\/2019\/08\/zmagovalci-MOPFBrezice-2019-1024x576.jpg 1024w, https:\/\/brezice.eu\/festival\/wp-content\/uploads\/2019\/08\/zmagovalci-MOPFBrezice-2019-300x169.jpg 300w, https:\/\/brezice.eu\/festival\/wp-content\/uploads\/2019\/08\/zmagovalci-MOPFBrezice-2019-768x432.jpg 768w, https:\/\/brezice.eu\/festival\/wp-content\/uploads\/2019\/08\/zmagovalci-MOPFBrezice-2019.jpg 1920w\" sizes=\"auto, (max-width: 767px) 89vw, (max-width: 1000px) 54vw, (max-width: 1071px) 543px, 580px\" \/>\n<figcaption>Nagrajenci 4. Mednarodnega otro\u0161kega pevskega festivala Bre\u017eice.<\/figcaption><\/figure>\n<h1 class=\"entry-title\">\n\n\n\n<\/h1>\n<strong>Nagrajenci v starostni skupini od 6 do 9 let:<\/strong>\n<h1 class=\"entry-title\">\n\n\n\n<\/h1>\n<table class=\"wp-block-table\">\n<tbody>\n<tr>\n<td>1. mesto<\/td>\n<td>Paola Roki\u0107<\/td>\n<td>Hrvatska<\/td>\n<\/tr>\n<tr>\n<td>2. mesto<\/td>\n<td>Viktor Kolmar<\/td>\n<td>Hrvatska<\/td>\n<\/tr>\n<tr>\n<td>3. mesto<\/td>\n<td>Melani Gril<\/td>\n<td>Slovenija<\/td>\n<\/tr>\n<\/tbody>\n<\/table>\n<h1 class=\"entry-title\">\n\n\n\n<\/h1>\n<strong>Nagrajenci v starostni skupini od 10 do 13 let:<\/strong>\n<h1 class=\"entry-title\">\n\n\n\n<\/h1>\n<table class=\"wp-block-table\">\n<tbody>\n<tr>\n<td>1. mesto<\/td>\n<td>Ema Lesjak<\/td>\n<td>Slovenija<\/td>\n<\/tr>\n<tr>\n<td>2. mesto<\/td>\n<td>Jana Crnomarkovi\u0107<\/td>\n<td>Srbija<\/td>\n<\/tr>\n<tr>\n<td>3. mesto<\/td>\n<td>Sara \u017dupanovi\u0107<\/td>\n<td>Hrvatska<\/td>\n<\/tr>\n<\/tbody>\n<\/table>\n<h1 class=\"entry-title\">\n\n\n\n<\/h1>\n<strong>Nagrajenci v starostni skupini od 14 do 17 let:<\/strong>\n<h1 class=\"entry-title\">\n\n\n\n<\/h1>\n<table class=\"wp-block-table\">\n<tbody>\n<tr>\n<td>1. mesto<\/td>\n<td>Gabriela Brai\u010di\u0107<\/td>\n<td>Hrvatska<\/td>\n<\/tr>\n<tr>\n<td>2. mesto<\/td>\n<td>Lana \u0160kof<\/td>\n<td>Slovenija<\/td>\n<\/tr>\n<tr>\n<td>3. mesto<\/td>\n<td>Ana Grdadolnik<\/td>\n<td>Slovenija<\/td>\n<\/tr>\n<\/tbody>\n<\/table>\n<h1 class=\"entry-title\">\n\n\n\n<\/h1>\n<strong>Nagrajenci po izboru ob\u010dinstva:<\/strong>\n<h1 class=\"entry-title\">\n\n\n\n<\/h1>\n<table class=\"wp-block-table\">\n<tbody>\n<tr>\n<td>1. mesto<\/td>\n<td>Tia Grubelnik<\/td>\n<td>Slovenija<\/td>\n<\/tr>\n<tr>\n<td>2. mesto<\/td>\n<td>Ana Grdadolnik<\/td>\n<td>Slovenija<\/td>\n<\/tr>\n<tr>\n<td>3. mesto<\/td>\n<td>Viktor Kolmar<\/td>\n<td>Hrvatska<\/td>\n<\/tr>\n<\/tbody>\n<\/table>\n<h1 class=\"entry-title\">\n\n\n\n<\/h1>\nVsi ostali udele\u017eenci 4. Mednarodnega otro\u0161kega pevskega festivala Bre\u017eice\n<h1 class=\"entry-title\">\n\n\n\n<\/h1>\nNagrade:\n<h1 class=\"entry-title\">\n\n\n\n<\/h1>\nPrvo mesto strokovne \u017eirije:\n<h1 class=\"entry-title\">\n\n\n\n<\/h1>\n<ul class=\"wp-block-list\">\n \t<li>pokal<\/li>\n \t<li>profesionalni mikrofon svetovno znanega proizvajalca Audio-technica <strong>(prvonagrajenca 1., 2. in 3. starostne skupine)<\/strong><\/li>\n \t<li>Vikend paket za 4 osebe v Indijanskem \u0161otoru Terme \u010cate\u017e<\/li>\n<\/ul>\n<h1 class=\"entry-title\">\n\n\n\n<\/h1>\n( Namestitev v \u0161otoru za dve no\u010di,\u00a0 dnevno do 4 vstopnice\u00a0 za 2 vstopa v zimsko ali na poletno termalno riviero, uporaba posteljnjega perila in kon\u010dno \u010di\u0161\u010denje, animacijski program)\n<h1 class=\"entry-title\">\n\n\n\n<\/h1>\n<ul class=\"wp-block-list\">\n \t<li>prakti\u010dna darila podjetja Krka, tovarna zdravil d.d., Novo mesto<\/li>\n \t<li>nagrada ZPTM (no\u010ditev za 2 osebi v MC hostlu Bre\u017eice, 2 vstopnici za obisk posavskega muzeja Bre\u017eice, 2 vstopnici za obisk \u017eivalskega parka \u201cNa jasi\u201d.<\/li>\n<\/ul>\n<h1 class=\"entry-title\">\n\n\n\n<\/h1>\nDrugo mesto strokovne \u017eirije:\n<h1 class=\"entry-title\">\n\n\n\n<\/h1>\n<ul class=\"wp-block-list\">\n \t<li>pokal<\/li>\n \t<li>celodnevni vstop za 2 osebi na poletno ali zimsko Termalno riviero\u00a0 Terme \u010cate\u017e<\/li>\n \t<li>prakti\u010dna darila podjetja Krka, tovarna zdravil d.d., Novo mesto<\/li>\n \t<li>nagrada ZPTM (no\u010ditev za 2 osebi v MC hostlu Bre\u017eice, 2 vstopnici za obisk posavskega muzeja Bre\u017eice, 2 vstopnici za obisk \u017eivalskega parka \u201cNa jasi\u201d.<\/li>\n<\/ul>\n<h1 class=\"entry-title\">\n\n\n\n<\/h1>\nTretje mesto strokovne \u017eirije:\n<h1 class=\"entry-title\">\n\n\n\n<\/h1>\n<ul class=\"wp-block-list\">\n \t<li>pokal<\/li>\n \t<li>celodnevni vstop za 1 osebo na poletno ali v zimsko termalno riviero Terme \u010cate\u017e<\/li>\n \t<li>prakti\u010dna darila podjetja Krka, tovarna zdravil d.d., Novo mesto<\/li>\n<\/ul>\n<h1 class=\"entry-title\">\n\n\n\n<\/h1>\nVideo produkcija Partitura Ljubljana podarja zmagovalcu vi\u0161je starostne skupine, brezpla\u010den videospot po pogojih produkcijske ekipe.\n<h1 class=\"entry-title\">\n\n\n\n<\/h1>\nAudio produkcija Partitura Ljubljana podarja zmagovalcu srednje starostne skupine, brezpla\u010dno studijsko snemanje priredbe po pogojih produkcijske ekipe.\n<h1 class=\"entry-title\">\n\n\n\n<\/h1>\nAudio produkcija Partitura Ljubljana podarja zmagovalcu ni\u017eje starostne skupine, brezpla\u010dno studijsko snemanje priredbe po pogojih produkcijske ekipe.\n<h1 class=\"entry-title\">\n\n\n\n<\/h1>\nNagrade ob\u010dinstva:\n<h1 class=\"entry-title\">\n\n\n\n<\/h1>\n<ol class=\"wp-block-list\">\n \t<li>nagrada: Plaketa, nagrada ZPTM (no\u010ditev za 2 osebi v MC hostlu Bre\u017eice, 2 vstopnici za obisk posavskega muzeja Bre\u017eice, 2 vstopnici za obisk \u017eivalskega parka),<strong> profesionalne slu\u0161alke svetovno znanega proizvajalca Audio-technica<\/strong>, prakti\u010dna darila\u00a0podjetja Krka, tovarna zdravil d.d., Novo mesto.<\/li>\n \t<li>nagrada: plaketa, nagrada ZPTM (no\u010ditev za 2 osebi v MC hostlu Bre\u017eice, 2 vstopnici za obisk posavskega muzeja Bre\u017eice, 2 vstopnici za obisk \u017eivalskega parka \u201cNa jasi\u201d), prakti\u010dna darila podjetja Krka, tovarna zdravil d.d., Novo mesto.<\/li>\n \t<li>nagrada: plaketa, nagrada ZPTM (no\u010ditev za 2 osebi v MC hostlu Bre\u017eice, 2 vstopnici za obisk posavskega muzeja Bre\u017eice, 2 vstopnici za obisk \u017eivalskega parka \u201cNa jasi\u201d), prakti\u010dna darila podjetja Krka, tovarna zdravil d.d., Novo mesto.<\/li>\n<\/ol>\n<h1 class=\"entry-title\">\n\n\n\n<\/h1>\nVsi nagrajenci dobijo \u0161e vrtnice\u00a0 od cvetli\u010darne Kerin.\n<h1 class=\"entry-title\">\n\n\n\n","protected":false},"excerpt":{"rendered":"<p>Nagrajenci v starostni skupini od 6 do 9 let: 1. mesto Paola Roki\u0107 Hrvatska 2. mesto Viktor Kolmar Hrvatska 3. mesto Melani Gril Slovenija Nagrajenci v starostni skupini od 10 do 13 let: 1. mesto Ema Lesjak Slovenija 2. mesto Jana Crnomarkovi\u0107 Srbija 3. mesto Sara \u017dupanovi\u0107 Hrvatska Nagrajenci v starostni skupini od 14 do &hellip; <\/p>\n<p class=\"link-more\"><a href=\"https:\/\/brezice.eu\/festival\/hr\/pobjednici-2019\/\" class=\"more-link\">Continue reading<span class=\"screen-reader-text\"> &#8220;Pobjednici 2019&#8221;<\/span><\/a><\/p>\n","protected":false},"author":1,"featured_media":1309,"parent":0,"menu_order":0,"comment_status":"closed","ping_status":"closed","template":"","meta":{"footnotes":""},"class_list":["post-1383","page","type-page","status-publish","has-post-thumbnail","hentry"],"yoast_head":"<!-- This site is optimized with the Yoast SEO plugin v27.3 - https:\/\/yoast.com\/product\/yoast-seo-wordpress\/ -->\n<title>Pobjednici 2019 - Mednarodni otro\u0161ki pevski festival Bre\u017eice<\/title>\n<meta name=\"robots\" content=\"index, follow, max-snippet:-1, max-image-preview:large, max-video-preview:-1\" \/>\n<link rel=\"canonical\" href=\"https:\/\/brezice.eu\/festival\/hr\/pobjednici-2019\/\" \/>\n<meta property=\"og:locale\" content=\"hr_HR\" \/>\n<meta property=\"og:type\" content=\"article\" \/>\n<meta property=\"og:title\" content=\"Pobjednici 2019 - Mednarodni otro\u0161ki pevski festival Bre\u017eice\" \/>\n<meta property=\"og:description\" content=\"Nagrajenci v starostni skupini od 6 do 9 let: 1. mesto Paola Roki\u0107 Hrvatska 2. mesto Viktor Kolmar Hrvatska 3. mesto Melani Gril Slovenija Nagrajenci v starostni skupini od 10 do 13 let: 1. mesto Ema Lesjak Slovenija 2. mesto Jana Crnomarkovi\u0107 Srbija 3. mesto Sara \u017dupanovi\u0107 Hrvatska Nagrajenci v starostni skupini od 14 do &hellip; Continue reading &quot;Pobjednici 2019&quot;\" \/>\n<meta property=\"og:url\" content=\"https:\/\/brezice.eu\/festival\/hr\/pobjednici-2019\/\" \/>\n<meta property=\"og:site_name\" content=\"Mednarodni otro\u0161ki pevski festival Bre\u017eice\" \/>\n<meta property=\"article:modified_time\" content=\"2023-04-03T17:42:09+00:00\" \/>\n<meta property=\"og:image\" content=\"https:\/\/brezice.eu\/festival\/wp-content\/uploads\/2019\/08\/zmagovalci-MOPFBrezice-2019.jpg\" \/>\n\t<meta property=\"og:image:width\" content=\"1920\" \/>\n\t<meta property=\"og:image:height\" content=\"1080\" \/>\n\t<meta property=\"og:image:type\" content=\"image\/jpeg\" \/>\n<meta name=\"twitter:card\" content=\"summary_large_image\" \/>\n<script type=\"application\/ld+json\" class=\"yoast-schema-graph\">{\"@context\":\"https:\\\/\\\/schema.org\",\"@graph\":[{\"@type\":\"WebPage\",\"@id\":\"https:\\\/\\\/brezice.eu\\\/festival\\\/hr\\\/pobjednici-2019\\\/\",\"url\":\"https:\\\/\\\/brezice.eu\\\/festival\\\/hr\\\/pobjednici-2019\\\/\",\"name\":\"Pobjednici 2019 - Mednarodni otro\u0161ki pevski festival Bre\u017eice\",\"isPartOf\":{\"@id\":\"https:\\\/\\\/brezice.eu\\\/festival\\\/hr\\\/#website\"},\"primaryImageOfPage\":{\"@id\":\"https:\\\/\\\/brezice.eu\\\/festival\\\/hr\\\/pobjednici-2019\\\/#primaryimage\"},\"image\":{\"@id\":\"https:\\\/\\\/brezice.eu\\\/festival\\\/hr\\\/pobjednici-2019\\\/#primaryimage\"},\"thumbnailUrl\":\"https:\\\/\\\/brezice.eu\\\/festival\\\/wp-content\\\/uploads\\\/2019\\\/08\\\/zmagovalci-MOPFBrezice-2019.jpg\",\"datePublished\":\"2020-02-23T20:04:02+00:00\",\"dateModified\":\"2023-04-03T17:42:09+00:00\",\"breadcrumb\":{\"@id\":\"https:\\\/\\\/brezice.eu\\\/festival\\\/hr\\\/pobjednici-2019\\\/#breadcrumb\"},\"inLanguage\":\"hr-HR\",\"potentialAction\":[{\"@type\":\"ReadAction\",\"target\":[\"https:\\\/\\\/brezice.eu\\\/festival\\\/hr\\\/pobjednici-2019\\\/\"]}]},{\"@type\":\"ImageObject\",\"inLanguage\":\"hr-HR\",\"@id\":\"https:\\\/\\\/brezice.eu\\\/festival\\\/hr\\\/pobjednici-2019\\\/#primaryimage\",\"url\":\"https:\\\/\\\/brezice.eu\\\/festival\\\/wp-content\\\/uploads\\\/2019\\\/08\\\/zmagovalci-MOPFBrezice-2019.jpg\",\"contentUrl\":\"https:\\\/\\\/brezice.eu\\\/festival\\\/wp-content\\\/uploads\\\/2019\\\/08\\\/zmagovalci-MOPFBrezice-2019.jpg\",\"width\":1920,\"height\":1080},{\"@type\":\"BreadcrumbList\",\"@id\":\"https:\\\/\\\/brezice.eu\\\/festival\\\/hr\\\/pobjednici-2019\\\/#breadcrumb\",\"itemListElement\":[{\"@type\":\"ListItem\",\"position\":1,\"name\":\"Home\",\"item\":\"https:\\\/\\\/brezice.eu\\\/festival\\\/hr\\\/\"},{\"@type\":\"ListItem\",\"position\":2,\"name\":\"Pobjednici 2019\"}]},{\"@type\":\"WebSite\",\"@id\":\"https:\\\/\\\/brezice.eu\\\/festival\\\/hr\\\/#website\",\"url\":\"https:\\\/\\\/brezice.eu\\\/festival\\\/hr\\\/\",\"name\":\"Mednarodni otro\u0161ki pevski festival Bre\u017eice\",\"description\":\"Predstavljamo vam najbolj\u0161e mlade evropske pevce od 6 do vklju\u010dno 17 let\",\"publisher\":{\"@id\":\"https:\\\/\\\/brezice.eu\\\/festival\\\/hr\\\/#organization\"},\"potentialAction\":[{\"@type\":\"SearchAction\",\"target\":{\"@type\":\"EntryPoint\",\"urlTemplate\":\"https:\\\/\\\/brezice.eu\\\/festival\\\/hr\\\/?s={search_term_string}\"},\"query-input\":{\"@type\":\"PropertyValueSpecification\",\"valueRequired\":true,\"valueName\":\"search_term_string\"}}],\"inLanguage\":\"hr-HR\"},{\"@type\":\"Organization\",\"@id\":\"https:\\\/\\\/brezice.eu\\\/festival\\\/hr\\\/#organization\",\"name\":\"Mednarodni otro\u0161ki pevski festival Bre\u017eice\",\"url\":\"https:\\\/\\\/brezice.eu\\\/festival\\\/hr\\\/\",\"logo\":{\"@type\":\"ImageObject\",\"inLanguage\":\"hr-HR\",\"@id\":\"https:\\\/\\\/brezice.eu\\\/festival\\\/hr\\\/#\\\/schema\\\/logo\\\/image\\\/\",\"url\":\"https:\\\/\\\/brezice.eu\\\/festival\\\/wp-content\\\/uploads\\\/2020\\\/02\\\/cropped-MOPFBrezice-logo-z-belim-ozadjem-transparent-1.png\",\"contentUrl\":\"https:\\\/\\\/brezice.eu\\\/festival\\\/wp-content\\\/uploads\\\/2020\\\/02\\\/cropped-MOPFBrezice-logo-z-belim-ozadjem-transparent-1.png\",\"width\":990,\"height\":250,\"caption\":\"Mednarodni otro\u0161ki pevski festival Bre\u017eice\"},\"image\":{\"@id\":\"https:\\\/\\\/brezice.eu\\\/festival\\\/hr\\\/#\\\/schema\\\/logo\\\/image\\\/\"}}]}<\/script>\n<!-- \/ Yoast SEO plugin. -->","yoast_head_json":{"title":"Pobjednici 2019 - Mednarodni otro\u0161ki pevski festival Bre\u017eice","robots":{"index":"index","follow":"follow","max-snippet":"max-snippet:-1","max-image-preview":"max-image-preview:large","max-video-preview":"max-video-preview:-1"},"canonical":"https:\/\/brezice.eu\/festival\/hr\/pobjednici-2019\/","og_locale":"hr_HR","og_type":"article","og_title":"Pobjednici 2019 - Mednarodni otro\u0161ki pevski festival Bre\u017eice","og_description":"Nagrajenci v starostni skupini od 6 do 9 let: 1. mesto Paola Roki\u0107 Hrvatska 2. mesto Viktor Kolmar Hrvatska 3. mesto Melani Gril Slovenija Nagrajenci v starostni skupini od 10 do 13 let: 1. mesto Ema Lesjak Slovenija 2. mesto Jana Crnomarkovi\u0107 Srbija 3. mesto Sara \u017dupanovi\u0107 Hrvatska Nagrajenci v starostni skupini od 14 do &hellip; Continue reading \"Pobjednici 2019\"","og_url":"https:\/\/brezice.eu\/festival\/hr\/pobjednici-2019\/","og_site_name":"Mednarodni otro\u0161ki pevski festival Bre\u017eice","article_modified_time":"2023-04-03T17:42:09+00:00","og_image":[{"width":1920,"height":1080,"url":"https:\/\/brezice.eu\/festival\/wp-content\/uploads\/2019\/08\/zmagovalci-MOPFBrezice-2019.jpg","type":"image\/jpeg"}],"twitter_card":"summary_large_image","schema":{"@context":"https:\/\/schema.org","@graph":[{"@type":"WebPage","@id":"https:\/\/brezice.eu\/festival\/hr\/pobjednici-2019\/","url":"https:\/\/brezice.eu\/festival\/hr\/pobjednici-2019\/","name":"Pobjednici 2019 - Mednarodni otro\u0161ki pevski festival Bre\u017eice","isPartOf":{"@id":"https:\/\/brezice.eu\/festival\/hr\/#website"},"primaryImageOfPage":{"@id":"https:\/\/brezice.eu\/festival\/hr\/pobjednici-2019\/#primaryimage"},"image":{"@id":"https:\/\/brezice.eu\/festival\/hr\/pobjednici-2019\/#primaryimage"},"thumbnailUrl":"https:\/\/brezice.eu\/festival\/wp-content\/uploads\/2019\/08\/zmagovalci-MOPFBrezice-2019.jpg","datePublished":"2020-02-23T20:04:02+00:00","dateModified":"2023-04-03T17:42:09+00:00","breadcrumb":{"@id":"https:\/\/brezice.eu\/festival\/hr\/pobjednici-2019\/#breadcrumb"},"inLanguage":"hr-HR","potentialAction":[{"@type":"ReadAction","target":["https:\/\/brezice.eu\/festival\/hr\/pobjednici-2019\/"]}]},{"@type":"ImageObject","inLanguage":"hr-HR","@id":"https:\/\/brezice.eu\/festival\/hr\/pobjednici-2019\/#primaryimage","url":"https:\/\/brezice.eu\/festival\/wp-content\/uploads\/2019\/08\/zmagovalci-MOPFBrezice-2019.jpg","contentUrl":"https:\/\/brezice.eu\/festival\/wp-content\/uploads\/2019\/08\/zmagovalci-MOPFBrezice-2019.jpg","width":1920,"height":1080},{"@type":"BreadcrumbList","@id":"https:\/\/brezice.eu\/festival\/hr\/pobjednici-2019\/#breadcrumb","itemListElement":[{"@type":"ListItem","position":1,"name":"Home","item":"https:\/\/brezice.eu\/festival\/hr\/"},{"@type":"ListItem","position":2,"name":"Pobjednici 2019"}]},{"@type":"WebSite","@id":"https:\/\/brezice.eu\/festival\/hr\/#website","url":"https:\/\/brezice.eu\/festival\/hr\/","name":"Mednarodni otro\u0161ki pevski festival Bre\u017eice","description":"Predstavljamo vam najbolj\u0161e mlade evropske pevce od 6 do vklju\u010dno 17 let","publisher":{"@id":"https:\/\/brezice.eu\/festival\/hr\/#organization"},"potentialAction":[{"@type":"SearchAction","target":{"@type":"EntryPoint","urlTemplate":"https:\/\/brezice.eu\/festival\/hr\/?s={search_term_string}"},"query-input":{"@type":"PropertyValueSpecification","valueRequired":true,"valueName":"search_term_string"}}],"inLanguage":"hr-HR"},{"@type":"Organization","@id":"https:\/\/brezice.eu\/festival\/hr\/#organization","name":"Mednarodni otro\u0161ki pevski festival Bre\u017eice","url":"https:\/\/brezice.eu\/festival\/hr\/","logo":{"@type":"ImageObject","inLanguage":"hr-HR","@id":"https:\/\/brezice.eu\/festival\/hr\/#\/schema\/logo\/image\/","url":"https:\/\/brezice.eu\/festival\/wp-content\/uploads\/2020\/02\/cropped-MOPFBrezice-logo-z-belim-ozadjem-transparent-1.png","contentUrl":"https:\/\/brezice.eu\/festival\/wp-content\/uploads\/2020\/02\/cropped-MOPFBrezice-logo-z-belim-ozadjem-transparent-1.png","width":990,"height":250,"caption":"Mednarodni otro\u0161ki pevski festival Bre\u017eice"},"image":{"@id":"https:\/\/brezice.eu\/festival\/hr\/#\/schema\/logo\/image\/"}}]}},"rttpg_featured_image_url":{"full":["https:\/\/brezice.eu\/festival\/wp-content\/uploads\/2019\/08\/zmagovalci-MOPFBrezice-2019.jpg",1920,1080,false],"landscape":["https:\/\/brezice.eu\/festival\/wp-content\/uploads\/2019\/08\/zmagovalci-MOPFBrezice-2019.jpg",1920,1080,false],"portraits":["https:\/\/brezice.eu\/festival\/wp-content\/uploads\/2019\/08\/zmagovalci-MOPFBrezice-2019.jpg",1920,1080,false],"thumbnail":["https:\/\/brezice.eu\/festival\/wp-content\/uploads\/2019\/08\/zmagovalci-MOPFBrezice-2019-150x150.jpg",150,150,true],"medium":["https:\/\/brezice.eu\/festival\/wp-content\/uploads\/2019\/08\/zmagovalci-MOPFBrezice-2019-300x169.jpg",300,169,true],"large":["https:\/\/brezice.eu\/festival\/wp-content\/uploads\/2019\/08\/zmagovalci-MOPFBrezice-2019-1024x576.jpg",525,295,true],"1536x1536":["https:\/\/brezice.eu\/festival\/wp-content\/uploads\/2019\/08\/zmagovalci-MOPFBrezice-2019.jpg",1536,864,false],"2048x2048":["https:\/\/brezice.eu\/festival\/wp-content\/uploads\/2019\/08\/zmagovalci-MOPFBrezice-2019.jpg",1920,1080,false],"twentyseventeen-featured-image":["https:\/\/brezice.eu\/festival\/wp-content\/uploads\/2019\/08\/zmagovalci-MOPFBrezice-2019.jpg",1920,1080,false],"twentyseventeen-thumbnail-avatar":["https:\/\/brezice.eu\/festival\/wp-content\/uploads\/2019\/08\/zmagovalci-MOPFBrezice-2019-100x100.jpg",100,100,true]},"rttpg_author":{"display_name":"Maks","author_link":"https:\/\/brezice.eu\/festival\/hr\/author\/maks\/"},"rttpg_comment":0,"rttpg_category":false,"rttpg_excerpt":"Nagrajenci v starostni skupini od 6 do 9 let: 1. mesto Paola Roki\u0107 Hrvatska 2. mesto Viktor Kolmar Hrvatska 3. mesto Melani Gril Slovenija Nagrajenci v starostni skupini od 10 do 13 let: 1. mesto Ema Lesjak Slovenija 2. mesto Jana Crnomarkovi\u0107 Srbija 3. mesto Sara \u017dupanovi\u0107 Hrvatska Nagrajenci v starostni skupini od 14 do&hellip;","_links":{"self":[{"href":"https:\/\/brezice.eu\/festival\/hr\/wp-json\/wp\/v2\/pages\/1383","targetHints":{"allow":["GET"]}}],"collection":[{"href":"https:\/\/brezice.eu\/festival\/hr\/wp-json\/wp\/v2\/pages"}],"about":[{"href":"https:\/\/brezice.eu\/festival\/hr\/wp-json\/wp\/v2\/types\/page"}],"author":[{"embeddable":true,"href":"https:\/\/brezice.eu\/festival\/hr\/wp-json\/wp\/v2\/users\/1"}],"replies":[{"embeddable":true,"href":"https:\/\/brezice.eu\/festival\/hr\/wp-json\/wp\/v2\/comments?post=1383"}],"version-history":[{"count":2,"href":"https:\/\/brezice.eu\/festival\/hr\/wp-json\/wp\/v2\/pages\/1383\/revisions"}],"predecessor-version":[{"id":2075,"href":"https:\/\/brezice.eu\/festival\/hr\/wp-json\/wp\/v2\/pages\/1383\/revisions\/2075"}],"wp:featuredmedia":[{"embeddable":true,"href":"https:\/\/brezice.eu\/festival\/hr\/wp-json\/wp\/v2\/media\/1309"}],"wp:attachment":[{"href":"https:\/\/brezice.eu\/festival\/hr\/wp-json\/wp\/v2\/media?parent=1383"}],"curies":[{"name":"wp","href":"https:\/\/api.w.org\/{rel}","templated":true}]}}