{"id":1332,"date":"2019-08-26T19:47:57","date_gmt":"2019-08-26T17:47:57","guid":{"rendered":"https:\/\/brezice.eu\/festival\/?page_id=1332"},"modified":"2019-08-28T11:46:32","modified_gmt":"2019-08-28T09:46:32","slug":"fotografije-2019","status":"publish","type":"page","link":"https:\/\/brezice.eu\/festival\/hr\/fotografije-2019\/","title":{"rendered":"Fotografije 2019"},"content":{"rendered":"<p>Galerije 2019:<\/p>\n<p>Fotograf: <a href=\"https:\/\/www.lukarudman.com\/\" target=\"_blank\" rel=\"noopener noreferrer\">Luka Rudman<\/a><\/p>\n<figure class=\"embed-gphotos  wp-caption\"><a href=\"https:\/\/photos.google.com\/share\/AF1QipP42hziq7tDkbDNBvLzNtptS-_fBxrqB4X0oFvyYjw9-rojWnwRKMqHayAYfNlUcQ?key=NXFVVk9PMEhaMTRKRGt0Z2NBYVByQ0NBeGQ5ZENn\" target=\"_blank\"><img loading=\"lazy\" decoding=\"async\"    src=\"https:\/\/lh3.googleusercontent.com\/pw\/AP1GczNR7PYozdTaBvs-kWEBiS92rJtuZFhWhPlqea7pCJCNL8EQilhiACALjmkYSYtSZwFwxBSgBpyJSbZVqDwZoFbCjYUsyZEXtYg5Fe03FPpk0RrbMh0a=w525-h788\" width=\"525\" height=\"350\"   ><\/a><figcaption class=\"wp-caption-text\"><a href=\"https:\/\/photos.google.com\/share\/AF1QipP42hziq7tDkbDNBvLzNtptS-_fBxrqB4X0oFvyYjw9-rojWnwRKMqHayAYfNlUcQ?key=NXFVVk9PMEhaMTRKRGt0Z2NBYVByQ0NBeGQ5ZENn\" target=\"_blank\">1. Polfinalni ve\u010der 2019, 4. Mednarodni otro\u0161ki pevski festival Bre\u017eice \/ Google Photos<\/a><\/figcaption><\/figure>\n<figure class=\"embed-gphotos  wp-caption\"><a href=\"https:\/\/photos.google.com\/share\/AF1QipPExLWu_79zersNEWksh41hcc0ckdiIplHW1mtHDqWvqMKQppfq4ogHanWPyk9bNg?key=NkhaMGJERDZkUTJ4bGpCakd4QVJEMkJtTENKZlZB\" target=\"_blank\"><img loading=\"lazy\" decoding=\"async\"    src=\"https:\/\/lh3.googleusercontent.com\/pw\/AP1GczO3222HsqEkAIh_bGVnaAxQMAtpHanXRyX6CbR4ZAmLAcwtL6VUwnbZQ9fqu1Rdg7SS2yEGTgHxa-zkDUkcfzQEXBTJu2tPvKRlUBVhZM01ILAOxFKe=w525-h788\" width=\"525\" height=\"350\"   ><\/a><figcaption class=\"wp-caption-text\"><a href=\"https:\/\/photos.google.com\/share\/AF1QipPExLWu_79zersNEWksh41hcc0ckdiIplHW1mtHDqWvqMKQppfq4ogHanWPyk9bNg?key=NkhaMGJERDZkUTJ4bGpCakd4QVJEMkJtTENKZlZB\" target=\"_blank\">2. Polfinalni ve\u010der 2019, 4. Mednarodni otro\u0161ki pevski festival Bre\u017eice \/ Google Photos<\/a><\/figcaption><\/figure>\n<figure class=\"embed-gphotos  wp-caption\"><a href=\"https:\/\/photos.google.com\/share\/AF1QipMcD7eVv1UpTH3_hratyQK6NWrRhvdw4sZPma9lFQlgR66GgJhvKwth3KIHvuucMQ?key=UUdPeS1NdVBMSnl5UG81MzR0clY3b2V5a0pmR2ZB\" target=\"_blank\"><img loading=\"lazy\" decoding=\"async\"    src=\"https:\/\/lh3.googleusercontent.com\/pw\/AP1GczP7uRtaSVdjRdliK4u6WLKeCREikrwJNX_pmBDHuxliLsIhIF2dAb0mHnKT7_Kl_uBbtOp5UVuM3iS2d52C8auCJ_fJRb4T-WhWDxY0tTRlGcC9lM1F=w525-h788\" width=\"525\" height=\"350\"   ><\/a><figcaption class=\"wp-caption-text\"><a href=\"https:\/\/photos.google.com\/share\/AF1QipMcD7eVv1UpTH3_hratyQK6NWrRhvdw4sZPma9lFQlgR66GgJhvKwth3KIHvuucMQ?key=UUdPeS1NdVBMSnl5UG81MzR0clY3b2V5a0pmR2ZB\" target=\"_blank\">Finalni ve\u010der 2019, 4. Mednarodni otro\u0161ki pevski festival Bre\u017eice \/ Google Photos<\/a><\/figcaption><\/figure>\n","protected":false},"excerpt":{"rendered":"<p>Galerije 2019: Fotograf: Luka Rudman 1. Polfinalni ve\u010der 2019, 4. Mednarodni otro\u0161ki pevski festival Bre\u017eice \/ Google Photos 2. Polfinalni ve\u010der 2019, 4. Mednarodni otro\u0161ki pevski festival Bre\u017eice \/ Google Photos Finalni ve\u010der 2019, 4. Mednarodni otro\u0161ki pevski festival Bre\u017eice \/ Google Photos<\/p>\n","protected":false},"author":1,"featured_media":0,"parent":0,"menu_order":0,"comment_status":"closed","ping_status":"closed","template":"","meta":{"footnotes":""},"class_list":["post-1332","page","type-page","status-publish","hentry"],"yoast_head":"<!-- This site is optimized with the Yoast SEO plugin v27.3 - https:\/\/yoast.com\/product\/yoast-seo-wordpress\/ -->\n<title>Fotografije 2019 - Mednarodni otro\u0161ki pevski festival Bre\u017eice<\/title>\n<meta name=\"robots\" content=\"index, follow, max-snippet:-1, max-image-preview:large, max-video-preview:-1\" \/>\n<link rel=\"canonical\" href=\"https:\/\/brezice.eu\/festival\/hr\/fotografije-2019\/\" \/>\n<meta property=\"og:locale\" content=\"hr_HR\" \/>\n<meta property=\"og:type\" content=\"article\" \/>\n<meta property=\"og:title\" content=\"Fotografije 2019 - Mednarodni otro\u0161ki pevski festival Bre\u017eice\" \/>\n<meta property=\"og:description\" content=\"Galerije 2019: Fotograf: Luka Rudman 1. Polfinalni ve\u010der 2019, 4. Mednarodni otro\u0161ki pevski festival Bre\u017eice \/ Google Photos 2. Polfinalni ve\u010der 2019, 4. Mednarodni otro\u0161ki pevski festival Bre\u017eice \/ Google Photos Finalni ve\u010der 2019, 4. Mednarodni otro\u0161ki pevski festival Bre\u017eice \/ Google Photos\" \/>\n<meta property=\"og:url\" content=\"https:\/\/brezice.eu\/festival\/hr\/fotografije-2019\/\" \/>\n<meta property=\"og:site_name\" content=\"Mednarodni otro\u0161ki pevski festival Bre\u017eice\" \/>\n<meta property=\"article:modified_time\" content=\"2019-08-28T09:46:32+00:00\" \/>\n<meta name=\"twitter:card\" content=\"summary_large_image\" \/>\n<script type=\"application\/ld+json\" class=\"yoast-schema-graph\">{\"@context\":\"https:\\\/\\\/schema.org\",\"@graph\":[{\"@type\":\"WebPage\",\"@id\":\"https:\\\/\\\/brezice.eu\\\/festival\\\/hr\\\/fotografije-2019\\\/\",\"url\":\"https:\\\/\\\/brezice.eu\\\/festival\\\/hr\\\/fotografije-2019\\\/\",\"name\":\"Fotografije 2019 - Mednarodni otro\u0161ki pevski festival Bre\u017eice\",\"isPartOf\":{\"@id\":\"https:\\\/\\\/brezice.eu\\\/festival\\\/hr\\\/#website\"},\"datePublished\":\"2019-08-26T17:47:57+00:00\",\"dateModified\":\"2019-08-28T09:46:32+00:00\",\"breadcrumb\":{\"@id\":\"https:\\\/\\\/brezice.eu\\\/festival\\\/hr\\\/fotografije-2019\\\/#breadcrumb\"},\"inLanguage\":\"hr-HR\",\"potentialAction\":[{\"@type\":\"ReadAction\",\"target\":[\"https:\\\/\\\/brezice.eu\\\/festival\\\/hr\\\/fotografije-2019\\\/\"]}]},{\"@type\":\"BreadcrumbList\",\"@id\":\"https:\\\/\\\/brezice.eu\\\/festival\\\/hr\\\/fotografije-2019\\\/#breadcrumb\",\"itemListElement\":[{\"@type\":\"ListItem\",\"position\":1,\"name\":\"Home\",\"item\":\"https:\\\/\\\/brezice.eu\\\/festival\\\/hr\\\/\"},{\"@type\":\"ListItem\",\"position\":2,\"name\":\"Fotografije 2019\"}]},{\"@type\":\"WebSite\",\"@id\":\"https:\\\/\\\/brezice.eu\\\/festival\\\/hr\\\/#website\",\"url\":\"https:\\\/\\\/brezice.eu\\\/festival\\\/hr\\\/\",\"name\":\"Mednarodni otro\u0161ki pevski festival Bre\u017eice\",\"description\":\"Predstavljamo vam najbolj\u0161e mlade evropske pevce od 6 do vklju\u010dno 17 let\",\"publisher\":{\"@id\":\"https:\\\/\\\/brezice.eu\\\/festival\\\/hr\\\/#organization\"},\"potentialAction\":[{\"@type\":\"SearchAction\",\"target\":{\"@type\":\"EntryPoint\",\"urlTemplate\":\"https:\\\/\\\/brezice.eu\\\/festival\\\/hr\\\/?s={search_term_string}\"},\"query-input\":{\"@type\":\"PropertyValueSpecification\",\"valueRequired\":true,\"valueName\":\"search_term_string\"}}],\"inLanguage\":\"hr-HR\"},{\"@type\":\"Organization\",\"@id\":\"https:\\\/\\\/brezice.eu\\\/festival\\\/hr\\\/#organization\",\"name\":\"Mednarodni otro\u0161ki pevski festival Bre\u017eice\",\"url\":\"https:\\\/\\\/brezice.eu\\\/festival\\\/hr\\\/\",\"logo\":{\"@type\":\"ImageObject\",\"inLanguage\":\"hr-HR\",\"@id\":\"https:\\\/\\\/brezice.eu\\\/festival\\\/hr\\\/#\\\/schema\\\/logo\\\/image\\\/\",\"url\":\"https:\\\/\\\/brezice.eu\\\/festival\\\/wp-content\\\/uploads\\\/2020\\\/02\\\/cropped-MOPFBrezice-logo-z-belim-ozadjem-transparent-1.png\",\"contentUrl\":\"https:\\\/\\\/brezice.eu\\\/festival\\\/wp-content\\\/uploads\\\/2020\\\/02\\\/cropped-MOPFBrezice-logo-z-belim-ozadjem-transparent-1.png\",\"width\":990,\"height\":250,\"caption\":\"Mednarodni otro\u0161ki pevski festival Bre\u017eice\"},\"image\":{\"@id\":\"https:\\\/\\\/brezice.eu\\\/festival\\\/hr\\\/#\\\/schema\\\/logo\\\/image\\\/\"}}]}<\/script>\n<!-- \/ Yoast SEO plugin. -->","yoast_head_json":{"title":"Fotografije 2019 - Mednarodni otro\u0161ki pevski festival Bre\u017eice","robots":{"index":"index","follow":"follow","max-snippet":"max-snippet:-1","max-image-preview":"max-image-preview:large","max-video-preview":"max-video-preview:-1"},"canonical":"https:\/\/brezice.eu\/festival\/hr\/fotografije-2019\/","og_locale":"hr_HR","og_type":"article","og_title":"Fotografije 2019 - Mednarodni otro\u0161ki pevski festival Bre\u017eice","og_description":"Galerije 2019: Fotograf: Luka Rudman 1. Polfinalni ve\u010der 2019, 4. Mednarodni otro\u0161ki pevski festival Bre\u017eice \/ Google Photos 2. Polfinalni ve\u010der 2019, 4. Mednarodni otro\u0161ki pevski festival Bre\u017eice \/ Google Photos Finalni ve\u010der 2019, 4. Mednarodni otro\u0161ki pevski festival Bre\u017eice \/ Google Photos","og_url":"https:\/\/brezice.eu\/festival\/hr\/fotografije-2019\/","og_site_name":"Mednarodni otro\u0161ki pevski festival Bre\u017eice","article_modified_time":"2019-08-28T09:46:32+00:00","twitter_card":"summary_large_image","schema":{"@context":"https:\/\/schema.org","@graph":[{"@type":"WebPage","@id":"https:\/\/brezice.eu\/festival\/hr\/fotografije-2019\/","url":"https:\/\/brezice.eu\/festival\/hr\/fotografije-2019\/","name":"Fotografije 2019 - Mednarodni otro\u0161ki pevski festival Bre\u017eice","isPartOf":{"@id":"https:\/\/brezice.eu\/festival\/hr\/#website"},"datePublished":"2019-08-26T17:47:57+00:00","dateModified":"2019-08-28T09:46:32+00:00","breadcrumb":{"@id":"https:\/\/brezice.eu\/festival\/hr\/fotografije-2019\/#breadcrumb"},"inLanguage":"hr-HR","potentialAction":[{"@type":"ReadAction","target":["https:\/\/brezice.eu\/festival\/hr\/fotografije-2019\/"]}]},{"@type":"BreadcrumbList","@id":"https:\/\/brezice.eu\/festival\/hr\/fotografije-2019\/#breadcrumb","itemListElement":[{"@type":"ListItem","position":1,"name":"Home","item":"https:\/\/brezice.eu\/festival\/hr\/"},{"@type":"ListItem","position":2,"name":"Fotografije 2019"}]},{"@type":"WebSite","@id":"https:\/\/brezice.eu\/festival\/hr\/#website","url":"https:\/\/brezice.eu\/festival\/hr\/","name":"Mednarodni otro\u0161ki pevski festival Bre\u017eice","description":"Predstavljamo vam najbolj\u0161e mlade evropske pevce od 6 do vklju\u010dno 17 let","publisher":{"@id":"https:\/\/brezice.eu\/festival\/hr\/#organization"},"potentialAction":[{"@type":"SearchAction","target":{"@type":"EntryPoint","urlTemplate":"https:\/\/brezice.eu\/festival\/hr\/?s={search_term_string}"},"query-input":{"@type":"PropertyValueSpecification","valueRequired":true,"valueName":"search_term_string"}}],"inLanguage":"hr-HR"},{"@type":"Organization","@id":"https:\/\/brezice.eu\/festival\/hr\/#organization","name":"Mednarodni otro\u0161ki pevski festival Bre\u017eice","url":"https:\/\/brezice.eu\/festival\/hr\/","logo":{"@type":"ImageObject","inLanguage":"hr-HR","@id":"https:\/\/brezice.eu\/festival\/hr\/#\/schema\/logo\/image\/","url":"https:\/\/brezice.eu\/festival\/wp-content\/uploads\/2020\/02\/cropped-MOPFBrezice-logo-z-belim-ozadjem-transparent-1.png","contentUrl":"https:\/\/brezice.eu\/festival\/wp-content\/uploads\/2020\/02\/cropped-MOPFBrezice-logo-z-belim-ozadjem-transparent-1.png","width":990,"height":250,"caption":"Mednarodni otro\u0161ki pevski festival Bre\u017eice"},"image":{"@id":"https:\/\/brezice.eu\/festival\/hr\/#\/schema\/logo\/image\/"}}]}},"rttpg_featured_image_url":null,"rttpg_author":{"display_name":"Maks","author_link":"https:\/\/brezice.eu\/festival\/hr\/author\/maks\/"},"rttpg_comment":0,"rttpg_category":false,"rttpg_excerpt":"Galerije 2019: Fotograf: Luka Rudman 1. Polfinalni ve\u010der 2019, 4. Mednarodni otro\u0161ki pevski festival Bre\u017eice \/ Google Photos 2. Polfinalni ve\u010der 2019, 4. Mednarodni otro\u0161ki pevski festival Bre\u017eice \/ Google Photos Finalni ve\u010der 2019, 4. Mednarodni otro\u0161ki pevski festival Bre\u017eice \/ Google Photos","_links":{"self":[{"href":"https:\/\/brezice.eu\/festival\/hr\/wp-json\/wp\/v2\/pages\/1332","targetHints":{"allow":["GET"]}}],"collection":[{"href":"https:\/\/brezice.eu\/festival\/hr\/wp-json\/wp\/v2\/pages"}],"about":[{"href":"https:\/\/brezice.eu\/festival\/hr\/wp-json\/wp\/v2\/types\/page"}],"author":[{"embeddable":true,"href":"https:\/\/brezice.eu\/festival\/hr\/wp-json\/wp\/v2\/users\/1"}],"replies":[{"embeddable":true,"href":"https:\/\/brezice.eu\/festival\/hr\/wp-json\/wp\/v2\/comments?post=1332"}],"version-history":[{"count":3,"href":"https:\/\/brezice.eu\/festival\/hr\/wp-json\/wp\/v2\/pages\/1332\/revisions"}],"predecessor-version":[{"id":1352,"href":"https:\/\/brezice.eu\/festival\/hr\/wp-json\/wp\/v2\/pages\/1332\/revisions\/1352"}],"wp:attachment":[{"href":"https:\/\/brezice.eu\/festival\/hr\/wp-json\/wp\/v2\/media?parent=1332"}],"curies":[{"name":"wp","href":"https:\/\/api.w.org\/{rel}","templated":true}]}}