{"id":1113,"date":"2019-02-14T11:03:18","date_gmt":"2019-02-14T10:03:18","guid":{"rendered":"http:\/\/brezice.eu\/festival\/?page_id=1113"},"modified":"2021-06-19T11:16:07","modified_gmt":"2021-06-19T09:16:07","slug":"prijavnica-2021","status":"publish","type":"page","link":"https:\/\/brezice.eu\/festival\/hr\/prijavnica-2021\/","title":{"rendered":"Prijavnica 2021"},"content":{"rendered":"<p>Festival je besplatan = 0 EUR.<\/p>\n<p>Mednarodni otro\u0161ki pevski festival Bre\u017eice 2021<br \/>\nPartitura d.o.o.<br \/>\nGornji trg 20<br \/>\n1000 Ljubljana<\/p>\n<p><strong>Natje\u010daj za 5. me\u0111unarodni dje\u010dji pjeva\u010dki festival Bre\u017eice 2021<\/strong><\/p>\n<p>Dragi roditelji, mentori, pjeva\u010dice i pjeva\u010di,<\/p>\n<p>objavljujemo poziv za sudjelovanje na petom Me\u0111unarodnom dje\u010djem pjeva\u010dkom festivalu Bre\u017eice 2021.<br \/>\nKao i do sada, pjeva\u010dice i pjeva\u010di od 6 do 17 godina mogu se prijaviti na festival u tri dobne skupine:<\/p>\n<p><strong>Prva dobna skupina, od 6 do 9 godina<\/strong><br \/>\nPrijavitelji moraju biti roditelji ili skrbnici u\u010desnika, dok mentori mogu pomo\u0107i prilikom same prijave. Kandidati se mogu prijaviti s jednom od omiljenih pjesama iz niza zabavnih \u017eanrova na bilo kojem jeziku. Podnositelji prijava moraju osigurati glazbenu podlogu u mp3 formatu s najmanje 192 kbps bitne brzine te istu poslati je u prijavnici na check-in. Kandidati \u0107e morati potpisati izjave o prihva\u0107anju uvjeta sudjelovanja i izjave o BDPR-u.<\/p>\n<p><strong>Druga dobna skupina, od 10 do 13 godina<\/strong><br \/>\nPrijavitelji moraju biti roditelji ili skrbnici u\u010desnika, dok mentori mogu pomo\u0107i prilikom same prijave. Kandidati se mogu prijaviti s jednom od omiljenih pjesama iz niza zabavnih \u017eanrova na bilo kojem jeziku. Podnositelji prijava moraju osigurati glazbenu podlogu u mp3 formatu s najmanje 192 kbps bitne brzine te istu poslati je u prijavnici na check-in. Kandidati \u0107e morati potpisati izjave o prihva\u0107anju uvjeta sudjelovanja i izjave o BDPR-u.<\/p>\n<p><strong>Tre\u0107a dobna skupina, od 14 do 17 godina &#8211; NOVO &#8211;<\/strong><br \/>\nPrijavitelji moraju biti roditelji ili skrbnici u\u010desnika, dok mentori mogu pomo\u0107i prilikom same prijave. Kandidati se mogu prijaviti samo s pjesmom koja je napisana posebno za njih i koja do sada jo\u0161 nije izvedena na festivalu u Bre\u017eicama, niti izdana ili snimana od strane druge osobe. Glazbena podloga mora biti kvalitetna, bez snimljenog glavnog vokala. Podnositelji prijava moraju potpisati izjavu o prihva\u0107anju uvjeta sudjelovanja, izjave i izjave autora, potencijalnih izdava\u010da i izvo\u0111a\u010da o dodjeli prava na neograni\u010deno kori\u0161tenje pjesme za potrebe MOPF-a Bre\u017eice.<\/p>\n<p>Promjenom pravila za tre\u0107u dobnu skupinu organizatori festivala podi\u017eu ljestvicu kvalitete s \u010dime festivalu daju edukativni utjecaj na razvoj mladih pjeva\u010dica i pjeva\u010da. Vjerujemo da se mla\u0111i pjeva\u010di i pjeva\u010di u razdoblju od 6 do 13 godina, pjeva\u010dki, stalno razvijaju, tra\u017ee stil i vlastitu interpretaciju, dok su kandidati u tre\u0107oj dobnoj skupini, od 14 do 17 godina, ve\u0107 sposobni pjevati svojom vlastitom pjeva\u010dkom interpretacijom, koja \u0107e ih zasigurno predstaviti u najboljem svjetlu vlastitom skladbom, koja do sada nije bila javno poznata, snimljena ili pu\u0161tena od strane nekog drugog, osim njih samih.<\/p>\n<p>Podnositelj zahtjeva mora biti jedan od roditelja, a ne oboje. Podnositelj zahtjeva mo\u017ee biti i zakonski skrbnik djeteta ako dijete nema roditelja. Mentor ili u\u010ditelj pjevanja ne mo\u017ee biti prijavitelj, jer ne mo\u017ee biti potpisnik izjava o prihva\u0107anju uvjeta sudjelovanja na festivalu.<\/p>\n<p>Za uspje\u0161nu elektroni\u010dku registraciju, podnositelj zahtjeva mora imati valjanu adresu elektroni\u010dke po\u0161te i kontakt broj koji organizator mo\u017ee koristiti za komunikaciju, za potrebe organizacije MOPF Bre\u017eice.<\/p>\n<p>Nakon uspje\u0161nog podno\u0161enja elektroni\u010dke prijave na festivalsku audiciju, automatski \u0107ete primiti e-po\u0161tu koju \u0107ete morati dostaviti selekcijskom odboru na audiciji.<\/p>\n<p><strong>Audicije \u0107e se odvijati online putem aplikacije Google Meet. Na audiciji \u0107ete morati pjevati u\u017eivo uz glazbenu pratnju (matricu), koju morate pu\u0161tati sami. Morat \u0107ete prilagoditi glasno\u0107u glazbene podloge, kako bi komisija dobro \u010dula pjevanje. Datum audicije: 20. 6. 2021. u 15:00 sati.<\/strong><\/p>\n<p>Datum audicije: 20. 6. 2021 u 15:00 sati.<\/p>\n<p>Datum prvog dijela polufinala: 27. 8. 2021<br \/>\nDatum 2. dio polufinala: 28. 8. 2021<br \/>\nFinalna festivalska ve\u010der: 29. 8. 2021<\/p>\n<p>Rok za prijavu: 18. 6. 2021<\/p>\n<p>Prijavom se podnositelj zahtjeva obvezuje da \u0107e u\u010desnicima festivala omogu\u0107iti sudjelovanje u svim festivalskim aktivnostima prema navedenim terminima.<\/p>\n<p>PRIJAVE SU ZATVORENE!<\/p>\n","protected":false},"excerpt":{"rendered":"<p>Festival je besplatan = 0 EUR. Mednarodni otro\u0161ki pevski festival Bre\u017eice 2021 Partitura d.o.o. Gornji trg 20 1000 Ljubljana Natje\u010daj za 5. me\u0111unarodni dje\u010dji pjeva\u010dki festival Bre\u017eice 2021 Dragi roditelji, mentori, pjeva\u010dice i pjeva\u010di, objavljujemo poziv za sudjelovanje na petom Me\u0111unarodnom dje\u010djem pjeva\u010dkom festivalu Bre\u017eice 2021. Kao i do sada, pjeva\u010dice i pjeva\u010di od 6 &hellip; <\/p>\n<p class=\"link-more\"><a href=\"https:\/\/brezice.eu\/festival\/hr\/prijavnica-2021\/\" class=\"more-link\">Continue reading<span class=\"screen-reader-text\"> &#8220;Prijavnica 2021&#8221;<\/span><\/a><\/p>\n","protected":false},"author":1,"featured_media":1372,"parent":0,"menu_order":0,"comment_status":"closed","ping_status":"closed","template":"","meta":{"footnotes":""},"class_list":["post-1113","page","type-page","status-publish","has-post-thumbnail","hentry"],"yoast_head":"<!-- This site is optimized with the Yoast SEO plugin v27.4 - https:\/\/yoast.com\/product\/yoast-seo-wordpress\/ -->\n<title>Prijavnica 2021 - Mednarodni otro\u0161ki pevski festival Bre\u017eice<\/title>\n<meta name=\"robots\" content=\"index, follow, max-snippet:-1, max-image-preview:large, max-video-preview:-1\" \/>\n<link rel=\"canonical\" href=\"https:\/\/brezice.eu\/festival\/hr\/prijavnica-2021\/\" \/>\n<meta property=\"og:locale\" content=\"hr_HR\" \/>\n<meta property=\"og:type\" content=\"article\" \/>\n<meta property=\"og:title\" content=\"Prijavnica 2021 - Mednarodni otro\u0161ki pevski festival Bre\u017eice\" \/>\n<meta property=\"og:description\" content=\"Festival je besplatan = 0 EUR. Mednarodni otro\u0161ki pevski festival Bre\u017eice 2021 Partitura d.o.o. Gornji trg 20 1000 Ljubljana Natje\u010daj za 5. me\u0111unarodni dje\u010dji pjeva\u010dki festival Bre\u017eice 2021 Dragi roditelji, mentori, pjeva\u010dice i pjeva\u010di, objavljujemo poziv za sudjelovanje na petom Me\u0111unarodnom dje\u010djem pjeva\u010dkom festivalu Bre\u017eice 2021. Kao i do sada, pjeva\u010dice i pjeva\u010di od 6 &hellip; Continue reading &quot;Prijavnica 2021&quot;\" \/>\n<meta property=\"og:url\" content=\"https:\/\/brezice.eu\/festival\/hr\/prijavnica-2021\/\" \/>\n<meta property=\"og:site_name\" content=\"Mednarodni otro\u0161ki pevski festival Bre\u017eice\" \/>\n<meta property=\"article:modified_time\" content=\"2021-06-19T09:16:07+00:00\" \/>\n<meta property=\"og:image\" content=\"https:\/\/brezice.eu\/festival\/wp-content\/uploads\/2020\/02\/MOPFBrezice-2.png\" \/>\n\t<meta property=\"og:image:width\" content=\"1191\" \/>\n\t<meta property=\"og:image:height\" content=\"332\" \/>\n\t<meta property=\"og:image:type\" content=\"image\/png\" \/>\n<meta name=\"twitter:card\" content=\"summary_large_image\" \/>\n<meta name=\"twitter:label1\" content=\"Est. reading time\" \/>\n\t<meta name=\"twitter:data1\" content=\"3 minutes\" \/>\n<script type=\"application\/ld+json\" class=\"yoast-schema-graph\">{\"@context\":\"https:\\\/\\\/schema.org\",\"@graph\":[{\"@type\":\"WebPage\",\"@id\":\"https:\\\/\\\/brezice.eu\\\/festival\\\/hr\\\/prijavnica-2021\\\/\",\"url\":\"https:\\\/\\\/brezice.eu\\\/festival\\\/hr\\\/prijavnica-2021\\\/\",\"name\":\"Prijavnica 2021 - Mednarodni otro\u0161ki pevski festival Bre\u017eice\",\"isPartOf\":{\"@id\":\"https:\\\/\\\/brezice.eu\\\/festival\\\/hr\\\/#website\"},\"primaryImageOfPage\":{\"@id\":\"https:\\\/\\\/brezice.eu\\\/festival\\\/hr\\\/prijavnica-2021\\\/#primaryimage\"},\"image\":{\"@id\":\"https:\\\/\\\/brezice.eu\\\/festival\\\/hr\\\/prijavnica-2021\\\/#primaryimage\"},\"thumbnailUrl\":\"https:\\\/\\\/brezice.eu\\\/festival\\\/wp-content\\\/uploads\\\/2020\\\/02\\\/MOPFBrezice-2.png\",\"datePublished\":\"2019-02-14T10:03:18+00:00\",\"dateModified\":\"2021-06-19T09:16:07+00:00\",\"breadcrumb\":{\"@id\":\"https:\\\/\\\/brezice.eu\\\/festival\\\/hr\\\/prijavnica-2021\\\/#breadcrumb\"},\"inLanguage\":\"hr-HR\",\"potentialAction\":[{\"@type\":\"ReadAction\",\"target\":[\"https:\\\/\\\/brezice.eu\\\/festival\\\/hr\\\/prijavnica-2021\\\/\"]}]},{\"@type\":\"ImageObject\",\"inLanguage\":\"hr-HR\",\"@id\":\"https:\\\/\\\/brezice.eu\\\/festival\\\/hr\\\/prijavnica-2021\\\/#primaryimage\",\"url\":\"https:\\\/\\\/brezice.eu\\\/festival\\\/wp-content\\\/uploads\\\/2020\\\/02\\\/MOPFBrezice-2.png\",\"contentUrl\":\"https:\\\/\\\/brezice.eu\\\/festival\\\/wp-content\\\/uploads\\\/2020\\\/02\\\/MOPFBrezice-2.png\",\"width\":1191,\"height\":332},{\"@type\":\"BreadcrumbList\",\"@id\":\"https:\\\/\\\/brezice.eu\\\/festival\\\/hr\\\/prijavnica-2021\\\/#breadcrumb\",\"itemListElement\":[{\"@type\":\"ListItem\",\"position\":1,\"name\":\"Home\",\"item\":\"https:\\\/\\\/brezice.eu\\\/festival\\\/hr\\\/\"},{\"@type\":\"ListItem\",\"position\":2,\"name\":\"Prijavnica 2021\"}]},{\"@type\":\"WebSite\",\"@id\":\"https:\\\/\\\/brezice.eu\\\/festival\\\/hr\\\/#website\",\"url\":\"https:\\\/\\\/brezice.eu\\\/festival\\\/hr\\\/\",\"name\":\"Mednarodni otro\u0161ki pevski festival Bre\u017eice\",\"description\":\"Predstavljamo vam najbolj\u0161e mlade evropske pevce od 6 do vklju\u010dno 17 let\",\"publisher\":{\"@id\":\"https:\\\/\\\/brezice.eu\\\/festival\\\/hr\\\/#organization\"},\"potentialAction\":[{\"@type\":\"SearchAction\",\"target\":{\"@type\":\"EntryPoint\",\"urlTemplate\":\"https:\\\/\\\/brezice.eu\\\/festival\\\/hr\\\/?s={search_term_string}\"},\"query-input\":{\"@type\":\"PropertyValueSpecification\",\"valueRequired\":true,\"valueName\":\"search_term_string\"}}],\"inLanguage\":\"hr-HR\"},{\"@type\":\"Organization\",\"@id\":\"https:\\\/\\\/brezice.eu\\\/festival\\\/hr\\\/#organization\",\"name\":\"Mednarodni otro\u0161ki pevski festival Bre\u017eice\",\"url\":\"https:\\\/\\\/brezice.eu\\\/festival\\\/hr\\\/\",\"logo\":{\"@type\":\"ImageObject\",\"inLanguage\":\"hr-HR\",\"@id\":\"https:\\\/\\\/brezice.eu\\\/festival\\\/hr\\\/#\\\/schema\\\/logo\\\/image\\\/\",\"url\":\"https:\\\/\\\/brezice.eu\\\/festival\\\/wp-content\\\/uploads\\\/2020\\\/02\\\/cropped-MOPFBrezice-logo-z-belim-ozadjem-transparent-1.png\",\"contentUrl\":\"https:\\\/\\\/brezice.eu\\\/festival\\\/wp-content\\\/uploads\\\/2020\\\/02\\\/cropped-MOPFBrezice-logo-z-belim-ozadjem-transparent-1.png\",\"width\":990,\"height\":250,\"caption\":\"Mednarodni otro\u0161ki pevski festival Bre\u017eice\"},\"image\":{\"@id\":\"https:\\\/\\\/brezice.eu\\\/festival\\\/hr\\\/#\\\/schema\\\/logo\\\/image\\\/\"}}]}<\/script>\n<!-- \/ Yoast SEO plugin. -->","yoast_head_json":{"title":"Prijavnica 2021 - Mednarodni otro\u0161ki pevski festival Bre\u017eice","robots":{"index":"index","follow":"follow","max-snippet":"max-snippet:-1","max-image-preview":"max-image-preview:large","max-video-preview":"max-video-preview:-1"},"canonical":"https:\/\/brezice.eu\/festival\/hr\/prijavnica-2021\/","og_locale":"hr_HR","og_type":"article","og_title":"Prijavnica 2021 - Mednarodni otro\u0161ki pevski festival Bre\u017eice","og_description":"Festival je besplatan = 0 EUR. Mednarodni otro\u0161ki pevski festival Bre\u017eice 2021 Partitura d.o.o. Gornji trg 20 1000 Ljubljana Natje\u010daj za 5. me\u0111unarodni dje\u010dji pjeva\u010dki festival Bre\u017eice 2021 Dragi roditelji, mentori, pjeva\u010dice i pjeva\u010di, objavljujemo poziv za sudjelovanje na petom Me\u0111unarodnom dje\u010djem pjeva\u010dkom festivalu Bre\u017eice 2021. Kao i do sada, pjeva\u010dice i pjeva\u010di od 6 &hellip; Continue reading \"Prijavnica 2021\"","og_url":"https:\/\/brezice.eu\/festival\/hr\/prijavnica-2021\/","og_site_name":"Mednarodni otro\u0161ki pevski festival Bre\u017eice","article_modified_time":"2021-06-19T09:16:07+00:00","og_image":[{"width":1191,"height":332,"url":"https:\/\/brezice.eu\/festival\/wp-content\/uploads\/2020\/02\/MOPFBrezice-2.png","type":"image\/png"}],"twitter_card":"summary_large_image","twitter_misc":{"Est. reading time":"3 minutes"},"schema":{"@context":"https:\/\/schema.org","@graph":[{"@type":"WebPage","@id":"https:\/\/brezice.eu\/festival\/hr\/prijavnica-2021\/","url":"https:\/\/brezice.eu\/festival\/hr\/prijavnica-2021\/","name":"Prijavnica 2021 - Mednarodni otro\u0161ki pevski festival Bre\u017eice","isPartOf":{"@id":"https:\/\/brezice.eu\/festival\/hr\/#website"},"primaryImageOfPage":{"@id":"https:\/\/brezice.eu\/festival\/hr\/prijavnica-2021\/#primaryimage"},"image":{"@id":"https:\/\/brezice.eu\/festival\/hr\/prijavnica-2021\/#primaryimage"},"thumbnailUrl":"https:\/\/brezice.eu\/festival\/wp-content\/uploads\/2020\/02\/MOPFBrezice-2.png","datePublished":"2019-02-14T10:03:18+00:00","dateModified":"2021-06-19T09:16:07+00:00","breadcrumb":{"@id":"https:\/\/brezice.eu\/festival\/hr\/prijavnica-2021\/#breadcrumb"},"inLanguage":"hr-HR","potentialAction":[{"@type":"ReadAction","target":["https:\/\/brezice.eu\/festival\/hr\/prijavnica-2021\/"]}]},{"@type":"ImageObject","inLanguage":"hr-HR","@id":"https:\/\/brezice.eu\/festival\/hr\/prijavnica-2021\/#primaryimage","url":"https:\/\/brezice.eu\/festival\/wp-content\/uploads\/2020\/02\/MOPFBrezice-2.png","contentUrl":"https:\/\/brezice.eu\/festival\/wp-content\/uploads\/2020\/02\/MOPFBrezice-2.png","width":1191,"height":332},{"@type":"BreadcrumbList","@id":"https:\/\/brezice.eu\/festival\/hr\/prijavnica-2021\/#breadcrumb","itemListElement":[{"@type":"ListItem","position":1,"name":"Home","item":"https:\/\/brezice.eu\/festival\/hr\/"},{"@type":"ListItem","position":2,"name":"Prijavnica 2021"}]},{"@type":"WebSite","@id":"https:\/\/brezice.eu\/festival\/hr\/#website","url":"https:\/\/brezice.eu\/festival\/hr\/","name":"Mednarodni otro\u0161ki pevski festival Bre\u017eice","description":"Predstavljamo vam najbolj\u0161e mlade evropske pevce od 6 do vklju\u010dno 17 let","publisher":{"@id":"https:\/\/brezice.eu\/festival\/hr\/#organization"},"potentialAction":[{"@type":"SearchAction","target":{"@type":"EntryPoint","urlTemplate":"https:\/\/brezice.eu\/festival\/hr\/?s={search_term_string}"},"query-input":{"@type":"PropertyValueSpecification","valueRequired":true,"valueName":"search_term_string"}}],"inLanguage":"hr-HR"},{"@type":"Organization","@id":"https:\/\/brezice.eu\/festival\/hr\/#organization","name":"Mednarodni otro\u0161ki pevski festival Bre\u017eice","url":"https:\/\/brezice.eu\/festival\/hr\/","logo":{"@type":"ImageObject","inLanguage":"hr-HR","@id":"https:\/\/brezice.eu\/festival\/hr\/#\/schema\/logo\/image\/","url":"https:\/\/brezice.eu\/festival\/wp-content\/uploads\/2020\/02\/cropped-MOPFBrezice-logo-z-belim-ozadjem-transparent-1.png","contentUrl":"https:\/\/brezice.eu\/festival\/wp-content\/uploads\/2020\/02\/cropped-MOPFBrezice-logo-z-belim-ozadjem-transparent-1.png","width":990,"height":250,"caption":"Mednarodni otro\u0161ki pevski festival Bre\u017eice"},"image":{"@id":"https:\/\/brezice.eu\/festival\/hr\/#\/schema\/logo\/image\/"}}]}},"rttpg_featured_image_url":{"full":["https:\/\/brezice.eu\/festival\/wp-content\/uploads\/2020\/02\/MOPFBrezice-2.png",1191,332,false],"landscape":["https:\/\/brezice.eu\/festival\/wp-content\/uploads\/2020\/02\/MOPFBrezice-2.png",1191,332,false],"portraits":["https:\/\/brezice.eu\/festival\/wp-content\/uploads\/2020\/02\/MOPFBrezice-2.png",1191,332,false],"thumbnail":["https:\/\/brezice.eu\/festival\/wp-content\/uploads\/2020\/02\/MOPFBrezice-2-150x150.png",150,150,true],"medium":["https:\/\/brezice.eu\/festival\/wp-content\/uploads\/2020\/02\/MOPFBrezice-2-300x84.png",300,84,true],"large":["https:\/\/brezice.eu\/festival\/wp-content\/uploads\/2020\/02\/MOPFBrezice-2-1024x285.png",525,146,true],"1536x1536":["https:\/\/brezice.eu\/festival\/wp-content\/uploads\/2020\/02\/MOPFBrezice-2.png",1191,332,false],"2048x2048":["https:\/\/brezice.eu\/festival\/wp-content\/uploads\/2020\/02\/MOPFBrezice-2.png",1191,332,false],"twentyseventeen-featured-image":["https:\/\/brezice.eu\/festival\/wp-content\/uploads\/2020\/02\/MOPFBrezice-2.png",1191,332,false],"twentyseventeen-thumbnail-avatar":["https:\/\/brezice.eu\/festival\/wp-content\/uploads\/2020\/02\/MOPFBrezice-2-100x100.png",100,100,true]},"rttpg_author":{"display_name":"Maks","author_link":"https:\/\/brezice.eu\/festival\/hr\/author\/maks\/"},"rttpg_comment":0,"rttpg_category":false,"rttpg_excerpt":"Festival je besplatan = 0 EUR. Mednarodni otro\u0161ki pevski festival Bre\u017eice 2021 Partitura d.o.o. Gornji trg 20 1000 Ljubljana Natje\u010daj za 5. me\u0111unarodni dje\u010dji pjeva\u010dki festival Bre\u017eice 2021 Dragi roditelji, mentori, pjeva\u010dice i pjeva\u010di, objavljujemo poziv za sudjelovanje na petom Me\u0111unarodnom dje\u010djem pjeva\u010dkom festivalu Bre\u017eice 2021. Kao i do sada, pjeva\u010dice i pjeva\u010di od 6&hellip;","_links":{"self":[{"href":"https:\/\/brezice.eu\/festival\/hr\/wp-json\/wp\/v2\/pages\/1113","targetHints":{"allow":["GET"]}}],"collection":[{"href":"https:\/\/brezice.eu\/festival\/hr\/wp-json\/wp\/v2\/pages"}],"about":[{"href":"https:\/\/brezice.eu\/festival\/hr\/wp-json\/wp\/v2\/types\/page"}],"author":[{"embeddable":true,"href":"https:\/\/brezice.eu\/festival\/hr\/wp-json\/wp\/v2\/users\/1"}],"replies":[{"embeddable":true,"href":"https:\/\/brezice.eu\/festival\/hr\/wp-json\/wp\/v2\/comments?post=1113"}],"version-history":[{"count":15,"href":"https:\/\/brezice.eu\/festival\/hr\/wp-json\/wp\/v2\/pages\/1113\/revisions"}],"predecessor-version":[{"id":1525,"href":"https:\/\/brezice.eu\/festival\/hr\/wp-json\/wp\/v2\/pages\/1113\/revisions\/1525"}],"wp:featuredmedia":[{"embeddable":true,"href":"https:\/\/brezice.eu\/festival\/hr\/wp-json\/wp\/v2\/media\/1372"}],"wp:attachment":[{"href":"https:\/\/brezice.eu\/festival\/hr\/wp-json\/wp\/v2\/media?parent=1113"}],"curies":[{"name":"wp","href":"https:\/\/api.w.org\/{rel}","templated":true}]}}