{"id":1058,"date":"2018-10-23T18:15:51","date_gmt":"2018-10-23T16:15:51","guid":{"rendered":"http:\/\/brezice.eu\/festival\/?page_id=1058"},"modified":"2018-10-23T18:15:51","modified_gmt":"2018-10-23T16:15:51","slug":"pobjednici-2018","status":"publish","type":"page","link":"https:\/\/brezice.eu\/festival\/hr\/pobjednici-2018\/","title":{"rendered":"Pobjednici 2018"},"content":{"rendered":"<header class=\"entry-header\">\n<h1 class=\"entry-title\">Rezultati 3. me\u0111unarodnog dje\u010djeg pjeva\u010dkog festivala Bre\u017eice 2018<\/h1>\n<\/header>\n<div class=\"entry-content\">\n<h2>Rezultati stru\u010dnog \u017eirija:<\/h2>\n<p>Dobna skupina od 6 do 9 godina<\/p>\n<p>1. mjesto: Doroteja Egari\u0107<br \/>\n2. mjesto: Hajdi Haler<br \/>\n3. mjesto: Lucija Ple\u0161a<\/p>\n<p>Dobna skupina od 10 do 13 godina<\/p>\n<p>1. mjesto: Gabriela Brai\u010di\u0107<br \/>\n2. mjesto: Ma\u0161a Smiljani\u0107<br \/>\n3. mjesto: Jakov Jozinovi\u0107<\/p>\n<p>Starostna skupina od 14 do 17 let<\/p>\n<p>1. mjesto: Aida Perko Praner<br \/>\n2. mjesto: Ana Grdadolnik<br \/>\n3. mjesto: Sara Andri\u0107<\/p>\n<h2>Rezultati odabira posjetitelja festivala:<\/h2>\n<p>1. mjesto: Eva Julija Borov\u0161ak<br \/>\n2. mjesto:\u00a0Doroteja Egari\u0107<br \/>\n3. mjesto: Tia Grubelnik<\/p>\n<p>Svi ostali sudionici Me\u0111unarodnog dje\u010djeg pjeva\u010dkog festivala Bre\u017eice 2018, dijelite izvrsno \u010detvrto mjesto. Bili ste izvrsni i znajte, da ste u vi\u0161e slu\u010dajeva od pobjednica odvojeni svega 0,3 poena, tako da \u010destitamo svim!<\/p>\n<h1>Pobjednica 3. me\u0111unarodnog dje\u010djeg pjeva\u010dkog festivala Bre\u017eice 2018 u cijelosti, je:<br \/>\nAida Perko Praner iz Bre\u017eic!<\/h1>\n<\/div>\n","protected":false},"excerpt":{"rendered":"<p>Rezultati 3. me\u0111unarodnog dje\u010djeg pjeva\u010dkog festivala Bre\u017eice 2018 Rezultati stru\u010dnog \u017eirija: Dobna skupina od 6 do 9 godina 1. mjesto: Doroteja Egari\u0107 2. mjesto: Hajdi Haler 3. mjesto: Lucija Ple\u0161a Dobna skupina od 10 do 13 godina 1. mjesto: Gabriela Brai\u010di\u0107 2. mjesto: Ma\u0161a Smiljani\u0107 3. mjesto: Jakov Jozinovi\u0107 Starostna skupina od 14 do 17 &hellip; <\/p>\n<p class=\"link-more\"><a href=\"https:\/\/brezice.eu\/festival\/hr\/pobjednici-2018\/\" class=\"more-link\">Continue reading<span class=\"screen-reader-text\"> &#8220;Pobjednici 2018&#8221;<\/span><\/a><\/p>\n","protected":false},"author":1,"featured_media":923,"parent":0,"menu_order":0,"comment_status":"closed","ping_status":"closed","template":"","meta":{"footnotes":""},"class_list":["post-1058","page","type-page","status-publish","has-post-thumbnail","hentry"],"yoast_head":"<!-- This site is optimized with the Yoast SEO plugin v27.4 - https:\/\/yoast.com\/product\/yoast-seo-wordpress\/ -->\n<title>Pobjednici 2018 - Mednarodni otro\u0161ki pevski festival Bre\u017eice<\/title>\n<meta name=\"robots\" content=\"index, follow, max-snippet:-1, max-image-preview:large, max-video-preview:-1\" \/>\n<link rel=\"canonical\" href=\"https:\/\/brezice.eu\/festival\/hr\/pobjednici-2018\/\" \/>\n<meta property=\"og:locale\" content=\"hr_HR\" \/>\n<meta property=\"og:type\" content=\"article\" \/>\n<meta property=\"og:title\" content=\"Pobjednici 2018 - Mednarodni otro\u0161ki pevski festival Bre\u017eice\" \/>\n<meta property=\"og:description\" content=\"Rezultati 3. me\u0111unarodnog dje\u010djeg pjeva\u010dkog festivala Bre\u017eice 2018 Rezultati stru\u010dnog \u017eirija: Dobna skupina od 6 do 9 godina 1. mjesto: Doroteja Egari\u0107 2. mjesto: Hajdi Haler 3. mjesto: Lucija Ple\u0161a Dobna skupina od 10 do 13 godina 1. mjesto: Gabriela Brai\u010di\u0107 2. mjesto: Ma\u0161a Smiljani\u0107 3. mjesto: Jakov Jozinovi\u0107 Starostna skupina od 14 do 17 &hellip; Continue reading &quot;Pobjednici 2018&quot;\" \/>\n<meta property=\"og:url\" content=\"https:\/\/brezice.eu\/festival\/hr\/pobjednici-2018\/\" \/>\n<meta property=\"og:site_name\" content=\"Mednarodni otro\u0161ki pevski festival Bre\u017eice\" \/>\n<meta property=\"og:image\" content=\"https:\/\/brezice.eu\/festival\/wp-content\/uploads\/2018\/08\/MOPFBrezice-zmagovalci2018.jpg\" \/>\n\t<meta property=\"og:image:width\" content=\"1600\" \/>\n\t<meta property=\"og:image:height\" content=\"1067\" \/>\n\t<meta property=\"og:image:type\" content=\"image\/jpeg\" \/>\n<meta name=\"twitter:card\" content=\"summary_large_image\" \/>\n<meta name=\"twitter:label1\" content=\"Est. reading time\" \/>\n\t<meta name=\"twitter:data1\" content=\"1 minute\" \/>\n<script type=\"application\/ld+json\" class=\"yoast-schema-graph\">{\"@context\":\"https:\\\/\\\/schema.org\",\"@graph\":[{\"@type\":\"WebPage\",\"@id\":\"https:\\\/\\\/brezice.eu\\\/festival\\\/hr\\\/pobjednici-2018\\\/\",\"url\":\"https:\\\/\\\/brezice.eu\\\/festival\\\/hr\\\/pobjednici-2018\\\/\",\"name\":\"Pobjednici 2018 - Mednarodni otro\u0161ki pevski festival Bre\u017eice\",\"isPartOf\":{\"@id\":\"https:\\\/\\\/brezice.eu\\\/festival\\\/hr\\\/#website\"},\"primaryImageOfPage\":{\"@id\":\"https:\\\/\\\/brezice.eu\\\/festival\\\/hr\\\/pobjednici-2018\\\/#primaryimage\"},\"image\":{\"@id\":\"https:\\\/\\\/brezice.eu\\\/festival\\\/hr\\\/pobjednici-2018\\\/#primaryimage\"},\"thumbnailUrl\":\"https:\\\/\\\/brezice.eu\\\/festival\\\/wp-content\\\/uploads\\\/2018\\\/08\\\/MOPFBrezice-zmagovalci2018.jpg\",\"datePublished\":\"2018-10-23T16:15:51+00:00\",\"breadcrumb\":{\"@id\":\"https:\\\/\\\/brezice.eu\\\/festival\\\/hr\\\/pobjednici-2018\\\/#breadcrumb\"},\"inLanguage\":\"hr-HR\",\"potentialAction\":[{\"@type\":\"ReadAction\",\"target\":[\"https:\\\/\\\/brezice.eu\\\/festival\\\/hr\\\/pobjednici-2018\\\/\"]}]},{\"@type\":\"ImageObject\",\"inLanguage\":\"hr-HR\",\"@id\":\"https:\\\/\\\/brezice.eu\\\/festival\\\/hr\\\/pobjednici-2018\\\/#primaryimage\",\"url\":\"https:\\\/\\\/brezice.eu\\\/festival\\\/wp-content\\\/uploads\\\/2018\\\/08\\\/MOPFBrezice-zmagovalci2018.jpg\",\"contentUrl\":\"https:\\\/\\\/brezice.eu\\\/festival\\\/wp-content\\\/uploads\\\/2018\\\/08\\\/MOPFBrezice-zmagovalci2018.jpg\",\"width\":1600,\"height\":1067},{\"@type\":\"BreadcrumbList\",\"@id\":\"https:\\\/\\\/brezice.eu\\\/festival\\\/hr\\\/pobjednici-2018\\\/#breadcrumb\",\"itemListElement\":[{\"@type\":\"ListItem\",\"position\":1,\"name\":\"Home\",\"item\":\"https:\\\/\\\/brezice.eu\\\/festival\\\/hr\\\/\"},{\"@type\":\"ListItem\",\"position\":2,\"name\":\"Pobjednici 2018\"}]},{\"@type\":\"WebSite\",\"@id\":\"https:\\\/\\\/brezice.eu\\\/festival\\\/hr\\\/#website\",\"url\":\"https:\\\/\\\/brezice.eu\\\/festival\\\/hr\\\/\",\"name\":\"Mednarodni otro\u0161ki pevski festival Bre\u017eice\",\"description\":\"Predstavljamo vam najbolj\u0161e mlade evropske pevce od 6 do vklju\u010dno 17 let\",\"publisher\":{\"@id\":\"https:\\\/\\\/brezice.eu\\\/festival\\\/hr\\\/#organization\"},\"potentialAction\":[{\"@type\":\"SearchAction\",\"target\":{\"@type\":\"EntryPoint\",\"urlTemplate\":\"https:\\\/\\\/brezice.eu\\\/festival\\\/hr\\\/?s={search_term_string}\"},\"query-input\":{\"@type\":\"PropertyValueSpecification\",\"valueRequired\":true,\"valueName\":\"search_term_string\"}}],\"inLanguage\":\"hr-HR\"},{\"@type\":\"Organization\",\"@id\":\"https:\\\/\\\/brezice.eu\\\/festival\\\/hr\\\/#organization\",\"name\":\"Mednarodni otro\u0161ki pevski festival Bre\u017eice\",\"url\":\"https:\\\/\\\/brezice.eu\\\/festival\\\/hr\\\/\",\"logo\":{\"@type\":\"ImageObject\",\"inLanguage\":\"hr-HR\",\"@id\":\"https:\\\/\\\/brezice.eu\\\/festival\\\/hr\\\/#\\\/schema\\\/logo\\\/image\\\/\",\"url\":\"https:\\\/\\\/brezice.eu\\\/festival\\\/wp-content\\\/uploads\\\/2020\\\/02\\\/cropped-MOPFBrezice-logo-z-belim-ozadjem-transparent-1.png\",\"contentUrl\":\"https:\\\/\\\/brezice.eu\\\/festival\\\/wp-content\\\/uploads\\\/2020\\\/02\\\/cropped-MOPFBrezice-logo-z-belim-ozadjem-transparent-1.png\",\"width\":990,\"height\":250,\"caption\":\"Mednarodni otro\u0161ki pevski festival Bre\u017eice\"},\"image\":{\"@id\":\"https:\\\/\\\/brezice.eu\\\/festival\\\/hr\\\/#\\\/schema\\\/logo\\\/image\\\/\"}}]}<\/script>\n<!-- \/ Yoast SEO plugin. -->","yoast_head_json":{"title":"Pobjednici 2018 - Mednarodni otro\u0161ki pevski festival Bre\u017eice","robots":{"index":"index","follow":"follow","max-snippet":"max-snippet:-1","max-image-preview":"max-image-preview:large","max-video-preview":"max-video-preview:-1"},"canonical":"https:\/\/brezice.eu\/festival\/hr\/pobjednici-2018\/","og_locale":"hr_HR","og_type":"article","og_title":"Pobjednici 2018 - Mednarodni otro\u0161ki pevski festival Bre\u017eice","og_description":"Rezultati 3. me\u0111unarodnog dje\u010djeg pjeva\u010dkog festivala Bre\u017eice 2018 Rezultati stru\u010dnog \u017eirija: Dobna skupina od 6 do 9 godina 1. mjesto: Doroteja Egari\u0107 2. mjesto: Hajdi Haler 3. mjesto: Lucija Ple\u0161a Dobna skupina od 10 do 13 godina 1. mjesto: Gabriela Brai\u010di\u0107 2. mjesto: Ma\u0161a Smiljani\u0107 3. mjesto: Jakov Jozinovi\u0107 Starostna skupina od 14 do 17 &hellip; Continue reading \"Pobjednici 2018\"","og_url":"https:\/\/brezice.eu\/festival\/hr\/pobjednici-2018\/","og_site_name":"Mednarodni otro\u0161ki pevski festival Bre\u017eice","og_image":[{"width":1600,"height":1067,"url":"https:\/\/brezice.eu\/festival\/wp-content\/uploads\/2018\/08\/MOPFBrezice-zmagovalci2018.jpg","type":"image\/jpeg"}],"twitter_card":"summary_large_image","twitter_misc":{"Est. reading time":"1 minute"},"schema":{"@context":"https:\/\/schema.org","@graph":[{"@type":"WebPage","@id":"https:\/\/brezice.eu\/festival\/hr\/pobjednici-2018\/","url":"https:\/\/brezice.eu\/festival\/hr\/pobjednici-2018\/","name":"Pobjednici 2018 - Mednarodni otro\u0161ki pevski festival Bre\u017eice","isPartOf":{"@id":"https:\/\/brezice.eu\/festival\/hr\/#website"},"primaryImageOfPage":{"@id":"https:\/\/brezice.eu\/festival\/hr\/pobjednici-2018\/#primaryimage"},"image":{"@id":"https:\/\/brezice.eu\/festival\/hr\/pobjednici-2018\/#primaryimage"},"thumbnailUrl":"https:\/\/brezice.eu\/festival\/wp-content\/uploads\/2018\/08\/MOPFBrezice-zmagovalci2018.jpg","datePublished":"2018-10-23T16:15:51+00:00","breadcrumb":{"@id":"https:\/\/brezice.eu\/festival\/hr\/pobjednici-2018\/#breadcrumb"},"inLanguage":"hr-HR","potentialAction":[{"@type":"ReadAction","target":["https:\/\/brezice.eu\/festival\/hr\/pobjednici-2018\/"]}]},{"@type":"ImageObject","inLanguage":"hr-HR","@id":"https:\/\/brezice.eu\/festival\/hr\/pobjednici-2018\/#primaryimage","url":"https:\/\/brezice.eu\/festival\/wp-content\/uploads\/2018\/08\/MOPFBrezice-zmagovalci2018.jpg","contentUrl":"https:\/\/brezice.eu\/festival\/wp-content\/uploads\/2018\/08\/MOPFBrezice-zmagovalci2018.jpg","width":1600,"height":1067},{"@type":"BreadcrumbList","@id":"https:\/\/brezice.eu\/festival\/hr\/pobjednici-2018\/#breadcrumb","itemListElement":[{"@type":"ListItem","position":1,"name":"Home","item":"https:\/\/brezice.eu\/festival\/hr\/"},{"@type":"ListItem","position":2,"name":"Pobjednici 2018"}]},{"@type":"WebSite","@id":"https:\/\/brezice.eu\/festival\/hr\/#website","url":"https:\/\/brezice.eu\/festival\/hr\/","name":"Mednarodni otro\u0161ki pevski festival Bre\u017eice","description":"Predstavljamo vam najbolj\u0161e mlade evropske pevce od 6 do vklju\u010dno 17 let","publisher":{"@id":"https:\/\/brezice.eu\/festival\/hr\/#organization"},"potentialAction":[{"@type":"SearchAction","target":{"@type":"EntryPoint","urlTemplate":"https:\/\/brezice.eu\/festival\/hr\/?s={search_term_string}"},"query-input":{"@type":"PropertyValueSpecification","valueRequired":true,"valueName":"search_term_string"}}],"inLanguage":"hr-HR"},{"@type":"Organization","@id":"https:\/\/brezice.eu\/festival\/hr\/#organization","name":"Mednarodni otro\u0161ki pevski festival Bre\u017eice","url":"https:\/\/brezice.eu\/festival\/hr\/","logo":{"@type":"ImageObject","inLanguage":"hr-HR","@id":"https:\/\/brezice.eu\/festival\/hr\/#\/schema\/logo\/image\/","url":"https:\/\/brezice.eu\/festival\/wp-content\/uploads\/2020\/02\/cropped-MOPFBrezice-logo-z-belim-ozadjem-transparent-1.png","contentUrl":"https:\/\/brezice.eu\/festival\/wp-content\/uploads\/2020\/02\/cropped-MOPFBrezice-logo-z-belim-ozadjem-transparent-1.png","width":990,"height":250,"caption":"Mednarodni otro\u0161ki pevski festival Bre\u017eice"},"image":{"@id":"https:\/\/brezice.eu\/festival\/hr\/#\/schema\/logo\/image\/"}}]}},"rttpg_featured_image_url":{"full":["https:\/\/brezice.eu\/festival\/wp-content\/uploads\/2018\/08\/MOPFBrezice-zmagovalci2018.jpg",1600,1067,false],"landscape":["https:\/\/brezice.eu\/festival\/wp-content\/uploads\/2018\/08\/MOPFBrezice-zmagovalci2018.jpg",1600,1067,false],"portraits":["https:\/\/brezice.eu\/festival\/wp-content\/uploads\/2018\/08\/MOPFBrezice-zmagovalci2018.jpg",1600,1067,false],"thumbnail":["https:\/\/brezice.eu\/festival\/wp-content\/uploads\/2018\/08\/MOPFBrezice-zmagovalci2018-150x150.jpg",150,150,true],"medium":["https:\/\/brezice.eu\/festival\/wp-content\/uploads\/2018\/08\/MOPFBrezice-zmagovalci2018-300x200.jpg",300,200,true],"large":["https:\/\/brezice.eu\/festival\/wp-content\/uploads\/2018\/08\/MOPFBrezice-zmagovalci2018-1024x683.jpg",525,350,true],"1536x1536":["https:\/\/brezice.eu\/festival\/wp-content\/uploads\/2018\/08\/MOPFBrezice-zmagovalci2018.jpg",1536,1024,false],"2048x2048":["https:\/\/brezice.eu\/festival\/wp-content\/uploads\/2018\/08\/MOPFBrezice-zmagovalci2018.jpg",1600,1067,false],"twentyseventeen-featured-image":["https:\/\/brezice.eu\/festival\/wp-content\/uploads\/2018\/08\/MOPFBrezice-zmagovalci2018.jpg",1600,1067,false],"twentyseventeen-thumbnail-avatar":["https:\/\/brezice.eu\/festival\/wp-content\/uploads\/2018\/08\/MOPFBrezice-zmagovalci2018-100x100.jpg",100,100,true]},"rttpg_author":{"display_name":"Maks","author_link":"https:\/\/brezice.eu\/festival\/hr\/author\/maks\/"},"rttpg_comment":0,"rttpg_category":false,"rttpg_excerpt":"Rezultati 3. me\u0111unarodnog dje\u010djeg pjeva\u010dkog festivala Bre\u017eice 2018 Rezultati stru\u010dnog \u017eirija: Dobna skupina od 6 do 9 godina 1. mjesto: Doroteja Egari\u0107 2. mjesto: Hajdi Haler 3. mjesto: Lucija Ple\u0161a Dobna skupina od 10 do 13 godina 1. mjesto: Gabriela Brai\u010di\u0107 2. mjesto: Ma\u0161a Smiljani\u0107 3. mjesto: Jakov Jozinovi\u0107 Starostna skupina od 14 do 17&hellip;","_links":{"self":[{"href":"https:\/\/brezice.eu\/festival\/hr\/wp-json\/wp\/v2\/pages\/1058","targetHints":{"allow":["GET"]}}],"collection":[{"href":"https:\/\/brezice.eu\/festival\/hr\/wp-json\/wp\/v2\/pages"}],"about":[{"href":"https:\/\/brezice.eu\/festival\/hr\/wp-json\/wp\/v2\/types\/page"}],"author":[{"embeddable":true,"href":"https:\/\/brezice.eu\/festival\/hr\/wp-json\/wp\/v2\/users\/1"}],"replies":[{"embeddable":true,"href":"https:\/\/brezice.eu\/festival\/hr\/wp-json\/wp\/v2\/comments?post=1058"}],"version-history":[{"count":1,"href":"https:\/\/brezice.eu\/festival\/hr\/wp-json\/wp\/v2\/pages\/1058\/revisions"}],"predecessor-version":[{"id":1060,"href":"https:\/\/brezice.eu\/festival\/hr\/wp-json\/wp\/v2\/pages\/1058\/revisions\/1060"}],"wp:featuredmedia":[{"embeddable":true,"href":"https:\/\/brezice.eu\/festival\/hr\/wp-json\/wp\/v2\/media\/923"}],"wp:attachment":[{"href":"https:\/\/brezice.eu\/festival\/hr\/wp-json\/wp\/v2\/media?parent=1058"}],"curies":[{"name":"wp","href":"https:\/\/api.w.org\/{rel}","templated":true}]}}