{"id":792,"date":"2018-08-23T22:33:33","date_gmt":"2018-08-23T20:33:33","guid":{"rendered":"http:\/\/brezice.eu\/festival\/?page_id=792"},"modified":"2018-09-26T07:46:13","modified_gmt":"2018-09-26T05:46:13","slug":"video-2018","status":"publish","type":"page","link":"https:\/\/brezice.eu\/festival\/en\/video-2018\/","title":{"rendered":"Video 2018"},"content":{"rendered":"<h1>International children&#8217;s singing festival Bre\u017eice 2018<\/h1>\n<p>Video recording of the entire event<\/p>\n<figure class=\"embed-gphotos  wp-caption\"><a href=\"https:\/\/photos.google.com\/share\/AF1QipP5ZQb3vV5cRZLc5C_DHGPEl0bYETgxFUTv3DyUcr2GFu_aKmoh0pDIqMwCUIvVkQ?key=d0NnMmRhdWZaRXI2QThzRGRVNm1jWUhXWk1zY293\" target=\"_blank\"><img loading=\"lazy\" decoding=\"async\"    src=\"https:\/\/lh3.googleusercontent.com\/pw\/AP1GczPlEvbqjIDhejX6mUXn4JjA4cMOUT3X2ZM0vlpWVwCLAFQ-gOQl27cu3CrtT5jTyL0D3TFexsG6UGRs-KblIJOot--5FmKCfm9qRtyplYFg1ky5Q4au=w525-h788\" width=\"525\" height=\"295\"   ><\/a><figcaption class=\"wp-caption-text\"><a href=\"https:\/\/photos.google.com\/share\/AF1QipP5ZQb3vV5cRZLc5C_DHGPEl0bYETgxFUTv3DyUcr2GFu_aKmoh0pDIqMwCUIvVkQ?key=d0NnMmRhdWZaRXI2QThzRGRVNm1jWUhXWk1zY293\" target=\"_blank\">Video posnetek Mednarodnega otro\u0161kega pevskega festivala Bre\u017eice 2018 \/ Google Photos<\/a><\/figcaption><\/figure>\n<p>Press 2018:<\/p>\n<p><iframe loading=\"lazy\" src=\"https:\/\/www.youtube.com\/embed\/qDgCsEc9p5c\" width=\"560\" height=\"315\" frameborder=\"0\" allowfullscreen=\"allowfullscreen\"><\/iframe><\/p>\n<p>Sponsors 2018:<\/p>\n<p><iframe loading=\"lazy\" src=\"https:\/\/www.youtube.com\/embed\/oUQ8_VgEfTg\" width=\"560\" height=\"315\" frameborder=\"0\" allowfullscreen=\"allowfullscreen\"><\/iframe><\/p>\n","protected":false},"excerpt":{"rendered":"<p>International children&#8217;s singing festival Bre\u017eice 2018 Video recording of the entire event Video posnetek Mednarodnega otro\u0161kega pevskega festivala Bre\u017eice 2018 \/ Google Photos Press 2018: Sponsors 2018:<\/p>\n","protected":false},"author":1,"featured_media":0,"parent":0,"menu_order":0,"comment_status":"closed","ping_status":"closed","template":"","meta":{"footnotes":""},"class_list":["post-792","page","type-page","status-publish","hentry"],"yoast_head":"<!-- This site is optimized with the Yoast SEO plugin v27.3 - https:\/\/yoast.com\/product\/yoast-seo-wordpress\/ -->\n<title>Video 2018 - Mednarodni otro\u0161ki pevski festival Bre\u017eice<\/title>\n<meta name=\"robots\" content=\"index, follow, max-snippet:-1, max-image-preview:large, max-video-preview:-1\" \/>\n<link rel=\"canonical\" href=\"https:\/\/brezice.eu\/festival\/en\/video-2018\/\" \/>\n<meta property=\"og:locale\" content=\"en_US\" \/>\n<meta property=\"og:type\" content=\"article\" \/>\n<meta property=\"og:title\" content=\"Video 2018 - Mednarodni otro\u0161ki pevski festival Bre\u017eice\" \/>\n<meta property=\"og:description\" content=\"International children&#8217;s singing festival Bre\u017eice 2018 Video recording of the entire event Video posnetek Mednarodnega otro\u0161kega pevskega festivala Bre\u017eice 2018 \/ Google Photos Press 2018: Sponsors 2018:\" \/>\n<meta property=\"og:url\" content=\"https:\/\/brezice.eu\/festival\/en\/video-2018\/\" \/>\n<meta property=\"og:site_name\" content=\"Mednarodni otro\u0161ki pevski festival Bre\u017eice\" \/>\n<meta property=\"article:modified_time\" content=\"2018-09-26T05:46:13+00:00\" \/>\n<meta name=\"twitter:card\" content=\"summary_large_image\" \/>\n<script type=\"application\/ld+json\" class=\"yoast-schema-graph\">{\"@context\":\"https:\\\/\\\/schema.org\",\"@graph\":[{\"@type\":\"WebPage\",\"@id\":\"https:\\\/\\\/brezice.eu\\\/festival\\\/en\\\/video-2018\\\/\",\"url\":\"https:\\\/\\\/brezice.eu\\\/festival\\\/en\\\/video-2018\\\/\",\"name\":\"Video 2018 - Mednarodni otro\u0161ki pevski festival Bre\u017eice\",\"isPartOf\":{\"@id\":\"https:\\\/\\\/brezice.eu\\\/festival\\\/en\\\/#website\"},\"datePublished\":\"2018-08-23T20:33:33+00:00\",\"dateModified\":\"2018-09-26T05:46:13+00:00\",\"breadcrumb\":{\"@id\":\"https:\\\/\\\/brezice.eu\\\/festival\\\/en\\\/video-2018\\\/#breadcrumb\"},\"inLanguage\":\"en-US\",\"potentialAction\":[{\"@type\":\"ReadAction\",\"target\":[\"https:\\\/\\\/brezice.eu\\\/festival\\\/en\\\/video-2018\\\/\"]}]},{\"@type\":\"BreadcrumbList\",\"@id\":\"https:\\\/\\\/brezice.eu\\\/festival\\\/en\\\/video-2018\\\/#breadcrumb\",\"itemListElement\":[{\"@type\":\"ListItem\",\"position\":1,\"name\":\"Home\",\"item\":\"https:\\\/\\\/brezice.eu\\\/festival\\\/en\\\/\"},{\"@type\":\"ListItem\",\"position\":2,\"name\":\"Video 2018\"}]},{\"@type\":\"WebSite\",\"@id\":\"https:\\\/\\\/brezice.eu\\\/festival\\\/en\\\/#website\",\"url\":\"https:\\\/\\\/brezice.eu\\\/festival\\\/en\\\/\",\"name\":\"Mednarodni otro\u0161ki pevski festival Bre\u017eice\",\"description\":\"Predstavljamo vam najbolj\u0161e mlade evropske pevce od 6 do vklju\u010dno 17 let\",\"publisher\":{\"@id\":\"https:\\\/\\\/brezice.eu\\\/festival\\\/en\\\/#organization\"},\"potentialAction\":[{\"@type\":\"SearchAction\",\"target\":{\"@type\":\"EntryPoint\",\"urlTemplate\":\"https:\\\/\\\/brezice.eu\\\/festival\\\/en\\\/?s={search_term_string}\"},\"query-input\":{\"@type\":\"PropertyValueSpecification\",\"valueRequired\":true,\"valueName\":\"search_term_string\"}}],\"inLanguage\":\"en-US\"},{\"@type\":\"Organization\",\"@id\":\"https:\\\/\\\/brezice.eu\\\/festival\\\/en\\\/#organization\",\"name\":\"Mednarodni otro\u0161ki pevski festival Bre\u017eice\",\"url\":\"https:\\\/\\\/brezice.eu\\\/festival\\\/en\\\/\",\"logo\":{\"@type\":\"ImageObject\",\"inLanguage\":\"en-US\",\"@id\":\"https:\\\/\\\/brezice.eu\\\/festival\\\/en\\\/#\\\/schema\\\/logo\\\/image\\\/\",\"url\":\"https:\\\/\\\/brezice.eu\\\/festival\\\/wp-content\\\/uploads\\\/2020\\\/02\\\/cropped-MOPFBrezice-logo-z-belim-ozadjem-transparent-1.png\",\"contentUrl\":\"https:\\\/\\\/brezice.eu\\\/festival\\\/wp-content\\\/uploads\\\/2020\\\/02\\\/cropped-MOPFBrezice-logo-z-belim-ozadjem-transparent-1.png\",\"width\":990,\"height\":250,\"caption\":\"Mednarodni otro\u0161ki pevski festival Bre\u017eice\"},\"image\":{\"@id\":\"https:\\\/\\\/brezice.eu\\\/festival\\\/en\\\/#\\\/schema\\\/logo\\\/image\\\/\"}}]}<\/script>\n<!-- \/ Yoast SEO plugin. -->","yoast_head_json":{"title":"Video 2018 - Mednarodni otro\u0161ki pevski festival Bre\u017eice","robots":{"index":"index","follow":"follow","max-snippet":"max-snippet:-1","max-image-preview":"max-image-preview:large","max-video-preview":"max-video-preview:-1"},"canonical":"https:\/\/brezice.eu\/festival\/en\/video-2018\/","og_locale":"en_US","og_type":"article","og_title":"Video 2018 - Mednarodni otro\u0161ki pevski festival Bre\u017eice","og_description":"International children&#8217;s singing festival Bre\u017eice 2018 Video recording of the entire event Video posnetek Mednarodnega otro\u0161kega pevskega festivala Bre\u017eice 2018 \/ Google Photos Press 2018: Sponsors 2018:","og_url":"https:\/\/brezice.eu\/festival\/en\/video-2018\/","og_site_name":"Mednarodni otro\u0161ki pevski festival Bre\u017eice","article_modified_time":"2018-09-26T05:46:13+00:00","twitter_card":"summary_large_image","schema":{"@context":"https:\/\/schema.org","@graph":[{"@type":"WebPage","@id":"https:\/\/brezice.eu\/festival\/en\/video-2018\/","url":"https:\/\/brezice.eu\/festival\/en\/video-2018\/","name":"Video 2018 - Mednarodni otro\u0161ki pevski festival Bre\u017eice","isPartOf":{"@id":"https:\/\/brezice.eu\/festival\/en\/#website"},"datePublished":"2018-08-23T20:33:33+00:00","dateModified":"2018-09-26T05:46:13+00:00","breadcrumb":{"@id":"https:\/\/brezice.eu\/festival\/en\/video-2018\/#breadcrumb"},"inLanguage":"en-US","potentialAction":[{"@type":"ReadAction","target":["https:\/\/brezice.eu\/festival\/en\/video-2018\/"]}]},{"@type":"BreadcrumbList","@id":"https:\/\/brezice.eu\/festival\/en\/video-2018\/#breadcrumb","itemListElement":[{"@type":"ListItem","position":1,"name":"Home","item":"https:\/\/brezice.eu\/festival\/en\/"},{"@type":"ListItem","position":2,"name":"Video 2018"}]},{"@type":"WebSite","@id":"https:\/\/brezice.eu\/festival\/en\/#website","url":"https:\/\/brezice.eu\/festival\/en\/","name":"Mednarodni otro\u0161ki pevski festival Bre\u017eice","description":"Predstavljamo vam najbolj\u0161e mlade evropske pevce od 6 do vklju\u010dno 17 let","publisher":{"@id":"https:\/\/brezice.eu\/festival\/en\/#organization"},"potentialAction":[{"@type":"SearchAction","target":{"@type":"EntryPoint","urlTemplate":"https:\/\/brezice.eu\/festival\/en\/?s={search_term_string}"},"query-input":{"@type":"PropertyValueSpecification","valueRequired":true,"valueName":"search_term_string"}}],"inLanguage":"en-US"},{"@type":"Organization","@id":"https:\/\/brezice.eu\/festival\/en\/#organization","name":"Mednarodni otro\u0161ki pevski festival Bre\u017eice","url":"https:\/\/brezice.eu\/festival\/en\/","logo":{"@type":"ImageObject","inLanguage":"en-US","@id":"https:\/\/brezice.eu\/festival\/en\/#\/schema\/logo\/image\/","url":"https:\/\/brezice.eu\/festival\/wp-content\/uploads\/2020\/02\/cropped-MOPFBrezice-logo-z-belim-ozadjem-transparent-1.png","contentUrl":"https:\/\/brezice.eu\/festival\/wp-content\/uploads\/2020\/02\/cropped-MOPFBrezice-logo-z-belim-ozadjem-transparent-1.png","width":990,"height":250,"caption":"Mednarodni otro\u0161ki pevski festival Bre\u017eice"},"image":{"@id":"https:\/\/brezice.eu\/festival\/en\/#\/schema\/logo\/image\/"}}]}},"rttpg_featured_image_url":null,"rttpg_author":{"display_name":"Maks","author_link":"https:\/\/brezice.eu\/festival\/en\/author\/maks\/"},"rttpg_comment":0,"rttpg_category":false,"rttpg_excerpt":"International children&#8217;s singing festival Bre\u017eice 2018 Video recording of the entire event Video posnetek Mednarodnega otro\u0161kega pevskega festivala Bre\u017eice 2018 \/ Google Photos Press 2018: Sponsors 2018:","_links":{"self":[{"href":"https:\/\/brezice.eu\/festival\/en\/wp-json\/wp\/v2\/pages\/792","targetHints":{"allow":["GET"]}}],"collection":[{"href":"https:\/\/brezice.eu\/festival\/en\/wp-json\/wp\/v2\/pages"}],"about":[{"href":"https:\/\/brezice.eu\/festival\/en\/wp-json\/wp\/v2\/types\/page"}],"author":[{"embeddable":true,"href":"https:\/\/brezice.eu\/festival\/en\/wp-json\/wp\/v2\/users\/1"}],"replies":[{"embeddable":true,"href":"https:\/\/brezice.eu\/festival\/en\/wp-json\/wp\/v2\/comments?post=792"}],"version-history":[{"count":6,"href":"https:\/\/brezice.eu\/festival\/en\/wp-json\/wp\/v2\/pages\/792\/revisions"}],"predecessor-version":[{"id":977,"href":"https:\/\/brezice.eu\/festival\/en\/wp-json\/wp\/v2\/pages\/792\/revisions\/977"}],"wp:attachment":[{"href":"https:\/\/brezice.eu\/festival\/en\/wp-json\/wp\/v2\/media?parent=792"}],"curies":[{"name":"wp","href":"https:\/\/api.w.org\/{rel}","templated":true}]}}