{"id":329,"date":"2018-03-02T11:08:46","date_gmt":"2018-03-02T10:08:46","guid":{"rendered":"http:\/\/brezice.eu\/festival\/?page_id=329"},"modified":"2018-03-02T11:16:50","modified_gmt":"2018-03-02T10:16:50","slug":"winners-2017","status":"publish","type":"page","link":"https:\/\/brezice.eu\/festival\/en\/winners-2017\/","title":{"rendered":"Winners 2017"},"content":{"rendered":"<p><strong>Voting Results by the audience<\/strong><\/p>\n<p>1. place: Eva Julija Borov\u0161ak \u2013 Slovenia<br \/>\n2. place: Tanita Lipar \u2013 Slovenia<br \/>\n3. place: Marin Buli\u0107 \u2013 Croatia<\/p>\n<p><strong>Voting Results by the jury<\/strong><\/p>\n<p>First group 6 \u2013 9 years<\/p>\n<p>1. place: Eva Julija Borov\u0161ak \u2013 Slovenia<br \/>\n2. place: Ana Berti\u0107 \u2013 Croatia<br \/>\n3. place: Paola Ma\u010dek \u2013 Croatia<\/p>\n<p>Second group 10 \u2013 13 years<\/p>\n<p>1. place: Katarina Abramovi\u0107 \u2013 Serbia<br \/>\n2. place: Sa\u0161a Vidovi\u0107 \u2013 Croatia<br \/>\n3. place: Ana Grdadolnik \u2013 Slovenia<\/p>\n<p>Third group 14 \u2013 17 years<\/p>\n<p>1. place: Medea Market-Sindik \u2013 Croatia<br \/>\n2. place: Andjela Ne\u0161kovi\u0107 \u2013 Serbia<br \/>\n3. place: Ana Logar \u2013 Slovenia<\/p>\n<p>Overall winner of the festival is Medea Market Sindik.<\/p>\n","protected":false},"excerpt":{"rendered":"<p>Voting Results by the audience 1. place: Eva Julija Borov\u0161ak \u2013 Slovenia 2. place: Tanita Lipar \u2013 Slovenia 3. place: Marin Buli\u0107 \u2013 Croatia Voting Results by the jury First group 6 \u2013 9 years 1. place: Eva Julija Borov\u0161ak \u2013 Slovenia 2. place: Ana Berti\u0107 \u2013 Croatia 3. place: Paola Ma\u010dek \u2013 Croatia Second &hellip; <\/p>\n<p class=\"link-more\"><a href=\"https:\/\/brezice.eu\/festival\/en\/winners-2017\/\" class=\"more-link\">Continue reading<span class=\"screen-reader-text\"> &#8220;Winners 2017&#8221;<\/span><\/a><\/p>\n","protected":false},"author":1,"featured_media":0,"parent":0,"menu_order":0,"comment_status":"closed","ping_status":"closed","template":"","meta":{"footnotes":""},"class_list":["post-329","page","type-page","status-publish","hentry"],"yoast_head":"<!-- This site is optimized with the Yoast SEO plugin v27.4 - https:\/\/yoast.com\/product\/yoast-seo-wordpress\/ -->\n<title>Winners 2017 - Mednarodni otro\u0161ki pevski festival Bre\u017eice<\/title>\n<meta name=\"robots\" content=\"index, follow, max-snippet:-1, max-image-preview:large, max-video-preview:-1\" \/>\n<link rel=\"canonical\" href=\"https:\/\/brezice.eu\/festival\/en\/winners-2017\/\" \/>\n<meta property=\"og:locale\" content=\"en_US\" \/>\n<meta property=\"og:type\" content=\"article\" \/>\n<meta property=\"og:title\" content=\"Winners 2017 - Mednarodni otro\u0161ki pevski festival Bre\u017eice\" \/>\n<meta property=\"og:description\" content=\"Voting Results by the audience 1. place: Eva Julija Borov\u0161ak \u2013 Slovenia 2. place: Tanita Lipar \u2013 Slovenia 3. place: Marin Buli\u0107 \u2013 Croatia Voting Results by the jury First group 6 \u2013 9 years 1. place: Eva Julija Borov\u0161ak \u2013 Slovenia 2. place: Ana Berti\u0107 \u2013 Croatia 3. place: Paola Ma\u010dek \u2013 Croatia Second &hellip; Continue reading &quot;Winners 2017&quot;\" \/>\n<meta property=\"og:url\" content=\"https:\/\/brezice.eu\/festival\/en\/winners-2017\/\" \/>\n<meta property=\"og:site_name\" content=\"Mednarodni otro\u0161ki pevski festival Bre\u017eice\" \/>\n<meta property=\"article:modified_time\" content=\"2018-03-02T10:16:50+00:00\" \/>\n<meta name=\"twitter:card\" content=\"summary_large_image\" \/>\n<script type=\"application\/ld+json\" class=\"yoast-schema-graph\">{\"@context\":\"https:\\\/\\\/schema.org\",\"@graph\":[{\"@type\":\"WebPage\",\"@id\":\"https:\\\/\\\/brezice.eu\\\/festival\\\/en\\\/winners-2017\\\/\",\"url\":\"https:\\\/\\\/brezice.eu\\\/festival\\\/en\\\/winners-2017\\\/\",\"name\":\"Winners 2017 - Mednarodni otro\u0161ki pevski festival Bre\u017eice\",\"isPartOf\":{\"@id\":\"https:\\\/\\\/brezice.eu\\\/festival\\\/en\\\/#website\"},\"datePublished\":\"2018-03-02T10:08:46+00:00\",\"dateModified\":\"2018-03-02T10:16:50+00:00\",\"breadcrumb\":{\"@id\":\"https:\\\/\\\/brezice.eu\\\/festival\\\/en\\\/winners-2017\\\/#breadcrumb\"},\"inLanguage\":\"en-US\",\"potentialAction\":[{\"@type\":\"ReadAction\",\"target\":[\"https:\\\/\\\/brezice.eu\\\/festival\\\/en\\\/winners-2017\\\/\"]}]},{\"@type\":\"BreadcrumbList\",\"@id\":\"https:\\\/\\\/brezice.eu\\\/festival\\\/en\\\/winners-2017\\\/#breadcrumb\",\"itemListElement\":[{\"@type\":\"ListItem\",\"position\":1,\"name\":\"Home\",\"item\":\"https:\\\/\\\/brezice.eu\\\/festival\\\/en\\\/\"},{\"@type\":\"ListItem\",\"position\":2,\"name\":\"Winners 2017\"}]},{\"@type\":\"WebSite\",\"@id\":\"https:\\\/\\\/brezice.eu\\\/festival\\\/en\\\/#website\",\"url\":\"https:\\\/\\\/brezice.eu\\\/festival\\\/en\\\/\",\"name\":\"Mednarodni otro\u0161ki pevski festival Bre\u017eice\",\"description\":\"Predstavljamo vam najbolj\u0161e mlade evropske pevce od 6 do vklju\u010dno 17 let\",\"publisher\":{\"@id\":\"https:\\\/\\\/brezice.eu\\\/festival\\\/en\\\/#organization\"},\"potentialAction\":[{\"@type\":\"SearchAction\",\"target\":{\"@type\":\"EntryPoint\",\"urlTemplate\":\"https:\\\/\\\/brezice.eu\\\/festival\\\/en\\\/?s={search_term_string}\"},\"query-input\":{\"@type\":\"PropertyValueSpecification\",\"valueRequired\":true,\"valueName\":\"search_term_string\"}}],\"inLanguage\":\"en-US\"},{\"@type\":\"Organization\",\"@id\":\"https:\\\/\\\/brezice.eu\\\/festival\\\/en\\\/#organization\",\"name\":\"Mednarodni otro\u0161ki pevski festival Bre\u017eice\",\"url\":\"https:\\\/\\\/brezice.eu\\\/festival\\\/en\\\/\",\"logo\":{\"@type\":\"ImageObject\",\"inLanguage\":\"en-US\",\"@id\":\"https:\\\/\\\/brezice.eu\\\/festival\\\/en\\\/#\\\/schema\\\/logo\\\/image\\\/\",\"url\":\"https:\\\/\\\/brezice.eu\\\/festival\\\/wp-content\\\/uploads\\\/2020\\\/02\\\/cropped-MOPFBrezice-logo-z-belim-ozadjem-transparent-1.png\",\"contentUrl\":\"https:\\\/\\\/brezice.eu\\\/festival\\\/wp-content\\\/uploads\\\/2020\\\/02\\\/cropped-MOPFBrezice-logo-z-belim-ozadjem-transparent-1.png\",\"width\":990,\"height\":250,\"caption\":\"Mednarodni otro\u0161ki pevski festival Bre\u017eice\"},\"image\":{\"@id\":\"https:\\\/\\\/brezice.eu\\\/festival\\\/en\\\/#\\\/schema\\\/logo\\\/image\\\/\"}}]}<\/script>\n<!-- \/ Yoast SEO plugin. -->","yoast_head_json":{"title":"Winners 2017 - Mednarodni otro\u0161ki pevski festival Bre\u017eice","robots":{"index":"index","follow":"follow","max-snippet":"max-snippet:-1","max-image-preview":"max-image-preview:large","max-video-preview":"max-video-preview:-1"},"canonical":"https:\/\/brezice.eu\/festival\/en\/winners-2017\/","og_locale":"en_US","og_type":"article","og_title":"Winners 2017 - Mednarodni otro\u0161ki pevski festival Bre\u017eice","og_description":"Voting Results by the audience 1. place: Eva Julija Borov\u0161ak \u2013 Slovenia 2. place: Tanita Lipar \u2013 Slovenia 3. place: Marin Buli\u0107 \u2013 Croatia Voting Results by the jury First group 6 \u2013 9 years 1. place: Eva Julija Borov\u0161ak \u2013 Slovenia 2. place: Ana Berti\u0107 \u2013 Croatia 3. place: Paola Ma\u010dek \u2013 Croatia Second &hellip; Continue reading \"Winners 2017\"","og_url":"https:\/\/brezice.eu\/festival\/en\/winners-2017\/","og_site_name":"Mednarodni otro\u0161ki pevski festival Bre\u017eice","article_modified_time":"2018-03-02T10:16:50+00:00","twitter_card":"summary_large_image","schema":{"@context":"https:\/\/schema.org","@graph":[{"@type":"WebPage","@id":"https:\/\/brezice.eu\/festival\/en\/winners-2017\/","url":"https:\/\/brezice.eu\/festival\/en\/winners-2017\/","name":"Winners 2017 - Mednarodni otro\u0161ki pevski festival Bre\u017eice","isPartOf":{"@id":"https:\/\/brezice.eu\/festival\/en\/#website"},"datePublished":"2018-03-02T10:08:46+00:00","dateModified":"2018-03-02T10:16:50+00:00","breadcrumb":{"@id":"https:\/\/brezice.eu\/festival\/en\/winners-2017\/#breadcrumb"},"inLanguage":"en-US","potentialAction":[{"@type":"ReadAction","target":["https:\/\/brezice.eu\/festival\/en\/winners-2017\/"]}]},{"@type":"BreadcrumbList","@id":"https:\/\/brezice.eu\/festival\/en\/winners-2017\/#breadcrumb","itemListElement":[{"@type":"ListItem","position":1,"name":"Home","item":"https:\/\/brezice.eu\/festival\/en\/"},{"@type":"ListItem","position":2,"name":"Winners 2017"}]},{"@type":"WebSite","@id":"https:\/\/brezice.eu\/festival\/en\/#website","url":"https:\/\/brezice.eu\/festival\/en\/","name":"Mednarodni otro\u0161ki pevski festival Bre\u017eice","description":"Predstavljamo vam najbolj\u0161e mlade evropske pevce od 6 do vklju\u010dno 17 let","publisher":{"@id":"https:\/\/brezice.eu\/festival\/en\/#organization"},"potentialAction":[{"@type":"SearchAction","target":{"@type":"EntryPoint","urlTemplate":"https:\/\/brezice.eu\/festival\/en\/?s={search_term_string}"},"query-input":{"@type":"PropertyValueSpecification","valueRequired":true,"valueName":"search_term_string"}}],"inLanguage":"en-US"},{"@type":"Organization","@id":"https:\/\/brezice.eu\/festival\/en\/#organization","name":"Mednarodni otro\u0161ki pevski festival Bre\u017eice","url":"https:\/\/brezice.eu\/festival\/en\/","logo":{"@type":"ImageObject","inLanguage":"en-US","@id":"https:\/\/brezice.eu\/festival\/en\/#\/schema\/logo\/image\/","url":"https:\/\/brezice.eu\/festival\/wp-content\/uploads\/2020\/02\/cropped-MOPFBrezice-logo-z-belim-ozadjem-transparent-1.png","contentUrl":"https:\/\/brezice.eu\/festival\/wp-content\/uploads\/2020\/02\/cropped-MOPFBrezice-logo-z-belim-ozadjem-transparent-1.png","width":990,"height":250,"caption":"Mednarodni otro\u0161ki pevski festival Bre\u017eice"},"image":{"@id":"https:\/\/brezice.eu\/festival\/en\/#\/schema\/logo\/image\/"}}]}},"rttpg_featured_image_url":null,"rttpg_author":{"display_name":"Maks","author_link":"https:\/\/brezice.eu\/festival\/en\/author\/maks\/"},"rttpg_comment":0,"rttpg_category":false,"rttpg_excerpt":"Voting Results by the audience 1. place: Eva Julija Borov\u0161ak \u2013 Slovenia 2. place: Tanita Lipar \u2013 Slovenia 3. place: Marin Buli\u0107 \u2013 Croatia Voting Results by the jury First group 6 \u2013 9 years 1. place: Eva Julija Borov\u0161ak \u2013 Slovenia 2. place: Ana Berti\u0107 \u2013 Croatia 3. place: Paola Ma\u010dek \u2013 Croatia Second&hellip;","_links":{"self":[{"href":"https:\/\/brezice.eu\/festival\/en\/wp-json\/wp\/v2\/pages\/329","targetHints":{"allow":["GET"]}}],"collection":[{"href":"https:\/\/brezice.eu\/festival\/en\/wp-json\/wp\/v2\/pages"}],"about":[{"href":"https:\/\/brezice.eu\/festival\/en\/wp-json\/wp\/v2\/types\/page"}],"author":[{"embeddable":true,"href":"https:\/\/brezice.eu\/festival\/en\/wp-json\/wp\/v2\/users\/1"}],"replies":[{"embeddable":true,"href":"https:\/\/brezice.eu\/festival\/en\/wp-json\/wp\/v2\/comments?post=329"}],"version-history":[{"count":4,"href":"https:\/\/brezice.eu\/festival\/en\/wp-json\/wp\/v2\/pages\/329\/revisions"}],"predecessor-version":[{"id":342,"href":"https:\/\/brezice.eu\/festival\/en\/wp-json\/wp\/v2\/pages\/329\/revisions\/342"}],"wp:attachment":[{"href":"https:\/\/brezice.eu\/festival\/en\/wp-json\/wp\/v2\/media?parent=329"}],"curies":[{"name":"wp","href":"https:\/\/api.w.org\/{rel}","templated":true}]}}