{"id":320,"date":"2018-03-02T10:54:55","date_gmt":"2018-03-02T09:54:55","guid":{"rendered":"http:\/\/brezice.eu\/festival\/?page_id=320"},"modified":"2018-03-02T11:12:48","modified_gmt":"2018-03-02T10:12:48","slug":"winners-2016","status":"publish","type":"page","link":"https:\/\/brezice.eu\/festival\/en\/winners-2016\/","title":{"rendered":"Winners 2016"},"content":{"rendered":"<p><strong>The winners 2016 by the jury<\/strong><\/p>\n<p>Group from 6 to 10 years:<\/p>\n<p>1. place: \u0160pela Zalokar \u0160kaler, Bre\u017eice, Slovenia (10 let)<br \/>\n2. place: Eva Julija Borov\u0161ak, \u017dupelevec, Slovenia (8 let)<br \/>\n3. place: Karla Miklau\u017ei\u0107, Hum na Sutli, Croatia (9 let)<\/p>\n<p>Group from 11 to 15 godina:<\/p>\n<p>1. place: Amadea Begovi\u0107, Celje, Slovenia (15 let)<br \/>\n2. place: Morena Oli\u0107, Bre\u017eice, Slovenia (14 let)<br \/>\n3. place: Manca Mihelin, Bizeljsko, Croatia (12 let)<\/p>\n<p><strong>Winners 2016 by the audience<\/strong><\/p>\n<p>Group from 6 to 10 years:<\/p>\n<p>1. place: Eva Julija Borov\u0161ak, \u017dupelevec, Slovenia (8 let)<br \/>\n2. place: \u0160pela Zalokar \u0160kaler, Bre\u017eice, Slovenia (10 let)<br \/>\n3. place: Tiana Vlaisavljevi\u0107, Klanjec, Croatia (6 let)<\/p>\n<p>Group from 11 to 15 godina:<\/p>\n<p>1. place: Tanita Lipar, Bre\u017eice, Slovenia (15 let)<br \/>\n2. place: Marin Buli\u0107, Osijek, Croatia (11 let)<br \/>\n3. place: Eli\u0161ka \u0160kaler &#8211; Eli, Cerklje ob Krki, Slovenia (13 let)<\/p>\n","protected":false},"excerpt":{"rendered":"<p>The winners 2016 by the jury Group from 6 to 10 years: 1. place: \u0160pela Zalokar \u0160kaler, Bre\u017eice, Slovenia (10 let) 2. place: Eva Julija Borov\u0161ak, \u017dupelevec, Slovenia (8 let) 3. place: Karla Miklau\u017ei\u0107, Hum na Sutli, Croatia (9 let) Group from 11 to 15 godina: 1. place: Amadea Begovi\u0107, Celje, Slovenia (15 let) 2. &hellip; <\/p>\n<p class=\"link-more\"><a href=\"https:\/\/brezice.eu\/festival\/en\/winners-2016\/\" class=\"more-link\">Continue reading<span class=\"screen-reader-text\"> &#8220;Winners 2016&#8221;<\/span><\/a><\/p>\n","protected":false},"author":1,"featured_media":0,"parent":0,"menu_order":0,"comment_status":"closed","ping_status":"closed","template":"","meta":{"footnotes":""},"class_list":["post-320","page","type-page","status-publish","hentry"],"yoast_head":"<!-- This site is optimized with the Yoast SEO plugin v27.4 - https:\/\/yoast.com\/product\/yoast-seo-wordpress\/ -->\n<title>Winners 2016 - Mednarodni otro\u0161ki pevski festival Bre\u017eice<\/title>\n<meta name=\"robots\" content=\"index, follow, max-snippet:-1, max-image-preview:large, max-video-preview:-1\" \/>\n<link rel=\"canonical\" href=\"https:\/\/brezice.eu\/festival\/en\/winners-2016\/\" \/>\n<meta property=\"og:locale\" content=\"en_US\" \/>\n<meta property=\"og:type\" content=\"article\" \/>\n<meta property=\"og:title\" content=\"Winners 2016 - Mednarodni otro\u0161ki pevski festival Bre\u017eice\" \/>\n<meta property=\"og:description\" content=\"The winners 2016 by the jury Group from 6 to 10 years: 1. place: \u0160pela Zalokar \u0160kaler, Bre\u017eice, Slovenia (10 let) 2. place: Eva Julija Borov\u0161ak, \u017dupelevec, Slovenia (8 let) 3. place: Karla Miklau\u017ei\u0107, Hum na Sutli, Croatia (9 let) Group from 11 to 15 godina: 1. place: Amadea Begovi\u0107, Celje, Slovenia (15 let) 2. &hellip; Continue reading &quot;Winners 2016&quot;\" \/>\n<meta property=\"og:url\" content=\"https:\/\/brezice.eu\/festival\/en\/winners-2016\/\" \/>\n<meta property=\"og:site_name\" content=\"Mednarodni otro\u0161ki pevski festival Bre\u017eice\" \/>\n<meta property=\"article:modified_time\" content=\"2018-03-02T10:12:48+00:00\" \/>\n<meta name=\"twitter:card\" content=\"summary_large_image\" \/>\n<meta name=\"twitter:label1\" content=\"Est. reading time\" \/>\n\t<meta name=\"twitter:data1\" content=\"1 minute\" \/>\n<script type=\"application\/ld+json\" class=\"yoast-schema-graph\">{\"@context\":\"https:\\\/\\\/schema.org\",\"@graph\":[{\"@type\":\"WebPage\",\"@id\":\"https:\\\/\\\/brezice.eu\\\/festival\\\/en\\\/winners-2016\\\/\",\"url\":\"https:\\\/\\\/brezice.eu\\\/festival\\\/en\\\/winners-2016\\\/\",\"name\":\"Winners 2016 - Mednarodni otro\u0161ki pevski festival Bre\u017eice\",\"isPartOf\":{\"@id\":\"https:\\\/\\\/brezice.eu\\\/festival\\\/en\\\/#website\"},\"datePublished\":\"2018-03-02T09:54:55+00:00\",\"dateModified\":\"2018-03-02T10:12:48+00:00\",\"breadcrumb\":{\"@id\":\"https:\\\/\\\/brezice.eu\\\/festival\\\/en\\\/winners-2016\\\/#breadcrumb\"},\"inLanguage\":\"en-US\",\"potentialAction\":[{\"@type\":\"ReadAction\",\"target\":[\"https:\\\/\\\/brezice.eu\\\/festival\\\/en\\\/winners-2016\\\/\"]}]},{\"@type\":\"BreadcrumbList\",\"@id\":\"https:\\\/\\\/brezice.eu\\\/festival\\\/en\\\/winners-2016\\\/#breadcrumb\",\"itemListElement\":[{\"@type\":\"ListItem\",\"position\":1,\"name\":\"Home\",\"item\":\"https:\\\/\\\/brezice.eu\\\/festival\\\/en\\\/\"},{\"@type\":\"ListItem\",\"position\":2,\"name\":\"Winners 2016\"}]},{\"@type\":\"WebSite\",\"@id\":\"https:\\\/\\\/brezice.eu\\\/festival\\\/en\\\/#website\",\"url\":\"https:\\\/\\\/brezice.eu\\\/festival\\\/en\\\/\",\"name\":\"Mednarodni otro\u0161ki pevski festival Bre\u017eice\",\"description\":\"Predstavljamo vam najbolj\u0161e mlade evropske pevce od 6 do vklju\u010dno 17 let\",\"publisher\":{\"@id\":\"https:\\\/\\\/brezice.eu\\\/festival\\\/en\\\/#organization\"},\"potentialAction\":[{\"@type\":\"SearchAction\",\"target\":{\"@type\":\"EntryPoint\",\"urlTemplate\":\"https:\\\/\\\/brezice.eu\\\/festival\\\/en\\\/?s={search_term_string}\"},\"query-input\":{\"@type\":\"PropertyValueSpecification\",\"valueRequired\":true,\"valueName\":\"search_term_string\"}}],\"inLanguage\":\"en-US\"},{\"@type\":\"Organization\",\"@id\":\"https:\\\/\\\/brezice.eu\\\/festival\\\/en\\\/#organization\",\"name\":\"Mednarodni otro\u0161ki pevski festival Bre\u017eice\",\"url\":\"https:\\\/\\\/brezice.eu\\\/festival\\\/en\\\/\",\"logo\":{\"@type\":\"ImageObject\",\"inLanguage\":\"en-US\",\"@id\":\"https:\\\/\\\/brezice.eu\\\/festival\\\/en\\\/#\\\/schema\\\/logo\\\/image\\\/\",\"url\":\"https:\\\/\\\/brezice.eu\\\/festival\\\/wp-content\\\/uploads\\\/2020\\\/02\\\/cropped-MOPFBrezice-logo-z-belim-ozadjem-transparent-1.png\",\"contentUrl\":\"https:\\\/\\\/brezice.eu\\\/festival\\\/wp-content\\\/uploads\\\/2020\\\/02\\\/cropped-MOPFBrezice-logo-z-belim-ozadjem-transparent-1.png\",\"width\":990,\"height\":250,\"caption\":\"Mednarodni otro\u0161ki pevski festival Bre\u017eice\"},\"image\":{\"@id\":\"https:\\\/\\\/brezice.eu\\\/festival\\\/en\\\/#\\\/schema\\\/logo\\\/image\\\/\"}}]}<\/script>\n<!-- \/ Yoast SEO plugin. -->","yoast_head_json":{"title":"Winners 2016 - Mednarodni otro\u0161ki pevski festival Bre\u017eice","robots":{"index":"index","follow":"follow","max-snippet":"max-snippet:-1","max-image-preview":"max-image-preview:large","max-video-preview":"max-video-preview:-1"},"canonical":"https:\/\/brezice.eu\/festival\/en\/winners-2016\/","og_locale":"en_US","og_type":"article","og_title":"Winners 2016 - Mednarodni otro\u0161ki pevski festival Bre\u017eice","og_description":"The winners 2016 by the jury Group from 6 to 10 years: 1. place: \u0160pela Zalokar \u0160kaler, Bre\u017eice, Slovenia (10 let) 2. place: Eva Julija Borov\u0161ak, \u017dupelevec, Slovenia (8 let) 3. place: Karla Miklau\u017ei\u0107, Hum na Sutli, Croatia (9 let) Group from 11 to 15 godina: 1. place: Amadea Begovi\u0107, Celje, Slovenia (15 let) 2. &hellip; Continue reading \"Winners 2016\"","og_url":"https:\/\/brezice.eu\/festival\/en\/winners-2016\/","og_site_name":"Mednarodni otro\u0161ki pevski festival Bre\u017eice","article_modified_time":"2018-03-02T10:12:48+00:00","twitter_card":"summary_large_image","twitter_misc":{"Est. reading time":"1 minute"},"schema":{"@context":"https:\/\/schema.org","@graph":[{"@type":"WebPage","@id":"https:\/\/brezice.eu\/festival\/en\/winners-2016\/","url":"https:\/\/brezice.eu\/festival\/en\/winners-2016\/","name":"Winners 2016 - Mednarodni otro\u0161ki pevski festival Bre\u017eice","isPartOf":{"@id":"https:\/\/brezice.eu\/festival\/en\/#website"},"datePublished":"2018-03-02T09:54:55+00:00","dateModified":"2018-03-02T10:12:48+00:00","breadcrumb":{"@id":"https:\/\/brezice.eu\/festival\/en\/winners-2016\/#breadcrumb"},"inLanguage":"en-US","potentialAction":[{"@type":"ReadAction","target":["https:\/\/brezice.eu\/festival\/en\/winners-2016\/"]}]},{"@type":"BreadcrumbList","@id":"https:\/\/brezice.eu\/festival\/en\/winners-2016\/#breadcrumb","itemListElement":[{"@type":"ListItem","position":1,"name":"Home","item":"https:\/\/brezice.eu\/festival\/en\/"},{"@type":"ListItem","position":2,"name":"Winners 2016"}]},{"@type":"WebSite","@id":"https:\/\/brezice.eu\/festival\/en\/#website","url":"https:\/\/brezice.eu\/festival\/en\/","name":"Mednarodni otro\u0161ki pevski festival Bre\u017eice","description":"Predstavljamo vam najbolj\u0161e mlade evropske pevce od 6 do vklju\u010dno 17 let","publisher":{"@id":"https:\/\/brezice.eu\/festival\/en\/#organization"},"potentialAction":[{"@type":"SearchAction","target":{"@type":"EntryPoint","urlTemplate":"https:\/\/brezice.eu\/festival\/en\/?s={search_term_string}"},"query-input":{"@type":"PropertyValueSpecification","valueRequired":true,"valueName":"search_term_string"}}],"inLanguage":"en-US"},{"@type":"Organization","@id":"https:\/\/brezice.eu\/festival\/en\/#organization","name":"Mednarodni otro\u0161ki pevski festival Bre\u017eice","url":"https:\/\/brezice.eu\/festival\/en\/","logo":{"@type":"ImageObject","inLanguage":"en-US","@id":"https:\/\/brezice.eu\/festival\/en\/#\/schema\/logo\/image\/","url":"https:\/\/brezice.eu\/festival\/wp-content\/uploads\/2020\/02\/cropped-MOPFBrezice-logo-z-belim-ozadjem-transparent-1.png","contentUrl":"https:\/\/brezice.eu\/festival\/wp-content\/uploads\/2020\/02\/cropped-MOPFBrezice-logo-z-belim-ozadjem-transparent-1.png","width":990,"height":250,"caption":"Mednarodni otro\u0161ki pevski festival Bre\u017eice"},"image":{"@id":"https:\/\/brezice.eu\/festival\/en\/#\/schema\/logo\/image\/"}}]}},"rttpg_featured_image_url":null,"rttpg_author":{"display_name":"Maks","author_link":"https:\/\/brezice.eu\/festival\/en\/author\/maks\/"},"rttpg_comment":0,"rttpg_category":false,"rttpg_excerpt":"The winners 2016 by the jury Group from 6 to 10 years: 1. place: \u0160pela Zalokar \u0160kaler, Bre\u017eice, Slovenia (10 let) 2. place: Eva Julija Borov\u0161ak, \u017dupelevec, Slovenia (8 let) 3. place: Karla Miklau\u017ei\u0107, Hum na Sutli, Croatia (9 let) Group from 11 to 15 godina: 1. place: Amadea Begovi\u0107, Celje, Slovenia (15 let) 2.&hellip;","_links":{"self":[{"href":"https:\/\/brezice.eu\/festival\/en\/wp-json\/wp\/v2\/pages\/320","targetHints":{"allow":["GET"]}}],"collection":[{"href":"https:\/\/brezice.eu\/festival\/en\/wp-json\/wp\/v2\/pages"}],"about":[{"href":"https:\/\/brezice.eu\/festival\/en\/wp-json\/wp\/v2\/types\/page"}],"author":[{"embeddable":true,"href":"https:\/\/brezice.eu\/festival\/en\/wp-json\/wp\/v2\/users\/1"}],"replies":[{"embeddable":true,"href":"https:\/\/brezice.eu\/festival\/en\/wp-json\/wp\/v2\/comments?post=320"}],"version-history":[{"count":3,"href":"https:\/\/brezice.eu\/festival\/en\/wp-json\/wp\/v2\/pages\/320\/revisions"}],"predecessor-version":[{"id":339,"href":"https:\/\/brezice.eu\/festival\/en\/wp-json\/wp\/v2\/pages\/320\/revisions\/339"}],"wp:attachment":[{"href":"https:\/\/brezice.eu\/festival\/en\/wp-json\/wp\/v2\/media?parent=320"}],"curies":[{"name":"wp","href":"https:\/\/api.w.org\/{rel}","templated":true}]}}