{"id":2355,"date":"2023-11-09T08:43:10","date_gmt":"2023-11-09T07:43:10","guid":{"rendered":"https:\/\/brezice.eu\/festival\/?page_id=2355"},"modified":"2023-11-09T08:45:31","modified_gmt":"2023-11-09T07:45:31","slug":"video-2023","status":"publish","type":"page","link":"https:\/\/brezice.eu\/festival\/en\/video-2023\/","title":{"rendered":"Video 2023"},"content":{"rendered":"\n<p>International children\u2019s singing festival Bre\u017eice 2023 &#8211; Part 1 (first and second age group): <br><a href=\"https:\/\/www.youtube.com\/watch?v=enRh8X2YmlI\" target=\"_blank\" rel=\"noreferrer noopener\">https:\/\/www.youtube.com\/watch?v=enRh8X2YmlI<\/a><\/p>\n\n\n\n<figure class=\"wp-block-image size-large\"><img loading=\"lazy\" decoding=\"async\" width=\"1024\" height=\"576\" src=\"https:\/\/brezice.eu\/festival\/wp-content\/uploads\/2023\/11\/20231018_193613-1024x576.jpg\" alt=\"\" class=\"wp-image-2360\" srcset=\"https:\/\/brezice.eu\/festival\/wp-content\/uploads\/2023\/11\/20231018_193613-1024x576.jpg 1024w, https:\/\/brezice.eu\/festival\/wp-content\/uploads\/2023\/11\/20231018_193613-300x169.jpg 300w, https:\/\/brezice.eu\/festival\/wp-content\/uploads\/2023\/11\/20231018_193613-768x432.jpg 768w, https:\/\/brezice.eu\/festival\/wp-content\/uploads\/2023\/11\/20231018_193613-1320x742.jpg 1320w, https:\/\/brezice.eu\/festival\/wp-content\/uploads\/2023\/11\/20231018_193613.jpg 1416w\" sizes=\"auto, (max-width: 767px) 89vw, (max-width: 1000px) 54vw, (max-width: 1071px) 543px, 580px\" \/><figcaption class=\"wp-element-caption\"><a href=\"https:\/\/www.youtube.com\/watch?v=enRh8X2YmlI\">https:\/\/www.youtube.com\/watch?v=enRh8X2YmlI<\/a><\/figcaption><\/figure>\n\n\n\n<p>International children\u2019s singing festival Bre\u017eice 2023 &#8211; Part 2 (third age group and rewards):<br><a href=\"https:\/\/www.youtube.com\/watch?v=ouHxGhVq-wQ\" target=\"_blank\" rel=\"noreferrer noopener\">https:\/\/www.youtube.com\/watch?v=ouHxGhVq-wQ<\/a><\/p>\n\n\n\n<figure class=\"wp-block-image size-large\"><img loading=\"lazy\" decoding=\"async\" width=\"1024\" height=\"576\" src=\"https:\/\/brezice.eu\/festival\/wp-content\/uploads\/2023\/11\/20231018_193733-1024x576.jpg\" alt=\"\" class=\"wp-image-2357\" srcset=\"https:\/\/brezice.eu\/festival\/wp-content\/uploads\/2023\/11\/20231018_193733-1024x576.jpg 1024w, https:\/\/brezice.eu\/festival\/wp-content\/uploads\/2023\/11\/20231018_193733-300x169.jpg 300w, https:\/\/brezice.eu\/festival\/wp-content\/uploads\/2023\/11\/20231018_193733-768x432.jpg 768w, https:\/\/brezice.eu\/festival\/wp-content\/uploads\/2023\/11\/20231018_193733-1320x742.jpg 1320w, https:\/\/brezice.eu\/festival\/wp-content\/uploads\/2023\/11\/20231018_193733.jpg 1416w\" sizes=\"auto, (max-width: 767px) 89vw, (max-width: 1000px) 54vw, (max-width: 1071px) 543px, 580px\" \/><figcaption class=\"wp-element-caption\"><a href=\"https:\/\/www.youtube.com\/watch?v=ouHxGhVq-wQ\" target=\"_blank\" rel=\"noreferrer noopener\">https:\/\/www.youtube.com\/watch?v=ouHxGhVq-wQ<\/a><\/figcaption><\/figure>\n\n\n\n<p><\/p>\n\n\n\n<p><\/p>\n\n\n\n<p>Sponsors 2023<\/p>\n\n\n\n<figure class=\"wp-block-embed is-type-video is-provider-youtube wp-block-embed-youtube wp-embed-aspect-16-9 wp-has-aspect-ratio\"><div class=\"wp-block-embed__wrapper\">\n<iframe loading=\"lazy\" title=\"Mednarodni otro\u0161ki pevski festival Bre\u017eice\" width=\"525\" height=\"295\" src=\"https:\/\/www.youtube.com\/embed\/38VutlxoHQo?list=PLkhEpE3Fd6xV6heMYfCcqLl6Xq0-pjH2t\" frameborder=\"0\" allow=\"accelerometer; autoplay; clipboard-write; encrypted-media; gyroscope; picture-in-picture; web-share\" referrerpolicy=\"strict-origin-when-cross-origin\" allowfullscreen><\/iframe>\n<\/div><figcaption class=\"wp-element-caption\">Sponzorji MOPF Bre\u017eice 2023<\/figcaption><\/figure>\n","protected":false},"excerpt":{"rendered":"<p>International children\u2019s singing festival Bre\u017eice 2023 &#8211; Part 1 (first and second age group): https:\/\/www.youtube.com\/watch?v=enRh8X2YmlI International children\u2019s singing festival Bre\u017eice 2023 &#8211; Part 2 (third age group and rewards):https:\/\/www.youtube.com\/watch?v=ouHxGhVq-wQ Sponsors 2023<\/p>\n","protected":false},"author":1,"featured_media":0,"parent":0,"menu_order":0,"comment_status":"closed","ping_status":"closed","template":"","meta":{"footnotes":""},"class_list":["post-2355","page","type-page","status-publish","hentry"],"yoast_head":"<!-- This site is optimized with the Yoast SEO plugin v27.4 - https:\/\/yoast.com\/product\/yoast-seo-wordpress\/ -->\n<title>Video 2023 - Mednarodni otro\u0161ki pevski festival Bre\u017eice<\/title>\n<meta name=\"robots\" content=\"index, follow, max-snippet:-1, max-image-preview:large, max-video-preview:-1\" \/>\n<link rel=\"canonical\" href=\"https:\/\/brezice.eu\/festival\/en\/video-2023\/\" \/>\n<meta property=\"og:locale\" content=\"en_US\" \/>\n<meta property=\"og:type\" content=\"article\" \/>\n<meta property=\"og:title\" content=\"Video 2023 - Mednarodni otro\u0161ki pevski festival Bre\u017eice\" \/>\n<meta property=\"og:description\" content=\"International children\u2019s singing festival Bre\u017eice 2023 &#8211; Part 1 (first and second age group): https:\/\/www.youtube.com\/watch?v=enRh8X2YmlI International children\u2019s singing festival Bre\u017eice 2023 &#8211; Part 2 (third age group and rewards):https:\/\/www.youtube.com\/watch?v=ouHxGhVq-wQ Sponsors 2023\" \/>\n<meta property=\"og:url\" content=\"https:\/\/brezice.eu\/festival\/en\/video-2023\/\" \/>\n<meta property=\"og:site_name\" content=\"Mednarodni otro\u0161ki pevski festival Bre\u017eice\" \/>\n<meta property=\"article:modified_time\" content=\"2023-11-09T07:45:31+00:00\" \/>\n<meta property=\"og:image\" content=\"https:\/\/brezice.eu\/festival\/wp-content\/uploads\/2023\/11\/20231018_193613-1024x576.jpg\" \/>\n<meta name=\"twitter:card\" content=\"summary_large_image\" \/>\n<meta name=\"twitter:label1\" content=\"Est. reading time\" \/>\n\t<meta name=\"twitter:data1\" content=\"1 minute\" \/>\n<script type=\"application\/ld+json\" class=\"yoast-schema-graph\">{\"@context\":\"https:\\\/\\\/schema.org\",\"@graph\":[{\"@type\":\"WebPage\",\"@id\":\"https:\\\/\\\/brezice.eu\\\/festival\\\/en\\\/video-2023\\\/\",\"url\":\"https:\\\/\\\/brezice.eu\\\/festival\\\/en\\\/video-2023\\\/\",\"name\":\"Video 2023 - Mednarodni otro\u0161ki pevski festival Bre\u017eice\",\"isPartOf\":{\"@id\":\"https:\\\/\\\/brezice.eu\\\/festival\\\/en\\\/#website\"},\"primaryImageOfPage\":{\"@id\":\"https:\\\/\\\/brezice.eu\\\/festival\\\/en\\\/video-2023\\\/#primaryimage\"},\"image\":{\"@id\":\"https:\\\/\\\/brezice.eu\\\/festival\\\/en\\\/video-2023\\\/#primaryimage\"},\"thumbnailUrl\":\"https:\\\/\\\/brezice.eu\\\/festival\\\/wp-content\\\/uploads\\\/2023\\\/11\\\/20231018_193613-1024x576.jpg\",\"datePublished\":\"2023-11-09T07:43:10+00:00\",\"dateModified\":\"2023-11-09T07:45:31+00:00\",\"breadcrumb\":{\"@id\":\"https:\\\/\\\/brezice.eu\\\/festival\\\/en\\\/video-2023\\\/#breadcrumb\"},\"inLanguage\":\"en-US\",\"potentialAction\":[{\"@type\":\"ReadAction\",\"target\":[\"https:\\\/\\\/brezice.eu\\\/festival\\\/en\\\/video-2023\\\/\"]}]},{\"@type\":\"ImageObject\",\"inLanguage\":\"en-US\",\"@id\":\"https:\\\/\\\/brezice.eu\\\/festival\\\/en\\\/video-2023\\\/#primaryimage\",\"url\":\"https:\\\/\\\/brezice.eu\\\/festival\\\/wp-content\\\/uploads\\\/2023\\\/11\\\/20231018_193613-1024x576.jpg\",\"contentUrl\":\"https:\\\/\\\/brezice.eu\\\/festival\\\/wp-content\\\/uploads\\\/2023\\\/11\\\/20231018_193613-1024x576.jpg\"},{\"@type\":\"BreadcrumbList\",\"@id\":\"https:\\\/\\\/brezice.eu\\\/festival\\\/en\\\/video-2023\\\/#breadcrumb\",\"itemListElement\":[{\"@type\":\"ListItem\",\"position\":1,\"name\":\"Home\",\"item\":\"https:\\\/\\\/brezice.eu\\\/festival\\\/en\\\/\"},{\"@type\":\"ListItem\",\"position\":2,\"name\":\"Video 2023\"}]},{\"@type\":\"WebSite\",\"@id\":\"https:\\\/\\\/brezice.eu\\\/festival\\\/en\\\/#website\",\"url\":\"https:\\\/\\\/brezice.eu\\\/festival\\\/en\\\/\",\"name\":\"Mednarodni otro\u0161ki pevski festival Bre\u017eice\",\"description\":\"Predstavljamo vam najbolj\u0161e mlade evropske pevce od 6 do vklju\u010dno 17 let\",\"publisher\":{\"@id\":\"https:\\\/\\\/brezice.eu\\\/festival\\\/en\\\/#organization\"},\"potentialAction\":[{\"@type\":\"SearchAction\",\"target\":{\"@type\":\"EntryPoint\",\"urlTemplate\":\"https:\\\/\\\/brezice.eu\\\/festival\\\/en\\\/?s={search_term_string}\"},\"query-input\":{\"@type\":\"PropertyValueSpecification\",\"valueRequired\":true,\"valueName\":\"search_term_string\"}}],\"inLanguage\":\"en-US\"},{\"@type\":\"Organization\",\"@id\":\"https:\\\/\\\/brezice.eu\\\/festival\\\/en\\\/#organization\",\"name\":\"Mednarodni otro\u0161ki pevski festival Bre\u017eice\",\"url\":\"https:\\\/\\\/brezice.eu\\\/festival\\\/en\\\/\",\"logo\":{\"@type\":\"ImageObject\",\"inLanguage\":\"en-US\",\"@id\":\"https:\\\/\\\/brezice.eu\\\/festival\\\/en\\\/#\\\/schema\\\/logo\\\/image\\\/\",\"url\":\"https:\\\/\\\/brezice.eu\\\/festival\\\/wp-content\\\/uploads\\\/2020\\\/02\\\/cropped-MOPFBrezice-logo-z-belim-ozadjem-transparent-1.png\",\"contentUrl\":\"https:\\\/\\\/brezice.eu\\\/festival\\\/wp-content\\\/uploads\\\/2020\\\/02\\\/cropped-MOPFBrezice-logo-z-belim-ozadjem-transparent-1.png\",\"width\":990,\"height\":250,\"caption\":\"Mednarodni otro\u0161ki pevski festival Bre\u017eice\"},\"image\":{\"@id\":\"https:\\\/\\\/brezice.eu\\\/festival\\\/en\\\/#\\\/schema\\\/logo\\\/image\\\/\"}}]}<\/script>\n<!-- \/ Yoast SEO plugin. -->","yoast_head_json":{"title":"Video 2023 - Mednarodni otro\u0161ki pevski festival Bre\u017eice","robots":{"index":"index","follow":"follow","max-snippet":"max-snippet:-1","max-image-preview":"max-image-preview:large","max-video-preview":"max-video-preview:-1"},"canonical":"https:\/\/brezice.eu\/festival\/en\/video-2023\/","og_locale":"en_US","og_type":"article","og_title":"Video 2023 - Mednarodni otro\u0161ki pevski festival Bre\u017eice","og_description":"International children\u2019s singing festival Bre\u017eice 2023 &#8211; Part 1 (first and second age group): https:\/\/www.youtube.com\/watch?v=enRh8X2YmlI International children\u2019s singing festival Bre\u017eice 2023 &#8211; Part 2 (third age group and rewards):https:\/\/www.youtube.com\/watch?v=ouHxGhVq-wQ Sponsors 2023","og_url":"https:\/\/brezice.eu\/festival\/en\/video-2023\/","og_site_name":"Mednarodni otro\u0161ki pevski festival Bre\u017eice","article_modified_time":"2023-11-09T07:45:31+00:00","og_image":[{"url":"https:\/\/brezice.eu\/festival\/wp-content\/uploads\/2023\/11\/20231018_193613-1024x576.jpg","type":"","width":"","height":""}],"twitter_card":"summary_large_image","twitter_misc":{"Est. reading time":"1 minute"},"schema":{"@context":"https:\/\/schema.org","@graph":[{"@type":"WebPage","@id":"https:\/\/brezice.eu\/festival\/en\/video-2023\/","url":"https:\/\/brezice.eu\/festival\/en\/video-2023\/","name":"Video 2023 - Mednarodni otro\u0161ki pevski festival Bre\u017eice","isPartOf":{"@id":"https:\/\/brezice.eu\/festival\/en\/#website"},"primaryImageOfPage":{"@id":"https:\/\/brezice.eu\/festival\/en\/video-2023\/#primaryimage"},"image":{"@id":"https:\/\/brezice.eu\/festival\/en\/video-2023\/#primaryimage"},"thumbnailUrl":"https:\/\/brezice.eu\/festival\/wp-content\/uploads\/2023\/11\/20231018_193613-1024x576.jpg","datePublished":"2023-11-09T07:43:10+00:00","dateModified":"2023-11-09T07:45:31+00:00","breadcrumb":{"@id":"https:\/\/brezice.eu\/festival\/en\/video-2023\/#breadcrumb"},"inLanguage":"en-US","potentialAction":[{"@type":"ReadAction","target":["https:\/\/brezice.eu\/festival\/en\/video-2023\/"]}]},{"@type":"ImageObject","inLanguage":"en-US","@id":"https:\/\/brezice.eu\/festival\/en\/video-2023\/#primaryimage","url":"https:\/\/brezice.eu\/festival\/wp-content\/uploads\/2023\/11\/20231018_193613-1024x576.jpg","contentUrl":"https:\/\/brezice.eu\/festival\/wp-content\/uploads\/2023\/11\/20231018_193613-1024x576.jpg"},{"@type":"BreadcrumbList","@id":"https:\/\/brezice.eu\/festival\/en\/video-2023\/#breadcrumb","itemListElement":[{"@type":"ListItem","position":1,"name":"Home","item":"https:\/\/brezice.eu\/festival\/en\/"},{"@type":"ListItem","position":2,"name":"Video 2023"}]},{"@type":"WebSite","@id":"https:\/\/brezice.eu\/festival\/en\/#website","url":"https:\/\/brezice.eu\/festival\/en\/","name":"Mednarodni otro\u0161ki pevski festival Bre\u017eice","description":"Predstavljamo vam najbolj\u0161e mlade evropske pevce od 6 do vklju\u010dno 17 let","publisher":{"@id":"https:\/\/brezice.eu\/festival\/en\/#organization"},"potentialAction":[{"@type":"SearchAction","target":{"@type":"EntryPoint","urlTemplate":"https:\/\/brezice.eu\/festival\/en\/?s={search_term_string}"},"query-input":{"@type":"PropertyValueSpecification","valueRequired":true,"valueName":"search_term_string"}}],"inLanguage":"en-US"},{"@type":"Organization","@id":"https:\/\/brezice.eu\/festival\/en\/#organization","name":"Mednarodni otro\u0161ki pevski festival Bre\u017eice","url":"https:\/\/brezice.eu\/festival\/en\/","logo":{"@type":"ImageObject","inLanguage":"en-US","@id":"https:\/\/brezice.eu\/festival\/en\/#\/schema\/logo\/image\/","url":"https:\/\/brezice.eu\/festival\/wp-content\/uploads\/2020\/02\/cropped-MOPFBrezice-logo-z-belim-ozadjem-transparent-1.png","contentUrl":"https:\/\/brezice.eu\/festival\/wp-content\/uploads\/2020\/02\/cropped-MOPFBrezice-logo-z-belim-ozadjem-transparent-1.png","width":990,"height":250,"caption":"Mednarodni otro\u0161ki pevski festival Bre\u017eice"},"image":{"@id":"https:\/\/brezice.eu\/festival\/en\/#\/schema\/logo\/image\/"}}]}},"rttpg_featured_image_url":null,"rttpg_author":{"display_name":"Maks","author_link":"https:\/\/brezice.eu\/festival\/en\/author\/maks\/"},"rttpg_comment":0,"rttpg_category":" <a href=\"https:\/\/brezice.eu\/festival\/en\/?taxonomy=translation_priority&#038;term=optional-en\" rel=\"tag\">Optional<\/a>","rttpg_excerpt":"International children\u2019s singing festival Bre\u017eice 2023 &#8211; Part 1 (first and second age group): https:\/\/www.youtube.com\/watch?v=enRh8X2YmlI International children\u2019s singing festival Bre\u017eice 2023 &#8211; Part 2 (third age group and rewards):https:\/\/www.youtube.com\/watch?v=ouHxGhVq-wQ Sponsors 2023","_links":{"self":[{"href":"https:\/\/brezice.eu\/festival\/en\/wp-json\/wp\/v2\/pages\/2355","targetHints":{"allow":["GET"]}}],"collection":[{"href":"https:\/\/brezice.eu\/festival\/en\/wp-json\/wp\/v2\/pages"}],"about":[{"href":"https:\/\/brezice.eu\/festival\/en\/wp-json\/wp\/v2\/types\/page"}],"author":[{"embeddable":true,"href":"https:\/\/brezice.eu\/festival\/en\/wp-json\/wp\/v2\/users\/1"}],"replies":[{"embeddable":true,"href":"https:\/\/brezice.eu\/festival\/en\/wp-json\/wp\/v2\/comments?post=2355"}],"version-history":[{"count":2,"href":"https:\/\/brezice.eu\/festival\/en\/wp-json\/wp\/v2\/pages\/2355\/revisions"}],"predecessor-version":[{"id":2367,"href":"https:\/\/brezice.eu\/festival\/en\/wp-json\/wp\/v2\/pages\/2355\/revisions\/2367"}],"wp:attachment":[{"href":"https:\/\/brezice.eu\/festival\/en\/wp-json\/wp\/v2\/media?parent=2355"}],"curies":[{"name":"wp","href":"https:\/\/api.w.org\/{rel}","templated":true}]}}