{"id":2068,"date":"2023-04-03T19:40:46","date_gmt":"2023-04-03T17:40:46","guid":{"rendered":"https:\/\/brezice.eu\/festival\/?page_id=2068"},"modified":"2023-04-03T19:47:52","modified_gmt":"2023-04-03T17:47:52","slug":"application-form-2023","status":"publish","type":"page","link":"https:\/\/brezice.eu\/festival\/en\/application-form-2023\/","title":{"rendered":"Application form 2023"},"content":{"rendered":"<p>Festival is free of charge = 0 EUR.<\/p>\n<p>Mednarodni otro\u0161ki pevski festival Bre\u017eice 2023<br \/>Partitura d.o.o.<br \/>Gornji trg 20<br \/>1000 Ljubljana<\/p>\n<p><strong>Call for the 7th International children&#8217;s singing festival Bre\u017eice 2023<\/strong><\/p>\n<p>Dear Parents, Mentors and Singers,<\/p>\n<p>we are publishing a call for participation in the 6th International Children&#8217;s Singing Festival Bre\u017eice 2023. As always, the singers and singers from 6 to 17 years of age can attend the festival in three age groups:<\/p>\n<p><strong>The first age group, from 6 to 9 years<\/strong><br \/>Applicants must be parents or guardians of singers, mentors can assist with the application. Singers can register with one of their favorite songs from a range of pop, folk, rock, blues, jazz, opera&#8230; genres in any language. Applicants must provide a music background in mp3 format (4 minutes max.) with at least 192kbps sampling rate and send it in the sign in application form. Applicants will have to sign statements of agreeing to the conditions of participation and the GDPR declaration.<\/p>\n<p><strong>Second age group, from 10 to 13 years<\/strong><br \/>Applicants must be parents or guardians of singers, mentors can assist with the application. Singers can register with one of their favorite songs from a range of of pop, folk, rock, blues, jazz, opera&#8230; genres in any language. Applicants must provide a music background in mp3 format (4 minutes max.) with at least 192kbps sampling rate and send it in the sign in application form. Applicants will have to sign statements of agreeing to the conditions of participation and the GDPR declaration.<\/p>\n<p><strong>Third age group, from 14 to 17 years<\/strong><br \/>Applicants must be parents or guardians of singers, mentors can assist with the application. Singers can also register with a song that has been written specifically for them and has not been performed, recorded or released by anyone else before, but them. The backing track must be quality (4 minutes max.) and should not contain recording of the main vocal. Applicants will have to sign statements of agreeing to the conditions of participation, GDPR statements and statements by authors, potential publishers and performers about the assignment of rights for unlimited use of the song, for the needs of MOPF Bre\u017eice.<\/p>\n<p>The applicant must be one of the parents and not both. The applicant may also be the legal guardian of the child if the child has no parents. A mentor or a singing teacher can not be a notifier, because he can not be a signatory of statements about accepting the terms of participation at the festival.<\/p>\n<p>For successful electronic registration, the applicant must have a working electronic mail address and a contact telephone number that the organizer can use for communication, for the needs of MOPF Bre\u017eice organization.<\/p>\n<p>After the successful submission of the electronic application to the festival audition, you will automatically receive e-mails with sign-in confirmation.<\/p>\n<p>Dates of auditions:<\/p>\n<p>June 11th 2023 at 3pm\u00a0<br \/>in building of Kulturnega centra Klanjec na naslovu Antuna Augustin\u010di\u0107a 1, Klanjec, Hrva\u0161ka<\/p>\n<p>June 18th 2023 at 3pm<br \/>in a hall MC Bre\u017eice, na naslovu: Gub\u010deva ulica 10a, Bre\u017eice, Slovenija<\/p>\n<p>If you choose to audition with a recording, you must add a YouTube link to your live singing recording accompanied by music at the bottom of the sign-in form, otherwise the application will not be valid.\u00a0<\/p>\n<p>Date for First part of semifinal: August 25th, 2023<br \/>Date for Second part of semifinal: August 26th, 2023<br \/>Date for Grand Finals: August 27th, 2023<\/p>\n<p>Registration deadline: June 9th 2023<\/p>\n<p>By applying, the applicant undertakes to make themselves available to the organisers of the festival and to participate in all festival activities from the above dates.<\/p>\n\n\n<div class=\"wp-block-buttons is-layout-flex wp-block-buttons-is-layout-flex\">\n<div class=\"wp-block-button\"><a class=\"wp-block-button__link has-white-color has-vivid-cyan-blue-background-color has-text-color has-background wp-element-button\" href=\"https:\/\/forms.gle\/v6J5RfFtrGRZVE317\" target=\"_blank\" rel=\"noreferrer noopener\">Sign-in application form for the International children\u2019s singing festival Brezice 2023<\/a><\/div>\n<\/div>\n","protected":false},"excerpt":{"rendered":"<p>Festival is free of charge = 0 EUR. Mednarodni otro\u0161ki pevski festival Bre\u017eice 2023Partitura d.o.o.Gornji trg 201000 Ljubljana Call for the 7th International children&#8217;s singing festival Bre\u017eice 2023 Dear Parents, Mentors and Singers, we are publishing a call for participation in the 6th International Children&#8217;s Singing Festival Bre\u017eice 2023. As always, the singers and singers &hellip; <\/p>\n<p class=\"link-more\"><a href=\"https:\/\/brezice.eu\/festival\/en\/application-form-2023\/\" class=\"more-link\">Continue reading<span class=\"screen-reader-text\"> &#8220;Application form 2023&#8221;<\/span><\/a><\/p>\n","protected":false},"author":1,"featured_media":2015,"parent":0,"menu_order":0,"comment_status":"closed","ping_status":"closed","template":"","meta":{"footnotes":""},"class_list":["post-2068","page","type-page","status-publish","has-post-thumbnail","hentry"],"yoast_head":"<!-- This site is optimized with the Yoast SEO plugin v27.3 - https:\/\/yoast.com\/product\/yoast-seo-wordpress\/ -->\n<title>Application form 2023 - Mednarodni otro\u0161ki pevski festival Bre\u017eice<\/title>\n<meta name=\"robots\" content=\"index, follow, max-snippet:-1, max-image-preview:large, max-video-preview:-1\" \/>\n<link rel=\"canonical\" href=\"https:\/\/brezice.eu\/festival\/en\/application-form-2023\/\" \/>\n<meta property=\"og:locale\" content=\"en_US\" \/>\n<meta property=\"og:type\" content=\"article\" \/>\n<meta property=\"og:title\" content=\"Application form 2023 - Mednarodni otro\u0161ki pevski festival Bre\u017eice\" \/>\n<meta property=\"og:description\" content=\"Festival is free of charge = 0 EUR. Mednarodni otro\u0161ki pevski festival Bre\u017eice 2023Partitura d.o.o.Gornji trg 201000 Ljubljana Call for the 7th International children&#8217;s singing festival Bre\u017eice 2023 Dear Parents, Mentors and Singers, we are publishing a call for participation in the 6th International Children&#8217;s Singing Festival Bre\u017eice 2023. As always, the singers and singers &hellip; Continue reading &quot;Application form 2023&quot;\" \/>\n<meta property=\"og:url\" content=\"https:\/\/brezice.eu\/festival\/en\/application-form-2023\/\" \/>\n<meta property=\"og:site_name\" content=\"Mednarodni otro\u0161ki pevski festival Bre\u017eice\" \/>\n<meta property=\"article:modified_time\" content=\"2023-04-03T17:47:52+00:00\" \/>\n<meta property=\"og:image\" content=\"https:\/\/brezice.eu\/festival\/wp-content\/uploads\/2022\/09\/Final-112-1.jpg\" \/>\n\t<meta property=\"og:image:width\" content=\"1200\" \/>\n\t<meta property=\"og:image:height\" content=\"798\" \/>\n\t<meta property=\"og:image:type\" content=\"image\/jpeg\" \/>\n<meta name=\"twitter:card\" content=\"summary_large_image\" \/>\n<meta name=\"twitter:label1\" content=\"Est. reading time\" \/>\n\t<meta name=\"twitter:data1\" content=\"4 minutes\" \/>\n<script type=\"application\/ld+json\" class=\"yoast-schema-graph\">{\"@context\":\"https:\\\/\\\/schema.org\",\"@graph\":[{\"@type\":\"WebPage\",\"@id\":\"https:\\\/\\\/brezice.eu\\\/festival\\\/en\\\/application-form-2023\\\/\",\"url\":\"https:\\\/\\\/brezice.eu\\\/festival\\\/en\\\/application-form-2023\\\/\",\"name\":\"Application form 2023 - Mednarodni otro\u0161ki pevski festival Bre\u017eice\",\"isPartOf\":{\"@id\":\"https:\\\/\\\/brezice.eu\\\/festival\\\/en\\\/#website\"},\"primaryImageOfPage\":{\"@id\":\"https:\\\/\\\/brezice.eu\\\/festival\\\/en\\\/application-form-2023\\\/#primaryimage\"},\"image\":{\"@id\":\"https:\\\/\\\/brezice.eu\\\/festival\\\/en\\\/application-form-2023\\\/#primaryimage\"},\"thumbnailUrl\":\"https:\\\/\\\/brezice.eu\\\/festival\\\/wp-content\\\/uploads\\\/2022\\\/09\\\/Final-112-1.jpg\",\"datePublished\":\"2023-04-03T17:40:46+00:00\",\"dateModified\":\"2023-04-03T17:47:52+00:00\",\"breadcrumb\":{\"@id\":\"https:\\\/\\\/brezice.eu\\\/festival\\\/en\\\/application-form-2023\\\/#breadcrumb\"},\"inLanguage\":\"en-US\",\"potentialAction\":[{\"@type\":\"ReadAction\",\"target\":[\"https:\\\/\\\/brezice.eu\\\/festival\\\/en\\\/application-form-2023\\\/\"]}]},{\"@type\":\"ImageObject\",\"inLanguage\":\"en-US\",\"@id\":\"https:\\\/\\\/brezice.eu\\\/festival\\\/en\\\/application-form-2023\\\/#primaryimage\",\"url\":\"https:\\\/\\\/brezice.eu\\\/festival\\\/wp-content\\\/uploads\\\/2022\\\/09\\\/Final-112-1.jpg\",\"contentUrl\":\"https:\\\/\\\/brezice.eu\\\/festival\\\/wp-content\\\/uploads\\\/2022\\\/09\\\/Final-112-1.jpg\",\"width\":1200,\"height\":798},{\"@type\":\"BreadcrumbList\",\"@id\":\"https:\\\/\\\/brezice.eu\\\/festival\\\/en\\\/application-form-2023\\\/#breadcrumb\",\"itemListElement\":[{\"@type\":\"ListItem\",\"position\":1,\"name\":\"Home\",\"item\":\"https:\\\/\\\/brezice.eu\\\/festival\\\/en\\\/\"},{\"@type\":\"ListItem\",\"position\":2,\"name\":\"Application form 2023\"}]},{\"@type\":\"WebSite\",\"@id\":\"https:\\\/\\\/brezice.eu\\\/festival\\\/en\\\/#website\",\"url\":\"https:\\\/\\\/brezice.eu\\\/festival\\\/en\\\/\",\"name\":\"Mednarodni otro\u0161ki pevski festival Bre\u017eice\",\"description\":\"Predstavljamo vam najbolj\u0161e mlade evropske pevce od 6 do vklju\u010dno 17 let\",\"publisher\":{\"@id\":\"https:\\\/\\\/brezice.eu\\\/festival\\\/en\\\/#organization\"},\"potentialAction\":[{\"@type\":\"SearchAction\",\"target\":{\"@type\":\"EntryPoint\",\"urlTemplate\":\"https:\\\/\\\/brezice.eu\\\/festival\\\/en\\\/?s={search_term_string}\"},\"query-input\":{\"@type\":\"PropertyValueSpecification\",\"valueRequired\":true,\"valueName\":\"search_term_string\"}}],\"inLanguage\":\"en-US\"},{\"@type\":\"Organization\",\"@id\":\"https:\\\/\\\/brezice.eu\\\/festival\\\/en\\\/#organization\",\"name\":\"Mednarodni otro\u0161ki pevski festival Bre\u017eice\",\"url\":\"https:\\\/\\\/brezice.eu\\\/festival\\\/en\\\/\",\"logo\":{\"@type\":\"ImageObject\",\"inLanguage\":\"en-US\",\"@id\":\"https:\\\/\\\/brezice.eu\\\/festival\\\/en\\\/#\\\/schema\\\/logo\\\/image\\\/\",\"url\":\"https:\\\/\\\/brezice.eu\\\/festival\\\/wp-content\\\/uploads\\\/2020\\\/02\\\/cropped-MOPFBrezice-logo-z-belim-ozadjem-transparent-1.png\",\"contentUrl\":\"https:\\\/\\\/brezice.eu\\\/festival\\\/wp-content\\\/uploads\\\/2020\\\/02\\\/cropped-MOPFBrezice-logo-z-belim-ozadjem-transparent-1.png\",\"width\":990,\"height\":250,\"caption\":\"Mednarodni otro\u0161ki pevski festival Bre\u017eice\"},\"image\":{\"@id\":\"https:\\\/\\\/brezice.eu\\\/festival\\\/en\\\/#\\\/schema\\\/logo\\\/image\\\/\"}}]}<\/script>\n<!-- \/ Yoast SEO plugin. -->","yoast_head_json":{"title":"Application form 2023 - Mednarodni otro\u0161ki pevski festival Bre\u017eice","robots":{"index":"index","follow":"follow","max-snippet":"max-snippet:-1","max-image-preview":"max-image-preview:large","max-video-preview":"max-video-preview:-1"},"canonical":"https:\/\/brezice.eu\/festival\/en\/application-form-2023\/","og_locale":"en_US","og_type":"article","og_title":"Application form 2023 - Mednarodni otro\u0161ki pevski festival Bre\u017eice","og_description":"Festival is free of charge = 0 EUR. Mednarodni otro\u0161ki pevski festival Bre\u017eice 2023Partitura d.o.o.Gornji trg 201000 Ljubljana Call for the 7th International children&#8217;s singing festival Bre\u017eice 2023 Dear Parents, Mentors and Singers, we are publishing a call for participation in the 6th International Children&#8217;s Singing Festival Bre\u017eice 2023. As always, the singers and singers &hellip; Continue reading \"Application form 2023\"","og_url":"https:\/\/brezice.eu\/festival\/en\/application-form-2023\/","og_site_name":"Mednarodni otro\u0161ki pevski festival Bre\u017eice","article_modified_time":"2023-04-03T17:47:52+00:00","og_image":[{"width":1200,"height":798,"url":"https:\/\/brezice.eu\/festival\/wp-content\/uploads\/2022\/09\/Final-112-1.jpg","type":"image\/jpeg"}],"twitter_card":"summary_large_image","twitter_misc":{"Est. reading time":"4 minutes"},"schema":{"@context":"https:\/\/schema.org","@graph":[{"@type":"WebPage","@id":"https:\/\/brezice.eu\/festival\/en\/application-form-2023\/","url":"https:\/\/brezice.eu\/festival\/en\/application-form-2023\/","name":"Application form 2023 - Mednarodni otro\u0161ki pevski festival Bre\u017eice","isPartOf":{"@id":"https:\/\/brezice.eu\/festival\/en\/#website"},"primaryImageOfPage":{"@id":"https:\/\/brezice.eu\/festival\/en\/application-form-2023\/#primaryimage"},"image":{"@id":"https:\/\/brezice.eu\/festival\/en\/application-form-2023\/#primaryimage"},"thumbnailUrl":"https:\/\/brezice.eu\/festival\/wp-content\/uploads\/2022\/09\/Final-112-1.jpg","datePublished":"2023-04-03T17:40:46+00:00","dateModified":"2023-04-03T17:47:52+00:00","breadcrumb":{"@id":"https:\/\/brezice.eu\/festival\/en\/application-form-2023\/#breadcrumb"},"inLanguage":"en-US","potentialAction":[{"@type":"ReadAction","target":["https:\/\/brezice.eu\/festival\/en\/application-form-2023\/"]}]},{"@type":"ImageObject","inLanguage":"en-US","@id":"https:\/\/brezice.eu\/festival\/en\/application-form-2023\/#primaryimage","url":"https:\/\/brezice.eu\/festival\/wp-content\/uploads\/2022\/09\/Final-112-1.jpg","contentUrl":"https:\/\/brezice.eu\/festival\/wp-content\/uploads\/2022\/09\/Final-112-1.jpg","width":1200,"height":798},{"@type":"BreadcrumbList","@id":"https:\/\/brezice.eu\/festival\/en\/application-form-2023\/#breadcrumb","itemListElement":[{"@type":"ListItem","position":1,"name":"Home","item":"https:\/\/brezice.eu\/festival\/en\/"},{"@type":"ListItem","position":2,"name":"Application form 2023"}]},{"@type":"WebSite","@id":"https:\/\/brezice.eu\/festival\/en\/#website","url":"https:\/\/brezice.eu\/festival\/en\/","name":"Mednarodni otro\u0161ki pevski festival Bre\u017eice","description":"Predstavljamo vam najbolj\u0161e mlade evropske pevce od 6 do vklju\u010dno 17 let","publisher":{"@id":"https:\/\/brezice.eu\/festival\/en\/#organization"},"potentialAction":[{"@type":"SearchAction","target":{"@type":"EntryPoint","urlTemplate":"https:\/\/brezice.eu\/festival\/en\/?s={search_term_string}"},"query-input":{"@type":"PropertyValueSpecification","valueRequired":true,"valueName":"search_term_string"}}],"inLanguage":"en-US"},{"@type":"Organization","@id":"https:\/\/brezice.eu\/festival\/en\/#organization","name":"Mednarodni otro\u0161ki pevski festival Bre\u017eice","url":"https:\/\/brezice.eu\/festival\/en\/","logo":{"@type":"ImageObject","inLanguage":"en-US","@id":"https:\/\/brezice.eu\/festival\/en\/#\/schema\/logo\/image\/","url":"https:\/\/brezice.eu\/festival\/wp-content\/uploads\/2020\/02\/cropped-MOPFBrezice-logo-z-belim-ozadjem-transparent-1.png","contentUrl":"https:\/\/brezice.eu\/festival\/wp-content\/uploads\/2020\/02\/cropped-MOPFBrezice-logo-z-belim-ozadjem-transparent-1.png","width":990,"height":250,"caption":"Mednarodni otro\u0161ki pevski festival Bre\u017eice"},"image":{"@id":"https:\/\/brezice.eu\/festival\/en\/#\/schema\/logo\/image\/"}}]}},"rttpg_featured_image_url":{"full":["https:\/\/brezice.eu\/festival\/wp-content\/uploads\/2022\/09\/Final-112-1.jpg",1200,798,false],"landscape":["https:\/\/brezice.eu\/festival\/wp-content\/uploads\/2022\/09\/Final-112-1.jpg",1200,798,false],"portraits":["https:\/\/brezice.eu\/festival\/wp-content\/uploads\/2022\/09\/Final-112-1.jpg",1200,798,false],"thumbnail":["https:\/\/brezice.eu\/festival\/wp-content\/uploads\/2022\/09\/Final-112-1-150x150.jpg",150,150,true],"medium":["https:\/\/brezice.eu\/festival\/wp-content\/uploads\/2022\/09\/Final-112-1-300x200.jpg",300,200,true],"large":["https:\/\/brezice.eu\/festival\/wp-content\/uploads\/2022\/09\/Final-112-1-1024x681.jpg",525,349,true],"1536x1536":["https:\/\/brezice.eu\/festival\/wp-content\/uploads\/2022\/09\/Final-112-1.jpg",1200,798,false],"2048x2048":["https:\/\/brezice.eu\/festival\/wp-content\/uploads\/2022\/09\/Final-112-1.jpg",1200,798,false],"twentyseventeen-featured-image":["https:\/\/brezice.eu\/festival\/wp-content\/uploads\/2022\/09\/Final-112-1.jpg",1200,798,false],"twentyseventeen-thumbnail-avatar":["https:\/\/brezice.eu\/festival\/wp-content\/uploads\/2022\/09\/Final-112-1-100x100.jpg",100,100,true]},"rttpg_author":{"display_name":"Maks","author_link":"https:\/\/brezice.eu\/festival\/en\/author\/maks\/"},"rttpg_comment":0,"rttpg_category":" <a href=\"https:\/\/brezice.eu\/festival\/en\/?taxonomy=translation_priority&#038;term=optional-en\" rel=\"tag\">Optional<\/a>","rttpg_excerpt":"Festival is free of charge = 0 EUR. Mednarodni otro\u0161ki pevski festival Bre\u017eice 2023Partitura d.o.o.Gornji trg 201000 Ljubljana Call for the 7th International children&#8217;s singing festival Bre\u017eice 2023 Dear Parents, Mentors and Singers, we are publishing a call for participation in the 6th International Children&#8217;s Singing Festival Bre\u017eice 2023. As always, the singers and singers&hellip;","_links":{"self":[{"href":"https:\/\/brezice.eu\/festival\/en\/wp-json\/wp\/v2\/pages\/2068","targetHints":{"allow":["GET"]}}],"collection":[{"href":"https:\/\/brezice.eu\/festival\/en\/wp-json\/wp\/v2\/pages"}],"about":[{"href":"https:\/\/brezice.eu\/festival\/en\/wp-json\/wp\/v2\/types\/page"}],"author":[{"embeddable":true,"href":"https:\/\/brezice.eu\/festival\/en\/wp-json\/wp\/v2\/users\/1"}],"replies":[{"embeddable":true,"href":"https:\/\/brezice.eu\/festival\/en\/wp-json\/wp\/v2\/comments?post=2068"}],"version-history":[{"count":2,"href":"https:\/\/brezice.eu\/festival\/en\/wp-json\/wp\/v2\/pages\/2068\/revisions"}],"predecessor-version":[{"id":2079,"href":"https:\/\/brezice.eu\/festival\/en\/wp-json\/wp\/v2\/pages\/2068\/revisions\/2079"}],"wp:featuredmedia":[{"embeddable":true,"href":"https:\/\/brezice.eu\/festival\/en\/wp-json\/wp\/v2\/media\/2015"}],"wp:attachment":[{"href":"https:\/\/brezice.eu\/festival\/en\/wp-json\/wp\/v2\/media?parent=2068"}],"curies":[{"name":"wp","href":"https:\/\/api.w.org\/{rel}","templated":true}]}}