{"id":1654,"date":"2021-08-28T11:32:21","date_gmt":"2021-08-28T09:32:21","guid":{"rendered":"https:\/\/brezice.eu\/festival\/?page_id=1654"},"modified":"2021-08-30T00:30:10","modified_gmt":"2021-08-29T22:30:10","slug":"fotografije-2019-2","status":"publish","type":"page","link":"https:\/\/brezice.eu\/festival\/en\/fotografije-2019-2\/","title":{"rendered":"Photos 2021"},"content":{"rendered":"<p>Galery 2021:<\/p>\n<p>Photos by: <a href=\"https:\/\/www.lukarudman.com\/\" target=\"_blank\" rel=\"noopener noreferrer\">Luka Rudman<\/a><\/p>\n<figure class=\"embed-gphotos  wp-caption\"><a href=\"https:\/\/photos.google.com\/share\/AF1QipPTnpNlzVklCgWSqVj33vIGd_X_35ExOPDUVdlCOJDjJvQSLdrBbrJCvIPP3Rx30Q?key=ek40MWs2TVFvRkk3MkNHUU9jU3FsZE9FZlgweU93\" target=\"_blank\"><img loading=\"lazy\" decoding=\"async\"    src=\"https:\/\/lh3.googleusercontent.com\/pw\/AP1GczNre6nIh7jzPmWsfdryrlXx3YGxC0vW1J_fL55F1-nfESbBlaQ6j0LZQseD7IRWE3FcnwzFodKkaGBo6l-IjljcOBSOajIsG37n3lnITmxtuQAgBt8u=w525-h788\" width=\"525\" height=\"350\"   ><\/a><figcaption class=\"wp-caption-text\"><a href=\"https:\/\/photos.google.com\/share\/AF1QipPTnpNlzVklCgWSqVj33vIGd_X_35ExOPDUVdlCOJDjJvQSLdrBbrJCvIPP3Rx30Q?key=ek40MWs2TVFvRkk3MkNHUU9jU3FsZE9FZlgweU93\" target=\"_blank\">1. Polfinalni ve\u010der 2021, 5. Mednarodni otro\u0161ki pevski festival Bre\u017eice \/ Google Photos<\/a><\/figcaption><\/figure>\n<figure class=\"embed-gphotos  wp-caption\"><a href=\"https:\/\/photos.google.com\/share\/AF1QipNlMYQnqOuUTLQzivmfPInLGWrX3iOeh3T-HdLZesEjpXP3irHhOuEvVVTjzEvC6Q?key=blVLVF9KOUE4Yi1BVDhMcS1XMHMtZ2Znd2o3UHJB\" target=\"_blank\"><img loading=\"lazy\" decoding=\"async\"    src=\"https:\/\/lh3.googleusercontent.com\/pw\/AP1GczPSm5MuK9zk5ZiPLSKybbJVsRNHJ67LGR0nj0CK78BrH3VCqmKeiuSModKysTIRMAFf0LqPYCust3hS-Ip-fVT3bRqQlzpIwh56WEdHEEvkC4JPmU7u=w525-h788\" width=\"525\" height=\"350\"   ><\/a><figcaption class=\"wp-caption-text\"><a href=\"https:\/\/photos.google.com\/share\/AF1QipNlMYQnqOuUTLQzivmfPInLGWrX3iOeh3T-HdLZesEjpXP3irHhOuEvVVTjzEvC6Q?key=blVLVF9KOUE4Yi1BVDhMcS1XMHMtZ2Znd2o3UHJB\" target=\"_blank\">2. Polfinalni ve\u010der 2021, 5. Mednarodni otro\u0161ki pevski festival Bre\u017eice \/ Google Photos<\/a><\/figcaption><\/figure>\n<figure class=\"embed-gphotos  wp-caption\"><a href=\"https:\/\/photos.google.com\/share\/AF1QipM1wf3rl-mdPVGjHgm7csEPytc72q7niS2F40T3WMxVGR3Z8T_McvIFmF2Lq6rJLA?key=OTZYZC1PZjBvS1lTSWNQYTZWRy1IRXRrOGN4TFl3\" target=\"_blank\"><img loading=\"lazy\" decoding=\"async\"    src=\"https:\/\/lh3.googleusercontent.com\/pw\/AP1GczNyxrkxmecjaWT25PWz6ZReo8foqFsUqo2fc778mdszHbOQcXOIKiQishuI-t3lv2o4c9b4eR3XZ4TcIDMSd7EBWR5WakDzkOrwNpRiotiD8eyMBwOa=w525-h788\" width=\"525\" height=\"350\"   ><\/a><figcaption class=\"wp-caption-text\"><a href=\"https:\/\/photos.google.com\/share\/AF1QipM1wf3rl-mdPVGjHgm7csEPytc72q7niS2F40T3WMxVGR3Z8T_McvIFmF2Lq6rJLA?key=OTZYZC1PZjBvS1lTSWNQYTZWRy1IRXRrOGN4TFl3\" target=\"_blank\">Finalni ve\u010der 2021, 5. Mednarodni otro\u0161ki pevski festival Bre\u017eice \/ Google Photos<\/a><\/figcaption><\/figure>\n","protected":false},"excerpt":{"rendered":"<p>Galery 2021: Photos by: Luka Rudman 1. Polfinalni ve\u010der 2021, 5. Mednarodni otro\u0161ki pevski festival Bre\u017eice \/ Google Photos 2. Polfinalni ve\u010der 2021, 5. Mednarodni otro\u0161ki pevski festival Bre\u017eice \/ Google Photos Finalni ve\u010der 2021, 5. Mednarodni otro\u0161ki pevski festival Bre\u017eice \/ Google Photos<\/p>\n","protected":false},"author":1,"featured_media":0,"parent":0,"menu_order":0,"comment_status":"closed","ping_status":"closed","template":"","meta":{"footnotes":""},"class_list":["post-1654","page","type-page","status-publish","hentry"],"yoast_head":"<!-- This site is optimized with the Yoast SEO plugin v27.4 - https:\/\/yoast.com\/product\/yoast-seo-wordpress\/ -->\n<title>Photos 2021 - Mednarodni otro\u0161ki pevski festival Bre\u017eice<\/title>\n<meta name=\"robots\" content=\"index, follow, max-snippet:-1, max-image-preview:large, max-video-preview:-1\" \/>\n<link rel=\"canonical\" href=\"https:\/\/brezice.eu\/festival\/en\/fotografije-2019-2\/\" \/>\n<meta property=\"og:locale\" content=\"en_US\" \/>\n<meta property=\"og:type\" content=\"article\" \/>\n<meta property=\"og:title\" content=\"Photos 2021 - Mednarodni otro\u0161ki pevski festival Bre\u017eice\" \/>\n<meta property=\"og:description\" content=\"Galery 2021: Photos by: Luka Rudman 1. Polfinalni ve\u010der 2021, 5. Mednarodni otro\u0161ki pevski festival Bre\u017eice \/ Google Photos 2. Polfinalni ve\u010der 2021, 5. Mednarodni otro\u0161ki pevski festival Bre\u017eice \/ Google Photos Finalni ve\u010der 2021, 5. Mednarodni otro\u0161ki pevski festival Bre\u017eice \/ Google Photos\" \/>\n<meta property=\"og:url\" content=\"https:\/\/brezice.eu\/festival\/en\/fotografije-2019-2\/\" \/>\n<meta property=\"og:site_name\" content=\"Mednarodni otro\u0161ki pevski festival Bre\u017eice\" \/>\n<meta property=\"article:modified_time\" content=\"2021-08-29T22:30:10+00:00\" \/>\n<meta name=\"twitter:card\" content=\"summary_large_image\" \/>\n<meta name=\"twitter:label1\" content=\"Est. reading time\" \/>\n\t<meta name=\"twitter:data1\" content=\"1 minute\" \/>\n<script type=\"application\/ld+json\" class=\"yoast-schema-graph\">{\"@context\":\"https:\\\/\\\/schema.org\",\"@graph\":[{\"@type\":\"WebPage\",\"@id\":\"https:\\\/\\\/brezice.eu\\\/festival\\\/en\\\/fotografije-2019-2\\\/\",\"url\":\"https:\\\/\\\/brezice.eu\\\/festival\\\/en\\\/fotografije-2019-2\\\/\",\"name\":\"Photos 2021 - Mednarodni otro\u0161ki pevski festival Bre\u017eice\",\"isPartOf\":{\"@id\":\"https:\\\/\\\/brezice.eu\\\/festival\\\/en\\\/#website\"},\"datePublished\":\"2021-08-28T09:32:21+00:00\",\"dateModified\":\"2021-08-29T22:30:10+00:00\",\"breadcrumb\":{\"@id\":\"https:\\\/\\\/brezice.eu\\\/festival\\\/en\\\/fotografije-2019-2\\\/#breadcrumb\"},\"inLanguage\":\"en-US\",\"potentialAction\":[{\"@type\":\"ReadAction\",\"target\":[\"https:\\\/\\\/brezice.eu\\\/festival\\\/en\\\/fotografije-2019-2\\\/\"]}]},{\"@type\":\"BreadcrumbList\",\"@id\":\"https:\\\/\\\/brezice.eu\\\/festival\\\/en\\\/fotografije-2019-2\\\/#breadcrumb\",\"itemListElement\":[{\"@type\":\"ListItem\",\"position\":1,\"name\":\"Home\",\"item\":\"https:\\\/\\\/brezice.eu\\\/festival\\\/en\\\/\"},{\"@type\":\"ListItem\",\"position\":2,\"name\":\"Photos 2021\"}]},{\"@type\":\"WebSite\",\"@id\":\"https:\\\/\\\/brezice.eu\\\/festival\\\/en\\\/#website\",\"url\":\"https:\\\/\\\/brezice.eu\\\/festival\\\/en\\\/\",\"name\":\"Mednarodni otro\u0161ki pevski festival Bre\u017eice\",\"description\":\"Predstavljamo vam najbolj\u0161e mlade evropske pevce od 6 do vklju\u010dno 17 let\",\"publisher\":{\"@id\":\"https:\\\/\\\/brezice.eu\\\/festival\\\/en\\\/#organization\"},\"potentialAction\":[{\"@type\":\"SearchAction\",\"target\":{\"@type\":\"EntryPoint\",\"urlTemplate\":\"https:\\\/\\\/brezice.eu\\\/festival\\\/en\\\/?s={search_term_string}\"},\"query-input\":{\"@type\":\"PropertyValueSpecification\",\"valueRequired\":true,\"valueName\":\"search_term_string\"}}],\"inLanguage\":\"en-US\"},{\"@type\":\"Organization\",\"@id\":\"https:\\\/\\\/brezice.eu\\\/festival\\\/en\\\/#organization\",\"name\":\"Mednarodni otro\u0161ki pevski festival Bre\u017eice\",\"url\":\"https:\\\/\\\/brezice.eu\\\/festival\\\/en\\\/\",\"logo\":{\"@type\":\"ImageObject\",\"inLanguage\":\"en-US\",\"@id\":\"https:\\\/\\\/brezice.eu\\\/festival\\\/en\\\/#\\\/schema\\\/logo\\\/image\\\/\",\"url\":\"https:\\\/\\\/brezice.eu\\\/festival\\\/wp-content\\\/uploads\\\/2020\\\/02\\\/cropped-MOPFBrezice-logo-z-belim-ozadjem-transparent-1.png\",\"contentUrl\":\"https:\\\/\\\/brezice.eu\\\/festival\\\/wp-content\\\/uploads\\\/2020\\\/02\\\/cropped-MOPFBrezice-logo-z-belim-ozadjem-transparent-1.png\",\"width\":990,\"height\":250,\"caption\":\"Mednarodni otro\u0161ki pevski festival Bre\u017eice\"},\"image\":{\"@id\":\"https:\\\/\\\/brezice.eu\\\/festival\\\/en\\\/#\\\/schema\\\/logo\\\/image\\\/\"}}]}<\/script>\n<!-- \/ Yoast SEO plugin. -->","yoast_head_json":{"title":"Photos 2021 - Mednarodni otro\u0161ki pevski festival Bre\u017eice","robots":{"index":"index","follow":"follow","max-snippet":"max-snippet:-1","max-image-preview":"max-image-preview:large","max-video-preview":"max-video-preview:-1"},"canonical":"https:\/\/brezice.eu\/festival\/en\/fotografije-2019-2\/","og_locale":"en_US","og_type":"article","og_title":"Photos 2021 - Mednarodni otro\u0161ki pevski festival Bre\u017eice","og_description":"Galery 2021: Photos by: Luka Rudman 1. Polfinalni ve\u010der 2021, 5. Mednarodni otro\u0161ki pevski festival Bre\u017eice \/ Google Photos 2. Polfinalni ve\u010der 2021, 5. Mednarodni otro\u0161ki pevski festival Bre\u017eice \/ Google Photos Finalni ve\u010der 2021, 5. Mednarodni otro\u0161ki pevski festival Bre\u017eice \/ Google Photos","og_url":"https:\/\/brezice.eu\/festival\/en\/fotografije-2019-2\/","og_site_name":"Mednarodni otro\u0161ki pevski festival Bre\u017eice","article_modified_time":"2021-08-29T22:30:10+00:00","twitter_card":"summary_large_image","twitter_misc":{"Est. reading time":"1 minute"},"schema":{"@context":"https:\/\/schema.org","@graph":[{"@type":"WebPage","@id":"https:\/\/brezice.eu\/festival\/en\/fotografije-2019-2\/","url":"https:\/\/brezice.eu\/festival\/en\/fotografije-2019-2\/","name":"Photos 2021 - Mednarodni otro\u0161ki pevski festival Bre\u017eice","isPartOf":{"@id":"https:\/\/brezice.eu\/festival\/en\/#website"},"datePublished":"2021-08-28T09:32:21+00:00","dateModified":"2021-08-29T22:30:10+00:00","breadcrumb":{"@id":"https:\/\/brezice.eu\/festival\/en\/fotografije-2019-2\/#breadcrumb"},"inLanguage":"en-US","potentialAction":[{"@type":"ReadAction","target":["https:\/\/brezice.eu\/festival\/en\/fotografije-2019-2\/"]}]},{"@type":"BreadcrumbList","@id":"https:\/\/brezice.eu\/festival\/en\/fotografije-2019-2\/#breadcrumb","itemListElement":[{"@type":"ListItem","position":1,"name":"Home","item":"https:\/\/brezice.eu\/festival\/en\/"},{"@type":"ListItem","position":2,"name":"Photos 2021"}]},{"@type":"WebSite","@id":"https:\/\/brezice.eu\/festival\/en\/#website","url":"https:\/\/brezice.eu\/festival\/en\/","name":"Mednarodni otro\u0161ki pevski festival Bre\u017eice","description":"Predstavljamo vam najbolj\u0161e mlade evropske pevce od 6 do vklju\u010dno 17 let","publisher":{"@id":"https:\/\/brezice.eu\/festival\/en\/#organization"},"potentialAction":[{"@type":"SearchAction","target":{"@type":"EntryPoint","urlTemplate":"https:\/\/brezice.eu\/festival\/en\/?s={search_term_string}"},"query-input":{"@type":"PropertyValueSpecification","valueRequired":true,"valueName":"search_term_string"}}],"inLanguage":"en-US"},{"@type":"Organization","@id":"https:\/\/brezice.eu\/festival\/en\/#organization","name":"Mednarodni otro\u0161ki pevski festival Bre\u017eice","url":"https:\/\/brezice.eu\/festival\/en\/","logo":{"@type":"ImageObject","inLanguage":"en-US","@id":"https:\/\/brezice.eu\/festival\/en\/#\/schema\/logo\/image\/","url":"https:\/\/brezice.eu\/festival\/wp-content\/uploads\/2020\/02\/cropped-MOPFBrezice-logo-z-belim-ozadjem-transparent-1.png","contentUrl":"https:\/\/brezice.eu\/festival\/wp-content\/uploads\/2020\/02\/cropped-MOPFBrezice-logo-z-belim-ozadjem-transparent-1.png","width":990,"height":250,"caption":"Mednarodni otro\u0161ki pevski festival Bre\u017eice"},"image":{"@id":"https:\/\/brezice.eu\/festival\/en\/#\/schema\/logo\/image\/"}}]}},"rttpg_featured_image_url":null,"rttpg_author":{"display_name":"Maks","author_link":"https:\/\/brezice.eu\/festival\/en\/author\/maks\/"},"rttpg_comment":0,"rttpg_category":false,"rttpg_excerpt":"Galery 2021: Photos by: Luka Rudman 1. Polfinalni ve\u010der 2021, 5. Mednarodni otro\u0161ki pevski festival Bre\u017eice \/ Google Photos 2. Polfinalni ve\u010der 2021, 5. Mednarodni otro\u0161ki pevski festival Bre\u017eice \/ Google Photos Finalni ve\u010der 2021, 5. Mednarodni otro\u0161ki pevski festival Bre\u017eice \/ Google Photos","_links":{"self":[{"href":"https:\/\/brezice.eu\/festival\/en\/wp-json\/wp\/v2\/pages\/1654","targetHints":{"allow":["GET"]}}],"collection":[{"href":"https:\/\/brezice.eu\/festival\/en\/wp-json\/wp\/v2\/pages"}],"about":[{"href":"https:\/\/brezice.eu\/festival\/en\/wp-json\/wp\/v2\/types\/page"}],"author":[{"embeddable":true,"href":"https:\/\/brezice.eu\/festival\/en\/wp-json\/wp\/v2\/users\/1"}],"replies":[{"embeddable":true,"href":"https:\/\/brezice.eu\/festival\/en\/wp-json\/wp\/v2\/comments?post=1654"}],"version-history":[{"count":4,"href":"https:\/\/brezice.eu\/festival\/en\/wp-json\/wp\/v2\/pages\/1654\/revisions"}],"predecessor-version":[{"id":1728,"href":"https:\/\/brezice.eu\/festival\/en\/wp-json\/wp\/v2\/pages\/1654\/revisions\/1728"}],"wp:attachment":[{"href":"https:\/\/brezice.eu\/festival\/en\/wp-json\/wp\/v2\/media?parent=1654"}],"curies":[{"name":"wp","href":"https:\/\/api.w.org\/{rel}","templated":true}]}}