{"id":1057,"date":"2018-10-23T18:15:56","date_gmt":"2018-10-23T16:15:56","guid":{"rendered":"http:\/\/brezice.eu\/festival\/?page_id=1057"},"modified":"2018-10-23T18:15:56","modified_gmt":"2018-10-23T16:15:56","slug":"winners-2018","status":"publish","type":"page","link":"https:\/\/brezice.eu\/festival\/en\/winners-2018\/","title":{"rendered":"Winners 2018"},"content":{"rendered":"<header class=\"entry-header\">\n<h1 class=\"entry-title\">Results for 3rd Internationa children\u2019s singing festival Bre\u017eice 2018<\/h1>\n<\/header>\n<div class=\"entry-content\">\n<h2>Results by jury:<\/h2>\n<p>Age group from 6 to 9 years<\/p>\n<p>1st place: Doroteja Egari\u0107<br \/>\n2nd place: Hajdi Haler<br \/>\n3rd place: Lucija Ple\u0161a<\/p>\n<p>Age group from 10 to 13 years<\/p>\n<p>1st place: Gabriela Brai\u010di\u0107<br \/>\n2nd place: Ma\u0161a Smiljani\u0107<br \/>\n3rd place: Jakov Jozinovi\u0107<\/p>\n<p>Age group from 14 to 17 years<\/p>\n<p>1st place: Aida Perko Praner<br \/>\n2nd place: Ana Grdadolnik<br \/>\n3rd place: Sara Andri\u0107<\/p>\n<h2>Results by festival visitors:<\/h2>\n<p>1st place: Eva Julija Borov\u0161ak<br \/>\n2nd place: Doroteja Egari\u0107<br \/>\n3rd place: Tia Grubelnik<\/p>\n<p>All the other participants of the International children\u2019s singing festival Bre\u017eice 2018, you are all sharing an excellent fourth place. You were great and you should know that in many cases only 0.3 points separated you from the winners, so we congratulate to all of you!<\/p>\n<h1>The winner of 3rd international children\u2019s singing festival Bre\u017eice 2018 overall, is:<br \/>\nAida Perko Praner from Bre\u017eice!<\/h1>\n<\/div>\n","protected":false},"excerpt":{"rendered":"<p>Results for 3rd Internationa children\u2019s singing festival Bre\u017eice 2018 Results by jury: Age group from 6 to 9 years 1st place: Doroteja Egari\u0107 2nd place: Hajdi Haler 3rd place: Lucija Ple\u0161a Age group from 10 to 13 years 1st place: Gabriela Brai\u010di\u0107 2nd place: Ma\u0161a Smiljani\u0107 3rd place: Jakov Jozinovi\u0107 Age group from 14 to &hellip; <\/p>\n<p class=\"link-more\"><a href=\"https:\/\/brezice.eu\/festival\/en\/winners-2018\/\" class=\"more-link\">Continue reading<span class=\"screen-reader-text\"> &#8220;Winners 2018&#8221;<\/span><\/a><\/p>\n","protected":false},"author":1,"featured_media":924,"parent":0,"menu_order":0,"comment_status":"closed","ping_status":"closed","template":"","meta":{"footnotes":""},"class_list":["post-1057","page","type-page","status-publish","has-post-thumbnail","hentry"],"yoast_head":"<!-- This site is optimized with the Yoast SEO plugin v27.3 - https:\/\/yoast.com\/product\/yoast-seo-wordpress\/ -->\n<title>Winners 2018 - Mednarodni otro\u0161ki pevski festival Bre\u017eice<\/title>\n<meta name=\"robots\" content=\"index, follow, max-snippet:-1, max-image-preview:large, max-video-preview:-1\" \/>\n<link rel=\"canonical\" href=\"https:\/\/brezice.eu\/festival\/en\/winners-2018\/\" \/>\n<meta property=\"og:locale\" content=\"en_US\" \/>\n<meta property=\"og:type\" content=\"article\" \/>\n<meta property=\"og:title\" content=\"Winners 2018 - Mednarodni otro\u0161ki pevski festival Bre\u017eice\" \/>\n<meta property=\"og:description\" content=\"Results for 3rd Internationa children\u2019s singing festival Bre\u017eice 2018 Results by jury: Age group from 6 to 9 years 1st place: Doroteja Egari\u0107 2nd place: Hajdi Haler 3rd place: Lucija Ple\u0161a Age group from 10 to 13 years 1st place: Gabriela Brai\u010di\u0107 2nd place: Ma\u0161a Smiljani\u0107 3rd place: Jakov Jozinovi\u0107 Age group from 14 to &hellip; Continue reading &quot;Winners 2018&quot;\" \/>\n<meta property=\"og:url\" content=\"https:\/\/brezice.eu\/festival\/en\/winners-2018\/\" \/>\n<meta property=\"og:site_name\" content=\"Mednarodni otro\u0161ki pevski festival Bre\u017eice\" \/>\n<meta property=\"og:image\" content=\"https:\/\/brezice.eu\/festival\/wp-content\/uploads\/2018\/08\/MOPFBrezice-zmagovalci2018.jpg\" \/>\n\t<meta property=\"og:image:width\" content=\"1600\" \/>\n\t<meta property=\"og:image:height\" content=\"1067\" \/>\n\t<meta property=\"og:image:type\" content=\"image\/jpeg\" \/>\n<meta name=\"twitter:card\" content=\"summary_large_image\" \/>\n<meta name=\"twitter:label1\" content=\"Est. reading time\" \/>\n\t<meta name=\"twitter:data1\" content=\"1 minute\" \/>\n<script type=\"application\/ld+json\" class=\"yoast-schema-graph\">{\"@context\":\"https:\\\/\\\/schema.org\",\"@graph\":[{\"@type\":\"WebPage\",\"@id\":\"https:\\\/\\\/brezice.eu\\\/festival\\\/en\\\/winners-2018\\\/\",\"url\":\"https:\\\/\\\/brezice.eu\\\/festival\\\/en\\\/winners-2018\\\/\",\"name\":\"Winners 2018 - Mednarodni otro\u0161ki pevski festival Bre\u017eice\",\"isPartOf\":{\"@id\":\"https:\\\/\\\/brezice.eu\\\/festival\\\/en\\\/#website\"},\"primaryImageOfPage\":{\"@id\":\"https:\\\/\\\/brezice.eu\\\/festival\\\/en\\\/winners-2018\\\/#primaryimage\"},\"image\":{\"@id\":\"https:\\\/\\\/brezice.eu\\\/festival\\\/en\\\/winners-2018\\\/#primaryimage\"},\"thumbnailUrl\":\"https:\\\/\\\/brezice.eu\\\/festival\\\/wp-content\\\/uploads\\\/2018\\\/08\\\/MOPFBrezice-zmagovalci2018.jpg\",\"datePublished\":\"2018-10-23T16:15:56+00:00\",\"breadcrumb\":{\"@id\":\"https:\\\/\\\/brezice.eu\\\/festival\\\/en\\\/winners-2018\\\/#breadcrumb\"},\"inLanguage\":\"en-US\",\"potentialAction\":[{\"@type\":\"ReadAction\",\"target\":[\"https:\\\/\\\/brezice.eu\\\/festival\\\/en\\\/winners-2018\\\/\"]}]},{\"@type\":\"ImageObject\",\"inLanguage\":\"en-US\",\"@id\":\"https:\\\/\\\/brezice.eu\\\/festival\\\/en\\\/winners-2018\\\/#primaryimage\",\"url\":\"https:\\\/\\\/brezice.eu\\\/festival\\\/wp-content\\\/uploads\\\/2018\\\/08\\\/MOPFBrezice-zmagovalci2018.jpg\",\"contentUrl\":\"https:\\\/\\\/brezice.eu\\\/festival\\\/wp-content\\\/uploads\\\/2018\\\/08\\\/MOPFBrezice-zmagovalci2018.jpg\",\"width\":1600,\"height\":1067},{\"@type\":\"BreadcrumbList\",\"@id\":\"https:\\\/\\\/brezice.eu\\\/festival\\\/en\\\/winners-2018\\\/#breadcrumb\",\"itemListElement\":[{\"@type\":\"ListItem\",\"position\":1,\"name\":\"Home\",\"item\":\"https:\\\/\\\/brezice.eu\\\/festival\\\/en\\\/\"},{\"@type\":\"ListItem\",\"position\":2,\"name\":\"Winners 2018\"}]},{\"@type\":\"WebSite\",\"@id\":\"https:\\\/\\\/brezice.eu\\\/festival\\\/en\\\/#website\",\"url\":\"https:\\\/\\\/brezice.eu\\\/festival\\\/en\\\/\",\"name\":\"Mednarodni otro\u0161ki pevski festival Bre\u017eice\",\"description\":\"Predstavljamo vam najbolj\u0161e mlade evropske pevce od 6 do vklju\u010dno 17 let\",\"publisher\":{\"@id\":\"https:\\\/\\\/brezice.eu\\\/festival\\\/en\\\/#organization\"},\"potentialAction\":[{\"@type\":\"SearchAction\",\"target\":{\"@type\":\"EntryPoint\",\"urlTemplate\":\"https:\\\/\\\/brezice.eu\\\/festival\\\/en\\\/?s={search_term_string}\"},\"query-input\":{\"@type\":\"PropertyValueSpecification\",\"valueRequired\":true,\"valueName\":\"search_term_string\"}}],\"inLanguage\":\"en-US\"},{\"@type\":\"Organization\",\"@id\":\"https:\\\/\\\/brezice.eu\\\/festival\\\/en\\\/#organization\",\"name\":\"Mednarodni otro\u0161ki pevski festival Bre\u017eice\",\"url\":\"https:\\\/\\\/brezice.eu\\\/festival\\\/en\\\/\",\"logo\":{\"@type\":\"ImageObject\",\"inLanguage\":\"en-US\",\"@id\":\"https:\\\/\\\/brezice.eu\\\/festival\\\/en\\\/#\\\/schema\\\/logo\\\/image\\\/\",\"url\":\"https:\\\/\\\/brezice.eu\\\/festival\\\/wp-content\\\/uploads\\\/2020\\\/02\\\/cropped-MOPFBrezice-logo-z-belim-ozadjem-transparent-1.png\",\"contentUrl\":\"https:\\\/\\\/brezice.eu\\\/festival\\\/wp-content\\\/uploads\\\/2020\\\/02\\\/cropped-MOPFBrezice-logo-z-belim-ozadjem-transparent-1.png\",\"width\":990,\"height\":250,\"caption\":\"Mednarodni otro\u0161ki pevski festival Bre\u017eice\"},\"image\":{\"@id\":\"https:\\\/\\\/brezice.eu\\\/festival\\\/en\\\/#\\\/schema\\\/logo\\\/image\\\/\"}}]}<\/script>\n<!-- \/ Yoast SEO plugin. -->","yoast_head_json":{"title":"Winners 2018 - Mednarodni otro\u0161ki pevski festival Bre\u017eice","robots":{"index":"index","follow":"follow","max-snippet":"max-snippet:-1","max-image-preview":"max-image-preview:large","max-video-preview":"max-video-preview:-1"},"canonical":"https:\/\/brezice.eu\/festival\/en\/winners-2018\/","og_locale":"en_US","og_type":"article","og_title":"Winners 2018 - Mednarodni otro\u0161ki pevski festival Bre\u017eice","og_description":"Results for 3rd Internationa children\u2019s singing festival Bre\u017eice 2018 Results by jury: Age group from 6 to 9 years 1st place: Doroteja Egari\u0107 2nd place: Hajdi Haler 3rd place: Lucija Ple\u0161a Age group from 10 to 13 years 1st place: Gabriela Brai\u010di\u0107 2nd place: Ma\u0161a Smiljani\u0107 3rd place: Jakov Jozinovi\u0107 Age group from 14 to &hellip; Continue reading \"Winners 2018\"","og_url":"https:\/\/brezice.eu\/festival\/en\/winners-2018\/","og_site_name":"Mednarodni otro\u0161ki pevski festival Bre\u017eice","og_image":[{"width":1600,"height":1067,"url":"https:\/\/brezice.eu\/festival\/wp-content\/uploads\/2018\/08\/MOPFBrezice-zmagovalci2018.jpg","type":"image\/jpeg"}],"twitter_card":"summary_large_image","twitter_misc":{"Est. reading time":"1 minute"},"schema":{"@context":"https:\/\/schema.org","@graph":[{"@type":"WebPage","@id":"https:\/\/brezice.eu\/festival\/en\/winners-2018\/","url":"https:\/\/brezice.eu\/festival\/en\/winners-2018\/","name":"Winners 2018 - Mednarodni otro\u0161ki pevski festival Bre\u017eice","isPartOf":{"@id":"https:\/\/brezice.eu\/festival\/en\/#website"},"primaryImageOfPage":{"@id":"https:\/\/brezice.eu\/festival\/en\/winners-2018\/#primaryimage"},"image":{"@id":"https:\/\/brezice.eu\/festival\/en\/winners-2018\/#primaryimage"},"thumbnailUrl":"https:\/\/brezice.eu\/festival\/wp-content\/uploads\/2018\/08\/MOPFBrezice-zmagovalci2018.jpg","datePublished":"2018-10-23T16:15:56+00:00","breadcrumb":{"@id":"https:\/\/brezice.eu\/festival\/en\/winners-2018\/#breadcrumb"},"inLanguage":"en-US","potentialAction":[{"@type":"ReadAction","target":["https:\/\/brezice.eu\/festival\/en\/winners-2018\/"]}]},{"@type":"ImageObject","inLanguage":"en-US","@id":"https:\/\/brezice.eu\/festival\/en\/winners-2018\/#primaryimage","url":"https:\/\/brezice.eu\/festival\/wp-content\/uploads\/2018\/08\/MOPFBrezice-zmagovalci2018.jpg","contentUrl":"https:\/\/brezice.eu\/festival\/wp-content\/uploads\/2018\/08\/MOPFBrezice-zmagovalci2018.jpg","width":1600,"height":1067},{"@type":"BreadcrumbList","@id":"https:\/\/brezice.eu\/festival\/en\/winners-2018\/#breadcrumb","itemListElement":[{"@type":"ListItem","position":1,"name":"Home","item":"https:\/\/brezice.eu\/festival\/en\/"},{"@type":"ListItem","position":2,"name":"Winners 2018"}]},{"@type":"WebSite","@id":"https:\/\/brezice.eu\/festival\/en\/#website","url":"https:\/\/brezice.eu\/festival\/en\/","name":"Mednarodni otro\u0161ki pevski festival Bre\u017eice","description":"Predstavljamo vam najbolj\u0161e mlade evropske pevce od 6 do vklju\u010dno 17 let","publisher":{"@id":"https:\/\/brezice.eu\/festival\/en\/#organization"},"potentialAction":[{"@type":"SearchAction","target":{"@type":"EntryPoint","urlTemplate":"https:\/\/brezice.eu\/festival\/en\/?s={search_term_string}"},"query-input":{"@type":"PropertyValueSpecification","valueRequired":true,"valueName":"search_term_string"}}],"inLanguage":"en-US"},{"@type":"Organization","@id":"https:\/\/brezice.eu\/festival\/en\/#organization","name":"Mednarodni otro\u0161ki pevski festival Bre\u017eice","url":"https:\/\/brezice.eu\/festival\/en\/","logo":{"@type":"ImageObject","inLanguage":"en-US","@id":"https:\/\/brezice.eu\/festival\/en\/#\/schema\/logo\/image\/","url":"https:\/\/brezice.eu\/festival\/wp-content\/uploads\/2020\/02\/cropped-MOPFBrezice-logo-z-belim-ozadjem-transparent-1.png","contentUrl":"https:\/\/brezice.eu\/festival\/wp-content\/uploads\/2020\/02\/cropped-MOPFBrezice-logo-z-belim-ozadjem-transparent-1.png","width":990,"height":250,"caption":"Mednarodni otro\u0161ki pevski festival Bre\u017eice"},"image":{"@id":"https:\/\/brezice.eu\/festival\/en\/#\/schema\/logo\/image\/"}}]}},"rttpg_featured_image_url":{"full":["https:\/\/brezice.eu\/festival\/wp-content\/uploads\/2018\/08\/MOPFBrezice-zmagovalci2018.jpg",1600,1067,false],"landscape":["https:\/\/brezice.eu\/festival\/wp-content\/uploads\/2018\/08\/MOPFBrezice-zmagovalci2018.jpg",1600,1067,false],"portraits":["https:\/\/brezice.eu\/festival\/wp-content\/uploads\/2018\/08\/MOPFBrezice-zmagovalci2018.jpg",1600,1067,false],"thumbnail":["https:\/\/brezice.eu\/festival\/wp-content\/uploads\/2018\/08\/MOPFBrezice-zmagovalci2018-150x150.jpg",150,150,true],"medium":["https:\/\/brezice.eu\/festival\/wp-content\/uploads\/2018\/08\/MOPFBrezice-zmagovalci2018-300x200.jpg",300,200,true],"large":["https:\/\/brezice.eu\/festival\/wp-content\/uploads\/2018\/08\/MOPFBrezice-zmagovalci2018-1024x683.jpg",525,350,true],"1536x1536":["https:\/\/brezice.eu\/festival\/wp-content\/uploads\/2018\/08\/MOPFBrezice-zmagovalci2018.jpg",1536,1024,false],"2048x2048":["https:\/\/brezice.eu\/festival\/wp-content\/uploads\/2018\/08\/MOPFBrezice-zmagovalci2018.jpg",1600,1067,false],"twentyseventeen-featured-image":["https:\/\/brezice.eu\/festival\/wp-content\/uploads\/2018\/08\/MOPFBrezice-zmagovalci2018.jpg",1600,1067,false],"twentyseventeen-thumbnail-avatar":["https:\/\/brezice.eu\/festival\/wp-content\/uploads\/2018\/08\/MOPFBrezice-zmagovalci2018-100x100.jpg",100,100,true]},"rttpg_author":{"display_name":"Maks","author_link":"https:\/\/brezice.eu\/festival\/en\/author\/maks\/"},"rttpg_comment":0,"rttpg_category":false,"rttpg_excerpt":"Results for 3rd Internationa children\u2019s singing festival Bre\u017eice 2018 Results by jury: Age group from 6 to 9 years 1st place: Doroteja Egari\u0107 2nd place: Hajdi Haler 3rd place: Lucija Ple\u0161a Age group from 10 to 13 years 1st place: Gabriela Brai\u010di\u0107 2nd place: Ma\u0161a Smiljani\u0107 3rd place: Jakov Jozinovi\u0107 Age group from 14 to&hellip;","_links":{"self":[{"href":"https:\/\/brezice.eu\/festival\/en\/wp-json\/wp\/v2\/pages\/1057","targetHints":{"allow":["GET"]}}],"collection":[{"href":"https:\/\/brezice.eu\/festival\/en\/wp-json\/wp\/v2\/pages"}],"about":[{"href":"https:\/\/brezice.eu\/festival\/en\/wp-json\/wp\/v2\/types\/page"}],"author":[{"embeddable":true,"href":"https:\/\/brezice.eu\/festival\/en\/wp-json\/wp\/v2\/users\/1"}],"replies":[{"embeddable":true,"href":"https:\/\/brezice.eu\/festival\/en\/wp-json\/wp\/v2\/comments?post=1057"}],"version-history":[{"count":2,"href":"https:\/\/brezice.eu\/festival\/en\/wp-json\/wp\/v2\/pages\/1057\/revisions"}],"predecessor-version":[{"id":1062,"href":"https:\/\/brezice.eu\/festival\/en\/wp-json\/wp\/v2\/pages\/1057\/revisions\/1062"}],"wp:featuredmedia":[{"embeddable":true,"href":"https:\/\/brezice.eu\/festival\/en\/wp-json\/wp\/v2\/media\/924"}],"wp:attachment":[{"href":"https:\/\/brezice.eu\/festival\/en\/wp-json\/wp\/v2\/media?parent=1057"}],"curies":[{"name":"wp","href":"https:\/\/api.w.org\/{rel}","templated":true}]}}